{"id":71,"date":"2024-04-04T07:04:53","date_gmt":"2024-04-04T04:04:53","guid":{"rendered":"https:\/\/sisu.ut.ee\/islam\/voimalused-ja-lahendused\/"},"modified":"2024-04-04T07:05:19","modified_gmt":"2024-04-04T04:05:19","slug":"voimalused-ja-lahendused","status":"publish","type":"page","link":"https:\/\/sisu.ut.ee\/islam\/voimalused-ja-lahendused\/?lang=et","title":{"rendered":"V\u00f5imalused ja lahendused"},"content":{"rendered":"<p>\n\tSuured probleemid\u00a0n\u00e4itavad, et haridusest on saanud L\u00e4his-Ida, P\u00f5hja-Aafrika ja Araabia\u00a0piirkonnas osaliselt v\u00e4ga k\u00fcsitava kvaliteediga teenus, millele enamikul elanikkonnast pole erinevatel p\u00f5hjustel alternatiive.\u00a0P\u00f5hiline lahendus \u00a0on hariduse suurem detsentraliseerimine, segregatsiooni v\u00e4hendamine, keskendumine indiviidile ja tema oskustele ning arvestamine t\u00f6\u00f6turu vajadustega.\n<\/p>\n<p>\n\t<\/p><div class=\"ratio ratio-16x9 mb-3\"><div class=\"video-placeholder-wrapper video-placeholder-wrapper--16x9\">\n\t\t\t    <div class=\"video-placeholder d-flex justify-content-center align-items-center\">\n\t\t\t        <div class=\"overlay text-white p-2 w-100 text-center d-block justify-content-center align-items-center\">\n\t\t\t            <div>To view third-party content, please accept cookies.<\/div>\n\t\t\t            <button class=\"btn btn-secondary btn-sm mt-1 consent-change\">Change consent<\/button>\n\t\t\t        <\/div>\n\t\t\t    <\/div>\n\t\t\t<\/div>\n<\/div>\n","protected":false},"excerpt":{"rendered":"<p>Suured probleemid\u00a0n\u00e4itavad, et haridusest on saanud L\u00e4his-Ida, P\u00f5hja-Aafrika ja Araabia\u00a0piirkonnas osaliselt v\u00e4ga k\u00fcsitava kvaliteediga teenus, millele enamikul elanikkonnast pole erinevatel p\u00f5hjustel alternatiive.\u00a0P\u00f5hiline lahendus \u00a0on hariduse suurem detsentraliseerimine, segregatsiooni v\u00e4hendamine, keskendumine indiviidile ja tema oskustele ning arvestamine t\u00f6\u00f6turu vajadustega. To view &#8230;<\/p>\n","protected":false},"author":240,"featured_media":0,"parent":0,"menu_order":0,"comment_status":"closed","ping_status":"closed","template":"","meta":{"_acf_changed":false,"inline_featured_image":false,"footnotes":""},"class_list":["post-71","page","type-page","status-publish","hentry"],"acf":[],"_links":{"self":[{"href":"https:\/\/sisu.ut.ee\/islam\/wp-json\/wp\/v2\/pages\/71","targetHints":{"allow":["GET"]}}],"collection":[{"href":"https:\/\/sisu.ut.ee\/islam\/wp-json\/wp\/v2\/pages"}],"about":[{"href":"https:\/\/sisu.ut.ee\/islam\/wp-json\/wp\/v2\/types\/page"}],"author":[{"embeddable":true,"href":"https:\/\/sisu.ut.ee\/islam\/wp-json\/wp\/v2\/users\/240"}],"replies":[{"embeddable":true,"href":"https:\/\/sisu.ut.ee\/islam\/wp-json\/wp\/v2\/comments?post=71"}],"version-history":[{"count":1,"href":"https:\/\/sisu.ut.ee\/islam\/wp-json\/wp\/v2\/pages\/71\/revisions"}],"predecessor-version":[{"id":208,"href":"https:\/\/sisu.ut.ee\/islam\/wp-json\/wp\/v2\/pages\/71\/revisions\/208"}],"wp:attachment":[{"href":"https:\/\/sisu.ut.ee\/islam\/wp-json\/wp\/v2\/media?parent=71"}],"curies":[{"name":"wp","href":"https:\/\/api.w.org\/{rel}","templated":true}]}}