{"id":70,"date":"2024-04-04T07:04:53","date_gmt":"2024-04-04T04:04:53","guid":{"rendered":"https:\/\/sisu.ut.ee\/islam\/hariduse-omapara-ja-valjakutsed\/"},"modified":"2024-04-04T07:05:18","modified_gmt":"2024-04-04T04:05:18","slug":"hariduse-omapara-ja-valjakutsed","status":"publish","type":"page","link":"https:\/\/sisu.ut.ee\/islam\/hariduse-omapara-ja-valjakutsed\/?lang=et","title":{"rendered":"Hariduse erip\u00e4ra ja v\u00e4ljakutsed"},"content":{"rendered":"<p>\n\tHariduse k\u00e4ttesaadavust ning kvaliteeti on erinevates riikides m\u00f5jutanud suuresti viimase 50 aasta arengud L\u00e4his-Idas, P\u00f5hja-Aafrikas ja Araabias. Suurimad probleemid on selles regioonis v\u00e4ga sarnased\u00a0\u2013\u00a0\u00f5petajate madal palk,\u00a0sisser\u00e4ndaja taustaga lastele hariduse k\u00e4ttesaadavuse puudulikkus,\u00a0kirjaoskuse puudulikkus,\u00a0riigikoolide tsentraliseeritus,\u00a0erakoolide suur osakaal,\u00a0sooline ebav\u00f5rdsus ning tihti ei vasta haridus muutuva \u00fchiskonna ja erasektori vajadustele.\n<\/p>\n<p>\n\t<\/p><div class=\"ratio ratio-16x9 mb-3\"><div class=\"video-placeholder-wrapper video-placeholder-wrapper--16x9\">\n\t\t\t    <div class=\"video-placeholder d-flex justify-content-center align-items-center\">\n\t\t\t        <div class=\"overlay text-white p-2 w-100 text-center d-block justify-content-center align-items-center\">\n\t\t\t            <div>To view third-party content, please accept cookies.<\/div>\n\t\t\t            <button class=\"btn btn-secondary btn-sm mt-1 consent-change\">Change consent<\/button>\n\t\t\t        <\/div>\n\t\t\t    <\/div>\n\t\t\t<\/div>\n<\/div>\n","protected":false},"excerpt":{"rendered":"<p>Hariduse k\u00e4ttesaadavust ning kvaliteeti on erinevates riikides m\u00f5jutanud suuresti viimase 50 aasta arengud L\u00e4his-Idas, P\u00f5hja-Aafrikas ja Araabias. Suurimad probleemid on selles regioonis v\u00e4ga sarnased\u00a0\u2013\u00a0\u00f5petajate madal palk,\u00a0sisser\u00e4ndaja taustaga lastele hariduse k\u00e4ttesaadavuse puudulikkus,\u00a0kirjaoskuse puudulikkus,\u00a0riigikoolide tsentraliseeritus,\u00a0erakoolide suur osakaal,\u00a0sooline ebav\u00f5rdsus ning tihti ei vasta &#8230;<\/p>\n","protected":false},"author":240,"featured_media":0,"parent":0,"menu_order":0,"comment_status":"closed","ping_status":"closed","template":"","meta":{"_acf_changed":false,"inline_featured_image":false,"footnotes":""},"class_list":["post-70","page","type-page","status-publish","hentry"],"acf":[],"_links":{"self":[{"href":"https:\/\/sisu.ut.ee\/islam\/wp-json\/wp\/v2\/pages\/70","targetHints":{"allow":["GET"]}}],"collection":[{"href":"https:\/\/sisu.ut.ee\/islam\/wp-json\/wp\/v2\/pages"}],"about":[{"href":"https:\/\/sisu.ut.ee\/islam\/wp-json\/wp\/v2\/types\/page"}],"author":[{"embeddable":true,"href":"https:\/\/sisu.ut.ee\/islam\/wp-json\/wp\/v2\/users\/240"}],"replies":[{"embeddable":true,"href":"https:\/\/sisu.ut.ee\/islam\/wp-json\/wp\/v2\/comments?post=70"}],"version-history":[{"count":1,"href":"https:\/\/sisu.ut.ee\/islam\/wp-json\/wp\/v2\/pages\/70\/revisions"}],"predecessor-version":[{"id":207,"href":"https:\/\/sisu.ut.ee\/islam\/wp-json\/wp\/v2\/pages\/70\/revisions\/207"}],"wp:attachment":[{"href":"https:\/\/sisu.ut.ee\/islam\/wp-json\/wp\/v2\/media?parent=70"}],"curies":[{"name":"wp","href":"https:\/\/api.w.org\/{rel}","templated":true}]}}