{"id":68,"date":"2024-04-04T07:04:53","date_gmt":"2024-04-04T04:04:53","guid":{"rendered":"https:\/\/sisu.ut.ee\/islam\/book-2\/"},"modified":"2024-04-04T07:05:18","modified_gmt":"2024-04-04T04:05:18","slug":"book-2","status":"publish","type":"page","link":"https:\/\/sisu.ut.ee\/islam\/book-2\/?lang=et","title":{"rendered":"V\u00e4ljakutsed \u00fchiskonnas"},"content":{"rendered":"<p>\n\tL\u00e4his-Ida, P\u00f5hja-Aafrika ja Araabia \u00fchiskondades on toimunud viimase k\u00fcmne aasta jooksul suured muutused. Sealsed riigid on seatud erinevate probleemide ja v\u00e4ljakutsete ette\u00a0\u2013\u00a0kihistunud \u00fchiskond,\u00a0suur t\u00f6\u00f6puudus s\u00f5ltumata haridusest,\u00a0korruptsioon,\u00a0stabiilsuse puudumine,\u00a0linnastumine.\u00a0K\u00f5ik see m\u00f5jutab noorte eluolu ja hariduse k\u00e4ttesaadavust.\n<\/p>\n<p>\n\t<\/p><div class=\"ratio ratio-16x9 mb-3\"><div class=\"video-placeholder-wrapper video-placeholder-wrapper--16x9\">\n\t\t\t    <div class=\"video-placeholder d-flex justify-content-center align-items-center\">\n\t\t\t        <div class=\"overlay text-white p-2 w-100 text-center d-block justify-content-center align-items-center\">\n\t\t\t            <div>To view third-party content, please accept cookies.<\/div>\n\t\t\t            <button class=\"btn btn-secondary btn-sm mt-1 consent-change\">Change consent<\/button>\n\t\t\t        <\/div>\n\t\t\t    <\/div>\n\t\t\t<\/div>\n<\/div>\n","protected":false},"excerpt":{"rendered":"<p>L\u00e4his-Ida, P\u00f5hja-Aafrika ja Araabia \u00fchiskondades on toimunud viimase k\u00fcmne aasta jooksul suured muutused. Sealsed riigid on seatud erinevate probleemide ja v\u00e4ljakutsete ette\u00a0\u2013\u00a0kihistunud \u00fchiskond,\u00a0suur t\u00f6\u00f6puudus s\u00f5ltumata haridusest,\u00a0korruptsioon,\u00a0stabiilsuse puudumine,\u00a0linnastumine.\u00a0K\u00f5ik see m\u00f5jutab noorte eluolu ja hariduse k\u00e4ttesaadavust. To view third-party content, please accept &#8230;<\/p>\n","protected":false},"author":240,"featured_media":0,"parent":0,"menu_order":0,"comment_status":"closed","ping_status":"closed","template":"","meta":{"_acf_changed":false,"inline_featured_image":false,"footnotes":""},"class_list":["post-68","page","type-page","status-publish","hentry"],"acf":[],"_links":{"self":[{"href":"https:\/\/sisu.ut.ee\/islam\/wp-json\/wp\/v2\/pages\/68","targetHints":{"allow":["GET"]}}],"collection":[{"href":"https:\/\/sisu.ut.ee\/islam\/wp-json\/wp\/v2\/pages"}],"about":[{"href":"https:\/\/sisu.ut.ee\/islam\/wp-json\/wp\/v2\/types\/page"}],"author":[{"embeddable":true,"href":"https:\/\/sisu.ut.ee\/islam\/wp-json\/wp\/v2\/users\/240"}],"replies":[{"embeddable":true,"href":"https:\/\/sisu.ut.ee\/islam\/wp-json\/wp\/v2\/comments?post=68"}],"version-history":[{"count":1,"href":"https:\/\/sisu.ut.ee\/islam\/wp-json\/wp\/v2\/pages\/68\/revisions"}],"predecessor-version":[{"id":205,"href":"https:\/\/sisu.ut.ee\/islam\/wp-json\/wp\/v2\/pages\/68\/revisions\/205"}],"wp:attachment":[{"href":"https:\/\/sisu.ut.ee\/islam\/wp-json\/wp\/v2\/media?parent=68"}],"curies":[{"name":"wp","href":"https:\/\/api.w.org\/{rel}","templated":true}]}}