{"id":50,"date":"2024-04-04T07:04:51","date_gmt":"2024-04-04T04:04:51","guid":{"rendered":"https:\/\/sisu.ut.ee\/islam\/book-4\/"},"modified":"2024-04-04T07:05:19","modified_gmt":"2024-04-04T04:05:19","slug":"book-4","status":"publish","type":"page","link":"https:\/\/sisu.ut.ee\/islam\/book-4\/?lang=et","title":{"rendered":"Kokkuv\u00f5te"},"content":{"rendered":"<p>\n\tL\u00e4his-Ida, P\u00f5hja-Aafrika ning Araabia riigid on viimase 10 aasta jooksul teinud l\u00e4bi suuri\u00a0muutusi\u00a0\u2013 diktaatorid on langenud ja t\u00f5usnud,\u00a0rahvas on v\u00e4ljendanud revolutsiooniliste liikumiste kaudu oma soovi muutusteks. \u00dchiskonnad on polariseerunud ning\u00a0konservatiivid ja\u00a0islamistid on muutunud h\u00e4\u00e4lekamaks. On selge, et demokraatia ei ole vastus islamismile ja terrorismile ning religiooni t\u00e4htsus \u00fchiskonnas kasvab.\n<\/p>\n<p>\n\t<\/p><div class=\"ratio ratio-16x9 mb-3\"><div class=\"video-placeholder-wrapper video-placeholder-wrapper--16x9\">\n\t\t\t    <div class=\"video-placeholder d-flex justify-content-center align-items-center\">\n\t\t\t        <div class=\"overlay text-white p-2 w-100 text-center d-block justify-content-center align-items-center\">\n\t\t\t            <div>To view third-party content, please accept cookies.<\/div>\n\t\t\t            <button class=\"btn btn-secondary btn-sm mt-1 consent-change\">Change consent<\/button>\n\t\t\t        <\/div>\n\t\t\t    <\/div>\n\t\t\t<\/div>\n<\/div>\n","protected":false},"excerpt":{"rendered":"<p>L\u00e4his-Ida, P\u00f5hja-Aafrika ning Araabia riigid on viimase 10 aasta jooksul teinud l\u00e4bi suuri\u00a0muutusi\u00a0\u2013 diktaatorid on langenud ja t\u00f5usnud,\u00a0rahvas on v\u00e4ljendanud revolutsiooniliste liikumiste kaudu oma soovi muutusteks. \u00dchiskonnad on polariseerunud ning\u00a0konservatiivid ja\u00a0islamistid on muutunud h\u00e4\u00e4lekamaks. On selge, et demokraatia ei ole &#8230;<\/p>\n","protected":false},"author":240,"featured_media":0,"parent":0,"menu_order":0,"comment_status":"closed","ping_status":"closed","template":"","meta":{"_acf_changed":false,"inline_featured_image":false,"footnotes":""},"class_list":["post-50","page","type-page","status-publish","hentry"],"acf":[],"_links":{"self":[{"href":"https:\/\/sisu.ut.ee\/islam\/wp-json\/wp\/v2\/pages\/50","targetHints":{"allow":["GET"]}}],"collection":[{"href":"https:\/\/sisu.ut.ee\/islam\/wp-json\/wp\/v2\/pages"}],"about":[{"href":"https:\/\/sisu.ut.ee\/islam\/wp-json\/wp\/v2\/types\/page"}],"author":[{"embeddable":true,"href":"https:\/\/sisu.ut.ee\/islam\/wp-json\/wp\/v2\/users\/240"}],"replies":[{"embeddable":true,"href":"https:\/\/sisu.ut.ee\/islam\/wp-json\/wp\/v2\/comments?post=50"}],"version-history":[{"count":1,"href":"https:\/\/sisu.ut.ee\/islam\/wp-json\/wp\/v2\/pages\/50\/revisions"}],"predecessor-version":[{"id":228,"href":"https:\/\/sisu.ut.ee\/islam\/wp-json\/wp\/v2\/pages\/50\/revisions\/228"}],"wp:attachment":[{"href":"https:\/\/sisu.ut.ee\/islam\/wp-json\/wp\/v2\/media?parent=50"}],"curies":[{"name":"wp","href":"https:\/\/api.w.org\/{rel}","templated":true}]}}