{"id":46,"date":"2024-04-04T07:04:51","date_gmt":"2024-04-04T04:04:51","guid":{"rendered":"https:\/\/sisu.ut.ee\/islam\/book-1\/"},"modified":"2024-04-04T07:05:19","modified_gmt":"2024-04-04T04:05:19","slug":"book-1","status":"publish","type":"page","link":"https:\/\/sisu.ut.ee\/islam\/book-1\/?lang=et","title":{"rendered":"Demokraatia ja sekulaarsus"},"content":{"rendered":"<p>\n\tDemokraatia ja sekulaarsus L\u00e4his-Idas,\u00a0P\u00f5hja-Aafrikas ja Araabias \u2013\u00a0mida saab ja ei saa demokraatia L\u00e4his-Idas korda saata?\u00a0Kas usk (islam) takistab poliitiliste\u00a0s\u00fcsteemide muutusi L\u00e4his-Idas ja P\u00f5hja-Aafrikas?\n<\/p>\n<p>\n\t<\/p><div class=\"ratio ratio-16x9 mb-3\"><div class=\"video-placeholder-wrapper video-placeholder-wrapper--16x9\">\n\t\t\t    <div class=\"video-placeholder d-flex justify-content-center align-items-center\">\n\t\t\t        <div class=\"overlay text-white p-2 w-100 text-center d-block justify-content-center align-items-center\">\n\t\t\t            <div>To view third-party content, please accept cookies.<\/div>\n\t\t\t            <button class=\"btn btn-secondary btn-sm mt-1 consent-change\">Change consent<\/button>\n\t\t\t        <\/div>\n\t\t\t    <\/div>\n\t\t\t<\/div>\n<\/div>\n","protected":false},"excerpt":{"rendered":"<p>Demokraatia ja sekulaarsus L\u00e4his-Idas,\u00a0P\u00f5hja-Aafrikas ja Araabias \u2013\u00a0mida saab ja ei saa demokraatia L\u00e4his-Idas korda saata?\u00a0Kas usk (islam) takistab poliitiliste\u00a0s\u00fcsteemide muutusi L\u00e4his-Idas ja P\u00f5hja-Aafrikas? To view third-party content, please accept cookies. Change consent<\/p>\n","protected":false},"author":240,"featured_media":0,"parent":0,"menu_order":0,"comment_status":"closed","ping_status":"closed","template":"","meta":{"_acf_changed":false,"inline_featured_image":false,"footnotes":""},"class_list":["post-46","page","type-page","status-publish","hentry"],"acf":[],"_links":{"self":[{"href":"https:\/\/sisu.ut.ee\/islam\/wp-json\/wp\/v2\/pages\/46","targetHints":{"allow":["GET"]}}],"collection":[{"href":"https:\/\/sisu.ut.ee\/islam\/wp-json\/wp\/v2\/pages"}],"about":[{"href":"https:\/\/sisu.ut.ee\/islam\/wp-json\/wp\/v2\/types\/page"}],"author":[{"embeddable":true,"href":"https:\/\/sisu.ut.ee\/islam\/wp-json\/wp\/v2\/users\/240"}],"replies":[{"embeddable":true,"href":"https:\/\/sisu.ut.ee\/islam\/wp-json\/wp\/v2\/comments?post=46"}],"version-history":[{"count":1,"href":"https:\/\/sisu.ut.ee\/islam\/wp-json\/wp\/v2\/pages\/46\/revisions"}],"predecessor-version":[{"id":224,"href":"https:\/\/sisu.ut.ee\/islam\/wp-json\/wp\/v2\/pages\/46\/revisions\/224"}],"wp:attachment":[{"href":"https:\/\/sisu.ut.ee\/islam\/wp-json\/wp\/v2\/media?parent=46"}],"curies":[{"name":"wp","href":"https:\/\/api.w.org\/{rel}","templated":true}]}}