{"id":44,"date":"2024-04-04T07:04:50","date_gmt":"2024-04-04T04:04:50","guid":{"rendered":"https:\/\/sisu.ut.ee\/islam\/book-0\/"},"modified":"2024-04-04T07:05:20","modified_gmt":"2024-04-04T04:05:20","slug":"book-0","status":"publish","type":"page","link":"https:\/\/sisu.ut.ee\/islam\/book-0\/?lang=et","title":{"rendered":"Riigivalitsemise s\u00fcsteemid"},"content":{"rendered":"<p>\n\tI MS ajal t\u00f5usid esile mitmed riigis\u00fcsteemid, toimusid militaarsed put\u0161id L\u00e4his-Idas, P\u00f5hja-Aafrikas ja Araabias.\u00a0Millist rolli m\u00e4ngis\u00a0nende arengute juures kolonialismi pikk ajalugu? Kuidas see on m\u00f5jutanud sealse piirkonna erinevaid poliitilisi s\u00fcsteeme?\n<\/p>\n<p>\n\t<\/p><div class=\"ratio ratio-16x9 mb-3\"><div class=\"video-placeholder-wrapper video-placeholder-wrapper--16x9\">\n\t\t\t    <div class=\"video-placeholder d-flex justify-content-center align-items-center\">\n\t\t\t        <div class=\"overlay text-white p-2 w-100 text-center d-block justify-content-center align-items-center\">\n\t\t\t            <div>To view third-party content, please accept cookies.<\/div>\n\t\t\t            <button class=\"btn btn-secondary btn-sm mt-1 consent-change\">Change consent<\/button>\n\t\t\t        <\/div>\n\t\t\t    <\/div>\n\t\t\t<\/div>\n<\/div>\n","protected":false},"excerpt":{"rendered":"<p>I MS ajal t\u00f5usid esile mitmed riigis\u00fcsteemid, toimusid militaarsed put\u0161id L\u00e4his-Idas, P\u00f5hja-Aafrikas ja Araabias.\u00a0Millist rolli m\u00e4ngis\u00a0nende arengute juures kolonialismi pikk ajalugu? Kuidas see on m\u00f5jutanud sealse piirkonna erinevaid poliitilisi s\u00fcsteeme? To view third-party content, please accept cookies. Change consent<\/p>\n","protected":false},"author":240,"featured_media":0,"parent":0,"menu_order":0,"comment_status":"closed","ping_status":"closed","template":"","meta":{"_acf_changed":false,"inline_featured_image":false,"footnotes":""},"class_list":["post-44","page","type-page","status-publish","hentry"],"acf":[],"_links":{"self":[{"href":"https:\/\/sisu.ut.ee\/islam\/wp-json\/wp\/v2\/pages\/44","targetHints":{"allow":["GET"]}}],"collection":[{"href":"https:\/\/sisu.ut.ee\/islam\/wp-json\/wp\/v2\/pages"}],"about":[{"href":"https:\/\/sisu.ut.ee\/islam\/wp-json\/wp\/v2\/types\/page"}],"author":[{"embeddable":true,"href":"https:\/\/sisu.ut.ee\/islam\/wp-json\/wp\/v2\/users\/240"}],"replies":[{"embeddable":true,"href":"https:\/\/sisu.ut.ee\/islam\/wp-json\/wp\/v2\/comments?post=44"}],"version-history":[{"count":1,"href":"https:\/\/sisu.ut.ee\/islam\/wp-json\/wp\/v2\/pages\/44\/revisions"}],"predecessor-version":[{"id":243,"href":"https:\/\/sisu.ut.ee\/islam\/wp-json\/wp\/v2\/pages\/44\/revisions\/243"}],"wp:attachment":[{"href":"https:\/\/sisu.ut.ee\/islam\/wp-json\/wp\/v2\/media?parent=44"}],"curies":[{"name":"wp","href":"https:\/\/api.w.org\/{rel}","templated":true}]}}