{"id":42,"date":"2024-04-04T07:04:50","date_gmt":"2024-04-04T04:04:50","guid":{"rendered":"https:\/\/sisu.ut.ee\/islam\/book\/"},"modified":"2024-04-04T07:05:20","modified_gmt":"2024-04-04T04:05:20","slug":"book","status":"publish","type":"page","link":"https:\/\/sisu.ut.ee\/islam\/book\/?lang=et","title":{"rendered":"Noorte kaasatus \u00fchiskonnas"},"content":{"rendered":"<p>\n\tUurime, kuidas on noorte elu L\u00e4his-Idas, P\u00f5hja-Aafrikas ja Araabias viimase k\u00fcmne\u00a0aasta jooksul muutunud.\u00a0Mis m\u00f5jutab noorte positsiooni \u00fchiskonnas kaasar\u00e4\u00e4kimisel? Mis on noorte arvates suurimad probleemid nende regioonis? Mida peavad noored oluliseks?\n<\/p>\n<p>\n\t<\/p><div class=\"ratio ratio-16x9 mb-3\"><div class=\"video-placeholder-wrapper video-placeholder-wrapper--16x9\">\n\t\t\t    <div class=\"video-placeholder d-flex justify-content-center align-items-center\">\n\t\t\t        <div class=\"overlay text-white p-2 w-100 text-center d-block justify-content-center align-items-center\">\n\t\t\t            <div>To view third-party content, please accept cookies.<\/div>\n\t\t\t            <button class=\"btn btn-secondary btn-sm mt-1 consent-change\">Change consent<\/button>\n\t\t\t        <\/div>\n\t\t\t    <\/div>\n\t\t\t<\/div>\n<\/div>\n","protected":false},"excerpt":{"rendered":"<p>Uurime, kuidas on noorte elu L\u00e4his-Idas, P\u00f5hja-Aafrikas ja Araabias viimase k\u00fcmne\u00a0aasta jooksul muutunud.\u00a0Mis m\u00f5jutab noorte positsiooni \u00fchiskonnas kaasar\u00e4\u00e4kimisel? Mis on noorte arvates suurimad probleemid nende regioonis? Mida peavad noored oluliseks? To view third-party content, please accept cookies. Change consent<\/p>\n","protected":false},"author":240,"featured_media":0,"parent":0,"menu_order":0,"comment_status":"closed","ping_status":"closed","template":"","meta":{"_acf_changed":false,"inline_featured_image":false,"footnotes":""},"class_list":["post-42","page","type-page","status-publish","hentry"],"acf":[],"_links":{"self":[{"href":"https:\/\/sisu.ut.ee\/islam\/wp-json\/wp\/v2\/pages\/42","targetHints":{"allow":["GET"]}}],"collection":[{"href":"https:\/\/sisu.ut.ee\/islam\/wp-json\/wp\/v2\/pages"}],"about":[{"href":"https:\/\/sisu.ut.ee\/islam\/wp-json\/wp\/v2\/types\/page"}],"author":[{"embeddable":true,"href":"https:\/\/sisu.ut.ee\/islam\/wp-json\/wp\/v2\/users\/240"}],"replies":[{"embeddable":true,"href":"https:\/\/sisu.ut.ee\/islam\/wp-json\/wp\/v2\/comments?post=42"}],"version-history":[{"count":1,"href":"https:\/\/sisu.ut.ee\/islam\/wp-json\/wp\/v2\/pages\/42\/revisions"}],"predecessor-version":[{"id":241,"href":"https:\/\/sisu.ut.ee\/islam\/wp-json\/wp\/v2\/pages\/42\/revisions\/241"}],"wp:attachment":[{"href":"https:\/\/sisu.ut.ee\/islam\/wp-json\/wp\/v2\/media?parent=42"}],"curies":[{"name":"wp","href":"https:\/\/api.w.org\/{rel}","templated":true}]}}