{"id":9,"date":"2024-04-03T23:12:16","date_gmt":"2024-04-03T20:12:16","guid":{"rendered":"https:\/\/sisu.ut.ee\/ise\/andmetabeli-moodustamine\/"},"modified":"2024-04-03T23:12:27","modified_gmt":"2024-04-03T20:12:27","slug":"andmetabeli-moodustamine","status":"publish","type":"page","link":"https:\/\/sisu.ut.ee\/ise\/andmetabeli-moodustamine\/","title":{"rendered":"Andmetabeli moodustamine"},"content":{"rendered":"<p>\n\tKui olete teemade nimekirjast vajaliku leidnud, saate enda valitud andmete p\u00f5hjal tabeli moodustada. Kl\u00f5psame n\u00e4iteks teemal\u00a0<img loading=\"lazy\" decoding=\"async\" width=\"563\" height=\"27\" class=\"alignnone wp-image-32\" src=\"https:\/\/sisu.ut.ee\/wp-content\/uploads\/sites\/33\/2021-09-01_16_48_20-window.png\" title=\"2021-09-01_16_48_20-window.png\" alt=\"s\" srcset=\"https:\/\/sisu.ut.ee\/wp-content\/uploads\/sites\/33\/2021-09-01_16_48_20-window.png 563w, https:\/\/sisu.ut.ee\/wp-content\/uploads\/sites\/33\/2021-09-01_16_48_20-window-300x14.png 300w\" sizes=\"auto, (max-width: 563px) 100vw, 563px\">\u00a0<br>J\u00e4rgmisel lehel saate valida, millistest andmetest v\u00e4ljav\u00f5te moodustatakse.\n<\/p>\n<p>\n\t<img loading=\"lazy\" decoding=\"async\" width=\"913\" height=\"427\" class=\"alignnone wp-image-33\" src=\"https:\/\/sisu.ut.ee\/wp-content\/uploads\/sites\/33\/2021-09-01_16_52_56-window.png\" title=\"2021-09-01_16_52_56-window.png\" alt=\"a\" srcset=\"https:\/\/sisu.ut.ee\/wp-content\/uploads\/sites\/33\/2021-09-01_16_52_56-window.png 913w, https:\/\/sisu.ut.ee\/wp-content\/uploads\/sites\/33\/2021-09-01_16_52_56-window-300x140.png 300w, https:\/\/sisu.ut.ee\/wp-content\/uploads\/sites\/33\/2021-09-01_16_52_56-window-768x359.png 768w\" sizes=\"auto, (max-width: 913px) 100vw, 913px\">\n<\/p>\n<p>\n\t<em>Andmete valimine.<\/em>\n<\/p>\n<p>\n\tIgast valikuaknast tuleb v\u00e4hemalt \u00fcks n\u00e4itaja valida. Kui soovite valida rohkem, hoidke all CTRL klahvi. Tulemused esitatakse tabelina.\n<\/p>\n<p>\n\t<img loading=\"lazy\" decoding=\"async\" width=\"672\" height=\"163\" class=\"alignnone wp-image-34\" src=\"https:\/\/sisu.ut.ee\/wp-content\/uploads\/sites\/33\/2021-09-01_16_54_31-window.png\" title=\"2021-09-01_16_54_31-window.png\" alt=\"w\" srcset=\"https:\/\/sisu.ut.ee\/wp-content\/uploads\/sites\/33\/2021-09-01_16_54_31-window.png 672w, https:\/\/sisu.ut.ee\/wp-content\/uploads\/sites\/33\/2021-09-01_16_54_31-window-300x73.png 300w\" sizes=\"auto, (max-width: 672px) 100vw, 672px\">\n<\/p>\n<p>\n\t<em>Otsingutulemuste tabel.<\/em>\n<\/p>\n<p>\n\tAndmetega t\u00f6\u00f6tamiseks saab valida v\u00f5imalusi tabeli \u00fclaltservast. Tabeli saab ka failina alla laadida v\u00f5i andmetest diagrammi moodustada. Juhised andmetega t\u00f6\u00f6tamiseks on tabeli kohal ikoonidena. K\u00f5ige paremst rippmen\u00fc\u00fcst saab valida erinevaid tabeli paigutusi ja diagramme.\n<\/p>\n<p>\n\tStatistika andmebaasi p\u00f5hjalikuma tutvustuse leiate andmebaasi\u00a0kasutusjuhendist\u00a0\u00a0<a data-url=\"https:\/\/andmed.stat.ee\/abi\/kasutusjuhend.pdf\" href=\"https:\/\/andmed.stat.ee\/abi\/kasutusjuhend.pdf\" target=\"_blank\" title=\"\" rel=\"noopener\">https:\/\/andmed.stat.ee\/abi\/kasutusjuhend.pdf<\/a>\n<\/p>\n<p>\n\t\u00a0\n<\/p>\n<p>\n\t\u00a0<\/p>\n","protected":false},"excerpt":{"rendered":"<p>Kui olete teemade nimekirjast vajaliku leidnud, saate enda valitud andmete p\u00f5hjal tabeli moodustada. Kl\u00f5psame n\u00e4iteks teemal\u00a0\u00a0J\u00e4rgmisel lehel saate valida, millistest andmetest v\u00e4ljav\u00f5te moodustatakse. Andmete valimine. Igast valikuaknast tuleb v\u00e4hemalt \u00fcks n\u00e4itaja valida. Kui soovite valida rohkem, hoidke all CTRL klahvi. &#8230;<\/p>\n","protected":false},"author":5,"featured_media":0,"parent":0,"menu_order":0,"comment_status":"closed","ping_status":"closed","template":"","meta":{"_acf_changed":false,"inline_featured_image":false,"footnotes":""},"class_list":["post-9","page","type-page","status-publish","hentry"],"acf":[],"_links":{"self":[{"href":"https:\/\/sisu.ut.ee\/ise\/wp-json\/wp\/v2\/pages\/9","targetHints":{"allow":["GET"]}}],"collection":[{"href":"https:\/\/sisu.ut.ee\/ise\/wp-json\/wp\/v2\/pages"}],"about":[{"href":"https:\/\/sisu.ut.ee\/ise\/wp-json\/wp\/v2\/types\/page"}],"author":[{"embeddable":true,"href":"https:\/\/sisu.ut.ee\/ise\/wp-json\/wp\/v2\/users\/5"}],"replies":[{"embeddable":true,"href":"https:\/\/sisu.ut.ee\/ise\/wp-json\/wp\/v2\/comments?post=9"}],"version-history":[{"count":1,"href":"https:\/\/sisu.ut.ee\/ise\/wp-json\/wp\/v2\/pages\/9\/revisions"}],"predecessor-version":[{"id":101,"href":"https:\/\/sisu.ut.ee\/ise\/wp-json\/wp\/v2\/pages\/9\/revisions\/101"}],"wp:attachment":[{"href":"https:\/\/sisu.ut.ee\/ise\/wp-json\/wp\/v2\/media?parent=9"}],"curies":[{"name":"wp","href":"https:\/\/api.w.org\/{rel}","templated":true}]}}