{"id":5,"date":"2024-04-03T23:12:16","date_gmt":"2024-04-03T20:12:16","guid":{"rendered":"https:\/\/sisu.ut.ee\/ise\/artikli-kirje\/"},"modified":"2024-04-03T23:12:27","modified_gmt":"2024-04-03T20:12:27","slug":"artikli-kirje","status":"publish","type":"page","link":"https:\/\/sisu.ut.ee\/ise\/artikli-kirje\/","title":{"rendered":"Artikli kirje"},"content":{"rendered":"<p><span data-mce-mark=\"1\">Artikli kirjest\u00a0<\/span><span data-mce-mark=\"1\">leiate v\u00e4ljaande pealkirja ning enamasti ka lingi v\u00e4ljaande kirjele e-kataloogis ESTER, kust leiate v\u00e4ljaande asukoha raamatukogudes.\u00a0<\/span><\/p>\n<p><span data-mce-mark=\"1\">T\u00e4isteksti olemasolu korral on artikli kirjes sellele ka link.<\/span><\/p>\n<p><img loading=\"lazy\" decoding=\"async\" width=\"828\" height=\"565\" class=\"alignnone wp-image-21\" style=\"border: 1px solid black\" src=\"https:\/\/sisu.ut.ee\/wp-content\/uploads\/sites\/33\/saaaremaa2.png\" title=\"saaaremaa2.png\" alt=\"saaaremaa2.png\" srcset=\"https:\/\/sisu.ut.ee\/wp-content\/uploads\/sites\/33\/saaaremaa2.png 828w, https:\/\/sisu.ut.ee\/wp-content\/uploads\/sites\/33\/saaaremaa2-300x205.png 300w, https:\/\/sisu.ut.ee\/wp-content\/uploads\/sites\/33\/saaaremaa2-768x524.png 768w\" sizes=\"auto, (max-width: 828px) 100vw, 828px\"><\/p>\n<p><em>Artikli kirjes on link\u00a0ESTERisse<\/em>.<\/p>\n<p><span data-mce-mark=\"1\">V\u00e4ljaande kirjel kl\u00f5psates viib link ESTERisse, kus on n\u00e4ha ajakirja asukoht raamatukogudes.<\/span><\/p>\n<p><span data-mce-mark=\"1\"><\/span><img loading=\"lazy\" decoding=\"async\" width=\"852\" height=\"257\" class=\"alignnone wp-image-22\" style=\"border: 1px solid black\" src=\"https:\/\/sisu.ut.ee\/wp-content\/uploads\/sites\/33\/arielu2.png\" title=\"arielu2.png\" alt=\"arielu2.png\" srcset=\"https:\/\/sisu.ut.ee\/wp-content\/uploads\/sites\/33\/arielu2.png 852w, https:\/\/sisu.ut.ee\/wp-content\/uploads\/sites\/33\/arielu2-300x90.png 300w, https:\/\/sisu.ut.ee\/wp-content\/uploads\/sites\/33\/arielu2-768x232.png 768w\" sizes=\"auto, (max-width: 852px) 100vw, 852px\"><\/p>\n<p><em><span>Ajakirja asukoht Tartu \u00dclikooli raamatukogus.<\/span><\/em><\/p>\n","protected":false},"excerpt":{"rendered":"<p>Artikli kirjest\u00a0leiate v\u00e4ljaande pealkirja ning enamasti ka lingi v\u00e4ljaande kirjele e-kataloogis ESTER, kust leiate v\u00e4ljaande asukoha raamatukogudes.\u00a0 T\u00e4isteksti olemasolu korral on artikli kirjes sellele ka link. Artikli kirjes on link\u00a0ESTERisse. V\u00e4ljaande kirjel kl\u00f5psates viib link ESTERisse, kus on n\u00e4ha ajakirja &#8230;<\/p>\n","protected":false},"author":5,"featured_media":0,"parent":0,"menu_order":0,"comment_status":"closed","ping_status":"closed","template":"","meta":{"_acf_changed":false,"inline_featured_image":false,"footnotes":""},"class_list":["post-5","page","type-page","status-publish","hentry"],"acf":[],"_links":{"self":[{"href":"https:\/\/sisu.ut.ee\/ise\/wp-json\/wp\/v2\/pages\/5","targetHints":{"allow":["GET"]}}],"collection":[{"href":"https:\/\/sisu.ut.ee\/ise\/wp-json\/wp\/v2\/pages"}],"about":[{"href":"https:\/\/sisu.ut.ee\/ise\/wp-json\/wp\/v2\/types\/page"}],"author":[{"embeddable":true,"href":"https:\/\/sisu.ut.ee\/ise\/wp-json\/wp\/v2\/users\/5"}],"replies":[{"embeddable":true,"href":"https:\/\/sisu.ut.ee\/ise\/wp-json\/wp\/v2\/comments?post=5"}],"version-history":[{"count":1,"href":"https:\/\/sisu.ut.ee\/ise\/wp-json\/wp\/v2\/pages\/5\/revisions"}],"predecessor-version":[{"id":105,"href":"https:\/\/sisu.ut.ee\/ise\/wp-json\/wp\/v2\/pages\/5\/revisions\/105"}],"wp:attachment":[{"href":"https:\/\/sisu.ut.ee\/ise\/wp-json\/wp\/v2\/media?parent=5"}],"curies":[{"name":"wp","href":"https:\/\/api.w.org\/{rel}","templated":true}]}}