{"id":4,"date":"2024-04-03T23:12:16","date_gmt":"2024-04-03T20:12:16","guid":{"rendered":"https:\/\/sisu.ut.ee\/ise\/otsing\/"},"modified":"2024-04-03T23:12:27","modified_gmt":"2024-04-03T20:12:27","slug":"otsing","status":"publish","type":"page","link":"https:\/\/sisu.ut.ee\/ise\/otsing\/","title":{"rendered":"Otsing"},"content":{"rendered":"<div class=\"box generalbox book_content\" id=\"yui_3_9_1_2_1376307272487_405\">\n<address>\n\t\t\u00a0<br>\n\t<\/address>\n<p id=\"yui_3_9_1_2_1376307272487_427\">\n\t\tLisaks e-kataloogi ESTER tuttavatele otsinguv\u00f5imalustele \u00a0s\u00f5na, autori, pealkirja ja m\u00e4rks\u00f5na j\u00e4rgi (vt\u00a0\u00f5ppematerjal ESTERi kasutamise kohta <a href=\"http:\/\/sisu.ut.ee\/ester\" style=\"color: #13a3eb;line-height: 1.6em\" target=\"_blank\" rel=\"noopener\">http:\/\/sisu.ut.ee\/ester<\/a>)\u00a0saab avalehe vasakust men\u00fc\u00fcst valida otsinguv\u00f5imalusi V\u00c4LJAANNE, PERSONAALIA, ILMUMISAEG). \u00a0Otsing v\u00e4ljaande pealkirja j\u00e4rgi annab tulemuseks k\u00f5ik otsitavas v\u00e4ljaandes ilmunud artiklid. Saab otsida ka v\u00e4ljaannete ilmumisaja j\u00e4rgi. Personaalia v\u00e4li v\u00f5imaldab otsida isiku kohta kirjandust tema nime j\u00e4rgi, sisestage perekonnanimi enne.\u00a0\n\t<\/p>\n<p>\n\t\tK\u00f5ige laiem on siingi s\u00f5naotsing\u00a0\u2013\u00a0see h\u00f5lmab artikli autori, artikli pealkirja, v\u00e4ljaande pealkirja, m\u00e4rks\u00f5na ja personaalia v\u00e4lju.\u00a0\n\t<\/p>\n<p>\n\t\tM\u00e4rks\u00f5naotsinguks saab kasutada Eesti m\u00e4rks\u00f5nastikku\u00a0<a href=\"http:\/\/ems.elnet.ee\/\" target=\"_blank\" rel=\"noopener\">http:\/\/ems.elnet.ee\/<\/a>, kust viib otselink ISE andmebaasi.\n\t<\/p>\n<p>\n\t\tOtsingujuhiseid erinevate otsinguviiside puhul leiate ISE kasutusjuhendist.\u00a0\n\t<\/p>\n<p>\n\t\t<img loading=\"lazy\" decoding=\"async\" width=\"612\" height=\"496\" class=\"alignnone wp-image-20\" src=\"https:\/\/sisu.ut.ee\/wp-content\/uploads\/sites\/33\/2019-09-25_16_03_43-window.png\" title=\"2019-09-25_16_03_43-window.png\" alt=\"s\" srcset=\"https:\/\/sisu.ut.ee\/wp-content\/uploads\/sites\/33\/2019-09-25_16_03_43-window.png 612w, https:\/\/sisu.ut.ee\/wp-content\/uploads\/sites\/33\/2019-09-25_16_03_43-window-300x243.png 300w\" sizes=\"auto, (max-width: 612px) 100vw, 612px\">\n\t<\/p>\n<p>\n\t\t<em>Valitud on otsing v\u00e4ljaande \u00a0j\u00e4rgi.<\/em>\n\t<\/p>\n<p>\n\t\tVt ka ISE kasutusjuhendit (<a href=\"http:\/\/www.elnet.ee\/juhend\/ise\/\" style=\"line-height: 1.6em\" target=\"_blank\" rel=\"noopener\">http:\/\/www.elnet.ee\/juhend\/ise\/<\/a>).\n\t<\/p>\n<p>\n\t\t\u00a0\n\t<\/p>\n<\/div>\n","protected":false},"excerpt":{"rendered":"<p>\u00a0 Lisaks e-kataloogi ESTER tuttavatele otsinguv\u00f5imalustele \u00a0s\u00f5na, autori, pealkirja ja m\u00e4rks\u00f5na j\u00e4rgi (vt\u00a0\u00f5ppematerjal ESTERi kasutamise kohta http:\/\/sisu.ut.ee\/ester)\u00a0saab avalehe vasakust men\u00fc\u00fcst valida otsinguv\u00f5imalusi V\u00c4LJAANNE, PERSONAALIA, ILMUMISAEG). \u00a0Otsing v\u00e4ljaande pealkirja j\u00e4rgi annab tulemuseks k\u00f5ik otsitavas v\u00e4ljaandes ilmunud artiklid. Saab otsida ka v\u00e4ljaannete &#8230;<\/p>\n","protected":false},"author":5,"featured_media":0,"parent":0,"menu_order":0,"comment_status":"closed","ping_status":"closed","template":"","meta":{"_acf_changed":false,"inline_featured_image":false,"footnotes":""},"class_list":["post-4","page","type-page","status-publish","hentry"],"acf":[],"_links":{"self":[{"href":"https:\/\/sisu.ut.ee\/ise\/wp-json\/wp\/v2\/pages\/4","targetHints":{"allow":["GET"]}}],"collection":[{"href":"https:\/\/sisu.ut.ee\/ise\/wp-json\/wp\/v2\/pages"}],"about":[{"href":"https:\/\/sisu.ut.ee\/ise\/wp-json\/wp\/v2\/types\/page"}],"author":[{"embeddable":true,"href":"https:\/\/sisu.ut.ee\/ise\/wp-json\/wp\/v2\/users\/5"}],"replies":[{"embeddable":true,"href":"https:\/\/sisu.ut.ee\/ise\/wp-json\/wp\/v2\/comments?post=4"}],"version-history":[{"count":1,"href":"https:\/\/sisu.ut.ee\/ise\/wp-json\/wp\/v2\/pages\/4\/revisions"}],"predecessor-version":[{"id":106,"href":"https:\/\/sisu.ut.ee\/ise\/wp-json\/wp\/v2\/pages\/4\/revisions\/106"}],"wp:attachment":[{"href":"https:\/\/sisu.ut.ee\/ise\/wp-json\/wp\/v2\/media?parent=4"}],"curies":[{"name":"wp","href":"https:\/\/api.w.org\/{rel}","templated":true}]}}