{"id":3,"date":"2024-04-03T23:12:16","date_gmt":"2024-04-03T20:12:16","guid":{"rendered":"https:\/\/sisu.ut.ee\/ise\/avaleht\/"},"modified":"2024-04-03T23:12:27","modified_gmt":"2024-04-03T20:12:27","slug":"avaleht","status":"publish","type":"page","link":"https:\/\/sisu.ut.ee\/ise\/","title":{"rendered":"Eesti artiklite andmebaas ISE"},"content":{"rendered":"<p>\n\t<img loading=\"lazy\" decoding=\"async\" width=\"900\" height=\"100\" class=\"alignnone wp-image-14\" src=\"https:\/\/sisu.ut.ee\/wp-content\/uploads\/sites\/33\/ise_h_terve.jpg\" title=\"ise_h_terve.jpg\" alt=\"ise_h_terve.jpg\" srcset=\"https:\/\/sisu.ut.ee\/wp-content\/uploads\/sites\/33\/ise_h_terve.jpg 900w, https:\/\/sisu.ut.ee\/wp-content\/uploads\/sites\/33\/ise_h_terve-300x33.jpg 300w, https:\/\/sisu.ut.ee\/wp-content\/uploads\/sites\/33\/ise_h_terve-768x85.jpg 768w\" sizes=\"auto, (max-width: 900px) 100vw, 900px\">\n<\/p>\n<p>\n\tEesti artiklite andmebaasist ISE (Index Scriptorum Estoniae,\u00a0<a data-url=\"https:\/\/artiklid.elnet.ee\/\" href=\"https:\/\/artiklid.elnet.ee\/\" target=\"_blank\" title=\"\" rel=\"noopener\">https:\/\/artiklid.elnet.ee<\/a>) leiate\u00a0infot\u00a0kuni <strong>31.12.2016<\/strong> peamiselt Eestis ilmunud\u00a0<strong>ajakirjade, artiklikogumike ja j\u00e4tkv\u00e4ljaannete\u00a0<\/strong>artiklite kohta\u00a0ja t\u00e4isteksti k\u00e4ttesaadavuse korral ka linke t\u00e4istekstidele.\u00a0Alates 2017. aastast ilmunud ajakirjade artikleid saab otsida andmebaasist DIGAR Eesti artiklid (<a href=\"http:\/\/dea.digar.ee\/cgi-bin\/dea\" style=\"background-color: #ffffff\" target=\"_blank\" rel=\"noopener\">http:\/\/dea.digar.ee<\/a>). ISE-sse lisatakse artikleid valikuliselt teemabaasidest l\u00e4htuvalt.\u00a0\n<\/p>\n<p>\n\tISE-s leidub infot ka ajalehtede artiklite kohta, kuid alates 2014. aastast on k\u00f5ik\u00a0<strong>ajalehed<\/strong>\u00a0leitavad andmebaasis\u00a0DIGAR Eesti artiklid (<a href=\"http:\/\/dea.digar.ee\/cgi-bin\/dea\" target=\"_blank\" rel=\"noopener\">http:\/\/dea.digar.ee<\/a>) ning sellest ajast alates ISE-sse nende kohta enam infot ei lisata.\n<\/p>\n<p>\n\tAndmebaas ISE sisaldab:\n<\/p>\n<ul>\n<li>\n\t\t\u00fcksikuid artikleid 19. sajandist;\n\t<\/li>\n<li>\n\t\t\u00f5igus- ja ajalooalaseid artikleid alates aastast 1900;\n\t<\/li>\n<li>\n\t\tenamikku ajakirja- ja kogumikuartikleid aastatest 1993\u20132016, alates 2017 valikuliselt teemabaasidest l\u00e4htuvalt;\n\t<\/li>\n<li>\n\t\thumanitaar- ja sotsiaalteaduste alaseid ajaleheartikleid aastatest 1993\u20132013;\n\t<\/li>\n<li>\n\t\tEestit k\u00e4sitlevaid artikleid v\u00e4lismaistest v\u00e4ljaannetest, samuti Eesti autorite poolt v\u00e4lismaal avaldatud artikleid.\n\t<\/li>\n<\/ul>\n<p>\n\t<a data-url=\"https:\/\/panopto.ut.ee\/Panopto\/Pages\/Viewer.aspx?id=22dbd8ce-0275-4cfb-b8b2-add501144c28\" href=\"https:\/\/panopto.ut.ee\/Panopto\/Pages\/Viewer.aspx?id=22dbd8ce-0275-4cfb-b8b2-add501144c28\" target=\"_blank\" title=\"\" rel=\"noopener\"><strong>Videos<\/strong> <\/a>\u00a0tutvustatakse otsingute tegemist andmebaasis ISE.\n<\/p>\n<p>\n\tISE koosneb \u00a0teemabaasidest\u00a0ning Eesti raamatukogudes loodud andmebaasidest. Otsingut saab teha k\u00f5ikides ISE andmebaasides koos v\u00f5i valida neist \u00fche.\u00a0 Andmebaaside valimiseks\u00a0\u00a0kl\u00f5psake ISE avalehel <em>Andmebaas ISE.<\/em>\n<\/p>\n<p>\n\t\u00a0\n<\/p>\n<p>\n\t<img loading=\"lazy\" decoding=\"async\" width=\"1252\" height=\"515\" class=\"alignnone wp-image-18\" src=\"https:\/\/sisu.ut.ee\/wp-content\/uploads\/sites\/33\/2020-06-15.png\" title=\"2020-06-15.png\" alt=\"ff\" srcset=\"https:\/\/sisu.ut.ee\/wp-content\/uploads\/sites\/33\/2020-06-15.png 1252w, https:\/\/sisu.ut.ee\/wp-content\/uploads\/sites\/33\/2020-06-15-300x123.png 300w, https:\/\/sisu.ut.ee\/wp-content\/uploads\/sites\/33\/2020-06-15-1024x421.png 1024w, https:\/\/sisu.ut.ee\/wp-content\/uploads\/sites\/33\/2020-06-15-768x316.png 768w\" sizes=\"auto, (max-width: 1252px) 100vw, 1252px\">\n<\/p>\n<p>\n\t<em>Andmebaasi ISE avaleht<\/em>\n<\/p>\n<p>\n\t\u00a0\n<\/p>\n<p>\n\t<img loading=\"lazy\" decoding=\"async\" width=\"884\" height=\"284\" class=\"alignnone wp-image-17\" src=\"https:\/\/sisu.ut.ee\/wp-content\/uploads\/sites\/33\/2019-09-25_15_34_15-window.png\" title=\"2019-09-25_15_34_15-window.png\" alt=\"a\" srcset=\"https:\/\/sisu.ut.ee\/wp-content\/uploads\/sites\/33\/2019-09-25_15_34_15-window.png 884w, https:\/\/sisu.ut.ee\/wp-content\/uploads\/sites\/33\/2019-09-25_15_34_15-window-300x96.png 300w, https:\/\/sisu.ut.ee\/wp-content\/uploads\/sites\/33\/2019-09-25_15_34_15-window-768x247.png 768w\" sizes=\"auto, (max-width: 884px) 100vw, 884px\"><em>Teemabaaside valimine ISE avalehelt. \u00a0<\/em>\n<\/p>\n<p>\n\tAvalehel on ka link teistele Eesti andmebaasidele, mida ISE-s ei ole.\n<\/p>\n<p>\n\tTeemabaaside sisukirjeldus: <a data-url=\"https:\/\/www.elnet.ee\/juhend\/ise\/teemabaasid.php\" href=\"https:\/\/www.elnet.ee\/juhend\/ise\/teemabaasid.php\" target=\"_blank\" title=\"\" rel=\"noopener\">https:\/\/www.elnet.ee\/juhend\/ise\/teemabaasid.php<\/a>\n<\/p>\n<p>\n\tRaamatukogude teemabaasid sisaldavad lisaks artiklitele ka andmeid raamatute ja \u00fcli\u00f5pilast\u00f6\u00f6de kohta.\u00a0\n<\/p>\n<p>\n\tISE p\u00f5hjalikuma tutvustuse leiate andmebaasi kasutusjuhendist:<a data-url=\"https:\/\/www.elnet.ee\/juhend\/ise\/andmebaas_ise.php\" href=\"https:\/\/www.elnet.ee\/juhend\/ise\/andmebaas_ise.php\" target=\"_blank\" title=\"\" rel=\"noopener\">https:\/\/www.elnet.ee\/juhend\/ise\/andmebaas_ise.php<\/a><\/p>\n","protected":false},"excerpt":{"rendered":"<p>Eesti artiklite andmebaasist ISE (Index Scriptorum Estoniae,\u00a0https:\/\/artiklid.elnet.ee) leiate\u00a0infot\u00a0kuni 31.12.2016 peamiselt Eestis ilmunud\u00a0ajakirjade, artiklikogumike ja j\u00e4tkv\u00e4ljaannete\u00a0artiklite kohta\u00a0ja t\u00e4isteksti k\u00e4ttesaadavuse korral ka linke t\u00e4istekstidele.\u00a0Alates 2017. aastast ilmunud ajakirjade artikleid saab otsida andmebaasist DIGAR Eesti artiklid (http:\/\/dea.digar.ee). ISE-sse lisatakse artikleid valikuliselt teemabaasidest l\u00e4htuvalt.\u00a0 &#8230;<\/p>\n","protected":false},"author":5,"featured_media":0,"parent":0,"menu_order":0,"comment_status":"closed","ping_status":"closed","template":"","meta":{"_acf_changed":false,"inline_featured_image":false,"footnotes":""},"class_list":["post-3","page","type-page","status-publish","hentry"],"acf":[],"_links":{"self":[{"href":"https:\/\/sisu.ut.ee\/ise\/wp-json\/wp\/v2\/pages\/3","targetHints":{"allow":["GET"]}}],"collection":[{"href":"https:\/\/sisu.ut.ee\/ise\/wp-json\/wp\/v2\/pages"}],"about":[{"href":"https:\/\/sisu.ut.ee\/ise\/wp-json\/wp\/v2\/types\/page"}],"author":[{"embeddable":true,"href":"https:\/\/sisu.ut.ee\/ise\/wp-json\/wp\/v2\/users\/5"}],"replies":[{"embeddable":true,"href":"https:\/\/sisu.ut.ee\/ise\/wp-json\/wp\/v2\/comments?post=3"}],"version-history":[{"count":1,"href":"https:\/\/sisu.ut.ee\/ise\/wp-json\/wp\/v2\/pages\/3\/revisions"}],"predecessor-version":[{"id":107,"href":"https:\/\/sisu.ut.ee\/ise\/wp-json\/wp\/v2\/pages\/3\/revisions\/107"}],"wp:attachment":[{"href":"https:\/\/sisu.ut.ee\/ise\/wp-json\/wp\/v2\/media?parent=3"}],"curies":[{"name":"wp","href":"https:\/\/api.w.org\/{rel}","templated":true}]}}