{"id":12,"date":"2024-04-03T23:12:16","date_gmt":"2024-04-03T20:12:16","guid":{"rendered":"https:\/\/sisu.ut.ee\/ise\/ulikoolide-e-arhiivid\/"},"modified":"2025-10-11T19:36:54","modified_gmt":"2025-10-11T16:36:54","slug":"ulikoolide-e-arhiivid","status":"publish","type":"page","link":"https:\/\/sisu.ut.ee\/ise\/ulikoolide-e-arhiivid\/","title":{"rendered":"\u00dclikoolide digiarhiivid"},"content":{"rendered":"<p>\u00dclikoolide digiarhiivides hoitakse bakalaureuse, magistri ning doktorit\u00f6id ning e-\u00f5ppematerjale, mis on suures osas internetis vabalt k\u00e4ttesaadavad. Digiarhiivid sisaldavad ka raamatukogude muud vara \u2013 \u00a0raamatuid, artikleid, kaarte, fotosid jne. \u00a0Osa materjalidest saab k\u00e4tte ka e-kataloogi ESTER kaudu. N\u00e4iteks uuemaid bakalaureuset\u00f6id leiate otse \u00a0digiarhiivist.<\/p>\n<p><strong>Tartu \u00fclikooli digiarhiiv ADA\u00a0 <\/strong><a href=\"http:\/\/dspace.ut.ee\/\" target=\"_blank\" rel=\"noopener\">http:\/\/dspace.ut.ee\/<\/a><\/p>\n<ul>\n<li>Materjale saab lehitseda kollektsioonide kaupa, selleks tuleb valida avalehelt valdkond.<\/li>\n<li>Bakalaureuse- ja magistrit\u00f6\u00f6d on valdkondade all teaduskonna,\u00a0instituudi v\u00f5i kolledzi kollektsioonis.<\/li>\n<li>K\u00f5ik doktorit\u00f6\u00f6d on eraldi kollektsioonis <a tabindex=\"0\" role=\"link\" href=\"https:\/\/dspace.ut.ee\/communities\/f2df8655-e770-457c-9e0b-327aa5b6e202\" target=\"_blank\" rel=\"noopener\">Doktorit\u00f6\u00f6d 2004 \u2013 Theses, MSc, PhD (ETD).<\/a>\u00a0 See sisaldab ka magistrit\u00f6id.<\/li>\n<li><span style=\"line-height: 1.6em;\" data-mce-mark=\"1\">Fotode, k\u00e4sikirjade ja vanemate raamatute valdkond on <\/span><em style=\"line-height: 1.6em;\">Tartu \u00dclikooli Raamatukogu.<\/em><\/li>\n<li>\u00d5ppevideod ja e-\u00f5ppematerjalid on valdkonnas\u00a0<em style=\"line-height: 1.6em;\">E-\u00f5ppe materjalid.<\/em><\/li>\n<\/ul>\n<p><\/p><div class=\"accordion mb-3\">\n        <div class=\"accordion-item accordion-item--white\">\n        <h2 class=\"accordion-header\" id=\"accordion-69d9f0b773c19-heading\">\n            <button class=\"accordion-button collapsed\" type=\"button\" data-bs-toggle=\"collapse\" data-bs-target=\"#accordion-69d9f0b773c19-collapse\" aria-expanded=\"true\" aria-controls=\"accordion-69d9f0b773c19-collapse\">Pilt ADA valikuv\u00f5imalustega<\/button>\n        <\/h2>\n        <div id=\"accordion-69d9f0b773c19-collapse\" class=\"accordion-collapse collapse\" aria-labelledby=\"accordion-69d9f0b773c19-heading\">\n            <div class=\"accordion-body\"> <img loading=\"lazy\" decoding=\"async\" class=\"alignnone size-full wp-image-151\" src=\"https:\/\/sisu.ut.ee\/wp-content\/uploads\/sites\/33\/Kuvatommis-2024-11-26-131032.png\" alt=\"\" width=\"845\" height=\"918\" srcset=\"https:\/\/sisu.ut.ee\/wp-content\/uploads\/sites\/33\/Kuvatommis-2024-11-26-131032.png 845w, https:\/\/sisu.ut.ee\/wp-content\/uploads\/sites\/33\/Kuvatommis-2024-11-26-131032-276x300.png 276w, https:\/\/sisu.ut.ee\/wp-content\/uploads\/sites\/33\/Kuvatommis-2024-11-26-131032-768x834.png 768w\" sizes=\"auto, (max-width: 845px) 100vw, 845px\">\u00a0<\/div>\n        <\/div>\n        <\/div>\n    <\/div>\n<p>Kui ESTERis otsimiseks on tarvis teada pealkirja v\u00f5i m\u00e4rks\u00f5nu, siis digiarhiivis tehakse otsing kogu tekstis. Seet\u00f5ttu saab sealt otsida hulga kitsamaid teemasid. Tulemuste lehel on v\u00e4ljav\u00f5tted tekstist, kus otsingus\u00f5nad on paksus kirjas.<\/p>\n<p><strong>Tallinna \u00dclikooli digiarhiiv ETERA<\/strong>\u00a0<a href=\"http:\/\/www.etera.ee\/\" target=\"_blank\" rel=\"noopener\">http:\/\/www.etera.ee\/<\/a>\u00a0\u00a0sisaldab Tallinna \u00dclikoolis alates 2005. aastast kaitstud \u00fcli\u00f5pilast\u00f6id, n\u00f5ukogude perioodi teadusasutuste v\u00e4ljaandeid ning palju n\u00f5ukogude perioodil ilmunud Eesti ajalehti.<\/p>\n<ul>\n<li>Vasakul KATEGOORIA all saab \u00fclevaate, mida ETERA sisaldab.<\/li>\n<li>Vasakul saab otsingut piirata erinevate filtritega enne ja peale otsingu tegemist. Kl\u00f5psates vasakul Kasutuses filtrid, saab piiranguid eemaldada. Sama saab teha otsingutulemuste lehel keskel.<\/li>\n<\/ul>\n<p><\/p><div class=\"accordion mb-3\">\n        <div class=\"accordion-item accordion-item--white\">\n        <h2 class=\"accordion-header\" id=\"accordion-69d9f0b773c1f-heading\">\n            <button class=\"accordion-button collapsed\" type=\"button\" data-bs-toggle=\"collapse\" data-bs-target=\"#accordion-69d9f0b773c1f-collapse\" aria-expanded=\"true\" aria-controls=\"accordion-69d9f0b773c1f-collapse\">Pilt ETERA valikuv\u00f5imalustega<\/button>\n        <\/h2>\n        <div id=\"accordion-69d9f0b773c1f-collapse\" class=\"accordion-collapse collapse\" aria-labelledby=\"accordion-69d9f0b773c1f-heading\">\n            <div class=\"accordion-body\"><img loading=\"lazy\" decoding=\"async\" class=\"alignnone size-large wp-image-160\" src=\"https:\/\/sisu.ut.ee\/wp-content\/uploads\/sites\/33\/Screenshot-2025-09-11-170437-1024x415.png\" alt=\"\" width=\"1024\" height=\"415\" srcset=\"https:\/\/sisu.ut.ee\/wp-content\/uploads\/sites\/33\/Screenshot-2025-09-11-170437-1024x415.png 1024w, https:\/\/sisu.ut.ee\/wp-content\/uploads\/sites\/33\/Screenshot-2025-09-11-170437-300x122.png 300w, https:\/\/sisu.ut.ee\/wp-content\/uploads\/sites\/33\/Screenshot-2025-09-11-170437-768x311.png 768w, https:\/\/sisu.ut.ee\/wp-content\/uploads\/sites\/33\/Screenshot-2025-09-11-170437.png 1327w\" sizes=\"auto, (max-width: 1024px) 100vw, 1024px\"><\/div>\n        <\/div>\n        <\/div>\n    <\/div>\n<p><strong>Tallinna Tehnika\u00fclikooli digikogu <\/strong><a title=\"\" href=\"http:\/\/digi.lib.ttu.ee\/\" target=\"_blank\" rel=\"noopener\" data-url=\"http:\/\/digi.lib.ttu.ee\/\">http:\/\/digi.lib.ttu.ee\/<\/a>\u00a0sisaldab \u00fcli\u00f5pilast\u00f6id, e-raamatuid, erialaseid ajakirju, raamatukogu v\u00e4ljaandeid, aruandeid ja muid publikatsioone. Neid k\u00f5iki saab eraldi lehitseda ja otsida. Kl\u00f5psates \u00fcleval ribal <em>Kollektsioonid<\/em>, on v\u00f5imalikud kitsamad valikud.<\/p>\n<p><\/p><div class=\"accordion mb-3\">\n        <div class=\"accordion-item accordion-item--white\">\n        <h2 class=\"accordion-header\" id=\"accordion-69d9f0b773c35-heading\">\n            <button class=\"accordion-button collapsed\" type=\"button\" data-bs-toggle=\"collapse\" data-bs-target=\"#accordion-69d9f0b773c35-collapse\" aria-expanded=\"true\" aria-controls=\"accordion-69d9f0b773c35-collapse\">Pilt Tallinna Tehnika\u00fclikooli digikogust<\/button>\n        <\/h2>\n        <div id=\"accordion-69d9f0b773c35-collapse\" class=\"accordion-collapse collapse\" aria-labelledby=\"accordion-69d9f0b773c35-heading\">\n            <div class=\"accordion-body\">p\n<p><img loading=\"lazy\" decoding=\"async\" width=\"1044\" height=\"573\" class=\"alignnone wp-image-47\" title=\"2020-05-25_17_12_45-window.png\" src=\"https:\/\/sisu.ut.ee\/wp-content\/uploads\/sites\/33\/2020-05-25_17_12_45-window.png\" alt=\"ff\" srcset=\"https:\/\/sisu.ut.ee\/wp-content\/uploads\/sites\/33\/2020-05-25_17_12_45-window.png 1044w, https:\/\/sisu.ut.ee\/wp-content\/uploads\/sites\/33\/2020-05-25_17_12_45-window-300x165.png 300w, https:\/\/sisu.ut.ee\/wp-content\/uploads\/sites\/33\/2020-05-25_17_12_45-window-1024x562.png 1024w, https:\/\/sisu.ut.ee\/wp-content\/uploads\/sites\/33\/2020-05-25_17_12_45-window-768x422.png 768w\" sizes=\"auto, (max-width: 1044px) 100vw, 1044px\"><\/p><\/div>\n        <\/div>\n        <\/div>\n    <\/div>\n<p><strong>Eesti Maa\u00fclikooli digiarhiiv<\/strong> <a title=\"\" href=\"https:\/\/dspace.emu.ee\/\" target=\"_blank\" rel=\"noopener\" data-url=\"https:\/\/dspace.emu.ee\/\">https:\/\/dspace.emu.ee\/<\/a>\u00a0sisaldab maa\u00fclikoolis kaitstud \u00fcli\u00f5pilast\u00f6id ja e-\u00f5ppe materjale. Otsinguv\u00f5imalused on sarnased Tartu \u00dclikooli digiarhiiviga, st materjale on v\u00f5imalik ka kollektsioonide kaupa lehitseda.<\/p>\n<p><\/p><div class=\"accordion mb-3\">\n        <div class=\"accordion-item accordion-item--white\">\n        <h2 class=\"accordion-header\" id=\"accordion-69d9f0b773c38-heading\">\n            <button class=\"accordion-button collapsed\" type=\"button\" data-bs-toggle=\"collapse\" data-bs-target=\"#accordion-69d9f0b773c38-collapse\" aria-expanded=\"true\" aria-controls=\"accordion-69d9f0b773c38-collapse\">Pilt maa\u00fclikooli digiarhiivi otsinguv\u00f5imalustest<\/button>\n        <\/h2>\n        <div id=\"accordion-69d9f0b773c38-collapse\" class=\"accordion-collapse collapse\" aria-labelledby=\"accordion-69d9f0b773c38-heading\">\n            <div class=\"accordion-body\"><img loading=\"lazy\" decoding=\"async\" class=\"alignnone size-large wp-image-163\" src=\"https:\/\/sisu.ut.ee\/wp-content\/uploads\/sites\/33\/Screenshot-2025-09-11-171330-1024x548.png\" alt=\"\" width=\"1024\" height=\"548\" srcset=\"https:\/\/sisu.ut.ee\/wp-content\/uploads\/sites\/33\/Screenshot-2025-09-11-171330-1024x548.png 1024w, https:\/\/sisu.ut.ee\/wp-content\/uploads\/sites\/33\/Screenshot-2025-09-11-171330-300x161.png 300w, https:\/\/sisu.ut.ee\/wp-content\/uploads\/sites\/33\/Screenshot-2025-09-11-171330-768x411.png 768w, https:\/\/sisu.ut.ee\/wp-content\/uploads\/sites\/33\/Screenshot-2025-09-11-171330.png 1309w\" sizes=\"auto, (max-width: 1024px) 100vw, 1024px\"><\/div>\n        <\/div>\n        <\/div>\n    <\/div>\n","protected":false},"excerpt":{"rendered":"<p>\u00dclikoolide digiarhiivides hoitakse bakalaureuse, magistri ning doktorit\u00f6id ning e-\u00f5ppematerjale, mis on suures osas internetis vabalt k\u00e4ttesaadavad. Digiarhiivid sisaldavad ka raamatukogude muud vara \u2013 \u00a0raamatuid, artikleid, kaarte, fotosid jne. \u00a0Osa materjalidest saab k\u00e4tte ka e-kataloogi ESTER kaudu. N\u00e4iteks uuemaid bakalaureuset\u00f6id leiate &#8230;<\/p>\n","protected":false},"author":5,"featured_media":0,"parent":0,"menu_order":0,"comment_status":"closed","ping_status":"closed","template":"","meta":{"_acf_changed":false,"inline_featured_image":false,"footnotes":""},"class_list":["post-12","page","type-page","status-publish","hentry"],"acf":[],"_links":{"self":[{"href":"https:\/\/sisu.ut.ee\/ise\/wp-json\/wp\/v2\/pages\/12","targetHints":{"allow":["GET"]}}],"collection":[{"href":"https:\/\/sisu.ut.ee\/ise\/wp-json\/wp\/v2\/pages"}],"about":[{"href":"https:\/\/sisu.ut.ee\/ise\/wp-json\/wp\/v2\/types\/page"}],"author":[{"embeddable":true,"href":"https:\/\/sisu.ut.ee\/ise\/wp-json\/wp\/v2\/users\/5"}],"replies":[{"embeddable":true,"href":"https:\/\/sisu.ut.ee\/ise\/wp-json\/wp\/v2\/comments?post=12"}],"version-history":[{"count":14,"href":"https:\/\/sisu.ut.ee\/ise\/wp-json\/wp\/v2\/pages\/12\/revisions"}],"predecessor-version":[{"id":172,"href":"https:\/\/sisu.ut.ee\/ise\/wp-json\/wp\/v2\/pages\/12\/revisions\/172"}],"wp:attachment":[{"href":"https:\/\/sisu.ut.ee\/ise\/wp-json\/wp\/v2\/media?parent=12"}],"curies":[{"name":"wp","href":"https:\/\/api.w.org\/{rel}","templated":true}]}}