{"id":11,"date":"2024-04-03T23:12:16","date_gmt":"2024-04-03T20:12:16","guid":{"rendered":"https:\/\/sisu.ut.ee\/ise\/raamatud-ajakirjad-pildid-digiarhiivides\/"},"modified":"2024-04-03T23:12:27","modified_gmt":"2024-04-03T20:12:27","slug":"raamatud-ajakirjad-pildid-digiarhiivides","status":"publish","type":"page","link":"https:\/\/sisu.ut.ee\/ise\/raamatud-ajakirjad-pildid-digiarhiivides\/","title":{"rendered":"DIGAR &#8211; e-raamatud, e-ajakirjad, pildid"},"content":{"rendered":"<p>\n\tDIGAR\u00a0 (<a href=\"http:\/\/www.digar.ee\/arhiiv\" target=\"_blank\" rel=\"noopener\">http:\/\/www.digar.ee\/arhiiv<\/a>)\u00a0on Rahvusraamatukogu digitaalarhiiv, kus on e-raamatuid (sh koolikirjandust), ajalehti, ajakirju, pildimaterjale, audioraamatuid ja muusikafaile. Paljud neist on vabaks kasutamiseks. Suur osa DIGARis s\u00e4ilitatavatest materjalidest on sellised, mille tekste vabalt internetis lugeda ei saa, p\u00f5hjuseks on autori\u00f5igus ja kirjastajate juurdep\u00e4\u00e4supiirangud.\u00a0Otsingutulemuste hulgas on need t\u00e4histatud tabalukuga.\n<\/p>\n<p>\n\tSuur osa materjalidest on leitavad ka e-kataloogi ESTER kaudu, ESTERist viivad lingid DIGARisse.\n<\/p>\n<p>\n\t<img loading=\"lazy\" decoding=\"async\" width=\"532\" height=\"231\" class=\"alignnone wp-image-38\" style=\"margin-left: auto;margin-right: auto;width: 571px;height: 270px\" src=\"https:\/\/sisu.ut.ee\/wp-content\/uploads\/sites\/33\/toiduoht.png\" title=\"toiduoht.png\" alt=\"toiduoht.png\" srcset=\"https:\/\/sisu.ut.ee\/wp-content\/uploads\/sites\/33\/toiduoht.png 532w, https:\/\/sisu.ut.ee\/wp-content\/uploads\/sites\/33\/toiduoht-300x130.png 300w\" sizes=\"auto, (max-width: 532px) 100vw, 532px\">\n<\/p>\n<p style=\"text-align: center\">\n\t<span style=\"color:#696969\">DIGARi otsingutulemused. Esimest saab veebis vabalt lugeda, teist mitte.\u00a0<\/span>\n<\/p>\n<p>\n\t\u00a0\n<\/p>\n<p>\n\tKl\u00f5psates tulemusel on n\u00e4ha rohkem infot v\u00e4ljaande kohta: v\u00f5imalus allalaadimiseks, m\u00e4rks\u00f5nad, link ESTERisse, autori\u00f5igused. NB! Ka neile teostele, mis ei ole autori\u00f5igusega kaitstud, tuleb alati t\u00e4pselt viidata.\n<\/p>\n<p>\n\t<img loading=\"lazy\" decoding=\"async\" width=\"697\" height=\"571\" class=\"alignnone wp-image-40\" style=\"margin-left: auto;margin-right: auto;width: 541px;height: 473px\" src=\"https:\/\/sisu.ut.ee\/wp-content\/uploads\/sites\/33\/2020-06-29_10_28_18-2020-06-29_10_27_31-window.png\" title=\"2020-06-29_10_28_18-2020-06-29_10_27_31-window.png\" alt=\"ff\" srcset=\"https:\/\/sisu.ut.ee\/wp-content\/uploads\/sites\/33\/2020-06-29_10_28_18-2020-06-29_10_27_31-window.png 697w, https:\/\/sisu.ut.ee\/wp-content\/uploads\/sites\/33\/2020-06-29_10_28_18-2020-06-29_10_27_31-window-300x246.png 300w\" sizes=\"auto, (max-width: 697px) 100vw, 697px\">\n<\/p>\n<p style=\"text-align: center\">\n\t<span style=\"color:#696969\">Andmed raamatu kohta.<\/span>\n<\/p>\n<p>\n\t\u00a0\n<\/p>\n<p>\n\tDigitaalarhiiv DIGAR sisaldab Eesti ajakirju kuni aastani 2016. Osa ajakirju on piiratud juurdep\u00e4\u00e4suga, need\u00a0on t\u00e4histatud lukum\u00e4rgiga. \u00a0Ajakirju saab leida, kui valida \u00fclevalt ribalt AJAKIRJAD KUNI 2016\u00a0ja siis lehitseda t\u00e4hestikulist nimekirja.\u00a0 Alates 2017. aastast ilmunud ajakirjad on leitavad DIGARi Eesti artiklite portaalist\u00a0<a href=\"http:\/\/dea.digar.ee\/\" target=\"_blank\" title=\"\" rel=\"noopener\">http:\/\/dea.digar.ee\/<\/a>\n<\/p>\n<p>\n\tOtsingut alustades on v\u00f5imalik valida, kas soovite otsida raamatutest, ajakirjadest, pildimaterjalist v\u00f5i kollektsioonidest, vaikimisi otsitakse kogu arhiivi sisust. Saab ka valida, et otsitakse ainult t\u00e4istekstina k\u00e4ttesaadavat sisu ja\u00a0et otsitakse ka sisust, st v\u00e4ljaannete t\u00e4istekstidest.\u00a0 Paremal servas on v\u00f5imalik valida ka detailsem otsing, kus saab otsingutingimusi t\u00e4psemalt m\u00e4\u00e4ratleda.\u00a0\u00a0\n<\/p>\n<p>\n\t<img loading=\"lazy\" decoding=\"async\" width=\"650\" height=\"133\" class=\"alignnone wp-image-41\" src=\"https:\/\/sisu.ut.ee\/wp-content\/uploads\/sites\/33\/2020-06-29_14_45_31-window.png\" title=\"2020-06-29_14_45_31-window.png\" alt=\"ff\" srcset=\"https:\/\/sisu.ut.ee\/wp-content\/uploads\/sites\/33\/2020-06-29_14_45_31-window.png 650w, https:\/\/sisu.ut.ee\/wp-content\/uploads\/sites\/33\/2020-06-29_14_45_31-window-300x61.png 300w\" sizes=\"auto, (max-width: 650px) 100vw, 650px\">\n<\/p>\n<p>\n\tVt ka<br>RR koolitus: l\u00fchitutvustus\u00a0<a href=\"https:\/\/www.youtube.com\/watch?v=TLcxKoJrevY\" style=\"background-color: #ffffff\" target=\"_blank\" rel=\"noopener\">Digitaalarhiiv DIGAR<br><span style=\"color: #333300\">R<\/span><\/a>R koolitus: veebiseminar\u00a0<a href=\"https:\/\/www.youtube.com\/watch?v=nupMRepYxq8&amp;t=1088s\" target=\"_blank\" rel=\"noopener\">DIGAR: eesti ajalugu, kirjandus ja kultuur digitaalarhiivis<\/a>\u00a0\n<\/p>\n<p>\n\t\u00a0\n<\/p>\n<p>\n\t\u00a0<\/p>\n","protected":false},"excerpt":{"rendered":"<p>DIGAR\u00a0 (http:\/\/www.digar.ee\/arhiiv)\u00a0on Rahvusraamatukogu digitaalarhiiv, kus on e-raamatuid (sh koolikirjandust), ajalehti, ajakirju, pildimaterjale, audioraamatuid ja muusikafaile. Paljud neist on vabaks kasutamiseks. Suur osa DIGARis s\u00e4ilitatavatest materjalidest on sellised, mille tekste vabalt internetis lugeda ei saa, p\u00f5hjuseks on autori\u00f5igus ja kirjastajate juurdep\u00e4\u00e4supiirangud.\u00a0Otsingutulemuste &#8230;<\/p>\n","protected":false},"author":5,"featured_media":0,"parent":0,"menu_order":0,"comment_status":"closed","ping_status":"closed","template":"","meta":{"_acf_changed":false,"inline_featured_image":false,"footnotes":""},"class_list":["post-11","page","type-page","status-publish","hentry"],"acf":[],"_links":{"self":[{"href":"https:\/\/sisu.ut.ee\/ise\/wp-json\/wp\/v2\/pages\/11","targetHints":{"allow":["GET"]}}],"collection":[{"href":"https:\/\/sisu.ut.ee\/ise\/wp-json\/wp\/v2\/pages"}],"about":[{"href":"https:\/\/sisu.ut.ee\/ise\/wp-json\/wp\/v2\/types\/page"}],"author":[{"embeddable":true,"href":"https:\/\/sisu.ut.ee\/ise\/wp-json\/wp\/v2\/users\/5"}],"replies":[{"embeddable":true,"href":"https:\/\/sisu.ut.ee\/ise\/wp-json\/wp\/v2\/comments?post=11"}],"version-history":[{"count":1,"href":"https:\/\/sisu.ut.ee\/ise\/wp-json\/wp\/v2\/pages\/11\/revisions"}],"predecessor-version":[{"id":99,"href":"https:\/\/sisu.ut.ee\/ise\/wp-json\/wp\/v2\/pages\/11\/revisions\/99"}],"wp:attachment":[{"href":"https:\/\/sisu.ut.ee\/ise\/wp-json\/wp\/v2\/media?parent=11"}],"curies":[{"name":"wp","href":"https:\/\/api.w.org\/{rel}","templated":true}]}}