{"id":9,"date":"2024-04-03T23:12:06","date_gmt":"2024-04-03T20:12:06","guid":{"rendered":"https:\/\/sisu.ut.ee\/internetgymn\/google-ja-teised-otsingumootorid\/"},"modified":"2025-10-09T16:13:34","modified_gmt":"2025-10-09T13:13:34","slug":"google-ja-teised-otsingumootorid","status":"publish","type":"page","link":"https:\/\/sisu.ut.ee\/internetgymn\/google-ja-teised-otsingumootorid\/","title":{"rendered":"Google otsingunipid"},"content":{"rendered":"<p id=\"yui_3_9_1_2_1376391343928_119\">\u00a0<img loading=\"lazy\" decoding=\"async\" width=\"95\" height=\"33\" class=\"alignnone wp-image-30\" title=\"google.png\" src=\"https:\/\/sisu.ut.ee\/wp-content\/uploads\/sites\/32\/google.png\" alt=\"google.png\">Google (<a href=\"http:\/\/www.google.ee\" target=\"_blank\" rel=\"noopener\">www.google.ee<\/a>) v\u00f5ib olla kasulik t\u00e4iendus andmebaasiotsingule, leidmaks veebis vabalt k\u00e4ttesaadavat infot, n\u00e4iteks avaldamata dokumendid, valitsuste v\u00e4ljaanded (seadused, juhendid), vaba juurdep\u00e4\u00e4suga (open access) ajakirjad,\u00a0 ametlik statistika, raadiosaated, \u00f5ppematerjalid, videoloengud jne. Autorite endi poolt veebilehtedele \u00fcles pandud teadusartikleid, teadusblogisid ja jagatud \u00f5ppematerjale leiab Google\u2019iga k\u00f5ige paremini.<\/p>\n<p><\/p><div class=\"ratio ratio-16x9 mb-3\"><div class=\"video-placeholder-wrapper video-placeholder-wrapper--16x9\">\n\t\t\t    <div class=\"video-placeholder d-flex justify-content-center align-items-center\">\n\t\t\t        <div class=\"overlay text-white p-2 w-100 text-center d-block justify-content-center align-items-center\">\n\t\t\t            <div>Kolmandate osapoolte sisu n\u00e4gemiseks palun n\u00f5ustu k\u00fcpsistega.<\/div>\n\t\t\t            <button class=\"btn btn-secondary btn-sm mt-1 consent-change\">Muuda n\u00f5usolekut<\/button>\n\t\t\t        <\/div>\n\t\t\t    <\/div>\n\t\t\t<\/div>\n<\/div>\n<h5><\/h5>\n<p>(Video ja \u00f5ppematerjal t\u00e4iendavad teineteist, ei kattu t\u00e4ielikult.)<\/p>\n<p>Pealkirja j\u00e4rgi otsides leiab Google ka teadusartikleid ja raamatuid, T\u00dc arvutiv\u00f5rgus olles saab \u00fche hiirekl\u00f5psuga ka t\u00e4isteksti, kui \u00a0raamatukogu on sellele juurdep\u00e4\u00e4su ostnud.<\/p>\n<table class=\"table table-hover\" style=\"background-color: #fdbe90;\" border=\"0\">\n<tbody>\n<tr>\n<td>Arge p\u00f6\u00f6rake t\u00e4helepanu Google otsingutulemuste arvule. Tegelik tulemuste arv on eestikeelsete otsingute puhul umbes 150 ja ingliskeelsete puhul 300, mis on sageli v\u00e4iksem kui saadakse andmebaasiotsingutega.<\/td>\n<\/tr>\n<\/tbody>\n<\/table>\n<p><strong>Kui pealkiri on teada<\/strong>, siis on Google\u2019iga saadud tulemused relevantsed ning p\u00e4ringu tegemine lihtsam kui andmebaasides.<\/p>\n<p><strong>Google\u2019i p\u00e4ring olgu v\u00f5imalikult lihtne.\u00a0<\/strong>Paljus\u00f5naline p\u00e4ring v\u00f5ib relevantseid tulemusi v\u00e4lja j\u00e4tta ning kokkuv\u00f5ttes tulemuste arvu hoopis suurendada. T\u00e4htis on saada relevantsed tulemused esik\u00fcmnesse!<\/p>\n<p>Google on arenev otsingumootor ning p\u00fcsivaid reegleid p\u00e4ringu sisestamiseks ei ole. Otsingukasti sisestatud s\u00f5nade vahel on vaikimisi operaator AND. M\u00f5ned reeglid lihtotsingusse p\u00e4ringu sisestamiseks:<\/p>\n<ul>\n<li>miinusm\u00e4rk s\u00f5na ees j\u00e4tab s\u00f5na p\u00e4ringust v\u00e4lja (n\u00e4iteks \u2013postimees v\u00e4listab ajalehe Postimees artiklid);<\/li>\n<li>operaator OR tuleb kirjutada tr\u00fckit\u00e4htedega (n\u00e4iteks ajaleht OR ajakiri);<\/li>\n<li>Google otsib automaatselt ka s\u00fcnon\u00fc\u00fcme, l\u00fchendeid ja sarnaseid s\u00f5navorme. Sellegi poolest katsetage erinevaid otsingus\u00f5nu (n\u00e4iteks s\u00f5nad CV, curriculum vitae, elulugu, resume toovad erinevad tulemused);<\/li>\n<li>pange s\u00f5na jutum\u00e4rkidesse, kui soovite, et otsitakse ainult sellist s\u00f5navormi, mille te sisestasite (n\u00e4iteks \u201caastahitt\u201d).<\/li>\n<li>t\u00e4rn asendab \u00fchte v\u00f5i mitut s\u00f5na<\/li>\n<li>\u00a0<strong>Lihtotsingu t\u00e4psustamiseks\u00a0<\/strong>on otsingutulemuste kohal rida valikuid.<\/li>\n<\/ul>\n<p>Valides\u00a0 <strong>T<\/strong><strong style=\"line-height: 1.6em;\">\u00f6\u00f6riistad -&gt;<\/strong>\u00a0K\u00f5ik tulemused -&gt; <strong>S\u00f5nas\u00f5nalised<\/strong>, v\u00f5ib tulemus olla t\u00e4psem, hoolimata sellest, kas \u00fcldine tulemuste arv on suurem v\u00f5i v\u00e4iksem.<\/p>\n<p>Valides <strong>Pildid<\/strong> \u00a0-&gt;\u00a0\u00a0T\u00f6\u00f6riistad\u00a0on piiramisv\u00f5imalused suuremad. Piirata saab pildi suuruse ja t\u00fc\u00fcbi j\u00e4rgi, samuti pildi kasutus\u00f5iguse j\u00e4rgi. Viimast on oluline teada, kui kavatsete pilti oma t\u00f6\u00f6s kasutada. L\u00fchi\u00fclevaade kasutus\u00f5igustest:\u00a0<a style=\"background-color: #ffffff;\" href=\"http:\/\/hitsa.ee\/teenused\/autorioigused\/litsentside-selgitused\" target=\"_blank\" rel=\"noopener\">http:\/\/hitsa.ee\/teenused\/autorioigused\/litsentside-selgitused<\/a><\/p>\n<p><strong style=\"line-height: 1.6em;\">Tuleb arvesse v\u00f5tta, <\/strong>et<\/p>\n<ul>\n<li>Google personaliseerib otsinguid. Tulemuste valik ning j\u00e4rjestus s\u00f5ltub sellest, mida te varem olete Google\u2019is teinud. Kui soovite, et tulemused ei s\u00f5ltuks teie varasematest Google otsingutest, avage veebilehitseja <strong>inkognito<\/strong> aken\n<ul>\n<li>Chrome:\u00a0Ctrl Shift +N<\/li>\n<li>Firefox: Ctrl Shift +P<\/li>\n<\/ul>\n<\/li>\n<li>Google ei n\u00e4ita, milliste s\u00f5nade j\u00e4rgi otsing on\u00a0tegelikult tehtud. Vahel j\u00e4etakse m\u00f5ni s\u00f5na otsingust v\u00e4lja v\u00f5i muudetakse p\u00e4ringut. V\u00e4lja j\u00e4etud s\u00f5na on l\u00e4bikriipsutatult kirje all, kuid mitte alati.<\/li>\n<li>Jutum\u00e4rgid \u201c\u2026\u201d fraasi \u00fcmber alati ei t\u00f6\u00f6ta.<\/li>\n<\/ul>\n<p><a title=\"\" href=\"https:\/\/support.google.com\/websearch\/answer\/2466433?hl=en&amp;visit_id=637514232401640906-1808813459&amp;rd=1\" target=\"_blank\" rel=\"noopener\" data-url=\"https:\/\/support.google.com\/websearch\/answer\/2466433?hl=en&amp;visit_id=637514232401640906-1808813459&amp;rd=1\">Google otsinguabi<\/a><\/p>\n<p><strong style=\"line-height: 1.6em;\">Lihtotsingu n\u00e4ide<\/strong><\/p>\n<p>K\u00f5ikidest reeglitest hoolimata ei toimi Google otsing alati ootusp\u00e4raselt. N\u00e4iteks lihtotsingusse s\u00f5nadega\u00a0<em>euroopa liit \u00f5ppimine mahep\u00f5llumajandus <\/em>on osad tulemused ilma nende s\u00f5nadeta.<\/p>\n<p><img loading=\"lazy\" decoding=\"async\" width=\"504\" height=\"93\" class=\"alignnone wp-image-31\" title=\"mahe.png\" src=\"https:\/\/sisu.ut.ee\/wp-content\/uploads\/sites\/32\/mahe.png\" alt=\"mahe.png\" srcset=\"https:\/\/sisu.ut.ee\/wp-content\/uploads\/sites\/32\/mahe.png 504w, https:\/\/sisu.ut.ee\/wp-content\/uploads\/sites\/32\/mahe-300x55.png 300w\" sizes=\"auto, (max-width: 504px) 100vw, 504px\"><\/p>\n<p><em>Lihtotsingu tulemus.<\/em><\/p>\n<p>Kui tulemuste hulk on suur ning esimestel lehek\u00fclgedel teemakohaseid tulemusi ei ole, v\u00f5ib kasutada piiramisv\u00f5imalusi Google\u2019i otsingukasti all: n\u00e4idata tulemustes raamatuid v\u00f5i artikleid (mitte teadusajakirjaartikleid), otsida pilte, Eesti lehti jne.<\/p>\n<p>Esialgsete otsingutulemuste lehel \u00fclal kl\u00f5psates<strong> Eeslistused\u00a0 &gt; \u00a0T\u00e4psem otsing <\/strong>avaneb vorm, kuhu on lihtne ka keerukamaid p\u00e4ringuid sisestada, j\u00e4rgides etteantud juhiseid.<\/p>\n<p><img loading=\"lazy\" decoding=\"async\" width=\"392\" height=\"240\" class=\"alignnone wp-image-32\" title=\"tapsem.png\" src=\"https:\/\/sisu.ut.ee\/wp-content\/uploads\/sites\/32\/tapsem.png\" alt=\"tapsem.png\" srcset=\"https:\/\/sisu.ut.ee\/wp-content\/uploads\/sites\/32\/tapsem.png 392w, https:\/\/sisu.ut.ee\/wp-content\/uploads\/sites\/32\/tapsem-300x184.png 300w\" sizes=\"auto, (max-width: 392px) 100vw, 392px\"><\/p>\n<p><em>T\u00e4psem otsing<\/em>.<\/p>\n<p>Lihtp\u00e4ringus n\u00e4eks see v\u00e4lja selline:\u00a0mahep\u00f5llumajandus \u00f5ppimine OR t\u00f6\u00f6 \u201ceuroopa liit \u201d \u2013eesti 2010. \u00a0Tulemuste arv pole suur. Selline otsinguviis sobib kitsal teemal dokumentide v\u00f5i tekstide leidmiseks.<\/p>\n<p><em>\u00a0<\/em><\/p>\n","protected":false},"excerpt":{"rendered":"<p>\u00a0Google (www.google.ee) v\u00f5ib olla kasulik t\u00e4iendus andmebaasiotsingule, leidmaks veebis vabalt k\u00e4ttesaadavat infot, n\u00e4iteks avaldamata dokumendid, valitsuste v\u00e4ljaanded (seadused, juhendid), vaba juurdep\u00e4\u00e4suga (open access) ajakirjad,\u00a0 ametlik statistika, raadiosaated, \u00f5ppematerjalid, videoloengud jne. Autorite endi poolt veebilehtedele \u00fcles pandud teadusartikleid, teadusblogisid ja jagatud &#8230;<\/p>\n","protected":false},"author":5,"featured_media":0,"parent":0,"menu_order":0,"comment_status":"closed","ping_status":"closed","template":"","meta":{"_acf_changed":false,"inline_featured_image":false,"footnotes":""},"class_list":["post-9","page","type-page","status-publish","hentry"],"acf":[],"_links":{"self":[{"href":"https:\/\/sisu.ut.ee\/internetgymn\/wp-json\/wp\/v2\/pages\/9","targetHints":{"allow":["GET"]}}],"collection":[{"href":"https:\/\/sisu.ut.ee\/internetgymn\/wp-json\/wp\/v2\/pages"}],"about":[{"href":"https:\/\/sisu.ut.ee\/internetgymn\/wp-json\/wp\/v2\/types\/page"}],"author":[{"embeddable":true,"href":"https:\/\/sisu.ut.ee\/internetgymn\/wp-json\/wp\/v2\/users\/5"}],"replies":[{"embeddable":true,"href":"https:\/\/sisu.ut.ee\/internetgymn\/wp-json\/wp\/v2\/comments?post=9"}],"version-history":[{"count":2,"href":"https:\/\/sisu.ut.ee\/internetgymn\/wp-json\/wp\/v2\/pages\/9\/revisions"}],"predecessor-version":[{"id":158,"href":"https:\/\/sisu.ut.ee\/internetgymn\/wp-json\/wp\/v2\/pages\/9\/revisions\/158"}],"wp:attachment":[{"href":"https:\/\/sisu.ut.ee\/internetgymn\/wp-json\/wp\/v2\/media?parent=9"}],"curies":[{"name":"wp","href":"https:\/\/api.w.org\/{rel}","templated":true}]}}