{"id":8,"date":"2024-04-03T23:12:06","date_gmt":"2024-04-03T20:12:06","guid":{"rendered":"https:\/\/sisu.ut.ee\/internetgymn\/otsing-suvaveebis-world-wide-science\/"},"modified":"2025-10-09T16:23:11","modified_gmt":"2025-10-09T13:23:11","slug":"otsing-suvaveebis-world-wide-science","status":"publish","type":"page","link":"https:\/\/sisu.ut.ee\/internetgymn\/otsing-suvaveebis-world-wide-science\/","title":{"rendered":"Teadusinfo otsingumootorid"},"content":{"rendered":"<p><strong>Otsingumootorid\u00a0<\/strong><\/p>\n<p>Otsingumootorid v\u00f5imaldavad otsida\u00a0korraga\u00a0\u00a0paljudes teadusandmebaasides, arhiivides ja vabas internetis. Materjalide hulgas on nii parooliga kaitstud kui ka vabalt k\u00e4ttesaadavaid tekste, videoid, k\u00e4sikirju ja pilte. T\u00e4psemaid tulemusi annavad need otsingumootorid, mis on m\u00f5eldud kindlat t\u00fc\u00fcpi materjalide leidmiseks.<\/p>\n<p><strong>V\u00e4itekirjad digiarhiivides<\/strong><\/p>\n<p><strong><a href=\"http:\/\/www.ndltd.org\/resources\/find-etds\" target=\"_blank\" rel=\"noopener\">NDLDT<\/a>\u00a0<\/strong>(Networked Digital Library of Theses and Dissertations)\u00a0<strong>\u00a0<\/strong>veebilehel on lingid maailma erinevatele digiarhiividele ning e-v\u00e4itekirjade otsingumootoritele, \u00a0sh<\/p>\n<ul>\n<li><strong style=\"line-height: 1.6em;\"><a href=\"http:\/\/www.base-search.net\" target=\"_blank\" rel=\"noopener\">BASE<\/a>\u00a0<\/strong><a href=\"http:\/\/www.base-search.net\/\" target=\"_blank\" rel=\"noopener\">http:\/\/www.base-search.net\/<\/a><strong style=\"line-height: 1.6em;\">\u00a0<\/strong>\u2013 v\u00f5imalus<strong style=\"line-height: 1.6em;\">\u00a0<\/strong>paljudes digiarhiivides otsingute tegemiseks. Sisaldab lisaks v\u00e4itekirjadele ka artikleid, raamatuid, aruandeid, pilte jne \u00a0(otsinguabi vt<a style=\"line-height: 1.6em;\" href=\"https:\/\/sisu.ut.ee\/internetgymn\/otsing-digiarhiivides-base-ja-dspace\" target=\"_blank\" rel=\"noopener\">\u00a0https:\/\/sisu.ut.ee\/internetgymn\/otsing-digiarhiivides-base-ja-dspace<\/a>)<\/li>\n<li><strong style=\"line-height: 1.6em;\"><a href=\"https:\/\/oatd.org\/\" target=\"_blank\" rel=\"noopener\">OADT <\/a><\/strong><a href=\"https:\/\/oatd.org\/\" target=\"_blank\" rel=\"noopener\">https:\/\/oatd.org\/<\/a><strong style=\"line-height: 1.6em;\"><a href=\"https:\/\/oatd.org\/\" target=\"_blank\" rel=\"noopener\">\u00a0<\/a><\/strong><span style=\"line-height: 1.6em;\" data-mce-mark=\"1\">(Open Access\u00a0<\/span><span style=\"line-height: 1.6em;\" data-mce-mark=\"1\">Theses and Dissertations) \u2013\u00a0ainult avatud juurdep\u00e4\u00e4suga v\u00e4itekirjade leidmiseks<\/span><\/li>\n<\/ul>\n<p><strong>Teadusandmed digiarhiivides<\/strong><\/p>\n<p><strong>re3data.org\u00a0 <\/strong><a href=\"https:\/\/www.re3data.org\/\" target=\"_blank\" rel=\"noopener\">https:\/\/www.re3data.org\/<\/a>\u2013 teadusandmete otsinguvahend. T\u00e4psemalt vt <a title=\"\" href=\"https:\/\/sisu.ut.ee\/andmeotsing\/avaandmete-otsing\" target=\"_blank\" rel=\"noopener\" data-url=\"https:\/\/sisu.ut.ee\/andmeotsing\/avaandmete-otsing\">https:\/\/sisu.ut.ee\/andmeotsing\/avaandmete-otsing<\/a><\/p>\n\n\n<p><\/p>\n","protected":false},"excerpt":{"rendered":"<p>Otsingumootorid\u00a0 Otsingumootorid v\u00f5imaldavad otsida\u00a0korraga\u00a0\u00a0paljudes teadusandmebaasides, arhiivides ja vabas internetis. Materjalide hulgas on nii parooliga kaitstud kui ka vabalt k\u00e4ttesaadavaid tekste, videoid, k\u00e4sikirju ja pilte. T\u00e4psemaid tulemusi annavad need otsingumootorid, mis on m\u00f5eldud kindlat t\u00fc\u00fcpi materjalide leidmiseks. V\u00e4itekirjad digiarhiivides NDLDT\u00a0(Networked Digital &#8230;<\/p>\n","protected":false},"author":5,"featured_media":0,"parent":0,"menu_order":0,"comment_status":"closed","ping_status":"closed","template":"","meta":{"_acf_changed":false,"inline_featured_image":false,"footnotes":""},"class_list":["post-8","page","type-page","status-publish","hentry"],"acf":[],"_links":{"self":[{"href":"https:\/\/sisu.ut.ee\/internetgymn\/wp-json\/wp\/v2\/pages\/8","targetHints":{"allow":["GET"]}}],"collection":[{"href":"https:\/\/sisu.ut.ee\/internetgymn\/wp-json\/wp\/v2\/pages"}],"about":[{"href":"https:\/\/sisu.ut.ee\/internetgymn\/wp-json\/wp\/v2\/types\/page"}],"author":[{"embeddable":true,"href":"https:\/\/sisu.ut.ee\/internetgymn\/wp-json\/wp\/v2\/users\/5"}],"replies":[{"embeddable":true,"href":"https:\/\/sisu.ut.ee\/internetgymn\/wp-json\/wp\/v2\/comments?post=8"}],"version-history":[{"count":8,"href":"https:\/\/sisu.ut.ee\/internetgymn\/wp-json\/wp\/v2\/pages\/8\/revisions"}],"predecessor-version":[{"id":162,"href":"https:\/\/sisu.ut.ee\/internetgymn\/wp-json\/wp\/v2\/pages\/8\/revisions\/162"}],"wp:attachment":[{"href":"https:\/\/sisu.ut.ee\/internetgymn\/wp-json\/wp\/v2\/media?parent=8"}],"curies":[{"name":"wp","href":"https:\/\/api.w.org\/{rel}","templated":true}]}}