{"id":7,"date":"2024-04-03T23:12:06","date_gmt":"2024-04-03T20:12:06","guid":{"rendered":"https:\/\/sisu.ut.ee\/internetgymn\/otsing-digiarhiivides-base-ja-dspace\/"},"modified":"2025-10-09T16:25:38","modified_gmt":"2025-10-09T13:25:38","slug":"otsing-digiarhiivides-base-ja-dspace","status":"publish","type":"page","link":"https:\/\/sisu.ut.ee\/internetgymn\/otsing-digiarhiivides-base-ja-dspace\/","title":{"rendered":"Otsing digiarhiivides"},"content":{"rendered":"<p>Digiariivides s\u00e4ilitatakse ja tehakse k\u00e4ttesaadavaks v\u00e4itekirju, artikleid ja teadusandmeid, samuti uurimisasutuste varasid, kui see on autori\u00f5igusega lubatud (fotod, dokumendid, raamatud, videod jne). Tuhandetes digiarhiivides \u00fchisotsingu tegemiseks on loodud mitmeid otsingumootoreid. Nende v\u00f5imalused infot leida on erinevad, seet\u00f5ttu on kasulik katsetada erinevaid. Digiarhiividest v\u00f5ib leida ka tasulisena avaldatud artiklite v\u00f5i raamatute tasuta versioone.<\/p>\n<p><strong>BASE <\/strong><a href=\"http:\/\/www.base-search.net\" target=\"_blank\" rel=\"noopener\">www.base-search.net<\/a>\u00a0 v\u00f5imaldab otsijal k\u00f5ige rohkem oma otsingut eelnevalt ja ka p\u00e4rast otsingut t\u00e4psustada. P\u00e4ringu v\u00f5ib sisestada \u00fcksk\u00f5ik mis keeles.<br>\nEi ole soovitav koostada siin keerukaid operaatoritega AND ja OR kombineeritud otsinguid nagu andmebaasides. Nii saadud otsingutulemused ei pruugi vastata teie p\u00e4ringule. Pigem tehke mitmeid erinevaid otsinguid. Operaator OR asemel proovige kasutada sulge, nii on andmebaasi Help all soovitatud, vt <a href=\"https:\/\/www.base-search.net\/about\/en\/help.php\" target=\"_blank\" rel=\"noopener\">https:\/\/www.base-search.net\/about\/en\/help.php<\/a><\/p>\n<p>T\u00e4psem otsing<\/p>\n<ul>\n<li>Kui otsingus\u00f5nade all kastis\u00a0<em style=\"line-height: 1.6em;\">Additional word form<\/em>s\u00a0on linnuke, siis otsitakse s\u00f5na k\u00f5iki eri vorme, st t\u00e4rniga s\u00f5nade katkestamine ei ole vajalik.<\/li>\n<li><em style=\"line-height: 1.6em; font-family: verdana, geneva;\">All Fields <\/em>valikuga tehakse otsing k\u00f5ikidel v\u00e4ljadel, kuid mitte dokumentide t\u00e4istekstides.<\/li>\n<li>\u00a0<a href=\"#\" data-bs-toggle=\"modal\" data-bs-target=\"#popup-modal\" data-title=\"Pilt t\u00e4psemast otsingust.\" data-content='&lt;img class=\"alignnone size-full wp-image-121\" src=\"https:\/\/sisu.ut.ee\/wp-content\/uploads\/sites\/32\/base.png\" alt=\"\" width=\"776\" height=\"388\" \/&gt;'>Pilt t\u00e4psemast otsingust.<\/a><\/li>\n<\/ul>\n<p>Tulemuste lehel saab tulemusi t\u00e4psustada sarnaselt andmebaasiotsingutega. <em>U<\/em><em style=\"line-height: 1.6em;\">nknown language<\/em> t\u00e4hendab, et keel pole tuvastatud, seega tuleb arvestada, et kui valite tulemuste keeleks nt inglise keele, siis neid inglisekeelseid kirjeid, mille keel on tuvastamata, tulemuste hulgas ei n\u00e4idata. Kui t\u00e4isteksti BASEst ei n\u00e4e, v\u00f5ib kontrollida selle leidumust Google Scholarist.<\/p>\n<p><img loading=\"lazy\" decoding=\"async\" class=\"alignnone size-full wp-image-127\" src=\"https:\/\/sisu.ut.ee\/wp-content\/uploads\/sites\/32\/base2-1.png\" alt=\"\" width=\"779\" height=\"245\" srcset=\"https:\/\/sisu.ut.ee\/wp-content\/uploads\/sites\/32\/base2-1.png 779w, https:\/\/sisu.ut.ee\/wp-content\/uploads\/sites\/32\/base2-1-300x94.png 300w, https:\/\/sisu.ut.ee\/wp-content\/uploads\/sites\/32\/base2-1-768x242.png 768w\" sizes=\"auto, (max-width: 779px) 100vw, 779px\"><\/p>\n<p><strong>Maailma digiarhiivide \u00fchendus OAIster <\/strong><a href=\"https:\/\/oaister.on.worldcat.org\/discovery\" target=\"_blank\" rel=\"noopener\">https:\/\/oaister.on.worldcat.org\/discovery<\/a> \u00a0v\u00f5imaldab samuti otsingut avatud juurdep\u00e4\u00e4suga digiarhiivides<a href=\"http:\/\/oaister.worldcat.org\/advancedsearch\" target=\"_blank\" rel=\"noopener\">.<\/a>\u00a0Tulemused on sarnased BASE tulemustega, kuid mitte t\u00e4pselt samad. Ka p\u00e4ringu sisestamise v\u00f5imalused ja tulemuste sorteerimine on erinevad.<\/p>\n<p><img loading=\"lazy\" decoding=\"async\" width=\"988\" height=\"382\" class=\"alignnone wp-image-22\" title=\"Otsingutulemused OAIsteris\" src=\"https:\/\/sisu.ut.ee\/wp-content\/uploads\/sites\/32\/2019-10-29_10_59_52-results_for_popular_culture_immigration_.png\" alt=\"f\" srcset=\"https:\/\/sisu.ut.ee\/wp-content\/uploads\/sites\/32\/2019-10-29_10_59_52-results_for_popular_culture_immigration_.png 988w, https:\/\/sisu.ut.ee\/wp-content\/uploads\/sites\/32\/2019-10-29_10_59_52-results_for_popular_culture_immigration_-300x116.png 300w, https:\/\/sisu.ut.ee\/wp-content\/uploads\/sites\/32\/2019-10-29_10_59_52-results_for_popular_culture_immigration_-768x297.png 768w\" sizes=\"auto, (max-width: 988px) 100vw, 988px\"><\/p>\n<p>OAIster v\u00f5imaldab vasakus tulbas valida dokumendi t\u00fc\u00fcpi (artikkel, raamat, dissertatsioon), samuti on eraldi v\u00e4lja toodud <em>online<\/em> k\u00e4ttesaadav materjal. Pealkirjal kl\u00f5psates avaneb kirje t\u00e4psem kuva.<\/p>\n<p><strong>CORE<\/strong>\u00a0<a href=\"http:\/\/core.ac.uk\/search\/\" target=\"_blank\" rel=\"noopener\">http:\/\/core.ac.uk\/search\/<\/a> v\u00f5imaldab samuti otsinguid maailma digiarhiivides. Vaikimisi otsitakse k\u00f5iki s\u00f5nu (operaator on OR). Iga tulemuse juures saab n\u00e4ha ka seotud kirjeid nii loeteluna kui ka graafiliselt. CORE otsib ainult teadusv\u00e4ljaandeid, seet\u00f5ttu on tulemuste hulk v\u00e4iksem. CORE leiab ka paljude v\u00e4ikekirjastuste OA ajakirjade artikleid, mida BASE ja OAIster ei leia.<\/p>\n<p><strong>Tartu \u00dclikooli digiarhiivi ADA <\/strong><a href=\"http:\/\/dspace.ut.ee\/\" target=\"_blank\" rel=\"noopener\">dspace.ut.ee<\/a><em id=\"__mceDel\">\u00a0materjale <\/em>on v\u00f5imalik leida nii BASE, OAIsteri kui CORE kaudu. Paljud materjalid kajastuvad ka ESTERis. Otsingud v\u00f5ib teha ka otse ADA-s. Otsingu v\u00f5ib teha k\u00f5ikides arhiivides korraga v\u00f5i valida esilehelt m\u00f5ni valdkond.<\/p>\n<p>Valdkondlikud kogud ei ole teemadega piiratud. N\u00e4iteks \u00f5iguse temaatikaga materjale leidub kogudes\u00a0<em>T\u00dc dissertatsioonid 2004 \u2013\u00a0 (doktorit\u00f6\u00f6d)<\/em>,\u00a0<em>\u00d5igusteaduskond\u00a0(magistri- ja bakalaureuset\u00f6\u00f6d)<\/em>,<em> E-\u00f5ppe materjalid <\/em>\u00a0ja\u00a0<em>Estonica<\/em>\u00a0(vanemad digiteeritud raamatud ja v\u00e4itekirjad). T\u00dc Raamatukogu kogu sisaldab fotosid, k\u00e4sikirju, raamatuid ja v\u00e4itekirju, olenemata erialast.<\/p>\n","protected":false},"excerpt":{"rendered":"<p>Digiariivides s\u00e4ilitatakse ja tehakse k\u00e4ttesaadavaks v\u00e4itekirju, artikleid ja teadusandmeid, samuti uurimisasutuste varasid, kui see on autori\u00f5igusega lubatud (fotod, dokumendid, raamatud, videod jne). Tuhandetes digiarhiivides \u00fchisotsingu tegemiseks on loodud mitmeid otsingumootoreid. Nende v\u00f5imalused infot leida on erinevad, seet\u00f5ttu on kasulik katsetada &#8230;<\/p>\n","protected":false},"author":5,"featured_media":0,"parent":0,"menu_order":0,"comment_status":"closed","ping_status":"closed","template":"","meta":{"_acf_changed":false,"inline_featured_image":false,"footnotes":""},"class_list":["post-7","page","type-page","status-publish","hentry"],"acf":[],"_links":{"self":[{"href":"https:\/\/sisu.ut.ee\/internetgymn\/wp-json\/wp\/v2\/pages\/7","targetHints":{"allow":["GET"]}}],"collection":[{"href":"https:\/\/sisu.ut.ee\/internetgymn\/wp-json\/wp\/v2\/pages"}],"about":[{"href":"https:\/\/sisu.ut.ee\/internetgymn\/wp-json\/wp\/v2\/types\/page"}],"author":[{"embeddable":true,"href":"https:\/\/sisu.ut.ee\/internetgymn\/wp-json\/wp\/v2\/users\/5"}],"replies":[{"embeddable":true,"href":"https:\/\/sisu.ut.ee\/internetgymn\/wp-json\/wp\/v2\/comments?post=7"}],"version-history":[{"count":13,"href":"https:\/\/sisu.ut.ee\/internetgymn\/wp-json\/wp\/v2\/pages\/7\/revisions"}],"predecessor-version":[{"id":163,"href":"https:\/\/sisu.ut.ee\/internetgymn\/wp-json\/wp\/v2\/pages\/7\/revisions\/163"}],"wp:attachment":[{"href":"https:\/\/sisu.ut.ee\/internetgymn\/wp-json\/wp\/v2\/media?parent=7"}],"curies":[{"name":"wp","href":"https:\/\/api.w.org\/{rel}","templated":true}]}}