{"id":4,"date":"2024-04-03T23:12:06","date_gmt":"2024-04-03T20:12:06","guid":{"rendered":"https:\/\/sisu.ut.ee\/internetgymn\/avaleht\/"},"modified":"2025-11-03T16:44:41","modified_gmt":"2025-11-03T14:44:41","slug":"avaleht","status":"publish","type":"page","link":"https:\/\/sisu.ut.ee\/internetgymn\/","title":{"rendered":"OA &#8211; vaba juurdep\u00e4\u00e4s teadusinfole"},"content":{"rendered":"<p><img loading=\"lazy\" decoding=\"async\" width=\"738\" height=\"152\" class=\"alignnone wp-image-15\" title=\"open-access-banner.png\" src=\"https:\/\/sisu.ut.ee\/wp-content\/uploads\/sites\/32\/open-access-banner.png\" alt=\"open-access-banner.png\" srcset=\"https:\/\/sisu.ut.ee\/wp-content\/uploads\/sites\/32\/open-access-banner.png 738w, https:\/\/sisu.ut.ee\/wp-content\/uploads\/sites\/32\/open-access-banner-300x62.png 300w\" sizes=\"auto, (max-width: 738px) 100vw, 738px\"><\/p>\n<p><span data-mce-mark=\"1\">Avatud juurdep\u00e4\u00e4su (ingl k <em>Open Access policy<\/em>) eesm\u00e4rk on anda vaba juurdep\u00e4\u00e4s teadustulemustele.<\/span><\/p>\n<p><em>Open Access<\/em> (l\u00fchend OA) m\u00e4rgib internetis vaba juurdep\u00e4\u00e4su eelretsenseeritud teadusartiklitele, samuti \u00a0v\u00e4itekirjadele, uurimist\u00f6\u00f6dele, raamatutele, teadusandmetele ning arhiivide varadele. <em>Open Access<\/em> v\u00f5imaldab ligip\u00e4\u00e4su algallikatele ning informatsiooni kiiret levikut, tehes info teadussaavutuste kohta operatiivselt k\u00e4ttesaadavaks. <em>Open Access<\/em> kirjastamisel on mitu erinevat mudelit, mis on olulised eelk\u00f5ige artikli avaldajale.<br>\nAvatud juurdep\u00e4\u00e4suga artikleid on k\u00f5ige parem leida Google Scholariga ja teiste spetsiaalselt teadusinfo leidmiseks m\u00f5eldud otsingumootoritega. Osa materjale on oskuslikul kasutamisel ka Google\u2019iga k\u00e4ttesaadavad.<\/p>\n<p><span data-mce-mark=\"1\">T\u00dc raamatukogu avatud juurdep\u00e4\u00e4suga publitseerimise lehek\u00fclg <a href=\"https:\/\/utlib.ut.ee\/et\/sisu\/oa-publitseerimine\" target=\"_blank\" rel=\"noopener\">https:\/\/utlib.ut.ee\/et\/sisu\/oa-publitseerimine<\/a> \u00a0<\/span><\/p>\n<p>Rohkem infot OA publitseerimise ning rahastamise mudelite kohta koos linkidega digiarhiividele ning otsingumootoritele:\u00a0<a href=\"http:\/\/www.sherpa.ac.uk\/\" target=\"_blank\" rel=\"noopener\">http:\/\/www.sherpa.ac.uk\/<\/a>.<\/p>\n<div><\/div>\n","protected":false},"excerpt":{"rendered":"<p>Avatud juurdep\u00e4\u00e4su (ingl k Open Access policy) eesm\u00e4rk on anda vaba juurdep\u00e4\u00e4s teadustulemustele. Open Access (l\u00fchend OA) m\u00e4rgib internetis vaba juurdep\u00e4\u00e4su eelretsenseeritud teadusartiklitele, samuti \u00a0v\u00e4itekirjadele, uurimist\u00f6\u00f6dele, raamatutele, teadusandmetele ning arhiivide varadele. Open Access v\u00f5imaldab ligip\u00e4\u00e4su algallikatele ning informatsiooni kiiret levikut, &#8230;<\/p>\n","protected":false},"author":5,"featured_media":0,"parent":0,"menu_order":0,"comment_status":"closed","ping_status":"closed","template":"","meta":{"_acf_changed":false,"inline_featured_image":false,"footnotes":""},"class_list":["post-4","page","type-page","status-publish","hentry"],"acf":[],"_links":{"self":[{"href":"https:\/\/sisu.ut.ee\/internetgymn\/wp-json\/wp\/v2\/pages\/4","targetHints":{"allow":["GET"]}}],"collection":[{"href":"https:\/\/sisu.ut.ee\/internetgymn\/wp-json\/wp\/v2\/pages"}],"about":[{"href":"https:\/\/sisu.ut.ee\/internetgymn\/wp-json\/wp\/v2\/types\/page"}],"author":[{"embeddable":true,"href":"https:\/\/sisu.ut.ee\/internetgymn\/wp-json\/wp\/v2\/users\/5"}],"replies":[{"embeddable":true,"href":"https:\/\/sisu.ut.ee\/internetgymn\/wp-json\/wp\/v2\/comments?post=4"}],"version-history":[{"count":4,"href":"https:\/\/sisu.ut.ee\/internetgymn\/wp-json\/wp\/v2\/pages\/4\/revisions"}],"predecessor-version":[{"id":165,"href":"https:\/\/sisu.ut.ee\/internetgymn\/wp-json\/wp\/v2\/pages\/4\/revisions\/165"}],"wp:attachment":[{"href":"https:\/\/sisu.ut.ee\/internetgymn\/wp-json\/wp\/v2\/media?parent=4"}],"curies":[{"name":"wp","href":"https:\/\/api.w.org\/{rel}","templated":true}]}}