{"id":13,"date":"2024-04-03T23:12:06","date_gmt":"2024-04-03T20:12:06","guid":{"rendered":"https:\/\/sisu.ut.ee\/internetgymn\/internetiallikate-hindamine\/"},"modified":"2025-11-03T16:47:20","modified_gmt":"2025-11-03T14:47:20","slug":"internetiallikate-hindamine","status":"publish","type":"page","link":"https:\/\/sisu.ut.ee\/internetgymn\/internetiallikate-hindamine\/","title":{"rendered":"OA teadusv\u00e4ljaannete hindamine"},"content":{"rendered":"<p>Kui avatud juurdep\u00e4\u00e4suga ajakiri ei ole indekseeritud viitamisandmebaasides Web of Science v\u00f5i Scopus v\u00f5i erialastes andmebaasides,\u00a0tuleb artikli v\u00f5i ajakirja hindamisel l\u00e4htuda\u00a0\u00fcldistest veebiallikate hindamise p\u00f5him\u00f5tetest (vt \u00f5ppematerjali <a href=\"https:\/\/sisu.ut.ee\/info_hindamine\" target=\"_blank\" rel=\"noopener\" data-url=\"https:\/\/sisu.ut.ee\/info_hindamine\">Info hindamine<\/a>). Internetis on k\u00e4ttesaadavad spetsiaalsed veebilehed, kus on s\u00f5nastatud Open Access allikate hindamise p\u00f5him\u00f5tted ning anal\u00fc\u00fcsitud erinevate vaba juurdep\u00e4\u00e4suga teadusv\u00e4ljaannete usaldatavust.<\/p>\n<ul>\n<li><strong>DOAJ <\/strong><span style=\"font-weight: bold; line-height: 22.4px;\"><a style=\"color: #2a6496; text-decoration: underline; font-weight: normal; line-height: 21px; background-color: #ffffff;\" href=\"https:\/\/doaj.org\/\" target=\"_blank\" rel=\"noreferrer noopener\">https:\/\/doaj.org\/<\/a>\u00a0<\/span>on eelretsenseeritud OA ajakirjade register<\/li>\n<li><span style=\"line-height: 1.6em;\" data-mce-mark=\"1\"><strong>Open Access Scholarly Publishers Association<\/strong> (OASPA)\u00a0<a style=\"line-height: 1.6em;\" href=\"http:\/\/oaspa.org\/\" target=\"_blank\" rel=\"noopener\">oaspa.org<\/a>\u00a0liikmeks olek <\/span><span style=\"line-height: 1.6em;\" data-mce-mark=\"1\">lisab kirjastusele usaldusv\u00e4\u00e4rsust.<\/span><\/li>\n<li><strong>Think.check.Submit<\/strong> <a href=\"https:\/\/thinkchecksubmit.org\/\">https:\/\/thinkchecksubmit.org\/<\/a> on platvorm, kus saab kontrollida ajakirjade usaldusv\u00e4\u00e4rsust.<\/li>\n<li><span style=\"line-height: 1.6em;\" data-mce-mark=\"1\"><strong>Grand Valey \u00fclikoolis<\/strong> v\u00e4lja t\u00f6\u00f6tatud lihtsad kriteeriumid OA teadusajakirja hindamiseks<a href=\"https:\/\/www.gvsu.edu\/library\/open-access-journal-quality-indicators-144.htm\" target=\"_blank\" rel=\"noopener\"> https:\/\/www.gvsu.edu\/library\/open-access-journal-quality-indicators-144.htm<\/a><\/span><\/li>\n<\/ul>\n","protected":false},"excerpt":{"rendered":"<p>Kui avatud juurdep\u00e4\u00e4suga ajakiri ei ole indekseeritud viitamisandmebaasides Web of Science v\u00f5i Scopus v\u00f5i erialastes andmebaasides,\u00a0tuleb artikli v\u00f5i ajakirja hindamisel l\u00e4htuda\u00a0\u00fcldistest veebiallikate hindamise p\u00f5him\u00f5tetest (vt \u00f5ppematerjali Info hindamine). Internetis on k\u00e4ttesaadavad spetsiaalsed veebilehed, kus on s\u00f5nastatud Open Access allikate hindamise &#8230;<\/p>\n","protected":false},"author":5,"featured_media":0,"parent":0,"menu_order":0,"comment_status":"closed","ping_status":"closed","template":"","meta":{"_acf_changed":false,"inline_featured_image":false,"footnotes":""},"class_list":["post-13","page","type-page","status-publish","hentry"],"acf":[],"_links":{"self":[{"href":"https:\/\/sisu.ut.ee\/internetgymn\/wp-json\/wp\/v2\/pages\/13","targetHints":{"allow":["GET"]}}],"collection":[{"href":"https:\/\/sisu.ut.ee\/internetgymn\/wp-json\/wp\/v2\/pages"}],"about":[{"href":"https:\/\/sisu.ut.ee\/internetgymn\/wp-json\/wp\/v2\/types\/page"}],"author":[{"embeddable":true,"href":"https:\/\/sisu.ut.ee\/internetgymn\/wp-json\/wp\/v2\/users\/5"}],"replies":[{"embeddable":true,"href":"https:\/\/sisu.ut.ee\/internetgymn\/wp-json\/wp\/v2\/comments?post=13"}],"version-history":[{"count":6,"href":"https:\/\/sisu.ut.ee\/internetgymn\/wp-json\/wp\/v2\/pages\/13\/revisions"}],"predecessor-version":[{"id":166,"href":"https:\/\/sisu.ut.ee\/internetgymn\/wp-json\/wp\/v2\/pages\/13\/revisions\/166"}],"wp:attachment":[{"href":"https:\/\/sisu.ut.ee\/internetgymn\/wp-json\/wp\/v2\/media?parent=13"}],"curies":[{"name":"wp","href":"https:\/\/api.w.org\/{rel}","templated":true}]}}