{"id":109,"date":"2024-04-12T09:40:37","date_gmt":"2024-04-12T06:40:37","guid":{"rendered":"https:\/\/sisu.ut.ee\/internetgymn\/enesetest-internet\/"},"modified":"2024-04-12T09:42:42","modified_gmt":"2024-04-12T06:42:42","slug":"enesetest-internet","status":"publish","type":"page","link":"https:\/\/sisu.ut.ee\/internetgymn\/enesetest-internet\/","title":{"rendered":"Enesetest. Internet"},"content":{"rendered":"<div id=\"watupro_quiz\" class=\"quiz-area single-page-quiz\">\n<p id=\"submittingExam1\" style=\"display:none;text-align:center;\"><img loading=\"lazy\" decoding=\"async\" src=\"https:\/\/sisu.ut.ee\/wp-content\/plugins\/watupro\/img\/loading.gif\" width=\"16\" height=\"16\"><\/p>\n\n<div class=\"watupro-exam-description\" id=\"description-quiz-1\"><p><img loading=\"lazy\" decoding=\"async\" width=\"268\" height=\"188\" class=\"alignnone wp-image-65\" title=\"test.jpg\" src=\"https:\/\/multisite.ut.ee\/wp-content\/uploads\/sites\/32\/test.jpg\" alt=\"test\"><\/p>\n<h3>Testige oma interneti kasutamise oskusi!<\/h3>\n<\/div>\n\n<form action=\"\" method=\"post\" class=\"quiz-form\" id=\"quiz-1\" enctype=\"multipart\/form-data\">\n<div class=\"watu-question \" id=\"question-1\" style=\";\"><div id=\"questionWrap-1\" class=\"  watupro-required-1 watupro-question-id-1\">\n\t\t\t<div class=\"question-content\"><div>Google otsingumootoriga otsides on s\u00f5nade vahel vaikimisi operaator AND (JA)<\/div><input type=\"hidden\" name=\"question_id[]\" id=\"qID_1\" value=\"1\" class=\"watupro-question-id\"><input type=\"hidden\" id=\"answerType1\" class=\"answerTypeCnt1\" value=\"radio\"><input type=\"hidden\" id=\"watupro-required-question-1\"><!-- end question-content--><\/div><div class=\"question-choices watupro-choices-columns \" id=\"questionChoices1\"><div class=\"watupro-question-choice  \" dir=\"auto\"><input type=\"radio\" name=\"answer-1[]\" id=\"answer-id-1\" class=\"answer   answerof-1 \" value=\"1\"><label for=\"answer-id-1\" id=\"answer-label-1\" class=\" answer\"><span>True<\/span><\/label><\/div><div class=\"watupro-question-choice  \" dir=\"auto\"><input type=\"radio\" name=\"answer-1[]\" id=\"answer-id-2\" class=\"answer   answerof-1 \" value=\"2\"><label for=\"answer-id-2\" id=\"answer-label-2\" class=\" answer\"><span>False<\/span><\/label><\/div><!-- end question-choices--><\/div><!-- end questionWrap--><\/div><\/div><div class=\"watu-question \" id=\"question-2\" style=\";\"><div id=\"questionWrap-2\" class=\"  watupro-required-2 watupro-question-id-2\">\n\t\t\t<div class=\"question-content\"><div>+m\u00e4rk s\u00f5na ees t\u00e4hendab Google otsingul:<\/div><input type=\"hidden\" name=\"question_id[]\" id=\"qID_2\" value=\"2\" class=\"watupro-question-id\"><input type=\"hidden\" id=\"answerType2\" class=\"answerTypeCnt2\" value=\"radio\"><input type=\"hidden\" id=\"watupro-required-question-2\"><!-- end question-content--><\/div><div class=\"question-choices watupro-choices-columns \" id=\"questionChoices2\"><div class=\"watupro-question-choice  \" dir=\"auto\"><input type=\"radio\" name=\"answer-2[]\" id=\"answer-id-3\" class=\"answer   answerof-2 \" value=\"3\"><label for=\"answer-id-3\" id=\"answer-label-3\" class=\" answer\"><span><p>+ m\u00e4rgiga s\u00f5na puhul otsitakse k\u00f5iki l\u00e4hedasi s\u00f5navorme<\/p><\/span><\/label><\/div><div class=\"watupro-question-choice  \" dir=\"auto\"><input type=\"radio\" name=\"answer-2[]\" id=\"answer-id-4\" class=\"answer   answerof-2 \" value=\"4\"><label for=\"answer-id-4\" id=\"answer-label-4\" class=\" answer\"><span><p>+ asendab operaatorit AND<\/p><\/span><\/label><\/div><div class=\"watupro-question-choice  \" dir=\"auto\"><input type=\"radio\" name=\"answer-2[]\" id=\"answer-id-5\" class=\"answer   answerof-2 \" value=\"5\"><label for=\"answer-id-5\" id=\"answer-label-5\" class=\" answer\"><span><p>s\u00f5na peab esinema samasuguses vormis, nagu see otsingulahtrisse sisestati<\/p><\/span><\/label><\/div><!-- end question-choices--><\/div><!-- end questionWrap--><\/div><\/div><div class=\"watu-question \" id=\"question-3\" style=\";\"><div id=\"questionWrap-3\" class=\"  watupro-required-3 watupro-question-id-3\">\n\t\t\t<div class=\"question-content\"><div>Googlega otsides saab t\u00e4rniga (*) asendada<\/div><input type=\"hidden\" name=\"question_id[]\" id=\"qID_3\" value=\"3\" class=\"watupro-question-id\"><input type=\"hidden\" id=\"answerType3\" class=\"answerTypeCnt3\" value=\"radio\"><input type=\"hidden\" id=\"watupro-required-question-3\"><!-- end question-content--><\/div><div class=\"question-choices watupro-choices-columns \" id=\"questionChoices3\"><div class=\"watupro-question-choice  \" dir=\"auto\"><input type=\"radio\" name=\"answer-3[]\" id=\"answer-id-6\" class=\"answer   answerof-3 \" value=\"6\"><label for=\"answer-id-6\" id=\"answer-label-6\" class=\" answer\"><span><p>t\u00e4hti s\u00f5na l\u00f5pus<\/p><\/span><\/label><\/div><div class=\"watupro-question-choice  \" dir=\"auto\"><input type=\"radio\" name=\"answer-3[]\" id=\"answer-id-7\" class=\"answer   answerof-3 \" value=\"7\"><label for=\"answer-id-7\" id=\"answer-label-7\" class=\" answer\"><span><p>terveid s\u00f5nu<\/p><\/span><\/label><\/div><div class=\"watupro-question-choice  \" dir=\"auto\"><input type=\"radio\" name=\"answer-3[]\" id=\"answer-id-8\" class=\"answer   answerof-3 \" value=\"8\"><label for=\"answer-id-8\" id=\"answer-label-8\" class=\" answer\"><span><p>t\u00e4hti s\u00f5na keskel<\/p><\/span><\/label><\/div><!-- end question-choices--><\/div><!-- end questionWrap--><\/div><\/div><div style=\"display:none\" id=\"question-4\">\n\t<div class=\"question-content\">\n\t\t<img loading=\"lazy\" decoding=\"async\" src=\"https:\/\/sisu.ut.ee\/wp-content\/plugins\/watupro\/img\/loading.gif\" width=\"16\" height=\"16\" alt=\"Loading...\" title=\"Loading...\">\u00a0Loading...\t<\/div>\n<\/div>\n\n<br>\n\t\n\t\t\t<div class=\"watupro_buttons flex \" id=\"watuPROButtons1\">\n\t\t  <div id=\"prev-question\" style=\"display:none;\"><input type=\"button\" value=\"&lt; Previous\" onclick=\"WatuPRO.nextQuestion(event, 'previous');\"><\/div>\t\t  \t\t  \t\t   \n\t\t   \t  \t\t<div><input type=\"button\" name=\"action\" class=\"watupro-submit-button\" onclick=\"WatuPRO.submitResult(event)\" id=\"action-button\" value=\"Vaata tulemust\">\n\t\t<\/div>\n\t\t<\/div>\n\t\t\n\t<input type=\"hidden\" name=\"quiz_id\" value=\"1\" id=\"watuPROExamID\">\n\t<input type=\"hidden\" name=\"start_time\" id=\"startTime\" value=\"2026-04-08 02:58:37\">\n\t<input type=\"hidden\" name=\"start_timestamp\" id=\"startTimeStamp\" value=\"1775617117\">\n\t<input type=\"hidden\" name=\"question_ids\" value=\"\">\n\t<input type=\"hidden\" name=\"watupro_questions\" value=\"1:1,2 | 2:3,4,5 | 3:6,7,8\">\n\t<input type=\"hidden\" name=\"no_ajax\" value=\"0\">\t\t\t<\/form>\n\t<p>\u00a0<\/p>\n<\/div>\n\n<script type=\"text\/javascript\">\n\/\/jQuery(document).ready(function(){\ndocument.addEventListener(\"DOMContentLoaded\", function(event) { \t\nvar question_ids = \"1,2,3\";\nWatuPROSettings[1] = {};\nWatuPRO.qArr = question_ids.split(',');\nWatuPRO.exam_id = 1;\t    \nWatuPRO.post_id = 109;\nWatuPRO.store_progress = 0;\nWatuPRO.curCatPage = 1;\nWatuPRO.requiredIDs=\"0,1,2,3\".split(\",\");\nWatuPRO.hAppID = \"0.72780200 1775606317\";\nvar url = \"https:\/\/sisu.ut.ee\/wp-content\/plugins\/watupro\/show_exam.php\";\nWatuPRO.examMode = 1;\nWatuPRO.siteURL=\"https:\/\/sisu.ut.ee\/internetgymn\/wp-admin\/admin-ajax.php\";\nWatuPRO.emailIsNotRequired = 0;\nWatuPRO.perDecade = 10;\nWatuPROIntel.init(1);\nWatuPRO.inCategoryPages=1;});    \t \n<\/script>\n\n","protected":false},"excerpt":{"rendered":"","protected":false},"author":76,"featured_media":0,"parent":0,"menu_order":0,"comment_status":"closed","ping_status":"closed","template":"","meta":{"_acf_changed":false,"inline_featured_image":false,"footnotes":""},"class_list":["post-109","page","type-page","status-publish","hentry"],"acf":[],"_links":{"self":[{"href":"https:\/\/sisu.ut.ee\/internetgymn\/wp-json\/wp\/v2\/pages\/109","targetHints":{"allow":["GET"]}}],"collection":[{"href":"https:\/\/sisu.ut.ee\/internetgymn\/wp-json\/wp\/v2\/pages"}],"about":[{"href":"https:\/\/sisu.ut.ee\/internetgymn\/wp-json\/wp\/v2\/types\/page"}],"author":[{"embeddable":true,"href":"https:\/\/sisu.ut.ee\/internetgymn\/wp-json\/wp\/v2\/users\/76"}],"replies":[{"embeddable":true,"href":"https:\/\/sisu.ut.ee\/internetgymn\/wp-json\/wp\/v2\/comments?post=109"}],"version-history":[{"count":1,"href":"https:\/\/sisu.ut.ee\/internetgymn\/wp-json\/wp\/v2\/pages\/109\/revisions"}],"predecessor-version":[{"id":111,"href":"https:\/\/sisu.ut.ee\/internetgymn\/wp-json\/wp\/v2\/pages\/109\/revisions\/111"}],"wp:attachment":[{"href":"https:\/\/sisu.ut.ee\/internetgymn\/wp-json\/wp\/v2\/media?parent=109"}],"curies":[{"name":"wp","href":"https:\/\/api.w.org\/{rel}","templated":true}]}}