{"id":10,"date":"2024-04-03T23:12:06","date_gmt":"2024-04-03T20:12:06","guid":{"rendered":"https:\/\/sisu.ut.ee\/internetgymn\/teadusartiklid-ja-google-scholar\/"},"modified":"2024-04-03T23:12:15","modified_gmt":"2024-04-03T20:12:15","slug":"teadusartiklid-ja-google-scholar","status":"publish","type":"page","link":"https:\/\/sisu.ut.ee\/internetgymn\/teadusartiklid-ja-google-scholar\/","title":{"rendered":"Teadusartiklid ja Google Scholar"},"content":{"rendered":"<p>\n\t<a href=\"http:\/\/scholar.google.com\/\" target=\"_blank\" rel=\"noopener\">Google Scholar<\/a>\u00a0on lihtne vahend teadusinfo leidmiseks internetist.\u00a0Google Scholar leiab artikleid, raamatuid, sisukokkuv\u00f5tteid, preprinte, dissertatsioone, \u00fclikoolide v\u00e4ljaandeid paljudest erinevatest allikatest, nii parooliga kaitstud kui vabadest andmebaasidest. GS j\u00e4rjestab tulemused k\u00fcll relevantsuse j\u00e4rgi, kuid toob ettepoole teaduskirjastuste v\u00e4ljaanded ning enim viidatud artiklid. Seet\u00f5ttu j\u00e4\u00e4vad \u00fclikoolide digiarhiivide materjalid nt (doktori- ja magistrit\u00f6\u00f6d) tulemustes tahapoole.\n<\/p>\n<table class=\"table table-hover\" border=\"0\" style=\"background-color: #fdbe90\">\n<tbody>\n<tr>\n<td>\n\t\t\t\t<span style=\"font-size: small\">Hoolimata sellest, et Google Scholar n\u00e4itab m\u00f5nikord \u00fclisuurt otsingutulemuste arvu, on tegelikult loetelus kuni 1000 kirjet. Seega on sageli GS otsingutulemuste arv v\u00e4iksem kui andmebaasides.<\/span>\n\t\t\t<\/td>\n<\/tr>\n<\/tbody>\n<\/table>\n<p>\n\tKuigi Google Scholar ei ole otsinguvahendina l\u00f5puni usaldusv\u00e4\u00e4rne ning ei \u00a0asenda andmebaasiotsinguid, on tal v\u00e4idetavalt mitmeid <strong>eeliseid v\u00f5rreldes EBSCO Discovery<\/strong>\u2018le sarnaste otsinguviisidega (vt nt Aaron Tay (16. juuli 2015)<a href=\"\/\/musingsaboutlibrarianship.blogspot.com.ee\/2015\/07\/5-things-google-scholar-does-better.html#.Ve7zufmsVja.\" target=\"_blank\" rel=\"noopener\">.\u00a05 things Google Scholar does better than your library discovery service.\u00a0<\/a>\u00a0\n<\/p>\n<ul>\n<li>\n<ul>\n<li>\n\t\t\t\tGoogle Scholari infot uuendatakse sagedamini.\n\t\t\t<\/li>\n<li>\n\t\t\t\tLeiab paremini vaba juurdep\u00e4\u00e4suga (<em>Open Access<\/em>) versioone.\u00a0\n\t\t\t<\/li>\n<li>\n\t\t\t\t<a href=\"https:\/\/scholar.google.com.sg\/intl\/en\/scholar\/citations.html\" style=\"line-height: 1.6em\" target=\"_blank\" rel=\"noopener\">Google Scholar Profiles <\/a>\u00a0on mugav ja teadlaste hulgas populaarsust koguv lisav\u00f5imalus.\n\t\t\t<\/li>\n<\/ul>\n<\/li>\n<\/ul>\n<p>\n\tGoogle Scholar v\u00f5imaldab:\n<\/p>\n<ul>\n<li>\n<ul>\n<li>\n\t\t\t\tleida \u00a0infot \u00fchest kohast;\n\t\t\t<\/li>\n<li>\n\t\t\t\tleida l\u00e4hedasi artikleid (<em>Related articles)<\/em>, viiteid, autoreid, artikli erinevaid versioone (, <em>All \u2026 versions<\/em>);\n\t\t\t<\/li>\n<li>\n\t\t\t\tkasutades VPN \u00fchendust, saada lihtsal viisil k\u00e4tte erinevate kommertsandmebaaside\u00a0t\u00e4istekste, kui\u00a0raamatukogul on neile juurdep\u00e4\u00e4s ostetud;\n\t\t\t<\/li>\n<li>\n\t\t\t\tolla kursis teadusala uute arengutega;\u00a0\n\t\t\t<\/li>\n<li>\n\t\t\t\tj\u00e4lgida iseenda ja teiste autorite artiklite viidatavust.\n\t\t\t<\/li>\n<\/ul>\n<\/li>\n<\/ul>\n<p>\n\tArtiklid v\u00f5ivad olla k\u00e4ttesaadavad nii tasulistes andmebaasides kui vabadel veebilehtedel. Google Scholar leiab neid erinevatest kohtadest.<br>N\u00e4ide:\u00a0Otsime artikleid m\u00e4ngulise \u00f5ppimise kohta g\u00fcmnaasiumiastmes ja valime Google Scholari t\u00e4psema otsingu vormi. Kl\u00f5psame Google Scholar\u2019i avalehel \u00fcleval vasakul kolme triibuga nuppu \u00a0ja valime Advanced Search.\n<\/p>\n<p>\n\t<span><span style=\"line-height:107%\"><span>Siin on eraldi read fraasi sisestamiseks ja s\u00fcnon\u00fc\u00fcmide sisestamiseks,\u00a0millest v\u00f5ib esineda \u00fcks v\u00f5i teine (with at least one of the words), rida s\u00f5nade sisestamiseks, mida soovitakse v\u00e4listada, samuti saab siin m\u00e4\u00e4rata, kas otsingus\u00f5nu otsitakse tervest artiklist v\u00f5i ainult pealkirjadest. On v\u00f5imalik valida, et otsitakse autori j\u00e4rgi v\u00f5i v\u00e4ljaande pealkirja j\u00e4rgi, on v\u00f5imalik ette anda ajavahemikku.<\/span><\/span><\/span>\n<\/p>\n<p style=\"margin:0cm;margin-bottom:.0001pt\">\n\t<img loading=\"lazy\" decoding=\"async\" width=\"530\" height=\"393\" class=\"alignnone wp-image-37\" src=\"https:\/\/sisu.ut.ee\/wp-content\/uploads\/sites\/32\/2021-03-13_16_58_20-window.png\" title=\"2021-03-13_16_58_20-window.png\" alt=\"s\" srcset=\"https:\/\/sisu.ut.ee\/wp-content\/uploads\/sites\/32\/2021-03-13_16_58_20-window.png 530w, https:\/\/sisu.ut.ee\/wp-content\/uploads\/sites\/32\/2021-03-13_16_58_20-window-300x222.png 300w\" sizes=\"auto, (max-width: 530px) 100vw, 530px\">\n<\/p>\n<p style=\"margin:0cm;margin-bottom:.0001pt\">\n\tVaikimisi on tulemused j\u00e4rjestatud relevantsuse j\u00e4rgi. Google Scholari enda andmetel arvestatakse otsitulemuste j\u00e4rjestamisel t\u00e4isteksti, kus see on avaldatud, kes on autor, kui sageli ja kui hiljuti sellele on viidatud teistes teadustekstides.\n<\/p>\n<p>\n\tOn v\u00f5imalik sorteerida ka ilmumisaja j\u00e4rgi, siis kuvatakse ainult viimasel aastal ilmunud t\u00f6\u00f6d. Kui soovime viimasel ajal ilmunud t\u00f6id ja soovime saada paremaid tulemusi, siis on m\u00f5istlik valida vasakult ilmunud alates ja siis ikkagi sorteerida relevantsuse j\u00e4rgi, et saada ettepoole asjakohasemad tulemused.\n<\/p>\n<p>\n\tOn erinevaid v\u00f5imalusi, kuidas artiklid v\u00f5ivad k\u00e4ttesaadavad olla. Tartu \u00dclikooli liikmed saavad lugeda nende artiklite t\u00e4istekste, millele raamatukogu on juurdep\u00e4\u00e4su ostnud. Kui Google Scholar tunneb \u00e4ra, et teil on \u00f5igus artiklite t\u00e4istekste andmebaasides lugeda (kasutate VPN \u00fchendust (<a href=\"https:\/\/wiki.ut.ee\/pages\/viewpage.action?pageId=17105590\">T\u00dc arvutiabi juhend<\/a>),\u00a0\u00a0siis saate t\u00e4istekstile juurdep\u00e4\u00e4su, artikli pealkirjal kl\u00f5psates ja paremal otsingutulemuste juures kuvatakse vastavate andmebaaside nimed. Kui sama Google\u2019i kontoga sisenete m\u00f5nest teisest arvutist, siis m\u00f5ned andmebaasid v\u00f5imaldavad ka juurdep\u00e4\u00e4su.\u00a0\n<\/p>\n<p>\n\t<img loading=\"lazy\" decoding=\"async\" width=\"1112\" height=\"525\" class=\"alignnone wp-image-38\" src=\"https:\/\/sisu.ut.ee\/wp-content\/uploads\/sites\/32\/2021-03-13_16_58_54-window.png\" title=\"2021-03-13_16_58_54-window.png\" alt=\"c\" srcset=\"https:\/\/sisu.ut.ee\/wp-content\/uploads\/sites\/32\/2021-03-13_16_58_54-window.png 1112w, https:\/\/sisu.ut.ee\/wp-content\/uploads\/sites\/32\/2021-03-13_16_58_54-window-300x142.png 300w, https:\/\/sisu.ut.ee\/wp-content\/uploads\/sites\/32\/2021-03-13_16_58_54-window-1024x483.png 1024w, https:\/\/sisu.ut.ee\/wp-content\/uploads\/sites\/32\/2021-03-13_16_58_54-window-768x363.png 768w\" sizes=\"auto, (max-width: 1112px) 100vw, 1112px\">\n<\/p>\n<p>\n\tKa teiste kasutajate jaoks, kes ei ole \u00fclikooliga seotud, p\u00fc\u00fcab Scholar leida ja v\u00e4lja tuua artikli versioone, mida on v\u00f5imalik t\u00e4istekstina lugeda, nt avatud juurdep\u00e4\u00e4suga artiklid, artiklid, millele kirjastused on andnud vaba juurdep\u00e4\u00e4su, preprindid e eeltr\u00fckid, artiklid \u00fclikoolide ja muudes repositooriumides jne. Sel juhul on paremal leitud tulemuse juures pdf v\u00f5i html link ja veebilehe aadress. T\u00dc raamatukogus kohapeal saab lugeda ka T\u00dc-le avatud andmebaasides k\u00e4ttesaadavaid artikleid.\n<\/p>\n<p>\n\t<img loading=\"lazy\" decoding=\"async\" width=\"1097\" height=\"524\" class=\"alignnone wp-image-36\" src=\"https:\/\/sisu.ut.ee\/wp-content\/uploads\/sites\/32\/2021-03-12_12_07_26-window-.png\" title=\"2021-03-12_12_07_26-window-.png\" alt=\"c\" srcset=\"https:\/\/sisu.ut.ee\/wp-content\/uploads\/sites\/32\/2021-03-12_12_07_26-window-.png 1097w, https:\/\/sisu.ut.ee\/wp-content\/uploads\/sites\/32\/2021-03-12_12_07_26-window--300x143.png 300w, https:\/\/sisu.ut.ee\/wp-content\/uploads\/sites\/32\/2021-03-12_12_07_26-window--1024x489.png 1024w, https:\/\/sisu.ut.ee\/wp-content\/uploads\/sites\/32\/2021-03-12_12_07_26-window--768x367.png 768w\" sizes=\"auto, (max-width: 1097px) 100vw, 1097px\">\n<\/p>\n<p>\n\tOtsingutulemuse allservas on n\u00e4ha, mitu eri versiooni artiklist leiti (<strong>All versions<\/strong>). N\u00e4iteks artikli <em>Mobile game-based learning in secondary school<\/em> versioonide hulgas on ka mitu internetis vabalt k\u00e4ttesaadavat.\n<\/p>\n<p>\n\t<img decoding=\"async\" alt=\"https:\/\/lh6.googleusercontent.com\/2kwRAnWdoNGeltNK50p26dOCCQLDhAMBa_WDGl7oJJWytqs_0rTsgrutenQ6-hW51MlBuK6lqLYFTUp5IQ5cySZ_zKRc_iQ-T0y9YRVsutbt70f0ADNXVoS5Q_AssySeqy7bJbOo\" src=\"https:\/\/lh6.googleusercontent.com\/2kwRAnWdoNGeltNK50p26dOCCQLDhAMBa_WDGl7oJJWytqs_0rTsgrutenQ6-hW51MlBuK6lqLYFTUp5IQ5cySZ_zKRc_iQ-T0y9YRVsutbt70f0ADNXVoS5Q_AssySeqy7bJbOo\" style=\"width:602px;height:136px\">\n<\/p>\n<p>\n\tSamal teemal artikleid on v\u00f5imalik leida lingiga <strong>Related articles<\/strong>.<br>Artikli hindamise seisukohast on oluline j\u00e4lgida, palju sellele on viidatud.\u00a0<strong>Cited by<\/strong> n\u00e4itab, millistes artiklites on sellele artiklile viidatud. Nende hulgast on ka v\u00f5imalik leida samateemalisi artikleid.<br>\u00a0\n<\/p>\n<p>\n\t<strong>T\u00e4rnil kl\u00f5psates<\/strong> saate kirje lisada oma Google Scholari raamatukokku, selleks peab olema Google (Gmaili) kontoga sisse loginud. N\u00e4ete oma kogutud artikleid kl\u00f5psates <em>My Library<\/em>.<br>Kui tahame kogu aeg kursis olla uute lisandunud tulemustega, saab ka tellida teavitust oma e-posti aaadressile. Selleks tuleb kl\u00f5psata otsingutulemuste lehel vasakul <strong>Create Alert <\/strong>ja sisestada oma meiliaadress, selleks ei pea olema Google kontoga sisse loginud. Kui uusi kirjeid lisandub, saate selle kohta teavituse.\n<\/p>\n<p>\n\t<strong>Lihtotsingul <\/strong>saab p\u00e4ringu t\u00e4psustamiseks kasutada j\u00e4rgmisi k\u00e4ske:\n<\/p>\n<ul>\n<li>\n<ul>\n<li>\n\t\t\t\t<strong>\u2013<\/strong>\u00a0m\u00e4rk toimib kui NOT, v\u00e4listades s\u00f5na otsingust. N\u00e4iteks \u2013<em>book<\/em> v\u00e4listab raamatute kirjed, kuid j\u00e4tab sisse peat\u00fckid raamatutest ja kogumikest (need v\u00f5ivad olla ka t\u00e4istekstina k\u00e4ttesaadavad)\n\t\t\t<\/li>\n<li>\n\t\t\t\t<strong>\u201c\u2026\u201d<\/strong> s\u00f5nad jutum\u00e4rkide vahel moodustavad fraasi <em>\u201cjuridica international\u201d, <\/em>ka v\u00f5ib panna jutum\u00e4rkidesse \u00fche s\u00f5na, siis otsitakse s\u00f5na t\u00e4pselt sellisel kujul.\u00a0\n\t\t\t<\/li>\n<li>\n\t\t\t\t<strong>intitle<\/strong>: \u00fcks sisestatud s\u00f5nadest peab esinema pealkirjas<em> intitle: guitar folk music<\/em>\n\t\t\t<\/li>\n<li>\n\t\t\t\t<strong>allintitle<\/strong>: k\u00f5ik s\u00f5nad peavad esinema pealkirjas <em>allintitle: guitar folk music<\/em>\u00a0\u00a0\n\t\t\t<\/li>\n<li>\n\t\t\t\t<strong>site:<\/strong> otsib tulemusi kindlalt veebiaadressilt <em>site: ut.ee<\/em>\n\t\t\t<\/li>\n<\/ul>\n<\/li>\n<\/ul>\n<h4>\n\tVideo Google Scholari otsingu kohta:<br>\n<\/h4>\n<p>\n\t<\/p><div class=\"ratio ratio-16x9 mb-3\"><div class=\"video-placeholder-wrapper video-placeholder-wrapper--16x9\">\n\t\t\t    <div class=\"video-placeholder d-flex justify-content-center align-items-center\">\n\t\t\t        <div class=\"overlay text-white p-2 w-100 text-center d-block justify-content-center align-items-center\">\n\t\t\t            <div>Kolmandate osapoolte sisu n\u00e4gemiseks palun n\u00f5ustu k\u00fcpsistega.<\/div>\n\t\t\t            <button class=\"btn btn-secondary btn-sm mt-1 consent-change\">Muuda n\u00f5usolekut<\/button>\n\t\t\t        <\/div>\n\t\t\t    <\/div>\n\t\t\t<\/div>\n<\/div>\n\n<p>\n\tVideo asukoht: https:\/\/panopto.ut.ee\/Panopto\/Pages\/Viewer.aspx?id=fefd8475-19f5-4115-8383-b10700bfe229\n<\/p>\n<p>\n\t(video ja \u00f5ppematerjal t\u00e4iendavad teineteist, ei kattu t\u00e4ielikult)\n<\/p>\n<p>\n\t\u00a0\n<\/p>\n<p>\n\tKasutatud materjalid:\n<\/p>\n<div class=\"csl-bib-body\">\n<div class=\"csl-entry\">\n<div class=\"csl-bib-body\">\n<div class=\"csl-entry\">\n\t\t\t\tBlakeman, Karen. (2013). <em>Google and Google Scholar for Research Information<\/em>. http:\/\/www.slideshare.net\/KarenBlakeman\/scholar-research-information. (1.02.2020)\n\t\t\t<\/div>\n<\/div>\n<\/div>\n<div class=\"csl-entry\">\n<div class=\"csl-bib-body\">\n<div class=\"csl-entry\">\n\t\t\t\tTay, A. (2015). 5 things Google Scholar does better than your library discovery service. http:\/\/musingsaboutlibrarianship.blogspot.com.ee\/2015\/07\/5-things-google-scholar-does-better.html. (1.02.2020)\n\t\t\t<\/div>\n<\/div>\n<\/div>\n<\/div>\n<div class=\"csl-bib-body\">\n\t\u00a0\n<\/div>\n<div class=\"csl-bib-body\">\n\t\u00a0\n<\/div>\n<p>\n\t\u00a0<\/p>\n","protected":false},"excerpt":{"rendered":"<p>Google Scholar\u00a0on lihtne vahend teadusinfo leidmiseks internetist.\u00a0Google Scholar leiab artikleid, raamatuid, sisukokkuv\u00f5tteid, preprinte, dissertatsioone, \u00fclikoolide v\u00e4ljaandeid paljudest erinevatest allikatest, nii parooliga kaitstud kui vabadest andmebaasidest. GS j\u00e4rjestab tulemused k\u00fcll relevantsuse j\u00e4rgi, kuid toob ettepoole teaduskirjastuste v\u00e4ljaanded ning enim viidatud artiklid. &#8230;<\/p>\n","protected":false},"author":5,"featured_media":0,"parent":0,"menu_order":0,"comment_status":"closed","ping_status":"closed","template":"","meta":{"_acf_changed":false,"inline_featured_image":false,"footnotes":""},"class_list":["post-10","page","type-page","status-publish","hentry"],"acf":[],"_links":{"self":[{"href":"https:\/\/sisu.ut.ee\/internetgymn\/wp-json\/wp\/v2\/pages\/10","targetHints":{"allow":["GET"]}}],"collection":[{"href":"https:\/\/sisu.ut.ee\/internetgymn\/wp-json\/wp\/v2\/pages"}],"about":[{"href":"https:\/\/sisu.ut.ee\/internetgymn\/wp-json\/wp\/v2\/types\/page"}],"author":[{"embeddable":true,"href":"https:\/\/sisu.ut.ee\/internetgymn\/wp-json\/wp\/v2\/users\/5"}],"replies":[{"embeddable":true,"href":"https:\/\/sisu.ut.ee\/internetgymn\/wp-json\/wp\/v2\/comments?post=10"}],"version-history":[{"count":2,"href":"https:\/\/sisu.ut.ee\/internetgymn\/wp-json\/wp\/v2\/pages\/10\/revisions"}],"predecessor-version":[{"id":118,"href":"https:\/\/sisu.ut.ee\/internetgymn\/wp-json\/wp\/v2\/pages\/10\/revisions\/118"}],"wp:attachment":[{"href":"https:\/\/sisu.ut.ee\/internetgymn\/wp-json\/wp\/v2\/media?parent=10"}],"curies":[{"name":"wp","href":"https:\/\/api.w.org\/{rel}","templated":true}]}}