{"id":9,"date":"2024-04-04T07:11:03","date_gmt":"2024-04-04T04:11:03","guid":{"rendered":"https:\/\/sisu.ut.ee\/interdisphil\/meist\/"},"modified":"2024-04-04T07:11:29","modified_gmt":"2024-04-04T04:11:29","slug":"meist","status":"publish","type":"page","link":"https:\/\/sisu.ut.ee\/interdisphil\/meist\/","title":{"rendered":"Meist"},"content":{"rendered":"<div>\n\tSee koduleht on seotud Eesti Teadusagentuuri rahastatud projektiga \u201c<span>Interdistsiplinaarse teadust\u00f6\u00f6 filosoofiline anal\u00fc\u00fcs\u201d (<\/span>grant <span>PRG462, vastutav t\u00e4itja Endla L\u00f5hkivi). <\/span> Kajastamist leiab ka uurimisr\u00fchma varasem teemakohane tegevus. Uurimisr\u00fchma tuumiku moodustab Tartu \u00dclikooli filosoofia ja semiootika instituudi teadusfilosoofia \u00f5ppetool, kuid \u00fcks partneritest on Tallinna Tehnika\u00fclikoolist ja r\u00fchmal on koost\u00f6\u00f6sidemed paljude v\u00e4lis\u00fclikoolidega.\n<\/div>\n<div>\n\t\u00a0\n<\/div>\n<div>\n\t\u00dcksikasjalikumalt saab uurimisr\u00fchma liikmetest lugeda sektsioonis \u201cInimesed\u201d.\n<\/div>\n<div>\n\t\u00a0\n<\/div>\n<div>\n\t<img decoding=\"async\" alt=\"\" src=\"https:\/\/sisu.ut.ee\/wp-content\/uploads\/sites\/489\/logo_eesti.jpg\" style=\"width: 160px;height: 93px;float: right\">\n<\/div>\n<div>\n\t\u00a0\n<\/div>\n","protected":false},"excerpt":{"rendered":"<p>See koduleht on seotud Eesti Teadusagentuuri rahastatud projektiga \u201cInterdistsiplinaarse teadust\u00f6\u00f6 filosoofiline anal\u00fc\u00fcs\u201d (grant PRG462, vastutav t\u00e4itja Endla L\u00f5hkivi). Kajastamist leiab ka uurimisr\u00fchma varasem teemakohane tegevus. Uurimisr\u00fchma tuumiku moodustab Tartu \u00dclikooli filosoofia ja semiootika instituudi teadusfilosoofia \u00f5ppetool, kuid \u00fcks partneritest on &#8230;<\/p>\n","protected":false},"author":252,"featured_media":0,"parent":0,"menu_order":0,"comment_status":"closed","ping_status":"closed","template":"","meta":{"_acf_changed":false,"inline_featured_image":false,"footnotes":""},"class_list":["post-9","page","type-page","status-publish","hentry"],"acf":[],"_links":{"self":[{"href":"https:\/\/sisu.ut.ee\/interdisphil\/wp-json\/wp\/v2\/pages\/9","targetHints":{"allow":["GET"]}}],"collection":[{"href":"https:\/\/sisu.ut.ee\/interdisphil\/wp-json\/wp\/v2\/pages"}],"about":[{"href":"https:\/\/sisu.ut.ee\/interdisphil\/wp-json\/wp\/v2\/types\/page"}],"author":[{"embeddable":true,"href":"https:\/\/sisu.ut.ee\/interdisphil\/wp-json\/wp\/v2\/users\/252"}],"replies":[{"embeddable":true,"href":"https:\/\/sisu.ut.ee\/interdisphil\/wp-json\/wp\/v2\/comments?post=9"}],"version-history":[{"count":1,"href":"https:\/\/sisu.ut.ee\/interdisphil\/wp-json\/wp\/v2\/pages\/9\/revisions"}],"predecessor-version":[{"id":113,"href":"https:\/\/sisu.ut.ee\/interdisphil\/wp-json\/wp\/v2\/pages\/9\/revisions\/113"}],"wp:attachment":[{"href":"https:\/\/sisu.ut.ee\/interdisphil\/wp-json\/wp\/v2\/media?parent=9"}],"curies":[{"name":"wp","href":"https:\/\/api.w.org\/{rel}","templated":true}]}}