{"id":8,"date":"2024-04-04T07:11:02","date_gmt":"2024-04-04T04:11:02","guid":{"rendered":"https:\/\/sisu.ut.ee\/interdisphil\/posterettekannete-postrid\/"},"modified":"2024-04-04T07:11:29","modified_gmt":"2024-04-04T04:11:29","slug":"posterettekannete-postrid","status":"publish","type":"page","link":"https:\/\/sisu.ut.ee\/interdisphil\/posterettekannete-postrid\/","title":{"rendered":"Posterettekannete postrid"},"content":{"rendered":"<p>\n\tSee on v\u00e4ike valik meie uurimisr\u00fchma liikmete posterettekandeid. Sel lehel loetletud posterettekanded keskenduvad kolmele teemale: interdistsiplinaarsuse filosoofia, t\u00f6\u00f6kultuuri ja identiteetide filosoofiline anal\u00fc\u00fcs teaduses ja empiiriliste uurimismeetodite rakendamine teadusfilosoofias.\n<\/p>\n<p>\n\tUurimisr\u00fchma liikmete muude ettekannetega saab tutvuda nende lehtedel ETISes (Eesti Teadusinfos\u00fcsteemis) \u2013 lingid on olemas selle saidi sektsioonis \u201cInimesed\u201d.\n<\/p>\n<p>\n\t<strong>2018<\/strong>\n<\/p>\n<p>\n\tEigi, J.; Velbaum, K.; L\u00f5hkivi, E. (2018). \u201cUsing interviews when studying epistemic impacts of the work conditions in academia\u201d. \u201cLearning from Empirical Approaches to HPS (LEAHPS)\u201d; Center for Philosophy of Science, University of Pittsburgh, Pittsburgh; April 6th \u2013 7th, 2018.\n<\/p>\n<p>\n\t<a data-fid=\"67546\" href=\"https:\/\/sisu.ut.ee\/wp-content\/uploads\/sites\/489\/pittsburgh_poster1024_1.png\"><img decoding=\"async\" alt=\"\" src=\"https:\/\/sisu.ut.ee\/wp-content\/uploads\/sites\/489\/pittsburgh_poster1024_1.png\"><\/a>\n<\/p>\n<p>\n\t<a data-fid=\"67545\" href=\"https:\/\/sisu.ut.ee\/wp-content\/uploads\/sites\/489\/pittsburgh_poster.pdf\">T\u00e4issuuruses pdf fail<\/a>\n<\/p>\n<p>\n\t<strong>2016<\/strong>\n<\/p>\n<p>\n\tVelbaum, K. (2016). \u201cCultural Studies in the service of philosophical analysis of academic culture and science\u201d. SPSP 2016 Conference;\u00a0Glassboro, New Jersey; 17-19 June 2016.\n<\/p>\n<p>\n\t<img decoding=\"async\" alt=\"\" src=\"https:\/\/sisu.ut.ee\/wp-content\/uploads\/sites\/489\/poster_spsp_841x1189mm_resized.jpg\" style=\"width: 1024px;height: 726px\">\n<\/p>\n<p>\n\t<a data-fid=\"67628\" href=\"https:\/\/sisu.ut.ee\/wp-content\/uploads\/sites\/489\/poster_spsp_841x1189mm.jpg\">T\u00e4issuuruses jpeg fail<\/a><\/p>\n","protected":false},"excerpt":{"rendered":"<p>See on v\u00e4ike valik meie uurimisr\u00fchma liikmete posterettekandeid. Sel lehel loetletud posterettekanded keskenduvad kolmele teemale: interdistsiplinaarsuse filosoofia, t\u00f6\u00f6kultuuri ja identiteetide filosoofiline anal\u00fc\u00fcs teaduses ja empiiriliste uurimismeetodite rakendamine teadusfilosoofias. Uurimisr\u00fchma liikmete muude ettekannetega saab tutvuda nende lehtedel ETISes (Eesti Teadusinfos\u00fcsteemis) \u2013 &#8230;<\/p>\n","protected":false},"author":252,"featured_media":0,"parent":0,"menu_order":0,"comment_status":"closed","ping_status":"closed","template":"","meta":{"_acf_changed":false,"inline_featured_image":false,"footnotes":""},"class_list":["post-8","page","type-page","status-publish","hentry"],"acf":[],"_links":{"self":[{"href":"https:\/\/sisu.ut.ee\/interdisphil\/wp-json\/wp\/v2\/pages\/8","targetHints":{"allow":["GET"]}}],"collection":[{"href":"https:\/\/sisu.ut.ee\/interdisphil\/wp-json\/wp\/v2\/pages"}],"about":[{"href":"https:\/\/sisu.ut.ee\/interdisphil\/wp-json\/wp\/v2\/types\/page"}],"author":[{"embeddable":true,"href":"https:\/\/sisu.ut.ee\/interdisphil\/wp-json\/wp\/v2\/users\/252"}],"replies":[{"embeddable":true,"href":"https:\/\/sisu.ut.ee\/interdisphil\/wp-json\/wp\/v2\/comments?post=8"}],"version-history":[{"count":1,"href":"https:\/\/sisu.ut.ee\/interdisphil\/wp-json\/wp\/v2\/pages\/8\/revisions"}],"predecessor-version":[{"id":114,"href":"https:\/\/sisu.ut.ee\/interdisphil\/wp-json\/wp\/v2\/pages\/8\/revisions\/114"}],"wp:attachment":[{"href":"https:\/\/sisu.ut.ee\/interdisphil\/wp-json\/wp\/v2\/media?parent=8"}],"curies":[{"name":"wp","href":"https:\/\/api.w.org\/{rel}","templated":true}]}}