{"id":7,"date":"2024-04-04T07:11:02","date_gmt":"2024-04-04T04:11:02","guid":{"rendered":"https:\/\/sisu.ut.ee\/interdisphil\/east-european-network-philosophy-science-eenps-neljas-konverents-tartus-17-19-augustil\/"},"modified":"2024-04-30T15:29:07","modified_gmt":"2024-04-30T12:29:07","slug":"east-european-network-philosophy-science-eenps-neljas-konverents-tartus-17-19-augustil","status":"publish","type":"page","link":"https:\/\/sisu.ut.ee\/interdisphil\/east-european-network-philosophy-science-eenps-neljas-konverents-tartus-17-19-augustil\/","title":{"rendered":"The East European Network for Philosophy of Science (EENPS) neljas konverents, Tartus 17-19 augustil"},"content":{"rendered":"<p><strong style=\"font-size: revert; text-align: var(--bs-body-text-align);\">17.-19. augustil 2022<\/strong><span style=\"font-size: revert; font-weight: var(--bs-body-font-weight); text-align: var(--bs-body-text-align);\"> toimub koost\u00f6\u00f6s Tartu \u00dclikooli filosoofia ja semiootika instituudiga <\/span><span style=\"font-size: revert; font-weight: var(--bs-body-font-weight); text-align: var(--bs-body-text-align); color: #2a2a2a;\"><strong>The East European Network for Philosophy of Science (EENPS) neljas konverents<\/strong>.<\/span><strong><img loading=\"lazy\" decoding=\"async\" width=\"155\" height=\"434\" class=\"alignnone wp-image-29\" style=\"width: 80px; height: 224px; float: right; margin: 180px 70px;\" title=\"vectorlogo.fw_.png\" src=\"https:\/\/sisu.ut.ee\/wp-content\/uploads\/sites\/489\/vectorlogo.fw_.png\" alt=\"EENP\" srcset=\"https:\/\/sisu.ut.ee\/wp-content\/uploads\/sites\/489\/vectorlogo.fw_.png 155w, https:\/\/sisu.ut.ee\/wp-content\/uploads\/sites\/489\/vectorlogo.fw_-107x300.png 107w\" sizes=\"auto, (max-width: 155px) 100vw, 155px\"><\/strong><\/p>\n<p><span style=\"color: #2a2a2a;\">Kutsutud esinejad: Helen E. Longino, C.I. Lewis Professor, emerita (Stanford University), <span style=\"color: #2a2a2a;\">Tarja Tellervo Knuuttila (University of Vienna), <\/span><\/span><span style=\"color: #2a2a2a;\">Luk\u00e1\u0161 Bielik (Comenius University Bratislava).<\/span><\/p>\n<p><span style=\"color: #2a2a2a;\"><strong>Olulised kuup\u00e4evad:<\/strong><\/span><\/p>\n<ul>\n<li><span style=\"color: #2a2a2a;\"><s>31. m\u00e4rts 2022<\/s> 10. aprill 2022 \u2013 teeside esitamise t\u00e4htaeg (ettekanded ja s\u00fcmpoosionid)<\/span><\/li>\n<li><span style=\"color: #2a2a2a;\">31. mai 2022 \u2013 teeside vastuv\u00f5misest teavitamine<\/span><\/li>\n<li><span style=\"color: #2a2a2a;\">31. juuli 2022 \u2013 registreerimise t\u00e4htaeg (kinnitamisel)<\/span><\/li>\n<li><span style=\"color: #2a2a2a;\">17.-19. august 2022 \u2013 konverents<\/span><\/li>\n<\/ul>\n<p>Konverentsi kodulehek\u00fclg ja t\u00e4psem info<strong> <a title=\"\" href=\"https:\/\/eenps.weebly.com\/call-for-papers1.html\" target=\"_blank\" rel=\"noopener\" data-url=\"https:\/\/eenps.weebly.com\/call-for-papers1.html\">siin<\/a>.<\/strong><\/p>\n","protected":false},"excerpt":{"rendered":"<p>17.-19. augustil 2022 toimub koost\u00f6\u00f6s Tartu \u00dclikooli filosoofia ja semiootika instituudiga The East European Network for Philosophy of Science (EENPS) neljas konverents. Kutsutud esinejad: Helen E. Longino, C.I. Lewis Professor, emerita (Stanford University), Tarja Tellervo Knuuttila (University of Vienna), Luk\u00e1\u0161 &#8230;<\/p>\n","protected":false},"author":252,"featured_media":0,"parent":0,"menu_order":0,"comment_status":"closed","ping_status":"closed","template":"","meta":{"_acf_changed":false,"inline_featured_image":false,"footnotes":""},"class_list":["post-7","page","type-page","status-publish","hentry"],"acf":[],"_links":{"self":[{"href":"https:\/\/sisu.ut.ee\/interdisphil\/wp-json\/wp\/v2\/pages\/7","targetHints":{"allow":["GET"]}}],"collection":[{"href":"https:\/\/sisu.ut.ee\/interdisphil\/wp-json\/wp\/v2\/pages"}],"about":[{"href":"https:\/\/sisu.ut.ee\/interdisphil\/wp-json\/wp\/v2\/types\/page"}],"author":[{"embeddable":true,"href":"https:\/\/sisu.ut.ee\/interdisphil\/wp-json\/wp\/v2\/users\/252"}],"replies":[{"embeddable":true,"href":"https:\/\/sisu.ut.ee\/interdisphil\/wp-json\/wp\/v2\/comments?post=7"}],"version-history":[{"count":2,"href":"https:\/\/sisu.ut.ee\/interdisphil\/wp-json\/wp\/v2\/pages\/7\/revisions"}],"predecessor-version":[{"id":135,"href":"https:\/\/sisu.ut.ee\/interdisphil\/wp-json\/wp\/v2\/pages\/7\/revisions\/135"}],"wp:attachment":[{"href":"https:\/\/sisu.ut.ee\/interdisphil\/wp-json\/wp\/v2\/media?parent=7"}],"curies":[{"name":"wp","href":"https:\/\/api.w.org\/{rel}","templated":true}]}}