{"id":6,"date":"2024-04-04T07:11:02","date_gmt":"2024-04-04T04:11:02","guid":{"rendered":"https:\/\/sisu.ut.ee\/interdisphil\/opitoad-seminarid-ja-konverentsid\/"},"modified":"2024-04-04T07:11:29","modified_gmt":"2024-04-04T04:11:29","slug":"opitoad-seminarid-ja-konverentsid","status":"publish","type":"page","link":"https:\/\/sisu.ut.ee\/interdisphil\/opitoad-seminarid-ja-konverentsid\/","title":{"rendered":"T\u00f6\u00f6toad, seminarid, s\u00fcmpoosionid ja konverentsid"},"content":{"rendered":"<p>\n\tSee on v\u00e4ike valik meie uurimisr\u00fchma liikmete korraldatud \u00fcritusi. Sel lehel loetletud \u00fcritused keskenduvad kolmele teemale: interdistsiplinaarsuse filosoofia, t\u00f6\u00f6kultuuri ja identiteetide filosoofiline anal\u00fc\u00fcs teaduses ja empiiriliste uurimismeetodite rakendamine teadusfilosoofias.\n<\/p>\n<p>\n\tUurimisr\u00fchma liikmete korraldatud teiste \u00fcritustega saab tutvuda nende lehtedel ETISes (Eesti Teadusinfos\u00fcsteemis) \u2013 lingid on olemas selle saidi sektsioonis \u201cInimesed\u201d.\n<\/p>\n<p>\n\t2018\n<\/p>\n<ul>\n<li>\n\t\t<span class=\"fontstyle0\">International workshop \u201cHow to evaluate interdisciplinary research? Conceptual, methodological and empirical challenges\u201d; Institute of Philosophy and Semiotics, University of Tartu,<\/span><span class=\"fontstyle0\"> Tartu; Sept 29, 2018.<\/span>\n\t<\/li>\n<\/ul>\n<p>\n\t<a data-url=\"https:\/\/philevents.org\/event\/show\/65382\" href=\"https:\/\/philevents.org\/event\/show\/65382\" target=\"_blank\" title=\"\" rel=\"noopener\">\u00dcrituse kuulutus lehel PhilEvents (Inglise keeles)<\/a>\n<\/p>\n<ul>\n<li>\n\t\tSymposium \u201d <span dir=\"ltr\" role=\"presentation\" style=\"left:100.97px;top:200.292px;15.7444px;sans-serif\">Evaluation, Quality and<\/span><span dir=\"ltr\" role=\"presentation\" style=\"left:100.97px;top:219.459px;15.7444px;sans-serif\"> Success in<\/span><span dir=\"ltr\" role=\"presentation\" style=\"left:100.97px;top:238.626px;15.7444px;sans-serif\"> Interdisciplinary<\/span><span dir=\"ltr\" role=\"presentation\" style=\"left:100.97px;top:257.793px;15.7444px;sans-serif\"> Research\u201d as a part of the conference SPSP 2018:\u00a0<\/span> <span dir=\"ltr\" role=\"presentation\" style=\"left:215.83px;top:170.502px;17.1135px;sans-serif\">The 7th biennial conference of the<\/span><span dir=\"ltr\" role=\"presentation\" style=\"left:182.287px;top:191.381px;17.1135px;sans-serif\"> Society for Philosophy of Science in Practice; Ghent; June 30 \u2013 July 2, 2018.<\/span>\n\t<\/li>\n<\/ul>\n<p>\n\t<a data-url=\"https:\/\/www.spsp2018.ugent.be\/programme\/\" href=\"https:\/\/www.spsp2018.ugent.be\/programme\/\" target=\"_blank\" title=\"\" rel=\"noopener\">Konverentsi ajakava ja res\u00fcmeed konverentsi kodulehel (Inglise keeles)<\/a>\n<\/p>\n<p>\n\t2013\n<\/p>\n<ul>\n<li style=\"text-align: justify\">\n\t\t<span lang=\"EN-GB\">\u201cInvestigating Identities in Academia: An International Interdisciplinary Workshop\u201d. <span>Chair of Philosophy of Science (University of Tartu, Estonia), in co-operation with the Centre of Gender Studies, (University of Uppsala, Sweden), and Centre for Ethics (University of Tartu, Estonia); <\/span><\/span><span style=\"line-height:150%\"><span lang=\"EN-GB\"><span style=\"line-height:150%\"><span>Institute of Philosophy and Semiotics, University of Tartu;<\/span><\/span><\/span><\/span><span style=\"line-height:150%\"><span lang=\"EN-GB\"><span style=\"line-height:150%\"><span> May 17, 2013.\u00a0\u00a0<\/span><\/span><\/span><\/span>\n\t<\/li>\n<\/ul>\n<p style=\"text-align:justify\">\n\t<a data-fid=\"67268\" href=\"https:\/\/sisu.ut.ee\/wp-content\/uploads\/sites\/489\/workshop_information_2013-05-17.pdf\">\u00dcrituse tutvustus ja ajakava (inglise keeles)<\/a>\n<\/p>\n<p>\u00a0<\/p>\n<p>\n\t\u00a0<\/p>\n","protected":false},"excerpt":{"rendered":"<p>See on v\u00e4ike valik meie uurimisr\u00fchma liikmete korraldatud \u00fcritusi. Sel lehel loetletud \u00fcritused keskenduvad kolmele teemale: interdistsiplinaarsuse filosoofia, t\u00f6\u00f6kultuuri ja identiteetide filosoofiline anal\u00fc\u00fcs teaduses ja empiiriliste uurimismeetodite rakendamine teadusfilosoofias. Uurimisr\u00fchma liikmete korraldatud teiste \u00fcritustega saab tutvuda nende lehtedel ETISes (Eesti &#8230;<\/p>\n","protected":false},"author":252,"featured_media":0,"parent":0,"menu_order":0,"comment_status":"closed","ping_status":"closed","template":"","meta":{"_acf_changed":false,"inline_featured_image":false,"footnotes":""},"class_list":["post-6","page","type-page","status-publish","hentry"],"acf":[],"_links":{"self":[{"href":"https:\/\/sisu.ut.ee\/interdisphil\/wp-json\/wp\/v2\/pages\/6","targetHints":{"allow":["GET"]}}],"collection":[{"href":"https:\/\/sisu.ut.ee\/interdisphil\/wp-json\/wp\/v2\/pages"}],"about":[{"href":"https:\/\/sisu.ut.ee\/interdisphil\/wp-json\/wp\/v2\/types\/page"}],"author":[{"embeddable":true,"href":"https:\/\/sisu.ut.ee\/interdisphil\/wp-json\/wp\/v2\/users\/252"}],"replies":[{"embeddable":true,"href":"https:\/\/sisu.ut.ee\/interdisphil\/wp-json\/wp\/v2\/comments?post=6"}],"version-history":[{"count":1,"href":"https:\/\/sisu.ut.ee\/interdisphil\/wp-json\/wp\/v2\/pages\/6\/revisions"}],"predecessor-version":[{"id":116,"href":"https:\/\/sisu.ut.ee\/interdisphil\/wp-json\/wp\/v2\/pages\/6\/revisions\/116"}],"wp:attachment":[{"href":"https:\/\/sisu.ut.ee\/interdisphil\/wp-json\/wp\/v2\/media?parent=6"}],"curies":[{"name":"wp","href":"https:\/\/api.w.org\/{rel}","templated":true}]}}