{"id":4,"date":"2024-04-04T07:11:02","date_gmt":"2024-04-04T04:11:02","guid":{"rendered":"https:\/\/sisu.ut.ee\/interdisphil\/kontakt\/"},"modified":"2024-04-04T07:11:29","modified_gmt":"2024-04-04T04:11:29","slug":"kontakt","status":"publish","type":"page","link":"https:\/\/sisu.ut.ee\/interdisphil\/kontakt\/","title":{"rendered":"Kontakt"},"content":{"rendered":"<p>Meie uurimisr\u00fchmaga v\u00f5ib \u00fchendust v\u00f5tta kirjutades meiliaadressile <strong> <span class=\"gI\"><span data-hovercard-id=\"interdisphil@ut.ee\" data-hovercard-owner-id=\"107\">interdisphil@ut.ee<\/span><\/span><\/strong><\/p>\n","protected":false},"excerpt":{"rendered":"<p>Meie uurimisr\u00fchmaga v\u00f5ib \u00fchendust v\u00f5tta kirjutades meiliaadressile interdisphil@ut.ee<\/p>\n","protected":false},"author":252,"featured_media":0,"parent":0,"menu_order":0,"comment_status":"closed","ping_status":"closed","template":"","meta":{"_acf_changed":false,"inline_featured_image":false,"footnotes":""},"class_list":["post-4","page","type-page","status-publish","hentry"],"acf":[],"_links":{"self":[{"href":"https:\/\/sisu.ut.ee\/interdisphil\/wp-json\/wp\/v2\/pages\/4","targetHints":{"allow":["GET"]}}],"collection":[{"href":"https:\/\/sisu.ut.ee\/interdisphil\/wp-json\/wp\/v2\/pages"}],"about":[{"href":"https:\/\/sisu.ut.ee\/interdisphil\/wp-json\/wp\/v2\/types\/page"}],"author":[{"embeddable":true,"href":"https:\/\/sisu.ut.ee\/interdisphil\/wp-json\/wp\/v2\/users\/252"}],"replies":[{"embeddable":true,"href":"https:\/\/sisu.ut.ee\/interdisphil\/wp-json\/wp\/v2\/comments?post=4"}],"version-history":[{"count":1,"href":"https:\/\/sisu.ut.ee\/interdisphil\/wp-json\/wp\/v2\/pages\/4\/revisions"}],"predecessor-version":[{"id":118,"href":"https:\/\/sisu.ut.ee\/interdisphil\/wp-json\/wp\/v2\/pages\/4\/revisions\/118"}],"wp:attachment":[{"href":"https:\/\/sisu.ut.ee\/interdisphil\/wp-json\/wp\/v2\/media?parent=4"}],"curies":[{"name":"wp","href":"https:\/\/api.w.org\/{rel}","templated":true}]}}