{"id":15,"date":"2024-04-04T07:11:03","date_gmt":"2024-04-04T04:11:03","guid":{"rendered":"https:\/\/sisu.ut.ee\/interdisphil\/interdistsiplinaarsuse-filosoofia-seminar\/"},"modified":"2024-04-04T07:11:29","modified_gmt":"2024-04-04T04:11:29","slug":"interdistsiplinaarsuse-filosoofia-seminar","status":"publish","type":"page","link":"https:\/\/sisu.ut.ee\/interdisphil\/interdistsiplinaarsuse-filosoofia-seminar\/","title":{"rendered":"Interdistsiplinaarsuse filosoofia teoreetiline seminar"},"content":{"rendered":"<p>\n\tSiin on kirjeldatud meie <span lang=\"ET\">teadusfilosoofia projekti \u201e<\/span><span lang=\"SV-FI\">Interdistsiplinaarse teadust\u00f6\u00f6 filosoofiline anal\u00fc\u00fcs\u201d <\/span><span lang=\"ET\">(<\/span><span lang=\"SV-FI\">PRG462, vastutav t\u00e4itja Endla L\u00f5hkivi<\/span><span lang=\"ET\">) teoreetilise <span class=\"il\">seminari raames toimunud seminarid<\/span>. Seminarisarja raames loeme olulisi teoreetilisi k\u00e4sitlusi interdistsiplinaarse teadust\u00f6\u00f6 teemal.<\/span>\n<\/p>\n<p>\n\t<span lang=\"ET\">Seminaritekstide bibliograafia on saadav ka <\/span><a data-url=\"https:\/\/www.zotero.org\/groups\/4553690\/philosophy_of_interdisciplinarity\/collections\/IH3TFXMH\" href=\"https:\/\/www.zotero.org\/groups\/4553690\/philosophy_of_interdisciplinarity\/collections\/IH3TFXMH\" target=\"_blank\" title=\"\" rel=\"noopener\">Zoteros<\/a><span lang=\"ET\">.<\/span>\n<\/p>\n<p>\n\t<strong><span lang=\"ET\">Kevadsemester 2021\/2022<\/span><\/strong>\n<\/p>\n<table class=\"table table-hover\" style=\"width:500px\" cellspacing=\"1\" cellpadding=\"1\" border=\"1\">\n<tbody>\n<tr>\n<td>\n\t\t\t\tKuup\u00e4ev\n\t\t\t<\/td>\n<td>\n\t\t\t\tTeema\n\t\t\t<\/td>\n<td>\n\t\t\t\tDiskussiooni juhib\n\t\t\t<\/td>\n<\/tr>\n<tr>\n<td>\n\t\t\t\t10.02.2022\n\t\t\t<\/td>\n<td>\n\t\t\t\t<span class=\"fontstyle0\">Biagioli, M. (1990). \u201eThe anthropology of incommensurability\u201c.<\/span><br><span class=\"fontstyle2\"><em>Studies in History and Philosophy of Science Part A<\/em> <\/span><span class=\"fontstyle0\">21(2), 183\u2013209.<\/span><br style=\"font-style:normal;font-variant:normal;font-weight:normal;letter-spacing:normal;line-height:normal;text-align:-webkit-auto;text-indent:0px;text-transform:none\">\u00a0\n\t\t\t<\/td>\n<td>\n\t\t\t\tJaana Eigi\n\t\t\t<\/td>\n<\/tr>\n<\/tbody>\n<\/table>\n<p>\n\t\u00a0\n<\/p>\n<p>\n\t<strong>Kevadsemester 2020\/2021<\/strong>\n<\/p>\n<table class=\"table table-hover\" style=\"width:500px\" cellspacing=\"1\" cellpadding=\"1\" border=\"1\">\n<tbody>\n<tr>\n<td>\n\t\t\t\tKuup\u00e4ev\n\t\t\t<\/td>\n<td>\n\t\t\t\tTeema\n\t\t\t<\/td>\n<td>\n\t\t\t\tDiskussiooni juhib\n\t\t\t<\/td>\n<\/tr>\n<tr>\n<td>\n\t\t\t\t12.02.2021\n\t\t\t<\/td>\n<td>\n\t\t\t\tPradeau, T. et al. \u201cPhilosophy in Science: Can philosophers of science permeate through science and produce scientific knowledge?\u201d. <em>The British Journal for the Philosophy of Science<\/em>, https:\/\/www.journals.uchicago.edu\/doi\/10.1086\/715518.\n\t\t\t<\/td>\n<td>\n\t\t\t\tRiin K\u00f5iv\n\t\t\t<\/td>\n<\/tr>\n<\/tbody>\n<\/table>\n<p>\n\t\u00a0\n<\/p>\n<p>\n\t<strong>S\u00fcgissemester 2020\/2021<\/strong>\n<\/p>\n<table class=\"table table-hover\" style=\"width:500px\" cellspacing=\"1\" cellpadding=\"1\" border=\"1\">\n<tbody>\n<tr>\n<td>\n\t\t\t\tKuup\u00e4ev\n\t\t\t<\/td>\n<td>\n\t\t\t\tTeema\n\t\t\t<\/td>\n<td>\n\t\t\t\tDiskussiooni juhib\n\t\t\t<\/td>\n<\/tr>\n<tr>\n<td>\n\t\t\t\t23.10.2020\n\t\t\t<\/td>\n<td>\n<p>\n\t\t\t\t\tCrease, R. (2010). \u201cPhysical sciences\u201d. In: Frodeman, R.;\u00a0 Klein, J. T.; Mitcham, C. (Eds.) <em>The Oxford Handbook of Interdisciplinarity<\/em>. Oxford University Press,\u00a0 79\u2013102.\n\t\t\t\t<\/p>\n<\/td>\n<td>\n\t\t\t\tAve Mets\n\t\t\t<\/td>\n<\/tr>\n<tr>\n<td>\n\t\t\t\t6.11.2020\n\t\t\t<\/td>\n<td>\n\t\t\t\tCalhoun, C.; Rhoten, D. (2010). \u201cIntegrating the social sciences: Theoretical knowledge, methodological tools, and practical applications\u201d. In:\u00a0Frodeman, R.;\u00a0 Klein, J. T.; Mitcham, C. (Eds.) <em>The Oxford Handbook of Interdisciplinarity<\/em>. Oxford University Press, 103\u2013118.\n\t\t\t<\/td>\n<td>\n\t\t\t\tEndla L\u00f5hkivi\n\t\t\t<\/td>\n<\/tr>\n<tr>\n<td>\n\t\t\t\t20.11.2020\n\t\t\t<\/td>\n<td>\n<p>\n\t\t\t\t\tTurner, S. (2000). \u201cWhat are disciplines? And how is interdisciplinarity different?\u201d. In: Weingart, P.; Stehr, N. (Eds.) <em>Practising Interdisciplinarity<\/em>. University of Toronto Press, 46\u201365.\n\t\t\t\t<\/p>\n<\/td>\n<td>\n\t\t\t\tPeeter M\u00fc\u00fcrsepp\n\t\t\t<\/td>\n<\/tr>\n<tr>\n<td>\n\t\t\t\t4.12.2020\n\t\t\t<\/td>\n<td>\n<p>\n\t\t\t\t\tRolin, K. (2018). \u201cScientific imperialism and epistemic injustice\u201d In: M\u00e4ki, U.; Walsh, A.; Fern\u00e1ndez Pinto, M.; (Eds.) <i>Scientific Imperialism: Exploring the Boundaries of Interdisciplinarity<\/i>. Routledge, 51\u201368.\n\t\t\t\t<\/p>\n<\/td>\n<td>\n\t\t\t\tJaana Eigi\n\t\t\t<\/td>\n<\/tr>\n<\/tbody>\n<\/table>\n<p>\n\t\u00a0\n<\/p>\n<p>\n\t<strong><span lang=\"ET\">Kevadsemester 2019\/2020<\/span><\/strong>\n<\/p>\n<table class=\"table table-hover\" style=\"width: 500px\" cellspacing=\"1\" cellpadding=\"1\" border=\"1\">\n<tbody>\n<tr>\n<td>\n\t\t\t\tKuup\u00e4ev\n\t\t\t<\/td>\n<td>\n\t\t\t\tTeema\n\t\t\t<\/td>\n<td>\n\t\t\t\tDiskussiooni juhib\n\t\t\t<\/td>\n<\/tr>\n<tr>\n<td>\n\t\t\t\t21.02.2020\n\t\t\t<\/td>\n<td>\n<p>\n\t\t\t\t\tSissejuhatus; M\u00e4ki, U. (2016). \u201cPhilosophy of interdisciplinarity. What? Why? How?\u201d. <em>European Journal for Philosophy of Science<\/em> 6(3), 327\u2013342.\n\t\t\t\t<\/p>\n<\/td>\n<td>\n\t\t\t\tEndla L\u00f5hkivi\n\t\t\t<\/td>\n<\/tr>\n<tr>\n<td>\n\t\t\t\t28.02.2020\n\t\t\t<\/td>\n<td>\n\t\t\t\t<span lang=\"EN-GB\">Ankeny, R.; Leonelli, S. (2016). \u201cRepertoires: A post-Kuhnian perspective on scientific change and collaborative research\u201d. <i>Studies in History and Philosophy of Science<\/i> 60, 18<\/span>\u2013<span lang=\"EN-GB\">28.<\/span>\n\t\t\t<\/td>\n<td>\n\t\t\t\tJaana Eigi\n\t\t\t<\/td>\n<\/tr>\n<tr>\n<td>\n\t\t\t\t13.04.2020\n\t\t\t<\/td>\n<td>\n\t\t\t\t<span lang=\"EN-GB\">Osbeck L.; Nersessian, N. (2017). \u201cEpistemic identities in interdisciplinary science\u201d. <i>Perspectives on Science<\/i> 25(2), 226<\/span>\u2013<span lang=\"EN-GB\">260.<\/span>\n\t\t\t<\/td>\n<td>\n\t\t\t\tRiin K\u00f5iv\n\t\t\t<\/td>\n<\/tr>\n<tr>\n<td>\n\t\t\t\t24.04.2020\n\t\t\t<\/td>\n<td>\n<p>\n\t\t\t\t\tM\u00e4ki, U. (2013) \u201cScientific imperialism: Difficulties in definition, identification, and assessment\u201d<i>. International Studies in the Philosophy of Science<\/i>, 27(3), 325\u2013339.\n\t\t\t\t<\/p>\n<\/td>\n<td>\n\t\t\t\tJaana Eigi\n\t\t\t<\/td>\n<\/tr>\n<tr>\n<td>\n\t\t\t\t8.05.2020\n\t\t\t<\/td>\n<td>\n\t\t\t\t<span lang=\"EN-GB\">Andersen, H. (2016). \u201cCollaboration, interdisciplinarity, and the epistemology of contemporary science\u201d. <i>Studies in History and Philosophy of Science <\/i>56, 1<\/span>\u2013<span lang=\"EN-GB\">10.<\/span>\n\t\t\t<\/td>\n<td>\n\t\t\t\tAve Mets\n\t\t\t<\/td>\n<\/tr>\n<tr>\n<td>\n\t\t\t\t22.05.2020\n\t\t\t<\/td>\n<td>\n\t\t\t\t<span lang=\"EN-GB\">Salmela, M.; M\u00e4ki, U. (2018). \u201cDisciplinary emotions in imperialistic interdisciplinarity\u201d. In: M\u00e4ki, U.; Walsh, A.; Fern\u00e1ndez Pinto, M.; (Eds.) <i>Scientific Imperialism: Exploring the Boundaries of Interdisciplinarity<\/i>. Routledge, 31<\/span>\u2013<span lang=\"EN-GB\">50.<\/span>\n\t\t\t<\/td>\n<td>\n\t\t\t\tEdit Talpsepp-Randla\n\t\t\t<\/td>\n<\/tr>\n<tr>\n<td>\n\t\t\t\t5.06.2020\n\t\t\t<\/td>\n<td>\n\t\t\t\t<span lang=\"EN-GB\">Huutoniemi, K. (2016) \u201cInterdisciplinarity as academic accountability: Prospects for quality control across disciplinary boundaries\u201d. <i>Social Epistemology<\/i> 30(2), 163<\/span>\u2013<span lang=\"EN-GB\">185.<\/span>\n\t\t\t<\/td>\n<td>\n\t\t\t\tEndla L\u00f5hkivi\n\t\t\t<\/td>\n<\/tr>\n<tr>\n<td>\n\t\t\t\t19.06.2020\n\t\t\t<\/td>\n<td>\n\t\t\t\t<span lang=\"EN-GB\">Pietarinen, A. (2006). \u201cInterdisciplinarity and Peirce\u2019s classification of the sciences\u201d. <i>Perspectives on Science<\/i> 14(2), 127<\/span>\u2013<span lang=\"EN-GB\">152.<\/span>\n\t\t\t<\/td>\n<td>\n\t\t\t\tPeeter M\u00fc\u00fcpsepp\n\t\t\t<\/td>\n<\/tr>\n<\/tbody>\n<\/table>\n<p>\n\t\u00a0<\/p>\n","protected":false},"excerpt":{"rendered":"<p>Siin on kirjeldatud meie teadusfilosoofia projekti \u201eInterdistsiplinaarse teadust\u00f6\u00f6 filosoofiline anal\u00fc\u00fcs\u201d (PRG462, vastutav t\u00e4itja Endla L\u00f5hkivi) teoreetilise seminari raames toimunud seminarid. Seminarisarja raames loeme olulisi teoreetilisi k\u00e4sitlusi interdistsiplinaarse teadust\u00f6\u00f6 teemal. Seminaritekstide bibliograafia on saadav ka Zoteros. Kevadsemester 2021\/2022 Kuup\u00e4ev Teema Diskussiooni &#8230;<\/p>\n","protected":false},"author":252,"featured_media":0,"parent":0,"menu_order":0,"comment_status":"closed","ping_status":"closed","template":"","meta":{"_acf_changed":false,"inline_featured_image":false,"footnotes":""},"class_list":["post-15","page","type-page","status-publish","hentry"],"acf":[],"_links":{"self":[{"href":"https:\/\/sisu.ut.ee\/interdisphil\/wp-json\/wp\/v2\/pages\/15","targetHints":{"allow":["GET"]}}],"collection":[{"href":"https:\/\/sisu.ut.ee\/interdisphil\/wp-json\/wp\/v2\/pages"}],"about":[{"href":"https:\/\/sisu.ut.ee\/interdisphil\/wp-json\/wp\/v2\/types\/page"}],"author":[{"embeddable":true,"href":"https:\/\/sisu.ut.ee\/interdisphil\/wp-json\/wp\/v2\/users\/252"}],"replies":[{"embeddable":true,"href":"https:\/\/sisu.ut.ee\/interdisphil\/wp-json\/wp\/v2\/comments?post=15"}],"version-history":[{"count":1,"href":"https:\/\/sisu.ut.ee\/interdisphil\/wp-json\/wp\/v2\/pages\/15\/revisions"}],"predecessor-version":[{"id":107,"href":"https:\/\/sisu.ut.ee\/interdisphil\/wp-json\/wp\/v2\/pages\/15\/revisions\/107"}],"wp:attachment":[{"href":"https:\/\/sisu.ut.ee\/interdisphil\/wp-json\/wp\/v2\/media?parent=15"}],"curies":[{"name":"wp","href":"https:\/\/api.w.org\/{rel}","templated":true}]}}