{"id":11,"date":"2024-04-04T07:11:03","date_gmt":"2024-04-04T04:11:03","guid":{"rendered":"https:\/\/sisu.ut.ee\/interdisphil\/inimesed\/"},"modified":"2024-04-30T15:25:12","modified_gmt":"2024-04-30T12:25:12","slug":"inimesed","status":"publish","type":"page","link":"https:\/\/sisu.ut.ee\/interdisphil\/inimesed\/","title":{"rendered":"Inimesed"},"content":{"rendered":"<figure id=\"attachment_41\" aria-describedby=\"caption-attachment-41\" style=\"width: 239px\" class=\"wp-caption alignleft\"><img loading=\"lazy\" decoding=\"async\" class=\"wp-image-41\" style=\"width: 155px; height: 193px; margin: 10px 20px; float: left;\" title=\"Endla L\u00f5hkivi\" src=\"https:\/\/sisu.ut.ee\/wp-content\/uploads\/sites\/489\/endla3.jpg\" alt=\"Endla L\u00f5hkivi\" width=\"239\" height=\"298\"><figcaption id=\"caption-attachment-41\" class=\"wp-caption-text\">Endla L\u00f5hkivi<\/figcaption><\/figure>\n<p><b>Endla L\u00f5hkivi, PhD (FL, MA, MSc), projekti vastutav t\u00e4itja, teadusfilosoofia kaasprofessor<\/b><\/p>\n<p><a title=\"\" href=\"https:\/\/www.etis.ee\/CV\/Endla_L%C3%B5hkivi\/est\" target=\"_blank\" rel=\"noopener\" data-url=\"https:\/\/www.etis.ee\/CV\/Endla_L%C3%B5hkivi\/est\">CV ja publikatsioonid <\/a><\/p>\n<p><span style=\"color: black;\">Uurimisteemad: praktiline realism kui filosoofiline teadusk\u00e4situs, teadusdistsipliinide ajalugu, interdistsiplinaarne uurimistoo, teadust\u00f6\u00f6 kui kultuur, teaduskorralduse filosoofilised k\u00fcsimused. <\/span><\/p>\n<figure id=\"attachment_42\" aria-describedby=\"caption-attachment-42\" style=\"width: 240px\" class=\"wp-caption alignleft\"><img loading=\"lazy\" decoding=\"async\" class=\"wp-image-42\" style=\"width: 155px; height: 194px; float: left; margin: 10px 20px;\" title=\"Ave Mets\" src=\"https:\/\/sisu.ut.ee\/wp-content\/uploads\/sites\/489\/ave2.jpg\" alt=\"Ave Mets\" width=\"240\" height=\"300\"><figcaption id=\"caption-attachment-42\" class=\"wp-caption-text\">Ave Mets<\/figcaption><\/figure>\n<p><strong>Ave Mets, PhD, teadur<\/strong><\/p>\n<p><a title=\"\" href=\"https:\/\/www.etis.ee\/CV\/Ave_Mets\/est\" target=\"_blank\" rel=\"noopener\" data-url=\"https:\/\/www.etis.ee\/CV\/Ave_Mets\/est\">CV ja publikatsioonid<\/a><\/p>\n<p><span style=\"color: black;\">Ave Mets t\u00f6\u00f6tab mitme teadusfilosoofia teemaga: keemia ja tehnika filosoofia ja ajalugu, digitaalsed tehnoloogiad, loodusfilosoofia ja (teaduslik) maailmapilt. \u00dchest k\u00fcljest on tema t\u00f6\u00f6 distsiplinaarsem kui tema kolleegide oma, mis annab pilguheidu \u00fche distsipliini teadmishorisondi seest ning \u00fchtlasi v\u00f5rdlustausta interdistsiplinaarsuse t\u00e4hendusele. Teisest k\u00fcljest, tulenevalt kogu Tartu teadusfilosoofia \u00f5ppetooli poolt omaksv\u00f5etud praktikap\u00f5hisest l\u00e4henemisest, seisneb Metsa t\u00f6\u00f6 seos interdistsiplinaarsusega ka paljude tema uuritavate teemade siseomases interdistsiplinaarsuses. N\u00f5nda n\u00e4iteks on keemiliste elementide perioodilisuss\u00fcsteem \u2013 \u00fcks tema olulisi uurimisobjekte \u2013 iseenesest interdistsiplinaarne ettev\u00f5tmine, ning maailmapiltigi m\u00f5jutavad erinevad teadused.<\/span><\/p>\n<figure id=\"attachment_50\" aria-describedby=\"caption-attachment-50\" style=\"width: 155px\" class=\"wp-caption alignleft\"><img loading=\"lazy\" decoding=\"async\" class=\"wp-image-50\" style=\"width: 155px; height: 192px; float: left; margin: 10px 20px;\" title=\"edit.jpg\" src=\"https:\/\/sisu.ut.ee\/wp-content\/uploads\/sites\/489\/edit.jpg\" alt=\"Edit Talpsepp\" width=\"155\" height=\"192\"><figcaption id=\"caption-attachment-50\" class=\"wp-caption-text\">Edit Talpsepp<\/figcaption><\/figure>\n<p><strong>Edit Talpsepp, PhD, teadur<\/strong><\/p>\n<p><a title=\"\" href=\"https:\/\/www.etis.ee\/CV\/Edit_Talpsepp\/est\" target=\"_blank\" rel=\"noopener\" data-url=\"https:\/\/www.etis.ee\/CV\/Edit_Talpsepp\/est\">CV ja publikatsioonid<\/a><\/p>\n<p>Edit\u00a0Talpsepp\u00a0on teadusfilosoofia teadur, spetsialiseerudes bioloogiafilosoofiale. Doktorikraadi omandas ta Bristoli \u00dclikoolis dissertatsiooniga \u2019Liigid, essentsialism ja evolutsiooniteooria\u2019. Tema t\u00f6\u00f6 fookus on n\u00fc\u00fcdseks laienenud bioloogilistesse liikidesse puutuvalt essentsialistlikult m\u00f5tlemiselt ka inimgruppe puudutava essentsialismini. Interdistsiplinaarne element\u00a0Edit\u00a0Talpsepa uurimistoos tuleneb \u00fchest k\u00fcljest rahvabioloogia uuringute jaoks relevantsest kognitiivteaduse filosoofia ning bioloogiafilosoofia omavahelisest suhtest, teisest k\u00fcljest aga sotsioloogiliste ja bioloogiliste k\u00fcsimuste suhtest, mis on olulisel kohal bioloogiateaduse sotsiaalpoliitilise rakendamise uuringutes.<\/p>\n<p><b>Eveli Neemre, MA, doktorant.\u00a0 <\/b><a title=\"\" href=\"https:\/\/www.etis.ee\/CV\/Eveli_Neemre\/est\" target=\"_blank\" rel=\"noopener\" data-url=\"https:\/\/www.etis.ee\/CV\/Eveli_Neemre\/est\">CV ja publiatsioonid<\/a><\/p>\n<figure id=\"attachment_43\" aria-describedby=\"caption-attachment-43\" style=\"width: 240px\" class=\"wp-caption alignleft\"><img loading=\"lazy\" decoding=\"async\" class=\"wp-image-43\" style=\"width: 155px; height: 194px; margin: 10px 20px; float: left;\" title=\"Jaana Eigi\" src=\"https:\/\/sisu.ut.ee\/wp-content\/uploads\/sites\/489\/jaana1.jpg\" alt=\"Jaana Eigi\" width=\"240\" height=\"300\"><figcaption id=\"caption-attachment-43\" class=\"wp-caption-text\">Jaana Eigi<\/figcaption><\/figure>\n<p><b>Jaana Eigi-Watkin, PhD, teadur<\/b><\/p>\n<p><a title=\"\" href=\"https:\/\/www.etis.ee\/CV\/Jaana_Eigi\/est\" target=\"_blank\" rel=\"noopener\" data-url=\"https:\/\/www.etis.ee\/CV\/Jaana_Eigi\/est\">CV ja publikatsioonid<\/a><\/p>\n<p><span lang=\"ET\"><span style=\"color: black;\">Jaana Eigi-Watkin on teadusfilosoofia teadur Tartu \u00dclikooli filosoofia ja semiootika instituudis. Ta kaitses oma doktorikraadi filosoofias Tartu \u00dclikoolis 2016. aastal. Teda huvitavad teaduse sotsiaalsed aspektid k\u00f5ige laiemas m\u00f5ttes. Ta on avaldanud artikleid teadusliku objektiivsuse sotsiaalsetest aspektidest, teaduse demokratiseerimise episteemilistest ja poliitilistest k\u00fclgedest ja mitteteadlaste rollist teaduses. Ta on olnud \u00fcks kaasautoreid uurimisr\u00fchma artiklites, kus intervjuusid teadlastega on anal\u00fc\u00fcsitud kvalitatiivselt eesm\u00e4rgiga m\u00f5ista eri distsipliinide t\u00f6\u00f6kultuuride episteemilisi tagaj\u00e4rgi.<\/span><\/span><\/p>\n<p><strong>Juho Lindholm, Msc, doktorant<\/strong><\/p>\n<p>Juho v\u00e4itekiri k\u00e4sitleb tehnoloogiafilosoofia \u00fclimuslikkust. Juho t\u00f6\u00f6tab klassikalise pragmatismi (Peirce, Dewey) ja diskursiivse naturalismi (Rouse, M\u00e4\u00e4tt\u00e4nen) raames ja vaidleb aprioorsele filosoofiale vastu mitmel rindel. Juho ei tee vahet teadusfilosoofial ja tehnoloogiafilosoofial; ta peab m\u00f5lemat tehniliseks.<\/p>\n<figure id=\"attachment_44\" aria-describedby=\"caption-attachment-44\" style=\"width: 229px\" class=\"wp-caption alignright\"><img loading=\"lazy\" decoding=\"async\" class=\"wp-image-44\" style=\"width: 155px; height: 194px; margin: 10px 20px; float: right;\" title=\"Katrin Velbaum\" src=\"https:\/\/sisu.ut.ee\/wp-content\/uploads\/sites\/489\/katrin1.jpg\" alt=\"Katrin Velbaum\" width=\"229\" height=\"286\"><figcaption id=\"caption-attachment-44\" class=\"wp-caption-text\">Katrin Velbaum<\/figcaption><\/figure>\n<p><strong>Katrin Velbaum, MA, nooremteadur, doktorant<\/strong><\/p>\n<p><a title=\"\" href=\"https:\/\/www.etis.ee\/CV\/Katrin_Velbaum\/est\" target=\"_blank\" rel=\"noopener\" data-url=\"https:\/\/www.etis.ee\/CV\/Katrin_Velbaum\/est\">CV ja publikatsioonid<\/a><\/p>\n<p>Katrin Velbaum \u00f5pib teadusfilosoofia doktorantuuris ja osaleb projektis huvi t\u00f5ttu filosoofilise anal\u00fc\u00fcsimeetodi ja\u00a0 empiiriliste (kvalitatiivsete) uuringute \u00fchendamise vastu.<\/p>\n<figure id=\"attachment_45\" aria-describedby=\"caption-attachment-45\" style=\"width: 173px\" class=\"wp-caption alignleft\"><img loading=\"lazy\" decoding=\"async\" class=\"wp-image-45\" style=\"width: 155px; height: 194px; margin: 10px 20px; float: left;\" title=\"Kristin Kokkov\" src=\"https:\/\/sisu.ut.ee\/wp-content\/uploads\/sites\/489\/kristin1.jpg\" alt=\"Kristin Kokkov\" width=\"173\" height=\"217\"><figcaption id=\"caption-attachment-45\" class=\"wp-caption-text\">Kristin Kokkov<\/figcaption><\/figure>\n<p><b>Kristin Kokkov, MA, doktorant<\/b><\/p>\n<p><a title=\"\" href=\"https:\/\/www.etis.ee\/CV\/Kristin_Kokkov\/est\" target=\"_blank\" rel=\"noopener\" data-url=\"https:\/\/www.etis.ee\/CV\/Kristin_Kokkov\/est\">CV ja publikatsioonid<\/a><\/p>\n<p><span style=\"color: black;\">Kristin Kokkov on teadusfilosoofia doktorant nooremteadur. Tema uurimust\u00f6\u00f6 keskendub epistemoloogilistele k\u00fcsimustele ajaloolistes teadustes, t\u00e4psemalt t\u00f5endip\u00f5hisele argumentatsioonile, j\u00e4relduste tellingstruktuurile ning interdistsiplinaarsusele arheoloogias.<\/span><\/p>\n<figure id=\"attachment_46\" aria-describedby=\"caption-attachment-46\" style=\"width: 249px\" class=\"wp-caption alignright\"><img loading=\"lazy\" decoding=\"async\" class=\"wp-image-46\" style=\"width: 155px; height: 194px; margin: 10px 20px; float: right;\" title=\"Lilian Langsepp\" src=\"https:\/\/sisu.ut.ee\/wp-content\/uploads\/sites\/489\/lilian1.jpg\" alt=\"Lilian Langsepp\" width=\"249\" height=\"311\" srcset=\"https:\/\/sisu.ut.ee\/wp-content\/uploads\/sites\/489\/lilian1.jpg 249w, https:\/\/sisu.ut.ee\/wp-content\/uploads\/sites\/489\/lilian1-240x300.jpg 240w\" sizes=\"auto, (max-width: 249px) 100vw, 249px\"><figcaption id=\"caption-attachment-46\" class=\"wp-caption-text\">Lilian Langsepp<\/figcaption><\/figure>\n<p><strong>Lilian Langsepp, MA, doktorant<\/strong><\/p>\n<p><a title=\"\" href=\"https:\/\/www.etis.ee\/CV\/Lilian_Langsepp\/est\" target=\"_blank\" rel=\"noopener\" data-url=\"https:\/\/www.etis.ee\/CV\/Lilian_Langsepp\/est\">CV ja publikatsioonid<\/a><\/p>\n<p>T\u00dc filosoofiadoktorant, kelle uurimisteemadeks on muusikafilosoofia, t\u00e4psemalt muusika taju, ning ka teadusliku uurimistoo praktika.<\/p>\n<figure id=\"attachment_47\" aria-describedby=\"caption-attachment-47\" style=\"width: 186px\" class=\"wp-caption alignleft\"><img loading=\"lazy\" decoding=\"async\" class=\"wp-image-47\" style=\"width: 155px; height: 194px; margin: 10px 20px; float: left;\" title=\"Lisa Zorzato\" src=\"https:\/\/sisu.ut.ee\/wp-content\/uploads\/sites\/489\/lisa1.jpg\" alt=\"Lisa Zorzato\" width=\"186\" height=\"233\"><figcaption id=\"caption-attachment-47\" class=\"wp-caption-text\">Lisa Zorzato<\/figcaption><\/figure>\n<p><strong>Lisa Zorzato, MA, doktorant<\/strong><\/p>\n<p><a title=\"\" href=\"https:\/\/www.etis.ee\/CV\/Lisa_Zorzato001\/est\" target=\"_blank\" rel=\"noopener\" data-url=\"https:\/\/www.etis.ee\/CV\/Lisa_Zorzato001\/est\">CV ja publikatsioonid<\/a><\/p>\n<p>Lisa Zorzato on Tartu \u00dclikooli (Eesti) teadusfilosoofia doktorant. Praegu t\u00f6\u00f6tab ta Ateena Riikliku ja Kapodistriani \u00dclikooli (Kreeka) filosoofiaosakonnas. Tema uurimishuvi p\u00f6\u00f6rleb realismi ja antirealismi vahelise arutelu \u00fcmber teadusfilosoofias. N\u00fc\u00fcd keskendub ta teaduslike selgituste olemust puudutavatele k\u00fcsimustele, t\u00e4psemalt mudelite ja analoogiate rollile teooria muutustes ja teooriakonstruktsioonides.<\/p>\n<figure id=\"attachment_48\" aria-describedby=\"caption-attachment-48\" style=\"width: 192px\" class=\"wp-caption alignleft\"><img loading=\"lazy\" decoding=\"async\" class=\"wp-image-48\" style=\"width: 155px; height: 194px; margin: 10px 20px; float: left;\" title=\"Peeter M\u00fc\u00fcrsepp\" src=\"https:\/\/sisu.ut.ee\/wp-content\/uploads\/sites\/489\/peeter1.jpg\" alt=\"Peeter M\u00fc\u00fcrsepp\" width=\"192\" height=\"240\"><figcaption id=\"caption-attachment-48\" class=\"wp-caption-text\">Peeter M\u00fc\u00fcrsepp<\/figcaption><\/figure>\n<p><strong>Peeter M\u00fc\u00fcrsepp, PhD, Associate Professor, Taltech<\/strong><\/p>\n<p><a title=\"\" href=\"https:\/\/www.etis.ee\/CV\/Peeter_M%C3%BC%C3%BCrsepp\/est\" target=\"_blank\" rel=\"noopener\" data-url=\"https:\/\/www.etis.ee\/CV\/Peeter_M%C3%BC%C3%BCrsepp\/est\">CV ja publikatsioonid<\/a><\/p>\n<p>Peeter M\u00fc\u00fcrsepp t\u00f6\u00f6tab dotsendina Tallinna Tehnika\u00fclikoolis. Ta on Teadusajaloo ja Teadusfilosoofia Eesti \u00dchenduse esimees. Peeter M\u00fc\u00fcrsepp on Rahvusvahelise Teaduse Ajaloo Akadeemia korrespondentliige. Projekti raames anal\u00fc\u00fcsib ta praktilisele realismile toetuvat teadusek\u00e4sitlust ning uurib teadus- ja tehnikafilosoofia seoseid nende valdkondade ajalook\u00e4sitlemisega.<\/p>\n<figure id=\"attachment_49\" aria-describedby=\"caption-attachment-49\" style=\"width: 224px\" class=\"wp-caption alignleft\"><img loading=\"lazy\" decoding=\"async\" class=\"wp-image-49\" style=\"width: 155px; height: 194px; margin: 10px 20px; float: left;\" title=\"Riin K\u00f5iv\" src=\"https:\/\/sisu.ut.ee\/wp-content\/uploads\/sites\/489\/riin1.jpg\" alt=\"Riin K\u00f5iv\" width=\"224\" height=\"281\"><figcaption id=\"caption-attachment-49\" class=\"wp-caption-text\">Riin K\u00f5iv<\/figcaption><\/figure>\n<p style=\"margin-bottom: 8pt;\"><b>Riin K\u00f5iv, PhD, assistent\u00a0<\/b><\/p>\n<p style=\"margin-bottom: 8pt;\"><a title=\"\" href=\"https:\/\/www.etis.ee\/CV\/Riin_K%C3%B5iv\/est\" target=\"_blank\" rel=\"noopener\" data-url=\"https:\/\/www.etis.ee\/CV\/Riin_K%C3%B5iv\/est\">CV ja publikatsioonid<\/a><\/p>\n<p style=\"margin-bottom: 8pt;\"><span style=\"line-height: 106%;\"><em><span style=\"color: black;\"><span style=\"font-style: normal;\">Uurimisalad:<\/span><\/span><\/em> <span style=\"color: black;\">bioloogiafilosoofia (kaasas\u00fcndivuse m\u00f5iste, geneetiline p\u00f5hjuslikkus), sotsiaalkonstruktivisism, vaimufilosoofia (vaimne sisu, representatsioonilisus), <\/span><em><span style=\"color: black;\">nature-nurture<\/span><\/em><span style=\"color: black;\"> debatt, Ludwig Feuerbachi filosoofia<\/span><\/span><\/p>\n","protected":false},"excerpt":{"rendered":"<p>Endla L\u00f5hkivi, PhD (FL, MA, MSc), projekti vastutav t\u00e4itja, teadusfilosoofia kaasprofessor CV ja publikatsioonid Uurimisteemad: praktiline realism kui filosoofiline teadusk\u00e4situs, teadusdistsipliinide ajalugu, interdistsiplinaarne uurimistoo, teadust\u00f6\u00f6 kui kultuur, teaduskorralduse filosoofilised k\u00fcsimused. Ave Mets, PhD, teadur CV ja publikatsioonid Ave Mets t\u00f6\u00f6tab &#8230;<\/p>\n","protected":false},"author":252,"featured_media":0,"parent":0,"menu_order":0,"comment_status":"closed","ping_status":"closed","template":"","meta":{"_acf_changed":false,"inline_featured_image":false,"footnotes":""},"class_list":["post-11","page","type-page","status-publish","hentry"],"acf":[],"_links":{"self":[{"href":"https:\/\/sisu.ut.ee\/interdisphil\/wp-json\/wp\/v2\/pages\/11","targetHints":{"allow":["GET"]}}],"collection":[{"href":"https:\/\/sisu.ut.ee\/interdisphil\/wp-json\/wp\/v2\/pages"}],"about":[{"href":"https:\/\/sisu.ut.ee\/interdisphil\/wp-json\/wp\/v2\/types\/page"}],"author":[{"embeddable":true,"href":"https:\/\/sisu.ut.ee\/interdisphil\/wp-json\/wp\/v2\/users\/252"}],"replies":[{"embeddable":true,"href":"https:\/\/sisu.ut.ee\/interdisphil\/wp-json\/wp\/v2\/comments?post=11"}],"version-history":[{"count":4,"href":"https:\/\/sisu.ut.ee\/interdisphil\/wp-json\/wp\/v2\/pages\/11\/revisions"}],"predecessor-version":[{"id":130,"href":"https:\/\/sisu.ut.ee\/interdisphil\/wp-json\/wp\/v2\/pages\/11\/revisions\/130"}],"wp:attachment":[{"href":"https:\/\/sisu.ut.ee\/interdisphil\/wp-json\/wp\/v2\/media?parent=11"}],"curies":[{"name":"wp","href":"https:\/\/api.w.org\/{rel}","templated":true}]}}