{"id":79,"date":"2024-05-16T18:55:01","date_gmt":"2024-05-16T15:55:01","guid":{"rendered":"https:\/\/sisu.ut.ee\/intecol-wetlands2025\/?page_id=79"},"modified":"2024-11-04T17:42:23","modified_gmt":"2024-11-04T15:42:23","slug":"technical-tours","status":"publish","type":"page","link":"https:\/\/sisu.ut.ee\/intecol-wetlands2025\/technical-tours\/","title":{"rendered":"Technical tours"},"content":{"rendered":"<p>A traditional part of INTECOL Wetlands conferences are technical tours \u2013 field trips to relevant areas. All of them take place on Wednesday, 2nd July. They last from 8:00-16:30, lunchboxes are included. Bring appropriate clothing and footwear! You can select your favourite in the registration form.<\/p>\n\n\n\n<p><strong>Tour 1<\/strong>: <strong>The J\u00e4rvselja research complex: Free Air Humidity (FAHM) experimental site \u2013 SMEAR station \u2013 Agali-II peatland forest biogeochemical research station<\/strong><br><br>The Free Air Humidity Manipulation (FAHM) research facility was established in Estonia in 2006-2007 to elucidate the functional consequences of climate change on the growth and functioning of forest ecosystems. The impact of elevated humidity is being studied in stands with different degrees of functional complexity and on the processes within these ecosystems (water, carbon and nitrogen cycles, productivity, changes in species composition, etc.).\u00a0<\/p>\n\n\n\n<p>The SMEAR Estonia \u2013 Station for Measuring Ecosystem-Atmosphere Relation \u2013 measures greenhouse gas (GHG: CO<sub>2<\/sub> and CH<sub>4<\/sub> ) and NOx fluxes above the paludified forest canopy, using eddy covariance technique.<\/p>\n\n\n\n<p>We will end our trip at the Agali-II forest experimental site, where the impact of flooding on drained peatland forest biogeochemical cycle is studied. Carbon and nitrogen budgets will be analysed based on up-to-date GHG (CO<sub>2<\/sub>, CH4 and N2O) measurement techniques (eddy covariance, automated soil and stem chambers) and modern soil and phyllosphere microbiome analysis (qPCR, high-throughput sequenation, metagenomics)<strong><\/strong><\/p>\n\n\n\n<figure class=\"wp-block-table is-style-stripes\"><table class=\"table table-hover\"><tbody><tr><td><img decoding=\"async\" src=\"https:\/\/sisu.ut.ee\/wp-content\/uploads\/sites\/358\/agali.jpg\" alt=\"Agali station\" style=\"width: 400px;\"><\/td><td><img decoding=\"async\" src=\"https:\/\/sisu.ut.ee\/wp-content\/uploads\/sites\/358\/smear.jpg\" alt=\"SMEAR\" style=\"width: 200px;\"><\/td><td><img decoding=\"async\" src=\"https:\/\/sisu.ut.ee\/wp-content\/uploads\/sites\/358\/fahm.jpg\" alt=\"FAHM\" style=\"width: 450px;\"><\/td><\/tr><\/tbody><\/table><\/figure>\n\n\n\n<p>+<\/p>\n\n\n\n<p><strong>Tour 2<\/strong>: <strong>Lake Peipsi and restored industrial areas in North-East Estonia<\/strong><\/p>\n\n\n\n<p>The excursion is taking participants to the north eastern region of Estonia. On our way we visit Kauksi beach on the shore of Lake Peipsi (also known as Lake Peipus). Lake Peipsi is 5th\u00a0largest lake in the Europe with an area of 3555 km2\u00a0and is the largest trans-boundary lake in Europe, lying in the border between Estonia and Russia. About 30 rivers flow into the lake and is drained by only Narva river, into the Baltic Sea. Many of those rivers, especially Velikaya (Russia) and Emaj\u00f5gi are transporting nutrients from agriculture and from point sources into the lake and therefore the ecological conditions are poor and lake suffers from eutrophication.\u00a0<\/p>\n\n\n\n<p>After discussing several ecological problems that are impacting the lake we are going to Aidu quarry that is an open pit oil shale mine opened in 1974 and covering the area of about 25 km2. In 2012 Aidu quarry was closed and groundwater pumping also stopped that resulted unique artificial water bodies. These channel-shaped water bodies are ideal for canoeing and rowing and therefore modern water sports and recreation center was established. We also visit several formerly mined areas that are re-cultivated in environmentally sustainable and community-focused ways. For examples more than 14 000 hectares of land that is reforested. From Aidu quarry we hike to the top of the Sipelgam\u00e4gi hill for spectacular views across former and present industrial landscapes and have a picnic. Our last stop will take us to the Ahtme oil shale ash plateaus that formed due to wet ash removal from thermal power plants combusting oil shale.<\/p>\n\n\n\n<div class=\"wp-block-group is-nowrap is-layout-flex wp-container-core-group-is-layout-ad2f72ca wp-block-group-is-layout-flex\">\n<figure class=\"wp-block-table is-style-stripes\"><table class=\"table table-hover\"><tbody><tr><td class=\"has-text-align-left\" data-align=\"left\"><img decoding=\"async\" style=\"width: 400px;\" src=\"https:\/\/sisu.ut.ee\/wp-content\/uploads\/sites\/358\/1280px-kivioli_tuhamagi2.jpg\" alt=\"Kivi\u00f5li ash mountain\"><\/td><td>\u00a0<\/td><td class=\"has-text-align-center\" data-align=\"center\"><img decoding=\"async\" style=\"width: 360px;\" src=\"https:\/\/sisu.ut.ee\/wp-content\/uploads\/sites\/358\/1280px-kauksi_rand.jpg\" alt=\"Lake Peipsi\"><\/td><\/tr><\/tbody><\/table><\/figure>\n<\/div>\n\n\n\n<p>+<\/p>\n\n\n\n<p><strong>Tour 3<\/strong>: <strong>The V\u00f5rtsj\u00e4rv Lake Limnology Centre, paludiculture plantation, and constructed wetland for agricultural runoff treatment<\/strong><\/p>\n\n\n\n<p>The excursion is taking participants to Lake V\u00f5rtsj\u00e4rv and its surroundings. On the way to and from the Centre for Limnology (50 km from Tartu) we will visit the Lullisoo bog with Lake Mustj\u00e4rv and The berry-growing Farm Marjasoo and Lake V\u00f5rtsj\u00e4rv Visitor Centre at the mouth of the River Emaj\u00f5gi (ca 3km walking, including boardwalk).\u00a0<\/p>\n\n\n\n<p>Centre for Limnology (CL) at Lake V\u00f5rtsj\u00e4rv is hosting the Chair of Hydrobiology and Fishery (CHF) of Estonian University of Life Sciences (EMU). The history of CL goes back to year 1954 when a small field station of the Estonian Academy of Sciences was established in an abandoned farmhouse on the eastern shore of V\u00f5rtsj\u00e4rv. Today the Chair constitutes a separate part of the Institute of Agricultural and Environmental Sciences at EMU.<\/p>\n\n\n\n<p>The Lake Museum displays many fish species that inhabit the lake. The museum contains large aquariums with numerous fishes, aquatic plant and animal plankton species found in Estonian rivers and lakes. The museum also contains materials and exhibitions dedicated to the lake`s nature, its management and research activities.<\/p>\n\n\n\n<p>Lake V\u00f5rtsj\u00e4rv Visitor Centre at the outflow, the River Emaj\u00f5gi, is constructed of ecological materials \u2013 clay, wood, chipboard and straw\u2019s. The Visitor Centre provides information about tourism opportunities in Lake V\u00f5rtsj\u00e4rv region.<\/p>\n\n\n\n<p>The 15 m high wooden observation tower, located near the Visitor Center, offers a great view of Lake V\u00f5rtsj\u00e4rv and the Emaj\u00f5gi River Meadows.<\/p>\n\n\n\n<p>The Farm Marjasoo specialized in wild berry growing on exploited peatland of Lullisoo bog. The farm started in 1988 with cranberry cultivation. Since then there were added blueberry fields, experiments have been made with cowberries.<\/p>\n\n\n\n<p>V\u00e4nda free surface water constructed wetland\u00a0is located in the southeastern part of Estonia that consists of two, 0.5 ha wetlands and large sedimentation pond, which were constructed in 2015. Wetlands were created with varied bathymetry with shallow water areas that were planted with\u00a0<em>Typha latifolia<\/em>\u00a0and deep water areas for active sedimentation.The aim of the wetland system is to increase the local biodiversity and to reduce the impact of agricultural diffuse pollution to the nearby river Porij\u00f5gi.<\/p>\n\n\n\n<div class=\"wp-block-group is-nowrap is-layout-flex wp-container-core-group-is-layout-ad2f72ca wp-block-group-is-layout-flex\">\n<figure class=\"wp-block-table is-style-stripes\"><table class=\"table table-hover\"><tbody><tr><td class=\"has-text-align-right\" data-align=\"right\"><img decoding=\"async\" style=\"width: 350px;\" src=\"https:\/\/sisu.ut.ee\/wp-content\/uploads\/sites\/358\/vanda.jpg\" alt=\"V\u00e4nda constructed wetland\"><\/td><td class=\"has-text-align-center\" data-align=\"center\"><img decoding=\"async\" style=\"width: 400px;\" src=\"https:\/\/sisu.ut.ee\/wp-content\/uploads\/sites\/358\/paikese_tous_vortsjarvel.jpg\" alt=\"V\u00f5rtsj\u00e4rv Lake\"><\/td><td><\/td><\/tr><\/tbody><\/table><\/figure>\n<\/div>\n\n\n\n<p>+<\/p>\n\n\n\n<p><strong>Tour 4<\/strong>: <strong>South-Estonian landscapes: Otep\u00e4\u00e4 and Karula hilly areas with several protected sites and cultural features,\u00a0an old forest study station<\/strong><\/p>\n\n\n\n<p>The\u00a0<a href=\"https:\/\/www.kaitsealad.ee\/eng\/otepaa-nature-park-0\">Otep\u00e4\u00e4<\/a>\u00a0and\u00a0<a href=\"https:\/\/sisu.ut.ee\/biogeomon2020\/technical-tour-4\/pidlid%20-ekskusrioonid\">Karula<\/a>\u00a0uplands\u00a0are hilly areas with complex relief generated by different glacial processes. The variable pattern of different landforms is combined with long term human activities that have shaped the picturesque mosaic landscapes. The areas are rich in lakes and small mires, forest patches located on\u00a0kames and farms with small fields scattered between hills. Both areas are protected as Natura 2000 areas.<\/p>\n\n\n\n<p>However, the landscapes have undergone major landscape changes since the end of 19<sup>th<\/sup>\u00a0century. Therefore, Otep\u00e4\u00e4 and Karula have become suitable areas to examine long-term human impacts to the natural environment. Due the hilly landscapes the slash and burn cultivation was still viable in this region 120 years ago and the features are still visible in landscape. Fens and wet forests have been used as hay meadows. Large portions of these former agricultural sites are protected as Natura 2000 habitats. During this excursion, we will visit different sites and the effects of land use on the landscapes and ecosystems will be discussed.<\/p>\n\n\n\n<p>The\u00a0<strong><a href=\"https:\/\/www.sangasteloss.ee\/en\/castle\/\">Sangaste castle<\/a><\/strong>, built in 1879\u20131881 is great example of historicistic architecture. The manor complex has a large forest park in style of the English landscape garden, and an arboretum. Sangaste is Estonia\u2019s rye capital as here in 1875 Count Friedrich Magnus von Berg the landlord of Sangaste manor developed the Sangaste rye, a famous variety still used in Estonian agriculture.<\/p>\n\n\n\n<p>The\u00a0<strong>Soontaga forest station<\/strong>\u00a0is located in a 200-year-old hemi-boreal pine forest, with a second layer of spruce, in Southern Estonia. The station has the instrumentation to assess the exchange of carbon dioxide (eddy covariance-based net ecosystem exchange, NEE), soil respiration, tree biomass (above- and below-ground biomass) and different environmental and meteorological parameters. You will be introduced to studies about the forest\u2019s carbon and nitrogen budgets; in particular the role of fine-root research and data in ecosystem studies and in total carbon budgets.<\/p>\n\n\n\n<figure class=\"wp-block-table aligncenter is-style-stripes\"><table class=\"table table-hover\"><tbody><tr><td><img decoding=\"async\" src=\"https:\/\/sisu.ut.ee\/wp-content\/uploads\/sites\/358\/sugisene_karula_maasik.jpg\" alt=\"Karula hilly area\" style=\"width: 700px;\"><\/td><td><img decoding=\"async\" src=\"https:\/\/sisu.ut.ee\/wp-content\/uploads\/sites\/358\/soontaga.jpg\" alt=\"Soontaga\" style=\"width: 350px;\"><\/td><td><img decoding=\"async\" src=\"https:\/\/sisu.ut.ee\/wp-content\/uploads\/sites\/358\/1280px-sangaste_moisa_peahoone3.jpg\" alt=\"Sangaste castle\" style=\"width: 750px;\"><\/td><\/tr><\/tbody><\/table><\/figure>\n\n\n\n<p>+<\/p>\n\n\n\n<p><strong><br>Tour 5: South-East Estonian landscapes: nature and culture of Setomaa and Suur-Munam\u00e4gi, the highest hill in Estonia<br><\/strong><br>Meenikunno Nature Reserve is anwell-preserved 6000-year-old raised bog surrounded old-growth forests.It covers 2,651 hectares and was founded to maintain and protect the unique bog, the lakes, small wetland patches well as\u00a0the habitats of protected species. The south-western part of the bog arose when a body of water overgrew after the Ice Age more than 8,000 years ago. The development of the rest of the bog has started in a relatively unique way for Estonia: the bog peat has sedimented directly on the sand. The peat layers of the Meenikunno bog, which are up to six metres thick, are saturated with water but the sand beneath them is saturated only partially, so that the bog is \u2018hanging\u2019 on dry sandstone. This means that the ground water is deep down and there is a dry layer under the bog. The bog with the approximate area of 1,500 hectares is predominantly covered with scattered pine trees, but there are also several bog pools and lakes (Kamarusj\u00e4rv, Middle Suuj\u00e4rv and Big Suuj\u00e4rv). Around the bog, old-growth pine and spruce forests on sandy soil dominate.<\/p>\n\n\n\n<p>In addition\u00a0to visit to scenic bog, we will also get acquainted with future plans\u00a0to restore water level in surrounding forest areas that have been drained during\u00a0Soviet time.\u00a0<\/p>\n\n\n\n<p>The unique and culturally rich Setomaa region provides traditions and\u00a0lifestyle of Seto people. Setos are an indigenous ethnic and linguistic minority in south-eastern Estonia and north-western Russia. The Seto language (like Finnish and Estonian) belongs to the Finnic group of the Uralic languages. Along with Orthodox Christianity, vernacular traditional folk religion is widely practiced and supported by Setos. Seto Leelo \u2013 Seto polyphonic singing tradition \u2013 is listed as an Intangible Cultural Heritage element in Northern Europe by UNESCO. There are approximately 15,000 Setos around the world, but the bulk of them is found in the Setomaa region, which is divided between south-eastern Estonia (P\u00f5lva and V\u00f5ro counties) and the north-western Russian Federation (Pechorsky District of Pskov Oblast). Setos are an officially protected ethnic minority of Pskov Oblast, Russia.<\/p>\n\n\n\n<p>In Setomaa, we will visit Piusa-V\u00f5mmorski protected area where we explore the outcome of the restoration of heathland ecosystem from afforested area. In the same place, abandoned quarry has turned into habitat for Northern crested newt (Triturus cristatus). Together with the project manager, it is possible to discuss the outcome and effectiveness of restoration activities in degraded lands.<\/p>\n\n\n\n<p>On the way back to Tartu the highest place of all Baltic countries \u2013the 316 meters high Suur-Munam\u00e4gi will be visited. It is situated in very picturesque hilly region of Haanja Nature Park.<\/p>\n\n\n\n<figure class=\"wp-block-table is-style-stripes\"><table class=\"table table-hover\"><tbody><tr><td class=\"has-text-align-center\" data-align=\"center\"><img decoding=\"async\" src=\"https:\/\/sisu.ut.ee\/wp-content\/uploads\/sites\/358\/meenikunno.jpg\" alt=\"Meenikunno bog\" style=\"width: 400px;\"><\/td><td><img decoding=\"async\" src=\"https:\/\/sisu.ut.ee\/wp-content\/uploads\/sites\/358\/piusa_sand_quarry_3.jpg\" alt=\"Piusa\" style=\"width: 350px;\"><\/td><td><img decoding=\"async\" src=\"https:\/\/sisu.ut.ee\/wp-content\/uploads\/sites\/358\/nkmmjoe4.jpeg\" alt=\"Seto people\" style=\"width: 400px;\"><\/td><\/tr><\/tbody><\/table><\/figure>\n\n\n\n<p>+<\/p>\n\n\n\n<p><strong>Tour 6<\/strong>: <strong>M\u00e4nnikj\u00e4rve natural raised bog and peatland restoration sites in Laiuse and Endla<\/strong><\/p>\n\n\n\n<p>M\u00e4nnikj\u00e4rve raised bog is well known for its picturesque convex bog landscape with well established hollow-ridge-pool systems including more than 120 pools and Lake M\u00e4nnikj\u00e4rve. It forms part of\u00a0Endla Nature Reserve which main assets are the diverse wetland habitats of bogs, overgrowing lakes and karst springs. Here, in historical Tooma village mire research in Estonia started in 1910.<\/p>\n\n\n\n<p>There are eight raised bog massifs separated by rivers, bog forests and lakes, among those Linnusaare bog as on of the biggest. While core of the Linnusaare bog is in excellent natural condition and serves as strict nature reservate, silvicultural and agricultural drainage in marginal areas of the bog has been historically dug and nowadays in these areas bog restoration works have started since 2015.<\/p>\n\n\n\n<p>Laiuse bog is characteristic for drumlin area \u2013 long and narrow squeesed between drumlins but with deep peat layer atop of gyttja and lake sediments. Part of the bog was used as milled peat production area until activity abandonment in end of 1980-ies. Bog restoration in abandoned area started in 2017.<\/p>\n\n\n\n<p>The total walking distance is ca 5 km. Rubber boots or good hiking boots are recommended in Linnusaare restoration site, comfortable walking shoes can be used in M\u00e4nnikj\u00e4rve and Laiuse bogs.<\/p>\n\n\n\n<figure class=\"wp-block-gallery has-nested-images columns-default is-cropped wp-block-gallery-1 is-layout-flex wp-block-gallery-is-layout-flex\">\n<figure class=\"wp-block-image size-large\"><img loading=\"lazy\" decoding=\"async\" width=\"640\" height=\"426\" data-id=\"580\" src=\"https:\/\/sisu.ut.ee\/wp-content\/uploads\/sites\/672\/596_magical_bog_sven_zacek_72505.jpg\" alt=\"\" class=\"wp-image-580\" srcset=\"https:\/\/sisu.ut.ee\/wp-content\/uploads\/sites\/672\/596_magical_bog_sven_zacek_72505.jpg 640w, https:\/\/sisu.ut.ee\/wp-content\/uploads\/sites\/672\/596_magical_bog_sven_zacek_72505-300x200.jpg 300w\" sizes=\"auto, (max-width: 640px) 100vw, 640px\"><\/figure>\n\n\n\n<figure class=\"wp-block-image size-large\"><img loading=\"lazy\" decoding=\"async\" width=\"640\" height=\"480\" data-id=\"581\" src=\"https:\/\/sisu.ut.ee\/wp-content\/uploads\/sites\/672\/restauration_in_endla.jpg\" alt=\"\" class=\"wp-image-581\" srcset=\"https:\/\/sisu.ut.ee\/wp-content\/uploads\/sites\/672\/restauration_in_endla.jpg 640w, https:\/\/sisu.ut.ee\/wp-content\/uploads\/sites\/672\/restauration_in_endla-300x225.jpg 300w\" sizes=\"auto, (max-width: 640px) 100vw, 640px\"><figcaption class=\"wp-element-caption\">DCIM\\100MEDIA\\DJI_0147.JPG<\/figcaption><\/figure>\n<\/figure>\n\n\n\n<p><\/p>\n\n\n\n<p><strong>Tour 7<\/strong>: <strong>Emaj\u00f5gi River floodpain wetlands<\/strong><\/p>\n\n\n\n<p>Sinik\u00fcla peatland forest eddy tower and research station for carbon and nitrogen cycle studies, ship tour on Emaj\u00f5gi river, nature study path and Nature Centre of Emaj\u00f5e Suursoo (wetland complex in Emaj\u00f5gi River mouth to Lake Peipsi).<\/p>\n\n\n\n<figure class=\"wp-block-gallery has-nested-images columns-default is-cropped wp-block-gallery-2 is-layout-flex wp-block-gallery-is-layout-flex\">\n<figure class=\"wp-block-image size-large\"><img loading=\"lazy\" decoding=\"async\" width=\"224\" height=\"299\" data-id=\"562\" src=\"https:\/\/sisu.ut.ee\/wp-content\/uploads\/sites\/672\/7-1.png\" alt=\"\" class=\"wp-image-562\"><\/figure>\n\n\n\n<figure class=\"wp-block-image size-large\"><img loading=\"lazy\" decoding=\"async\" width=\"349\" height=\"466\" data-id=\"554\" src=\"https:\/\/sisu.ut.ee\/wp-content\/uploads\/sites\/672\/image-2.png\" alt=\"\" class=\"wp-image-554\" srcset=\"https:\/\/sisu.ut.ee\/wp-content\/uploads\/sites\/672\/image-2.png 349w, https:\/\/sisu.ut.ee\/wp-content\/uploads\/sites\/672\/image-2-225x300.png 225w\" sizes=\"auto, (max-width: 349px) 100vw, 349px\"><\/figure>\n\n\n\n<figure class=\"wp-block-image size-large\"><img loading=\"lazy\" decoding=\"async\" width=\"402\" height=\"242\" data-id=\"560\" src=\"https:\/\/sisu.ut.ee\/wp-content\/uploads\/sites\/672\/7-3.png\" alt=\"\" class=\"wp-image-560\" srcset=\"https:\/\/sisu.ut.ee\/wp-content\/uploads\/sites\/672\/7-3.png 402w, https:\/\/sisu.ut.ee\/wp-content\/uploads\/sites\/672\/7-3-300x181.png 300w\" sizes=\"auto, (max-width: 402px) 100vw, 402px\"><\/figure>\n<\/figure>\n\n\n\n<p><\/p>\n\n\n\n<p><strong>Tour 8<\/strong>: <strong>South-Estonian peatland restoration and folklore tour<\/strong><\/p>\n\n\n\n<p>Peatland restoration complex in Ess-soo with eddy tower station, agricultural peatland site with eddy tower station, Estonian Folk Museum (open-air, Karilatsi).<\/p>\n\n\n\n<figure class=\"wp-block-gallery has-nested-images columns-default is-cropped wp-block-gallery-3 is-layout-flex wp-block-gallery-is-layout-flex\">\n<figure class=\"wp-block-image size-large\"><img loading=\"lazy\" decoding=\"async\" width=\"284\" height=\"210\" data-id=\"559\" src=\"https:\/\/sisu.ut.ee\/wp-content\/uploads\/sites\/672\/8-1.png\" alt=\"\" class=\"wp-image-559\"><\/figure>\n\n\n\n<figure class=\"wp-block-image size-large\"><img loading=\"lazy\" decoding=\"async\" width=\"279\" height=\"209\" data-id=\"558\" src=\"https:\/\/sisu.ut.ee\/wp-content\/uploads\/sites\/672\/8-2.jpg\" alt=\"\" class=\"wp-image-558\"><\/figure>\n<\/figure>\n\n\n\n<p><\/p>\n\n\n\n<p><strong>Tour 9<\/strong>: <strong>Lake V\u00f5rtsj\u00e4rv and V\u00e4ike Emaj\u00f5gi<\/strong><\/p>\n\n\n\n<p>V\u00f5rtsj\u00e4rv Limnology Centre and barge trip on V\u00f5rtsj\u00e4rv Lake and V\u00e4ike-Emaj\u00f5gi River to Greete Motel, the tallest log house in Estonia.<\/p>\n\n\n\n<p>This tour costs 80\u20ac due to the extra costs of the barge rental and social programme on the barge.<\/p>\n\n\n\n<figure class=\"wp-block-gallery has-nested-images columns-default is-cropped wp-block-gallery-4 is-layout-flex wp-block-gallery-is-layout-flex\">\n<figure class=\"wp-block-image size-large\"><img loading=\"lazy\" decoding=\"async\" width=\"592\" height=\"208\" data-id=\"557\" src=\"https:\/\/sisu.ut.ee\/wp-content\/uploads\/sites\/672\/9-1.jpg\" alt=\"\" class=\"wp-image-557\" srcset=\"https:\/\/sisu.ut.ee\/wp-content\/uploads\/sites\/672\/9-1.jpg 592w, https:\/\/sisu.ut.ee\/wp-content\/uploads\/sites\/672\/9-1-300x105.jpg 300w\" sizes=\"auto, (max-width: 592px) 100vw, 592px\"><\/figure>\n\n\n\n<figure class=\"wp-block-image size-large\"><img loading=\"lazy\" decoding=\"async\" width=\"262\" height=\"182\" data-id=\"556\" src=\"https:\/\/sisu.ut.ee\/wp-content\/uploads\/sites\/672\/9-2.jpg\" alt=\"\" class=\"wp-image-556\"><\/figure>\n\n\n\n<figure class=\"wp-block-image size-large\"><img loading=\"lazy\" decoding=\"async\" width=\"331\" height=\"183\" data-id=\"569\" src=\"https:\/\/sisu.ut.ee\/wp-content\/uploads\/sites\/672\/9-3.jpg\" alt=\"\" class=\"wp-image-569\" srcset=\"https:\/\/sisu.ut.ee\/wp-content\/uploads\/sites\/672\/9-3.jpg 331w, https:\/\/sisu.ut.ee\/wp-content\/uploads\/sites\/672\/9-3-300x166.jpg 300w\" sizes=\"auto, (max-width: 331px) 100vw, 331px\"><\/figure>\n<\/figure>\n\n\n\n<p><\/p>\n\n\n\n<p><strong>Tour 10<\/strong>: <strong>Soomaa National Park<\/strong><\/p>\n\n\n\n<p>Kuresoo bog \u00a0the largest raised bog in Estonia (study path, unique bog-edge slope, restored part).<\/p>\n\n\n\n<figure class=\"wp-block-gallery has-nested-images columns-default is-cropped wp-block-gallery-5 is-layout-flex wp-block-gallery-is-layout-flex\">\n<figure class=\"wp-block-image size-large\"><img loading=\"lazy\" decoding=\"async\" width=\"287\" height=\"202\" data-id=\"567\" src=\"https:\/\/sisu.ut.ee\/wp-content\/uploads\/sites\/672\/10-2.jpg\" alt=\"\" class=\"wp-image-567\"><\/figure>\n\n\n\n<figure class=\"wp-block-image size-large\"><img loading=\"lazy\" decoding=\"async\" width=\"270\" height=\"202\" data-id=\"568\" src=\"https:\/\/sisu.ut.ee\/wp-content\/uploads\/sites\/672\/10-1.jpg\" alt=\"\" class=\"wp-image-568\"><\/figure>\n\n\n\n<figure class=\"wp-block-image size-large\"><img loading=\"lazy\" decoding=\"async\" width=\"345\" height=\"219\" data-id=\"566\" src=\"https:\/\/sisu.ut.ee\/wp-content\/uploads\/sites\/672\/10-3.jpg\" alt=\"\" class=\"wp-image-566\" srcset=\"https:\/\/sisu.ut.ee\/wp-content\/uploads\/sites\/672\/10-3.jpg 345w, https:\/\/sisu.ut.ee\/wp-content\/uploads\/sites\/672\/10-3-300x190.jpg 300w\" sizes=\"auto, (max-width: 345px) 100vw, 345px\"><\/figure>\n<\/figure>\n\n\n\n<p><\/p>\n\n\n\n<p><strong>Tour 11<\/strong>: <strong>Central-Estonian peatlands and history tour<\/strong><\/p>\n\n\n\n<p>Kauru raised bog, P\u00f5ltsamaa Castle and F.G.W. Struve Geodetic (Meridian) Arc World Hertage site.<\/p>\n\n\n\n<figure class=\"wp-block-gallery has-nested-images columns-default is-cropped wp-block-gallery-6 is-layout-flex wp-block-gallery-is-layout-flex\">\n<figure class=\"wp-block-image size-large\"><img loading=\"lazy\" decoding=\"async\" width=\"464\" height=\"267\" data-id=\"565\" src=\"https:\/\/sisu.ut.ee\/wp-content\/uploads\/sites\/672\/11-1.png\" alt=\"\" class=\"wp-image-565\" srcset=\"https:\/\/sisu.ut.ee\/wp-content\/uploads\/sites\/672\/11-1.png 464w, https:\/\/sisu.ut.ee\/wp-content\/uploads\/sites\/672\/11-1-300x173.png 300w\" sizes=\"auto, (max-width: 464px) 100vw, 464px\"><\/figure>\n\n\n\n<figure class=\"wp-block-image size-large\"><img loading=\"lazy\" decoding=\"async\" width=\"463\" height=\"193\" data-id=\"564\" src=\"https:\/\/sisu.ut.ee\/wp-content\/uploads\/sites\/672\/11-2.jpg\" alt=\"\" class=\"wp-image-564\" srcset=\"https:\/\/sisu.ut.ee\/wp-content\/uploads\/sites\/672\/11-2.jpg 463w, https:\/\/sisu.ut.ee\/wp-content\/uploads\/sites\/672\/11-2-300x125.jpg 300w\" sizes=\"auto, (max-width: 463px) 100vw, 463px\"><\/figure>\n\n\n\n<figure class=\"wp-block-image size-large\"><img loading=\"lazy\" decoding=\"async\" width=\"266\" height=\"313\" data-id=\"563\" src=\"https:\/\/sisu.ut.ee\/wp-content\/uploads\/sites\/672\/11-3.png\" alt=\"\" class=\"wp-image-563\" srcset=\"https:\/\/sisu.ut.ee\/wp-content\/uploads\/sites\/672\/11-3.png 266w, https:\/\/sisu.ut.ee\/wp-content\/uploads\/sites\/672\/11-3-255x300.png 255w\" sizes=\"auto, (max-width: 266px) 100vw, 266px\"><\/figure>\n<\/figure>\n","protected":false},"excerpt":{"rendered":"<p>A traditional part of INTECOL Wetlands conferences are technical tours \u2013 field trips to relevant areas. All of them take place on Wednesday, 2nd July. They last from 8:00-16:30, lunchboxes are included. Bring appropriate clothing and footwear! You can select &#8230;<\/p>\n","protected":false},"author":325,"featured_media":0,"parent":0,"menu_order":0,"comment_status":"closed","ping_status":"closed","template":"","meta":{"_acf_changed":false,"inline_featured_image":false,"footnotes":""},"class_list":["post-79","page","type-page","status-publish","hentry"],"acf":[],"_links":{"self":[{"href":"https:\/\/sisu.ut.ee\/intecol-wetlands2025\/wp-json\/wp\/v2\/pages\/79","targetHints":{"allow":["GET"]}}],"collection":[{"href":"https:\/\/sisu.ut.ee\/intecol-wetlands2025\/wp-json\/wp\/v2\/pages"}],"about":[{"href":"https:\/\/sisu.ut.ee\/intecol-wetlands2025\/wp-json\/wp\/v2\/types\/page"}],"author":[{"embeddable":true,"href":"https:\/\/sisu.ut.ee\/intecol-wetlands2025\/wp-json\/wp\/v2\/users\/325"}],"replies":[{"embeddable":true,"href":"https:\/\/sisu.ut.ee\/intecol-wetlands2025\/wp-json\/wp\/v2\/comments?post=79"}],"version-history":[{"count":30,"href":"https:\/\/sisu.ut.ee\/intecol-wetlands2025\/wp-json\/wp\/v2\/pages\/79\/revisions"}],"predecessor-version":[{"id":609,"href":"https:\/\/sisu.ut.ee\/intecol-wetlands2025\/wp-json\/wp\/v2\/pages\/79\/revisions\/609"}],"wp:attachment":[{"href":"https:\/\/sisu.ut.ee\/intecol-wetlands2025\/wp-json\/wp\/v2\/media?parent=79"}],"curies":[{"name":"wp","href":"https:\/\/api.w.org\/{rel}","templated":true}]}}