{"id":20,"date":"2024-04-03T21:16:31","date_gmt":"2024-04-03T21:16:31","guid":{"rendered":"https:\/\/sisu.ut.ee\/inquaperibaltic\/next-peribaltic-symposium\/"},"modified":"2026-03-18T11:15:53","modified_gmt":"2026-03-18T09:15:53","slug":"next-peribaltic-symposium","status":"publish","type":"page","link":"https:\/\/sisu.ut.ee\/inquaperibaltic\/","title":{"rendered":"Peribaltic Symposium 2026"},"content":{"rendered":"<p><\/p>\n\n\n\n<div class=\"wp-block-group is-layout-constrained wp-block-group-is-layout-constrained\">\n<p class=\"has-text-align-center has-large-font-size\">The next international field symposium: <\/p>\n\n\n\n<p class=\"has-text-align-center has-large-font-size\"><strong>\u201cGlacials and interglacials of the Middle and Upper Pleistocene in central Poland\u201c <\/strong><\/p>\n\n\n\n<p class=\"has-text-align-center has-large-font-size\">will take place on June 28 \u2013 July 3, 2026<\/p>\n\n\n\n<p class=\"has-text-align-center has-large-font-size\">in \u0141\u00f3d\u017a, Central Poland<\/p>\n\n\n\n<p><\/p>\n<\/div>\n\n\n\n<p><\/p>\n\n\n\n<div class=\"wp-block-group is-layout-constrained wp-block-group-is-layout-constrained\">\n<p class=\"has-light-color has-text-color has-link-color wp-elements-08554fb68a076767c53472fb1cd68dc0\"> . <\/p>\n\n\n\n<p class=\"has-text-align-left has-regular-font-size\">More information can be found in the <a href=\"https:\/\/sisu.ut.ee\/wp-content\/uploads\/sites\/112\/WPGM2026-1st-circular.pdf\"><strong>first circular<\/strong><\/a> and <a href=\"https:\/\/sisu.ut.ee\/wp-content\/uploads\/sites\/112\/SECOND-CIRCULAR-WPGM-2026.pdf\"><strong>second circular<\/strong><\/a>.<\/p>\n\n\n\n<p>Abstract template can be downloaded <a href=\"https:\/\/sisu.ut.ee\/wp-content\/uploads\/sites\/112\/abstract_templete.docx\"><strong>HERE<\/strong><\/a>.<\/p>\n<\/div>\n\n\n\n<p class=\"has-light-color has-text-color has-link-color wp-elements-a7d34ef94325cb43b1bef0713d41b007\">.<\/p>\n\n\n\n<p><\/p>\n","protected":false},"excerpt":{"rendered":"<p>The next international field symposium: \u201cGlacials and interglacials of the Middle and Upper Pleistocene in central Poland\u201c will take place on June 28 \u2013 July 3, 2026 in \u0141\u00f3d\u017a, Central Poland . More information can be found in the first &#8230;<\/p>\n","protected":false},"author":46,"featured_media":0,"parent":0,"menu_order":0,"comment_status":"closed","ping_status":"closed","template":"","meta":{"_acf_changed":false,"inline_featured_image":false,"footnotes":""},"class_list":["post-20","page","type-page","status-publish","hentry"],"acf":[],"_links":{"self":[{"href":"https:\/\/sisu.ut.ee\/inquaperibaltic\/wp-json\/wp\/v2\/pages\/20","targetHints":{"allow":["GET"]}}],"collection":[{"href":"https:\/\/sisu.ut.ee\/inquaperibaltic\/wp-json\/wp\/v2\/pages"}],"about":[{"href":"https:\/\/sisu.ut.ee\/inquaperibaltic\/wp-json\/wp\/v2\/types\/page"}],"author":[{"embeddable":true,"href":"https:\/\/sisu.ut.ee\/inquaperibaltic\/wp-json\/wp\/v2\/users\/46"}],"replies":[{"embeddable":true,"href":"https:\/\/sisu.ut.ee\/inquaperibaltic\/wp-json\/wp\/v2\/comments?post=20"}],"version-history":[{"count":30,"href":"https:\/\/sisu.ut.ee\/inquaperibaltic\/wp-json\/wp\/v2\/pages\/20\/revisions"}],"predecessor-version":[{"id":255,"href":"https:\/\/sisu.ut.ee\/inquaperibaltic\/wp-json\/wp\/v2\/pages\/20\/revisions\/255"}],"wp:attachment":[{"href":"https:\/\/sisu.ut.ee\/inquaperibaltic\/wp-json\/wp\/v2\/media?parent=20"}],"curies":[{"name":"wp","href":"https:\/\/api.w.org\/{rel}","templated":true}]}}