{"id":3,"date":"2024-04-04T08:00:47","date_gmt":"2024-04-04T05:00:47","guid":{"rendered":"https:\/\/sisu.ut.ee\/infosoda\/avaleht\/"},"modified":"2024-04-04T08:01:14","modified_gmt":"2024-04-04T05:01:14","slug":"avaleht","status":"publish","type":"page","link":"https:\/\/sisu.ut.ee\/infosoda\/","title":{"rendered":"Avaleht"},"content":{"rendered":"<div class=\"row\">\n<div class=\"col-md-12\">\n\t\t\u00a0\n\t<\/div>\n<div class=\"col-md-12\">\n\t\t<img loading=\"lazy\" decoding=\"async\" width=\"1611\" height=\"541\" class=\"alignnone wp-image-8\" src=\"https:\/\/sisu.ut.ee\/wp-content\/uploads\/sites\/558\/edutegulogo-15.png\" title=\"edutegulogo-15.png\" alt=\"logo\" srcset=\"https:\/\/sisu.ut.ee\/wp-content\/uploads\/sites\/558\/edutegulogo-15.png 1611w, https:\/\/sisu.ut.ee\/wp-content\/uploads\/sites\/558\/edutegulogo-15-300x101.png 300w, https:\/\/sisu.ut.ee\/wp-content\/uploads\/sites\/558\/edutegulogo-15-1024x344.png 1024w, https:\/\/sisu.ut.ee\/wp-content\/uploads\/sites\/558\/edutegulogo-15-768x258.png 768w, https:\/\/sisu.ut.ee\/wp-content\/uploads\/sites\/558\/edutegulogo-15-1536x516.png 1536w\" sizes=\"auto, (max-width: 1611px) 100vw, 1611px\">\n\t<\/div>\n<div class=\"col-md-12\">\n\t\t\u00a0\n\t<\/div>\n<div class=\"col-md-12\">\n<h3>\n\t\t\t\u00d5piobjekti avamiseks kl\u00f5psa allolevatele piltidele. Seej\u00e4rel avaneb vastavas keeles \u00f5piobjekt infos\u00f5ja ja infokorratuse kohta.\n<\/h3><p><em>\u041d\u0430\u0436\u043c\u0438\u0442\u0435 \u043d\u0430 \u0438\u0437\u043e\u0431\u0440\u0430\u0436\u0435\u043d\u0438\u044f \u043d\u0438\u0436\u0435, \u0447\u0442\u043e\u0431\u044b \u043e\u0442\u043a\u0440\u044b\u0442\u044c \u043e\u0431\u044a\u0435\u043a\u0442 \u043e\u0431\u0443\u0447\u0435\u043d\u0438\u044f. \u0417\u0430\u0442\u0435\u043c \u043d\u0430 \u0441\u043e\u043e\u0442\u0432\u0435\u0442\u0441\u0442\u0432\u0443\u044e\u0449\u0435\u043c \u044f\u0437\u044b\u043a\u0435 \u043e\u0442\u043a\u0440\u044b\u0432\u0430\u0435\u0442\u0441\u044f \u043e\u0431\u044a\u0435\u043a\u0442 \u0438\u0441\u0441\u043b\u0435\u0434\u043e\u0432\u0430\u043d\u0438\u044f \u043f\u043e \u0438\u043d\u0444\u043e\u0440\u043c\u0430\u0446\u0438\u043e\u043d\u043d\u043e\u0439 \u0432\u043e\u0439\u043d\u0435 \u0438 \u0438\u043d\u0444\u043e\u0440\u043c\u0430\u0446\u0438\u043e\u043d\u043d\u043e\u043c\u0443 \u0431\u0435\u0441\u043f\u043e\u0440\u044f\u0434\u043a\u0443.<\/em><br>\n\t\t\n<\/p><\/div>\n<div class=\"col-md-12\">\n\t\t\u00a0\n\t<\/div>\n<div class=\"col-md-12\">\n\t\t\u00a0\n\t<\/div>\n<div class=\"col-md-5  col-md-offset-1\">\n\t\t<a data-url=\"\/infosoda\/.\/et\" href=\"\/infosoda\/.\/et\" title=\"\"><img loading=\"lazy\" decoding=\"async\" width=\"667\" height=\"611\" class=\"alignnone wp-image-6\" style=\"max-height: 513px\" src=\"https:\/\/sisu.ut.ee\/wp-content\/uploads\/sites\/558\/et.png\" title=\"et.png\" alt=\"H5P eesti keeles\" srcset=\"https:\/\/sisu.ut.ee\/wp-content\/uploads\/sites\/558\/et.png 667w, https:\/\/sisu.ut.ee\/wp-content\/uploads\/sites\/558\/et-300x275.png 300w\" sizes=\"auto, (max-width: 667px) 100vw, 667px\"><\/a>\n\t<\/div>\n<div class=\"col-md-5\">\n\t\t<a data-url=\"\/infosoda\/.\/ru\" href=\"\/infosoda\/.\/ru\" title=\"\"><img loading=\"lazy\" decoding=\"async\" width=\"667\" height=\"611\" class=\"alignnone wp-image-7\" style=\"max-height:500px\" src=\"https:\/\/sisu.ut.ee\/wp-content\/uploads\/sites\/558\/ru.png\" title=\"ru.png\" alt=\"H5P \u043d\u0430 \u0440\u0443\u0441\u0441\u043a\u043e\u043c \u044f\u0437\u044b\u043a\u0435\" srcset=\"https:\/\/sisu.ut.ee\/wp-content\/uploads\/sites\/558\/ru.png 667w, https:\/\/sisu.ut.ee\/wp-content\/uploads\/sites\/558\/ru-300x275.png 300w\" sizes=\"auto, (max-width: 667px) 100vw, 667px\"><\/a>\n\t<\/div>\n<\/div>\n","protected":false},"excerpt":{"rendered":"<p>\u00a0 \u00a0 \u00d5piobjekti avamiseks kl\u00f5psa allolevatele piltidele. Seej\u00e4rel avaneb vastavas keeles \u00f5piobjekt infos\u00f5ja ja infokorratuse kohta. \u041d\u0430\u0436\u043c\u0438\u0442\u0435 \u043d\u0430 \u0438\u0437\u043e\u0431\u0440\u0430\u0436\u0435\u043d\u0438\u044f \u043d\u0438\u0436\u0435, \u0447\u0442\u043e\u0431\u044b \u043e\u0442\u043a\u0440\u044b\u0442\u044c \u043e\u0431\u044a\u0435\u043a\u0442 \u043e\u0431\u0443\u0447\u0435\u043d\u0438\u044f. \u0417\u0430\u0442\u0435\u043c \u043d\u0430 \u0441\u043e\u043e\u0442\u0432\u0435\u0442\u0441\u0442\u0432\u0443\u044e\u0449\u0435\u043c \u044f\u0437\u044b\u043a\u0435 \u043e\u0442\u043a\u0440\u044b\u0432\u0430\u0435\u0442\u0441\u044f \u043e\u0431\u044a\u0435\u043a\u0442 \u0438\u0441\u0441\u043b\u0435\u0434\u043e\u0432\u0430\u043d\u0438\u044f \u043f\u043e \u0438\u043d\u0444\u043e\u0440\u043c\u0430\u0446\u0438\u043e\u043d\u043d\u043e\u0439 \u0432\u043e\u0439\u043d\u0435 \u0438 \u0438\u043d\u0444\u043e\u0440\u043c\u0430\u0446\u0438\u043e\u043d\u043d\u043e\u043c\u0443 \u0431\u0435\u0441\u043f\u043e\u0440\u044f\u0434\u043a\u0443. \u00a0 \u00a0<\/p>\n","protected":false},"author":280,"featured_media":0,"parent":0,"menu_order":0,"comment_status":"closed","ping_status":"closed","template":"","meta":{"_acf_changed":false,"inline_featured_image":false,"footnotes":""},"class_list":["post-3","page","type-page","status-publish","hentry"],"acf":[],"_links":{"self":[{"href":"https:\/\/sisu.ut.ee\/infosoda\/wp-json\/wp\/v2\/pages\/3","targetHints":{"allow":["GET"]}}],"collection":[{"href":"https:\/\/sisu.ut.ee\/infosoda\/wp-json\/wp\/v2\/pages"}],"about":[{"href":"https:\/\/sisu.ut.ee\/infosoda\/wp-json\/wp\/v2\/types\/page"}],"author":[{"embeddable":true,"href":"https:\/\/sisu.ut.ee\/infosoda\/wp-json\/wp\/v2\/users\/280"}],"replies":[{"embeddable":true,"href":"https:\/\/sisu.ut.ee\/infosoda\/wp-json\/wp\/v2\/comments?post=3"}],"version-history":[{"count":1,"href":"https:\/\/sisu.ut.ee\/infosoda\/wp-json\/wp\/v2\/pages\/3\/revisions"}],"predecessor-version":[{"id":19,"href":"https:\/\/sisu.ut.ee\/infosoda\/wp-json\/wp\/v2\/pages\/3\/revisions\/19"}],"wp:attachment":[{"href":"https:\/\/sisu.ut.ee\/infosoda\/wp-json\/wp\/v2\/media?parent=3"}],"curies":[{"name":"wp","href":"https:\/\/api.w.org\/{rel}","templated":true}]}}