{"id":9,"date":"2024-04-04T00:42:21","date_gmt":"2024-04-03T21:42:21","guid":{"rendered":"https:\/\/sisu.ut.ee\/infootsitugi\/10-info-leidmine-internetist\/"},"modified":"2025-08-18T09:33:36","modified_gmt":"2025-08-18T06:33:36","slug":"10-info-leidmine-internetist","status":"publish","type":"page","link":"https:\/\/sisu.ut.ee\/infootsitugi\/10-info-leidmine-internetist\/","title":{"rendered":"10. Info leidmine internetist"},"content":{"rendered":"<p>Kursusel on eraldi k\u00e4sitletud e-kataloogi ESTER, Eesti artiklite andmebaasi ISE, digiarhiivi DSpace, mis on k\u00f5ik internetis vabalt k\u00e4ttesaadavad infokogumid, kuid mille sisu on Google\u2019iga raske v\u00f5i v\u00f5imatu leida. Enne otsima asumist on tarvis teada,<strong>\u00a0kust infot otsida<\/strong>. Ideid info leiukohtade kohta veebis saab raamatukogude kodulehek\u00fclgedelt. Tartu \u00dclikooli raamatukogu kodulehel saab eraldi valida avatud juurdep\u00e4\u00e4suga andmebaasid (<a href=\"https:\/\/utlib.ut.ee\/et\/andmebaasid\" target=\"_blank\" rel=\"noopener\">https:\/\/utlib.ut.ee\/et\/andmebaasid<\/a>).<\/p>\n<p>Kuna internetti saavad k\u00f5ik infot \u00fcles riputada ning selle sisu pole eelnevalt hinnatud ega kontrollitud, on interneti otsingumootoritega saadud tulemused erineva kvaliteediga.<\/p>\n<h2>Avatud juurdep\u00e4\u00e4s\u00a0<img loading=\"lazy\" decoding=\"async\" width=\"20\" height=\"31\" class=\"alignnone wp-image-36\" style=\"margin-left: 10px; margin-right: 10px;\" title=\"open_access_logo_20px.png\" src=\"https:\/\/sisu.ut.ee\/wp-content\/uploads\/sites\/133\/open_access_logo_20px.png\" alt=\"open_access_logo_20px.png\"><\/h2>\n<p>Avatud juurdep\u00e4\u00e4su (ingl k <em>Open Access policy<\/em>) eesm\u00e4rk on\u00a0anda vaba juurdep\u00e4\u00e4s teadustulemustele. T\u00e4nu sellele kasvab pidevalt internetis vabalt k\u00e4ttesaadavate teadusartiklite, uurimist\u00f6\u00f6de ja teadusandmete hulk. Neid on k\u00f5ige parem leida Google Scholariga ja teiste spetsiaalselt teadusinfo leidmiseks m\u00f5eldud otsingumootoritega. Osa materjale on oskuslikul kasutamisel ka Google\u2019iga k\u00e4ttesaadavad.<\/p>\n<h2>Andmebaasid<\/h2>\n<p>Andmebaasid on kas tasulised, kus t\u00e4istekstile tuleb osta juurdep\u00e4\u00e4s, t\u00e4ielikult v\u00f5i osaliselt vaba juurdep\u00e4\u00e4suga. Reeglina nende sisu guugeldamisega ei leia, kuid paljud neist on leitavad Google Scholariga. Vaadake ka vabalt k\u00e4ttesaadavate andmebaaside loetelu Wikipedias (<a href=\"\/\/en.wikipedia.org\/wiki\/List_of_academic_databases_and_search_engines\" target=\"_blank\" rel=\"noopener\">https:\/\/en.wikipedia.org\/wiki\/List_of_academic_databases_and_search_engines).<\/a><\/p>\n<h2>Teemaportaalid<\/h2>\n<p>Teemaportaalid on\u00a0organisatsioonide ja asutuste erialased lingikogud.<\/p>\n<p>HEA: pidevalt t\u00e4iendatavate portaalide sisu on teemakohane ning usaldusv\u00e4\u00e4rne, sest lingid on reeglina erialaspetsialistide valitud.<\/p>\n<p>HALB: paljude tuntud teemaportaalide sisu raha puudusel \u00a0enam ei t\u00e4iendata ning neist saadav info on vananenud. N\u00e4ited toimivatest teemaportaalidest:<\/p>\n<ul>\n<li>Finna (<a style=\"background-color: #ffffff;\" href=\"https:\/\/www.finna.fi\/\" target=\"_blank\" rel=\"noopener\">https:\/\/www.finna.fi\/<\/a>) on Soome raamatukogude, arhiivide ja muuseumide \u00fchine andmebaas. Suur osa materjalist on vabalt k\u00e4ttesaadav<\/li>\n<li>International Encyclopedia of the First World War (<a style=\"background-color: #ffffff;\" href=\"http:\/\/www.1914-1918-online.net\/\" target=\"_blank\" rel=\"noopener\">http:\/\/www.1914-1918-online.net\/<\/a>)<\/li>\n<\/ul>\n<h2>Otsingumootorid<\/h2>\n<p>Otsingumootorid aitavad leida \u00fcha kasvavat materjalide hulka. Otsingumootorid leiavad teatud t\u00fc\u00fcpi allikaid, k\u00f5ikidesse infokogudesse ei p\u00e4\u00e4se neist ligi mitte \u00fckski. Selleks on olemas spetsiifilised otsingumootoreid, mis leiavad kindlat t\u00fc\u00fcpi allikaid.<\/p>\n<h3>Google\u00a0<img loading=\"lazy\" decoding=\"async\" width=\"32\" height=\"32\" class=\"alignnone wp-image-37\" title=\"google_32.png\" src=\"https:\/\/sisu.ut.ee\/wp-content\/uploads\/sites\/133\/google_32.png\" alt=\"google_32.png\">\u00a0<a title=\"\" href=\"https:\/\/google.com\/\" target=\"_blank\" rel=\"noopener\" data-url=\"https:\/\/google.com\/\">https:\/\/google.com<\/a><\/h3>\n<p>Google\u00a0teeb k\u00f5ige laiema otsingu ja on v\u00e4ga hea pealkirja j\u00e4rgi raamatute, artiklite, asutuste v\u00f5i dokumentide leidmisel. Ka uurimist\u00f6\u00f6ks v\u00f5ib leida Google\u2019iga sobivat materjali, kui otsingus\u00f5nad on h\u00e4sti valitud. Uurimist\u00f6\u00f6ks materjali otsimisel on palju kasu Google\u2019i t\u00e4psema otsingu vormist.<\/p>\n<p><\/p><div class=\"ratio ratio-16x9 mb-3\"><div class=\"video-placeholder-wrapper video-placeholder-wrapper--16x9\">\n\t\t\t    <div class=\"video-placeholder d-flex justify-content-center align-items-center\">\n\t\t\t        <div class=\"overlay text-white p-2 w-100 text-center d-block justify-content-center align-items-center\">\n\t\t\t            <div>Kolmandate osapoolte sisu n\u00e4gemiseks palun n\u00f5ustu k\u00fcpsistega.<\/div>\n\t\t\t            <button class=\"btn btn-secondary btn-sm mt-1 consent-change\">Muuda n\u00f5usolekut<\/button>\n\t\t\t        <\/div>\n\t\t\t    <\/div>\n\t\t\t<\/div>\n<\/div>\n<p>Vaata veel Google\u2019i otsingu metam\u00e4rke ja strateegiaid siit:\u00a0<b id=\"docs-internal-guid-c6fb9833-7fff-6734-93e3-a10dd0d97182\"><a href=\"https:\/\/ahrefs.com\/blog\/google-advanced-search-operators\/\" target=\"_blank\" rel=\"noopener\">https:\/\/ahrefs.com\/blog\/google-advanced-search-operators\/<\/a><\/b><\/p>\n<p>Alati pole Google otsingust \u00fcldse abi.<\/p>\n<table class=\"table table-hover\" style=\"background-color: #f2f2f2; border-color: #ddd; border-width: 1px; width: 100%;\" border=\"1\">\n<tbody>\n<tr>\n<td><img loading=\"lazy\" decoding=\"async\" width=\"60\" height=\"50\" class=\"alignnone wp-image-43\" style=\"float: left;\" title=\"harjutus.png\" src=\"https:\/\/sisu.ut.ee\/wp-content\/uploads\/sites\/133\/harjutus.png\" alt=\"harjutus.png\">\n<h6>N\u00e4iteks v\u00f5rrelge, milliseid tulemusi saate Google\u2019ist ja e-kataloogist ESTER v\u00f5i artiklite andmebaasis ISE geneetika-alaste uurimist\u00f6\u00f6de otsimisel.<\/h6>\n<\/td>\n<\/tr>\n<\/tbody>\n<\/table>\n<h3>Google Scholar\u00a0<strong style=\"background-color: #ffffff;\"><a style=\"background-color: #ffffff;\" href=\"scholar.google.com\" target=\"_blank\" rel=\"noopener\"><img loading=\"lazy\" decoding=\"async\" width=\"40\" height=\"40\" class=\"alignnone wp-image-38\" title=\"scholar_ikoon.jpg\" src=\"https:\/\/sisu.ut.ee\/wp-content\/uploads\/sites\/133\/scholar_ikoon.jpg\" alt=\"scholar_ikoon.jpg\"><\/a>\u00a0<\/strong><a title=\"\" href=\"https:\/\/scholar.google.com\/\" target=\"_blank\" rel=\"noopener\" data-url=\"https:\/\/scholar.google.com\/\">https:\/\/scholar.google.com<\/a><\/h3>\n<p>Google Scholar otsib teadusartikleid, raamatuid ja uurimist\u00f6id. Tulemused sarnanevad teadusandmebaaside otsingutulemustega, kuid p\u00e4ringu tegemine sarnaneb tavalisele Google\u2019ile.<\/p>\n<table class=\"table table-hover\" style=\"background-color: #f2f2f2; border-color: #ddd; border-width: 1px; width: 100%;\" border=\"1\">\n<tbody>\n<tr>\n<td><img loading=\"lazy\" decoding=\"async\" width=\"70\" height=\"60\" class=\"alignnone wp-image-21\" style=\"float: left;\" title=\"info3.png\" src=\"https:\/\/sisu.ut.ee\/wp-content\/uploads\/sites\/133\/info3.png\" alt=\"a\">\n<h6>Huvi korral lugege lisaks peat\u00fckki\u00a0<em>Teadusartiklid ja Google Scholar<\/em>\u00a0 \u2013\u00a0<a href=\"https:\/\/sisu.ut.ee\/internetgymn\/teadusartiklid-ja-google-scholar\" target=\"_blank\" rel=\"noopener\">https:\/\/sisu.ut.ee\/internetgymn\/teadusartiklid-ja-google-scholar<\/a>.<\/h6>\n<\/td>\n<\/tr>\n<\/tbody>\n<\/table>\n<p><\/p><div class=\"ratio ratio-16x9 mb-3\"><div class=\"video-placeholder-wrapper video-placeholder-wrapper--16x9\">\n\t\t\t    <div class=\"video-placeholder d-flex justify-content-center align-items-center\">\n\t\t\t        <div class=\"overlay text-white p-2 w-100 text-center d-block justify-content-center align-items-center\">\n\t\t\t            <div>Kolmandate osapoolte sisu n\u00e4gemiseks palun n\u00f5ustu k\u00fcpsistega.<\/div>\n\t\t\t            <button class=\"btn btn-secondary btn-sm mt-1 consent-change\">Muuda n\u00f5usolekut<\/button>\n\t\t\t        <\/div>\n\t\t\t    <\/div>\n\t\t\t<\/div>\n<\/div>\n<h5><\/h5>\n<h3>BASE\u00a0<img loading=\"lazy\" decoding=\"async\" width=\"70\" height=\"18\" class=\"alignnone wp-image-41\" title=\"base.png\" src=\"https:\/\/sisu.ut.ee\/wp-content\/uploads\/sites\/133\/base.png\" alt=\"base.png\">\u00a0<a title=\"\" href=\"https:\/\/www.base-search.net\/\" target=\"_blank\" rel=\"noopener\" data-url=\"https:\/\/www.base-search.net\/\">http:\/\/www.base-search.net\/<\/a><\/h3>\n<p>BASE leiab \u00fclikoolide, instituutide ja asutuste arthiividest artiklid, v\u00e4itekirjad, fotod ja videod. Neist enamus on vaba juurdep\u00e4\u00e4suga.<\/p>\n<h2>Erialablogid\u00a0<strong style=\"font-size: 14px; line-height: 21px;\"><img loading=\"lazy\" decoding=\"async\" width=\"33\" height=\"33\" class=\"alignnone wp-image-39\" style=\"margin-left: 10px; margin-right: 10px;\" title=\"social_blog.png\" src=\"https:\/\/sisu.ut.ee\/wp-content\/uploads\/sites\/133\/social_blog.png\" alt=\"social_blog.png\"><\/strong><\/h2>\n<p>Erialablogid v\u00f5ivad kuuluda teadlastele, uurimisgruppidele v\u00f5i teadusasutustele. Need sisaldavad teadusuudiseid, arutelusid ja viiteid t\u00e4helepanuv\u00e4\u00e4rsetele artiklitele, raamatutele ja veebilehtedele. Neis juhitakse t\u00e4helepanu kallutatud meediakajastustele. N\u00e4iteks\u00a0<em>Pros ja cons<\/em> (<a href=\"http:\/\/www.procon.org\/\" target=\"_blank\" rel=\"noopener\">http:\/\/www.procon.org\/<\/a>)\u00a0on erainitsiatiivil p\u00f5hinev veebileht, kus tuuakse v\u00e4lja meedias ilmunud vastuk\u00e4iv info vaidlusi tekitanud teemadel. Erialablogidest on kasu ka info hindamisel.<\/p>\n<h3>Vikipeedia\u00a0<strong style=\"font-size: 14px; line-height: 21px;\"><img loading=\"lazy\" decoding=\"async\" width=\"50\" height=\"46\" class=\"alignnone wp-image-40\" title=\"50px-wikipedia-logo-v2.svg_.png\" src=\"https:\/\/sisu.ut.ee\/wp-content\/uploads\/sites\/133\/50px-wikipedia-logo-v2.svg_.png\" alt=\"50px-wikipedia-logo-v2.svg_.png\"><\/strong>\u00a0<a href=\"https:\/\/et.wikipedia.org\/\" target=\"_blank\" rel=\"noopener\">https:\/\/et.wikipedia.org<\/a>\/<\/h3>\n<p>Vikipeedia\u00a0on maailma mahukaim ja enim kasutatud ents\u00fcklopeedia, mis on hea allikas uue teema kohta info leidmisel ja definitsioonide t\u00e4psustamisel. Vikipeedia tase on eba\u00fchtlane. Info kasutamisel uurimist\u00f6\u00f6s juhinduge Vikipeedia meeskonna soovitustest. T\u00e4psemalt on sellest juttu peat\u00fckis\u00a0<a href=\"https:\/\/sisu.ut.ee\/infootsitugi\/12-vikipeedia-artikli-hindamine\" target=\"_blank\" rel=\"noopener\"><em>Vikipeedia artikli hindamine<\/em><\/a>.<\/p>\n<h2>Kasutatud allikad:<\/h2>\n<ul>\n<li>Blakeman, K. (2013).\u00a0Google and Google Scholar for Research Information. <a href=\"http:\/\/www.slideshare.net\/KarenBlakeman\/scholar-research-information\" target=\"_blank\" rel=\"noopener\">http:\/\/www.slideshare.net\/KarenBlakeman\/scholar-research-information<\/a>\u00a0(1.02.2020)<\/li>\n<li>Tay, A. (2015). 5 things Google Scholar does better than your library discovery service. <a style=\"background-color: #ffffff;\" href=\"http:\/\/musingsaboutlibrarianship.blogspot.com.ee\/2015\/07\/5-things-google-scholar-does-better.html\" target=\"_blank\" rel=\"noopener\">http:\/\/musingsaboutlibrarianship.blogspot.com.ee\/2015\/07\/5-things-google\u2026<\/a>.\u00a0(1.02.2020)<\/li>\n<\/ul>\n","protected":false},"excerpt":{"rendered":"<p>Kursusel on eraldi k\u00e4sitletud e-kataloogi ESTER, Eesti artiklite andmebaasi ISE, digiarhiivi DSpace, mis on k\u00f5ik internetis vabalt k\u00e4ttesaadavad infokogumid, kuid mille sisu on Google\u2019iga raske v\u00f5i v\u00f5imatu leida. Enne otsima asumist on tarvis teada,\u00a0kust infot otsida. Ideid info leiukohtade kohta &#8230;<\/p>\n","protected":false},"author":5,"featured_media":0,"parent":0,"menu_order":0,"comment_status":"closed","ping_status":"closed","template":"","meta":{"_acf_changed":false,"inline_featured_image":false,"footnotes":""},"class_list":["post-9","page","type-page","status-publish","hentry"],"acf":[],"_links":{"self":[{"href":"https:\/\/sisu.ut.ee\/infootsitugi\/wp-json\/wp\/v2\/pages\/9","targetHints":{"allow":["GET"]}}],"collection":[{"href":"https:\/\/sisu.ut.ee\/infootsitugi\/wp-json\/wp\/v2\/pages"}],"about":[{"href":"https:\/\/sisu.ut.ee\/infootsitugi\/wp-json\/wp\/v2\/types\/page"}],"author":[{"embeddable":true,"href":"https:\/\/sisu.ut.ee\/infootsitugi\/wp-json\/wp\/v2\/users\/5"}],"replies":[{"embeddable":true,"href":"https:\/\/sisu.ut.ee\/infootsitugi\/wp-json\/wp\/v2\/comments?post=9"}],"version-history":[{"count":5,"href":"https:\/\/sisu.ut.ee\/infootsitugi\/wp-json\/wp\/v2\/pages\/9\/revisions"}],"predecessor-version":[{"id":428,"href":"https:\/\/sisu.ut.ee\/infootsitugi\/wp-json\/wp\/v2\/pages\/9\/revisions\/428"}],"wp:attachment":[{"href":"https:\/\/sisu.ut.ee\/infootsitugi\/wp-json\/wp\/v2\/media?parent=9"}],"curies":[{"name":"wp","href":"https:\/\/api.w.org\/{rel}","templated":true}]}}