{"id":8,"date":"2024-04-04T00:42:21","date_gmt":"2024-04-03T21:42:21","guid":{"rendered":"https:\/\/sisu.ut.ee\/infootsitugi\/8-eesti-e-varamu\/"},"modified":"2025-10-03T21:13:53","modified_gmt":"2025-10-03T18:13:53","slug":"8-eesti-e-varamu","status":"publish","type":"page","link":"https:\/\/sisu.ut.ee\/infootsitugi\/8-eesti-e-varamu\/","title":{"rendered":"8. Eesti e-varamu"},"content":{"rendered":"<p>Eesti e-varamu portaal\u00a0(<a style=\"background-color: #ffffff;\" href=\"http:\/\/e-varamu.ee\" target=\"_blank\" rel=\"noopener\">http:\/\/e-varamu.ee<\/a>) on Eesti raamatukogude, muuseumide ja arhiivide \u00fchine otsinguportaal.<\/p>\n<p>\u00dchisotsing sarnaneb Google\u2019i otsinguga, kuid otsing tehakse kindlates andmebaasides, mitte kogu veebis. \u00dchisotsingumootoritel on palju erinevaid v\u00f5imalusi otsingu t\u00e4psustamiseks, mis muudab otsimise mugavamaks, annab ideid otsingute varieerimiseks ning seel\u00e4bi ka v\u00f5imalusi paremate otsingutulemuste saamiseks. Kui t\u00e4istekstid on olemas, siis nendele on link.<\/p>\n<p>E-varamus saab teha otsinguid paljudes Eesti andmebaasides korraga (n\u00e4iteks e-kataloog ESTER, artiklite andmebaas ISE, \u00fclikoolide digiarhiivid ja muuseumide ning arhiivide digiteeritud kogud).<\/p>\n<p><img loading=\"lazy\" decoding=\"async\" class=\"alignnone size-large wp-image-400\" src=\"https:\/\/sisu.ut.ee\/wp-content\/uploads\/sites\/133\/Screenshot-2025-03-27-104145-1024x314.png\" alt=\"\" width=\"1024\" height=\"314\" srcset=\"https:\/\/sisu.ut.ee\/wp-content\/uploads\/sites\/133\/Screenshot-2025-03-27-104145-1024x314.png 1024w, https:\/\/sisu.ut.ee\/wp-content\/uploads\/sites\/133\/Screenshot-2025-03-27-104145-300x92.png 300w, https:\/\/sisu.ut.ee\/wp-content\/uploads\/sites\/133\/Screenshot-2025-03-27-104145-768x235.png 768w, https:\/\/sisu.ut.ee\/wp-content\/uploads\/sites\/133\/Screenshot-2025-03-27-104145.png 1342w\" sizes=\"auto, (max-width: 1024px) 100vw, 1024px\"><\/p>\n<h5 style=\"text-align: center;\">E-varamu avaleht<\/h5>\n<p>E-varamu portaal valmis 2015. a l\u00f5pus ning seda t\u00e4iendatakse ja arendatakse pidevalt. Praegu v\u00f5ivad otsingutulemused eraldi andmebaasides olla t\u00e4ielikumad kui portaali vahendusel saadud, kuid siit saab siiski hea \u00fclevaate erinevates andmekogudes paiknevast teabest.<\/p>\n<p>Lihtotsingusse\u00a0sisestatud s\u00f5nu otsitakse automaatselt operaatoriga AND, st k\u00f5ik s\u00f5nad peavad esinema.\u00a0Saab kasutada metam\u00e4rke. \u00a0K\u00fcsim\u00e4rk ? asendab \u00fche t\u00e4he, t\u00e4rn* suvalise arvu t\u00e4hti s\u00f5na keskel v\u00f5i l\u00f5pus.<\/p>\n<p>Otsingutulemusi saab vasakult erinevate tunnuste j\u00e4rgi filtreerida. Tulemused on vaikimisi j\u00e4rjestatud relevantsuse j\u00e4rgi, st k\u00f5ige asjakohasemad on eespool. Kl\u00f5psates <em>J\u00e4rjesta<\/em>, saab tulemusi j\u00e4rjestada ka muude tunnuste j\u00e4rgi.<\/p>\n<p><\/p><div class=\"accordion mb-3\">\n        <div class=\"accordion-item accordion-item--white\">\n        <h2 class=\"accordion-header\" id=\"accordion-69d5373ed6f64-heading\">\n            <button class=\"accordion-button collapsed\" type=\"button\" data-bs-toggle=\"collapse\" data-bs-target=\"#accordion-69d5373ed6f64-collapse\" aria-expanded=\"true\" aria-controls=\"accordion-69d5373ed6f64-collapse\">N\u00e4ide e-varamu otsinguv\u00f5imalustest<\/button>\n        <\/h2>\n        <div id=\"accordion-69d5373ed6f64-collapse\" class=\"accordion-collapse collapse\" aria-labelledby=\"accordion-69d5373ed6f64-heading\">\n            <div class=\"accordion-body\">\n<p><img loading=\"lazy\" decoding=\"async\" class=\"alignnone size-large wp-image-446\" src=\"https:\/\/sisu.ut.ee\/wp-content\/uploads\/sites\/133\/Screenshot-2025-10-03-211046-1024x757.png\" alt=\"\" width=\"1024\" height=\"757\" srcset=\"https:\/\/sisu.ut.ee\/wp-content\/uploads\/sites\/133\/Screenshot-2025-10-03-211046-1024x757.png 1024w, https:\/\/sisu.ut.ee\/wp-content\/uploads\/sites\/133\/Screenshot-2025-10-03-211046-300x222.png 300w, https:\/\/sisu.ut.ee\/wp-content\/uploads\/sites\/133\/Screenshot-2025-10-03-211046-768x568.png 768w, https:\/\/sisu.ut.ee\/wp-content\/uploads\/sites\/133\/Screenshot-2025-10-03-211046.png 1209w\" sizes=\"auto, (max-width: 1024px) 100vw, 1024px\"><\/p>\n<p><\/p><\/div>\n        <\/div>\n        <\/div>\n    <\/div>\n","protected":false},"excerpt":{"rendered":"<p>Eesti e-varamu portaal\u00a0(http:\/\/e-varamu.ee) on Eesti raamatukogude, muuseumide ja arhiivide \u00fchine otsinguportaal. \u00dchisotsing sarnaneb Google\u2019i otsinguga, kuid otsing tehakse kindlates andmebaasides, mitte kogu veebis. \u00dchisotsingumootoritel on palju erinevaid v\u00f5imalusi otsingu t\u00e4psustamiseks, mis muudab otsimise mugavamaks, annab ideid otsingute varieerimiseks ning seel\u00e4bi &#8230;<\/p>\n","protected":false},"author":5,"featured_media":0,"parent":0,"menu_order":0,"comment_status":"closed","ping_status":"closed","template":"","meta":{"_acf_changed":false,"inline_featured_image":false,"footnotes":""},"class_list":["post-8","page","type-page","status-publish","hentry"],"acf":[],"_links":{"self":[{"href":"https:\/\/sisu.ut.ee\/infootsitugi\/wp-json\/wp\/v2\/pages\/8","targetHints":{"allow":["GET"]}}],"collection":[{"href":"https:\/\/sisu.ut.ee\/infootsitugi\/wp-json\/wp\/v2\/pages"}],"about":[{"href":"https:\/\/sisu.ut.ee\/infootsitugi\/wp-json\/wp\/v2\/types\/page"}],"author":[{"embeddable":true,"href":"https:\/\/sisu.ut.ee\/infootsitugi\/wp-json\/wp\/v2\/users\/5"}],"replies":[{"embeddable":true,"href":"https:\/\/sisu.ut.ee\/infootsitugi\/wp-json\/wp\/v2\/comments?post=8"}],"version-history":[{"count":12,"href":"https:\/\/sisu.ut.ee\/infootsitugi\/wp-json\/wp\/v2\/pages\/8\/revisions"}],"predecessor-version":[{"id":450,"href":"https:\/\/sisu.ut.ee\/infootsitugi\/wp-json\/wp\/v2\/pages\/8\/revisions\/450"}],"wp:attachment":[{"href":"https:\/\/sisu.ut.ee\/infootsitugi\/wp-json\/wp\/v2\/media?parent=8"}],"curies":[{"name":"wp","href":"https:\/\/api.w.org\/{rel}","templated":true}]}}