{"id":7,"date":"2024-04-04T00:42:21","date_gmt":"2024-04-03T21:42:21","guid":{"rendered":"https:\/\/sisu.ut.ee\/infootsitugi\/2-sustemaatiline-infootsing\/"},"modified":"2025-08-18T07:30:10","modified_gmt":"2025-08-18T04:30:10","slug":"2-sustemaatiline-infootsing","status":"publish","type":"page","link":"https:\/\/sisu.ut.ee\/infootsitugi\/2-sustemaatiline-infootsing\/","title":{"rendered":"2. S\u00fcstemaatiline infootsing"},"content":{"rendered":"<p>S\u00fcstemaatiline infootsing t\u00e4hendab otsingus\u00f5nade p\u00f5hjalikku l\u00e4bim\u00f5tlemist, s\u00fcnon\u00fc\u00fcmide, laiemate ja kitsamate m\u00f5istete ja seotud s\u00f5nade kaasamist ning omavahelist kombineerimist operaatoritega AND, OR ja NOT.<\/p>\n\n\n\n<p>Otsingus\u00f5nu saab t\u00e4psustada Eesti m\u00e4rks\u00f5nastiku (<a href=\"https:\/\/ems.elnet.ee\/\" data-type=\"link\" data-id=\"https:\/\/ems.elnet.ee\/\" target=\"_blank\" rel=\"noreferrer noopener\">https:\/\/ems.elnet.ee\/<\/a>) abil. <a href=\"#\" data-bs-toggle=\"modal\" data-bs-target=\"#popup-modal\" data-title=\"M\u00e4rks\u00f5nad\" data-content=\"infoallika v\u00f5i selle osa ainestikku t\u00e4histav s\u00f5na v\u00f5i s\u00f5na\u00fchend\">M\u00e4rks\u00f5nad<\/a>\u00a0kirjeldavad <a href=\"#\" data-bs-toggle=\"modal\" data-bs-target=\"#popup-modal\" data-title=\"teavikute\" data-content=\"mis tahes materiaalne objekt, millele on talletatud informatsioon, nt tr\u00fckis, foto, heliplaat\">teavikute<\/a>\u00a0sisu. Kasutage <a href=\"#\" data-bs-toggle=\"modal\" data-bs-target=\"#popup-modal\" data-title=\"m\u00e4rks\u00f5nastikust\" data-content=\"m\u00e4rks\u00f5nade korrastatud loetelu\">m\u00e4rks\u00f5nastikust<\/a>\u00a0v\u00f5etud s\u00f5nu otsingul, et saada t\u00e4psemaid tulemusi.<\/p>\n\n\n\n<p>Video tutvustab m\u00e4rks\u00f5nade leidmist ja p\u00e4ringu koostamise p\u00f5him\u00f5tteid.<\/p>\n\n\n\n<div class=\"ratio ratio-16x9 mb-3\"><div class=\"video-placeholder-wrapper video-placeholder-wrapper--16x9\">\n\t\t\t    <div class=\"video-placeholder d-flex justify-content-center align-items-center\">\n\t\t\t        <div class=\"overlay text-white p-2 w-100 text-center d-block justify-content-center align-items-center\">\n\t\t\t            <div>Kolmandate osapoolte sisu n\u00e4gemiseks palun n\u00f5ustu k\u00fcpsistega.<\/div>\n\t\t\t            <button class=\"btn btn-secondary btn-sm mt-1 consent-change\">Muuda n\u00f5usolekut<\/button>\n\t\t\t        <\/div>\n\t\t\t    <\/div>\n\t\t\t<\/div>\n<\/div>\n\n\n\n<h5 class=\"wp-block-heading\">Video asukoht: <a href=\"https:\/\/panopto.ut.ee\/Panopto\/Pages\/Viewer.aspx?id=b3e7624a-9ff8-442a-9376-b14800d0b1fb\">https:\/\/panopto.ut.ee\/Panopto\/Pages\/Viewer.aspx?id=b3e7624a-9ff8-442a-9376-b14800d0b1fb<\/a><\/h5>\n\n\n\n<p>Loogikaoperaatorite kasutamist n\u00e4itlikustab The Boolean Machine<\/p>\n\n\n\n<p><a href=\"https:\/\/www.schrockwell.com\/rbs3k\/boolean\/\" data-type=\"link\" data-id=\"https:\/\/www.schrockwell.com\/rbs3k\/boolean\/\" target=\"_blank\" rel=\"noreferrer noopener\">https:\/\/www.schrockwell.com\/rbs3k\/boolean\/<\/a>.<\/p>\n\n\n\n<p>Kl\u00f5psake sellel lingil ning libistage hiirega \u00fcle klotside AND OR NOT ja vaadake, kuidas operaatorid t\u00f6\u00f6tavad.<\/p>\n\n\n\n<ul class=\"wp-block-list\">\n<li><strong><span data-mce-mark=\"1\">AND<\/span><\/strong><span data-mce-mark=\"1\">\u00a0piirab otsingut, p\u00e4ringus sellega \u00fchendatud s\u00f5nad peavad k\u00f5ik leitavates dokumentides esinema.<\/span><\/li>\n\n\n\n<li><strong><span data-mce-mark=\"1\">OR<\/span><\/strong><span data-mce-mark=\"1\">\u00a0laiendab otsingut, esinema peab kas \u00fcks v\u00f5i teine\u00a0(v\u00e4hemalt \u00fcks) operaatoriga OR \u00fchendatud s\u00f5nadest.<\/span><\/li>\n\n\n\n<li><strong>NOT<\/strong>\u00a0kitsendab otsingut, esimene s\u00f5na peab esinema, teine ei tohi esineda. Nii saab v\u00e4listada m\u00f5ne s\u00f5na esinemist leitavates dokumentides.<\/li>\n<\/ul>\n\n\n\n<figure class=\"wp-block-table\"><table class=\"table table-hover\"><tbody><tr><td><img loading=\"lazy\" decoding=\"async\" width=\"70\" height=\"60\" class=\"alignnone wp-image-21\" style=\"float: left;\" title=\"info3.png\" src=\"https:\/\/sisu.ut.ee\/wp-content\/uploads\/sites\/133\/info3.png\" alt=\"a\">\n<h6>Huvi korral lugege lisamaterjale infootsingu p\u00f5him\u00f5tete kohta <a href=\"https:\/\/sisu.ut.ee\/otsing\" target=\"_blank\" rel=\"noopener\">https:\/\/sisu.ut.ee\/otsing<\/a><\/h6>\n<\/td><\/tr><\/tbody><\/table><\/figure>\n\n\n\n<h2 class=\"wp-block-heading\">Andmebaasi valimine. \u00dcldised ja erialased andmebaasid.<\/h2>\n\n\n\n<p>Teemakohaseid raamatuid ja artikleid aitavad leida kataloogid ja andmebaasid.<\/p>\n\n\n\n<p>Raamatukogude kataloogid sisaldavad andmeid raamatukogudes leiduvate raamatute, ajakirjade ja muude teavikute kohta. Nad n\u00e4itavad, millised teavikud on raamatukogudes olemas, kus nad raamatukogus t\u00e4pselt asuvad ning kas soovitud teavik on hetkel k\u00e4ttesaadav v\u00f5i v\u00e4lja laenutatud.<\/p>\n\n\n\n<p>E-kataloog ESTER (<a href=\"https:\/\/www.ester.ee\/\" data-type=\"link\" data-id=\"https:\/\/www.ester.ee\/\" target=\"_blank\" rel=\"noreferrer noopener\">https:\/\/www.ester.ee\/<\/a>) on Tartu ja Tallinna suuremate raamatukogude \u00fchiskataloog. E-kataloog ei sisalda infot artiklite kohta.<\/p>\n\n\n\n<p>Artikleid aitavad leida artiklite andmebaasid, mis sisaldavad infot v\u00e4ga paljudes ajakirjades ilmunud artiklikte kohta ja sageli ka linke artiklite t\u00e4istekstidele.<\/p>\n\n\n\n<p>\u00dcldise sisuga andmebaasid sisaldavad infot erinevatest valdkondadest. Nt Eesti artiklite andmebaas ISE v\u00f5i EBSCO andmebaasid Academic Search Ultimate ja MasterFILE Premier. Need sobivad v\u00e4ga h\u00e4sti nii m\u00f5nel \u00fcldhuvitaval teemal kui ka erialaseks infootsinguks.<\/p>\n\n\n\n<p>Erialased andmebaasid koondavad infot \u00fche valdkonna v\u00f5i kitsama eriala ilmunud artiklite kohta, nt EBSCO andmebaaside all k\u00e4ttesaadavad haridusalane andmebaas ERIC, meditsiiniandmebaas MEDLINE jt. Enamasti sisaldavad nad infot ka muude v\u00e4ljaannete kohta, nt raamatud, konverentsimaterjalid, v\u00e4itekirjad).<\/p>\n\n\n\n<h2 class=\"wp-block-heading\">Kasutatud allikad<\/h2>\n\n\n\n<ul class=\"wp-block-list\">\n<li>Raamatukogus\u00f5nastik,<span id=\"docs-internal-guid-8706bed4-16c9-2f41-c419-4150ddb40dae\"> <\/span><a href=\"https:\/\/sonaveeb.ee\/ds\/rara\" data-type=\"link\" data-id=\"https:\/\/sonaveeb.ee\/ds\/rara\" target=\"_blank\" rel=\"noreferrer noopener\">https:\/\/sonaveeb.ee\/ds\/rara<\/a><\/li>\n<\/ul>\n","protected":false},"excerpt":{"rendered":"<p>S\u00fcstemaatiline infootsing t\u00e4hendab otsingus\u00f5nade p\u00f5hjalikku l\u00e4bim\u00f5tlemist, s\u00fcnon\u00fc\u00fcmide, laiemate ja kitsamate m\u00f5istete ja seotud s\u00f5nade kaasamist ning omavahelist kombineerimist operaatoritega AND, OR ja NOT. Otsingus\u00f5nu saab t\u00e4psustada Eesti m\u00e4rks\u00f5nastiku (https:\/\/ems.elnet.ee\/) abil. \u00a0kirjeldavad \u00a0sisu. Kasutage \u00a0v\u00f5etud s\u00f5nu otsingul, et saada t\u00e4psemaid tulemusi. &#8230;<\/p>\n","protected":false},"author":5,"featured_media":0,"parent":0,"menu_order":0,"comment_status":"closed","ping_status":"closed","template":"","meta":{"_acf_changed":false,"inline_featured_image":false,"footnotes":""},"class_list":["post-7","page","type-page","status-publish","hentry"],"acf":[],"_links":{"self":[{"href":"https:\/\/sisu.ut.ee\/infootsitugi\/wp-json\/wp\/v2\/pages\/7","targetHints":{"allow":["GET"]}}],"collection":[{"href":"https:\/\/sisu.ut.ee\/infootsitugi\/wp-json\/wp\/v2\/pages"}],"about":[{"href":"https:\/\/sisu.ut.ee\/infootsitugi\/wp-json\/wp\/v2\/types\/page"}],"author":[{"embeddable":true,"href":"https:\/\/sisu.ut.ee\/infootsitugi\/wp-json\/wp\/v2\/users\/5"}],"replies":[{"embeddable":true,"href":"https:\/\/sisu.ut.ee\/infootsitugi\/wp-json\/wp\/v2\/comments?post=7"}],"version-history":[{"count":7,"href":"https:\/\/sisu.ut.ee\/infootsitugi\/wp-json\/wp\/v2\/pages\/7\/revisions"}],"predecessor-version":[{"id":424,"href":"https:\/\/sisu.ut.ee\/infootsitugi\/wp-json\/wp\/v2\/pages\/7\/revisions\/424"}],"wp:attachment":[{"href":"https:\/\/sisu.ut.ee\/infootsitugi\/wp-json\/wp\/v2\/media?parent=7"}],"curies":[{"name":"wp","href":"https:\/\/api.w.org\/{rel}","templated":true}]}}