{"id":6,"date":"2024-04-04T00:42:20","date_gmt":"2024-04-03T21:42:20","guid":{"rendered":"https:\/\/sisu.ut.ee\/infootsitugi\/1-ettevalmistus-infootsinguks\/"},"modified":"2025-09-30T17:23:04","modified_gmt":"2025-09-30T14:23:04","slug":"1-ettevalmistus-infootsinguks","status":"publish","type":"page","link":"https:\/\/sisu.ut.ee\/infootsitugi\/1-ettevalmistus-infootsinguks\/","title":{"rendered":"1. Ettevalmistus infootsinguks"},"content":{"rendered":"<p><\/p><div class=\"ratio ratio-16x9 mb-3\"><div class=\"video-placeholder-wrapper video-placeholder-wrapper--16x9\">\n\t\t\t    <div class=\"video-placeholder d-flex justify-content-center align-items-center\">\n\t\t\t        <div class=\"overlay text-white p-2 w-100 text-center d-block justify-content-center align-items-center\">\n\t\t\t            <div>Kolmandate osapoolte sisu n\u00e4gemiseks palun n\u00f5ustu k\u00fcpsistega.<\/div>\n\t\t\t            <button class=\"btn btn-secondary btn-sm mt-1 consent-change\">Muuda n\u00f5usolekut<\/button>\n\t\t\t        <\/div>\n\t\t\t    <\/div>\n\t\t\t<\/div>\n<\/div>\n<h5>Video asukoht: <a href=\"http:\/\/panopto.ut.ee\/Panopto\/Pages\/Viewer.aspx?id=1a7a63de-0fe7-4b17-8a34-bab48be2daba\" target=\"_blank\" rel=\"noopener\">http:\/\/panopto.ut.ee\/Panopto\/Pages\/Viewer.aspx?id=1a7a63de-0fe7-4b17-8a34-bab48be2daba<\/a><\/h5>\n<h2>Enne info otsimist<\/h2>\n<p>\u00d6eldakse, et hea k\u00fcsimus on pool vastust. See kehtib kindlasti ka infootsingul.<\/p>\n<p>Selleks, et infootsing ei oleks juhuslik guugeldamine, vaid l\u00e4bim\u00f5eldud ja tulemuslik, soovitame:<\/p>\n<p><strong>1) <\/strong><strong>Panna kirja esialgne teema\/uurimisk\u00fcsimus<\/strong><\/p>\n<p>Hea teema sisaldab rohkemat kui lihtsalt valdkond (nt: korvpall; valimised, eesti ajalugu). Tuleks valida kindel suund v\u00f5i aspekt, mida t\u00e4psemalt antud teema juures uurida, sest muidu l\u00e4heb fookus liiga laiali.<\/p>\n<p>Teemat tuleb piirata nii ajas kui ka ruumis. N\u00e4iteks <span data-mce-mark=\"1\">\u2013<\/span> uurida pigem oma valda\/linna ja maakonda kui kogu Eestit; oma kooli, mitte k\u00f5iki \u00f5pilasi; valida v\u00e4lja kas jooksev aasta v\u00f5i kindel periood, mitte j\u00e4tta ajapiire lahtiseks.<\/p>\n<p style=\"padding-left: 60px;\">N\u00e4ited:<\/p>\n<p style=\"padding-left: 60px;\"><em>\u00d5pilaste spordiharrastuste m\u00f5ju \u00f5ppet\u00f6\u00f6le \u2026 g\u00fcmnaasiumi n\u00e4itel;<\/em><\/p>\n<p style=\"padding-left: 60px;\"><em>\u2026 g\u00fcmnaasiumi \u00f5pilaste suhtumine valimis\u00f5iguse langetamisele 16. eluaastale;<\/em><\/p>\n<p style=\"padding-left: 60px;\"><em>Tartu rinde kaitselahingud 1944. aastal vms.<\/em><\/p>\n<p><strong>2) <\/strong><strong>Leida s\u00fcnon\u00fc\u00fcmid<\/strong><\/p>\n<p>Sagedaseim viga, mis infootsija teeb, on kinni j\u00e4\u00e4mine esialgse s\u00f5nastuse juurde, mis p\u00e4he tuli.<\/p>\n<p>Laiendamaks oma v\u00f5imalusi mitmek\u00fclgset infot leida, tuleks panna kirja k\u00f5ik esialgse teemaga seonduvad s\u00f5nad.<\/p>\n<p>Abimehed:<\/p>\n<ul>\n<li>S\u00fcnon\u00fc\u00fcmis\u00f5nastik: <a href=\"http:\/\/www.eki.ee\/dict\/sys\/\" target=\"_blank\" rel=\"noopener\">http:\/\/www.eki.ee\/dict\/sys\/<\/a><\/li>\n<li>Eesti m\u00e4rks\u00f5nastik: <a href=\"https:\/\/ems.elnet.ee\/\" target=\"_blank\" rel=\"noopener\">https:\/\/ems.elnet.ee\/<\/a><\/li>\n<li>Vikipeedia ja erinevad oskuss\u00f5nastikud (vt nt Eesti terminit\u00f6\u00f6 oskuss\u00f5nastike loendit\u00a0<a title=\"\" href=\"http:\/\/terminoloogia.ee\/loend\/\" target=\"_blank\" rel=\"noopener\" data-url=\"http:\/\/terminoloogia.ee\/loend\/\">http:\/\/terminoloogia.ee\/loend<\/a>\/)<\/li>\n<\/ul>\n<p>S\u00fcnon\u00fc\u00fcmide kohta v\u00f5ib n\u00f5u k\u00fcsida ka tekstirobotilt.<\/p>\n<table class=\"table table-hover\" style=\"width: 100%; background-color: #f2f2f2; border: 1px solid #dddddd;\" border=\"1\">\n<tbody>\n<tr>\n<td>\n<h6><img loading=\"lazy\" decoding=\"async\" width=\"70\" height=\"61\" class=\"alignnone wp-image-22\" style=\"float: left;\" title=\"oluline.png\" src=\"https:\/\/sisu.ut.ee\/wp-content\/uploads\/sites\/133\/oluline.png\" alt=\"oluline.png\">Erinevate s\u00fcnon\u00fc\u00fcmsete m\u00f5istete, teemakohaste terminite ja kaudsemalt seotud s\u00f5nade kaardistamiseks ja visualiseerimiseks on hea koostada kas \u00fclevaatlik m\u00f5istekaart, s\u00f5napilv, tabel v\u00f5i kasv\u00f5i lihtsalt veebidokument, mida saate pidevalt t\u00e4iendada.<\/h6>\n<\/td>\n<\/tr>\n<\/tbody>\n<\/table>\n<p><strong>3) <\/strong><strong>T\u00e4psustada t\u00f6\u00f6 k\u00e4igus teemat\/uurimisk\u00fcsimust<\/strong><\/p>\n<p>Teema s\u00f5nastuse osas on hea olla paindlik ja seda vajadusel t\u00f6\u00f6 k\u00e4igus ka t\u00e4psustate, kui on selgunud, millises suunas oma uurimisk\u00fcsimuse seate. Samas, mida varem fookuse paika saab, seda parem.<\/p>\n<p>Uurimisk\u00fcsimus on k\u00fcsimus, millele oma uurimist\u00f6\u00f6 k\u00e4igus p\u00fc\u00fcate vastust leida.<\/p>\n<p>N\u00e4iteks<\/p>\n<ul>\n<li><strong>mida<\/strong><\/li>\n<li><strong>kuidas <\/strong><\/li>\n<li><strong>miks<\/strong><\/li>\n<\/ul>\n<p>uurimist\u00f6\u00f6s k\u00e4sitletakse?<\/p>\n<p>Oluline on l\u00e4bi m\u00f5elda ka uurimist\u00f6\u00f6 metoodika (k\u00fcsitlus, m\u00f5\u00f5tmine, osalusvaatlus vms). N\u00e4iteks kui viite uurimist\u00f6\u00f6 k\u00e4igus l\u00e4bi k\u00fcsitluse kooli \u00f5pilaste seas, siis infot otsima asudes v\u00f5ivad kasulikuks osutuda ka teised selle metoodikaga tehtud uurimist\u00f6\u00f6d. Seega soovitame l\u00e4heneda erinevate nurkade alt infole, mida otsite, sest kasuks tuleb ka taustainfo v\u00f5i v\u00f5rdlusmaterjal oma t\u00f6\u00f6 p\u00f5hiaspekti k\u00f5rval.<\/p>\n<p style=\"padding-left: 60px;\">N\u00e4ited teema t\u00e4psustamisest metoodika j\u00e4rgi:<\/p>\n<p style=\"padding-left: 60px;\"><em>\u00d5pilaste tegevused vahetundides \u2026 koolis tehtud vaatluste p\u00f5hjal.<\/em><\/p>\n<p style=\"padding-left: 60px;\"><em>Kooli roll heaolu loomisel \u2026 koolis tehtud pedagoogide ja \u00f5pilaste k\u00fcsitluse v\u00f5rdlemisel.<\/em><\/p>\n<table class=\"table table-hover\" style=\"width: 100%; background-color: #f2f2f2; border: 1px solid #dddddd;\" border=\"1\">\n<tbody>\n<tr>\n<td><img loading=\"lazy\" decoding=\"async\" width=\"70\" height=\"61\" class=\"alignnone wp-image-22\" style=\"float: left;\" title=\"oluline.png\" src=\"https:\/\/sisu.ut.ee\/wp-content\/uploads\/sites\/133\/oluline.png\" alt=\"oluline.png\">\n<h6>Teema v\u00f5i uurimisk\u00fcsimuse s\u00f5nastamisel pidage n\u00f5u ka juhendajaga \u2013\u00a0v\u00f5ib-olla on temal juba ees kindel n\u00e4gemus, mida peaksite uurima v\u00f5i nimekiri v\u00f5imalikest uurimisteemadest.<\/h6>\n<\/td>\n<\/tr>\n<\/tbody>\n<\/table>\n","protected":false},"excerpt":{"rendered":"<p>Kolmandate osapoolte sisu n\u00e4gemiseks palun n\u00f5ustu k\u00fcpsistega. Muuda n\u00f5usolekut Video asukoht: http:\/\/panopto.ut.ee\/Panopto\/Pages\/Viewer.aspx?id=1a7a63de-0fe7-4b17-8a34-bab48be2daba Enne info otsimist \u00d6eldakse, et hea k\u00fcsimus on pool vastust. See kehtib kindlasti ka infootsingul. Selleks, et infootsing ei oleks juhuslik guugeldamine, vaid l\u00e4bim\u00f5eldud ja tulemuslik, soovitame: 1) &#8230;<\/p>\n","protected":false},"author":5,"featured_media":0,"parent":0,"menu_order":0,"comment_status":"closed","ping_status":"closed","template":"","meta":{"_acf_changed":false,"inline_featured_image":false,"footnotes":""},"class_list":["post-6","page","type-page","status-publish","hentry"],"acf":[],"_links":{"self":[{"href":"https:\/\/sisu.ut.ee\/infootsitugi\/wp-json\/wp\/v2\/pages\/6","targetHints":{"allow":["GET"]}}],"collection":[{"href":"https:\/\/sisu.ut.ee\/infootsitugi\/wp-json\/wp\/v2\/pages"}],"about":[{"href":"https:\/\/sisu.ut.ee\/infootsitugi\/wp-json\/wp\/v2\/types\/page"}],"author":[{"embeddable":true,"href":"https:\/\/sisu.ut.ee\/infootsitugi\/wp-json\/wp\/v2\/users\/5"}],"replies":[{"embeddable":true,"href":"https:\/\/sisu.ut.ee\/infootsitugi\/wp-json\/wp\/v2\/comments?post=6"}],"version-history":[{"count":3,"href":"https:\/\/sisu.ut.ee\/infootsitugi\/wp-json\/wp\/v2\/pages\/6\/revisions"}],"predecessor-version":[{"id":442,"href":"https:\/\/sisu.ut.ee\/infootsitugi\/wp-json\/wp\/v2\/pages\/6\/revisions\/442"}],"wp:attachment":[{"href":"https:\/\/sisu.ut.ee\/infootsitugi\/wp-json\/wp\/v2\/media?parent=6"}],"curies":[{"name":"wp","href":"https:\/\/api.w.org\/{rel}","templated":true}]}}