{"id":4,"date":"2024-04-04T00:42:20","date_gmt":"2024-04-03T21:42:20","guid":{"rendered":"https:\/\/sisu.ut.ee\/infootsitugi\/9-ebsco-andmebaasid\/"},"modified":"2025-10-10T15:52:03","modified_gmt":"2025-10-10T12:52:03","slug":"9-ebsco-andmebaasid","status":"publish","type":"page","link":"https:\/\/sisu.ut.ee\/infootsitugi\/9-ebsco-andmebaasid\/","title":{"rendered":"9. EBSCO andmebaasid"},"content":{"rendered":"<div class=\"ratio ratio-16x9 mb-3\"><div class=\"video-placeholder-wrapper video-placeholder-wrapper--16x9\">\n\t\t\t    <div class=\"video-placeholder d-flex justify-content-center align-items-center\">\n\t\t\t        <div class=\"overlay text-white p-2 w-100 text-center d-block justify-content-center align-items-center\">\n\t\t\t            <div>Kolmandate osapoolte sisu n\u00e4gemiseks palun n\u00f5ustu k\u00fcpsistega.<\/div>\n\t\t\t            <button class=\"btn btn-secondary btn-sm mt-1 consent-change\">Muuda n\u00f5usolekut<\/button>\n\t\t\t        <\/div>\n\t\t\t    <\/div>\n\t\t\t<\/div>\n<\/div>\n\n\n<p>EBSCO platvormil (<a style=\"background-color: #ffffff;\" href=\"http:\/\/search.ebscohost.com\/\" target=\"_blank\" rel=\"noopener\">http:\/\/search.ebscohost.com\/<\/a>)\u00a0on palju erinevaid andmebaase, mis sisaldavad teadusajakirju, populaarteaduslikke ajakirju, raamatuid, \u00f5ppematerjale, pilte jm.\u00a0EBSCO andmebaasid on kasutajale terves Eestis tasuta, nende eest maksab Eesti riik. <span id=\"docs-internal-guid-4f81c0d7-f136-3186-f5bb-2ccca3d289d3\">EBSCO on \u00fclikoolides \u00fcks enamkasutatavaid platvorme, seet\u00f5ttu on selle tundmine eeliseks n\u00e4iteks neile, kes kavatsevad \u00f5pinguid k\u00f5rgkoolis j\u00e4tkata.\u00a0<\/span>\u00d5ppides kasutama EBSCOt, saate oskuse, mis on igale \u00fcli\u00f5pilasele vajalik.<\/p>\n<p><span id=\"docs-internal-guid-4f81c0d7-f136-3186-f5bb-2ccca3d289d3\" data-mce-mark=\"1\"><span data-mce-mark=\"1\">K\u00f5ige t\u00e4psemad tulemused saab \u00fches kindlas andmebaasis otsides, kuid kuna andmebaase on v\u00e4ga palju, aitavad \u00fchisotsingud teemast \u00fclevaadet saada. Otsides paljudes andmebaasides korraga, v\u00f5ib alustada lihtsamast p\u00e4ringust, reeglina on \u00fchisotsingu t\u00e4psustamine mugav. Kui t\u00e4istekstid on olemas, siis nendele on link. <\/span><\/span><\/p>\n<p>Otsingus\u00f5nad peavad olema inglise keeles. Nende leidmisel on abiks <em>Eesti m\u00e4rks\u00f5nastik<\/em> (<a href=\"http:\/\/ems.elnet.ee\" target=\"_blank\" rel=\"noopener\">http:\/\/ems.elnet.ee<\/a>), kust leiate eestikeelsetele terminitele ingliskeelsed vasted.<\/p>\n<p>EBSCO andmebaasidesse p\u00e4\u00e4sete aadressil <a style=\"background-color: #ffffff;\" href=\"http:\/\/search.ebscohost.com\/\" target=\"_blank\" rel=\"noopener\">http:\/\/search.ebscohost.com\/<\/a>\u00a0. EBSCO andmebaaside kasutamiseks on tarvis parooli. K\u00fcsige seda raamatukogust, mille lugeja te olete. Sisse logides kl\u00f5psake EBSCOhost Web,<\/p>\n<p>Kuvatakse otsinguleht, kus on vaikimisi valitud otsinguks andmebaas\u00a0\u00a0<strong>Academic Search Ultimate, <\/strong>mis on suur andmebaas, kust leiate artikleid k\u00f5ikidel teemadel. Selle andmebaasi nimel kl\u00f5psates kuvatakse EBSCO platvormil k\u00f5ikide teile k\u00e4ttesaadavate andmebaaside nimekiri. Otsingusse tasub kaasata ka andmebaas <strong>Master File Premiere<\/strong>, mis on spetsiaalselt rahvaraamatukogudele suunatud andmebaas ja sisaldab ka \u00f5pilaste uurimist\u00f6\u00f6deks sobivat materjali.<\/p>\n<p>Otsingulehel on vaikimisi ees lihtotsingu kast, kus otsingus\u00f5nu saab kombineerida Boole\u2019i operaatoritega AND, OR ja NOT.<\/p>\n<p><img loading=\"lazy\" decoding=\"async\" class=\"alignnone size-large wp-image-363\" src=\"https:\/\/sisu.ut.ee\/wp-content\/uploads\/sites\/133\/Screenshot-2025-01-16-154113-1024x204.png\" alt=\"\" width=\"1024\" height=\"204\" srcset=\"https:\/\/sisu.ut.ee\/wp-content\/uploads\/sites\/133\/Screenshot-2025-01-16-154113-1024x204.png 1024w, https:\/\/sisu.ut.ee\/wp-content\/uploads\/sites\/133\/Screenshot-2025-01-16-154113-300x60.png 300w, https:\/\/sisu.ut.ee\/wp-content\/uploads\/sites\/133\/Screenshot-2025-01-16-154113-768x153.png 768w, https:\/\/sisu.ut.ee\/wp-content\/uploads\/sites\/133\/Screenshot-2025-01-16-154113.png 1066w\" sizes=\"auto, (max-width: 1024px) 100vw, 1024px\"><\/p>\n<p>Kl\u00f5psates paremal <strong>Advanced Search<\/strong>, avaneb liitotsingu kast, kus saate paremal iga rea juures linnukesel kl\u00f5psates valida, millistelt v\u00e4ljadelt otsitakse. Rohkem tulemusi saate siis, kui otsite termineid artiklite tekstidest (TX All Text), saab ka valida, et otsitakse autorite, pealkirja, m\u00e4rks\u00f5nade v\u00f5i sisukokkuv\u00f5tte hulgast ja on veel muid tunnuseid.\u00a0 Alustuseks v\u00f5ib ka v\u00e4lja valimata j\u00e4tta. Vasakul saab valida, kuidas otsingus\u00f5nad omavahel siduda (AND, OR, NOT).\u00a0 \u00dche m\u00f5iste k\u00f5ik s\u00fcnon\u00fc\u00fcmid sisestage \u00fchele reale\u00a0 ja nende vahele k\u00e4ib siis operaator OR.<\/p>\n<p>N\u00e4iteks otsime teadusartikleid jalgpallurite f\u00fcsioteraapiav\u00f5imaluste kohta. Otsinguv\u00e4lja j\u00e4tame valimata. Allpool m\u00e4rgime \u00e4ra, et soovime leida t\u00e4istekste eelretsenseeritud teadusajakirjadest. Seda valikut saab teha ka hiljem otsingutulemuste lehel.<\/p>\n<p><img loading=\"lazy\" decoding=\"async\" class=\"alignnone size-large wp-image-386\" src=\"https:\/\/sisu.ut.ee\/wp-content\/uploads\/sites\/133\/Screenshot-2025-01-19-114353-1024x450.png\" alt=\"\" width=\"1024\" height=\"450\" srcset=\"https:\/\/sisu.ut.ee\/wp-content\/uploads\/sites\/133\/Screenshot-2025-01-19-114353-1024x450.png 1024w, https:\/\/sisu.ut.ee\/wp-content\/uploads\/sites\/133\/Screenshot-2025-01-19-114353-300x132.png 300w, https:\/\/sisu.ut.ee\/wp-content\/uploads\/sites\/133\/Screenshot-2025-01-19-114353-768x337.png 768w, https:\/\/sisu.ut.ee\/wp-content\/uploads\/sites\/133\/Screenshot-2025-01-19-114353.png 1207w\" sizes=\"auto, (max-width: 1024px) 100vw, 1024px\"><\/p>\n<p>Otsingutulemuste lehel on erinevad v\u00f5imalused tulemuste piiramiseks. Selleks kl\u00f5psake tulemuste lehel vasakul \u00fcleval <strong>All filters<\/strong>. Tulemuste leht muutub tumedaks ning\u00a0<strong>paremal on v\u00f5imalused tulemuste piiramiseks<\/strong>. K\u00f5igepealt kuvatakse juba enne otsingut rakendatud filtrid (<em>Active filters<\/em>) ning seej\u00e4rel muud v\u00f5imalused: ilmumisaeg; andmebaasid, kust tulemusi saadi; allika t\u00fc\u00fcbid (nt populaarteaduslikud ajakirjad, teadusajakirjad, meelelahutusliku sisuga ajakirjad); m\u00e4rks\u00f5nad (Subject); v\u00e4ljaanded (Publication), kust tulemusi leiti jne.<\/p>\n<p><img loading=\"lazy\" decoding=\"async\" class=\"alignnone size-large wp-image-377\" src=\"https:\/\/sisu.ut.ee\/wp-content\/uploads\/sites\/133\/Screenshot-2025-01-18-170931-1024x539.png\" alt=\"\" width=\"1024\" height=\"539\" srcset=\"https:\/\/sisu.ut.ee\/wp-content\/uploads\/sites\/133\/Screenshot-2025-01-18-170931-1024x539.png 1024w, https:\/\/sisu.ut.ee\/wp-content\/uploads\/sites\/133\/Screenshot-2025-01-18-170931-300x158.png 300w, https:\/\/sisu.ut.ee\/wp-content\/uploads\/sites\/133\/Screenshot-2025-01-18-170931-768x404.png 768w, https:\/\/sisu.ut.ee\/wp-content\/uploads\/sites\/133\/Screenshot-2025-01-18-170931.png 1468w\" sizes=\"auto, (max-width: 1024px) 100vw, 1024px\"><\/p>\n<p>Artikli pealkirjal kl\u00f5psates leiate paremal nupud selle salvestamiseks, viite kopeerimiseks, oma kausta lisamiseks, jagamiseks ja allalaadimiseks. Kirje all on ka t\u00e4isteksti lingid.<\/p>\n<p><img loading=\"lazy\" decoding=\"async\" class=\"alignnone size-full wp-image-379\" src=\"https:\/\/sisu.ut.ee\/wp-content\/uploads\/sites\/133\/Screenshot-2025-01-18-172518.png\" alt=\"\" width=\"970\" height=\"347\" srcset=\"https:\/\/sisu.ut.ee\/wp-content\/uploads\/sites\/133\/Screenshot-2025-01-18-172518.png 970w, https:\/\/sisu.ut.ee\/wp-content\/uploads\/sites\/133\/Screenshot-2025-01-18-172518-300x107.png 300w, https:\/\/sisu.ut.ee\/wp-content\/uploads\/sites\/133\/Screenshot-2025-01-18-172518-768x275.png 768w\" sizes=\"auto, (max-width: 970px) 100vw, 970px\"><\/p>\n<table class=\"table table-hover\" style=\"background-color: #f2f2f2; width: 100%; border: 1px solid #dddddd;\" border=\"1\">\n<tbody>\n<tr>\n<td><img loading=\"lazy\" decoding=\"async\" width=\"70\" height=\"61\" class=\"alignnone wp-image-22\" style=\"float: left;\" title=\"oluline.png\" src=\"https:\/\/sisu.ut.ee\/wp-content\/uploads\/sites\/133\/oluline.png\" alt=\"oluline.png\">\n<h6>K\u00fcsige EBSCO kasutajatunnuseid raamatukogust, mille lugeja olete.<br>Moodle\u2019i kursusel osalejad leiavad kasutajatunnused kursuse avalehel vastava\u00a0n\u00e4dala all.<br>T\u00dc raamatukogu lugejad saavad kasutajatunnuseid k\u00fcsida aadressil\u00a0<a href=\"mailto:paring@ut.ee\">paring@ut.ee<\/a>. Kasutajatunnused muutuvad igal aastal oktoobris.<\/h6>\n<\/td>\n<\/tr>\n<\/tbody>\n<\/table>\n<table class=\"table table-hover\" style=\"background-color: #f2f2f2; width: 100%; border: 1px solid #dddddd;\" border=\"1\">\n<tbody>\n<tr>\n<td><img loading=\"lazy\" decoding=\"async\" width=\"70\" height=\"60\" class=\"alignnone wp-image-21\" style=\"float: left;\" title=\"info3.png\" src=\"https:\/\/sisu.ut.ee\/wp-content\/uploads\/sites\/133\/info3.png\" alt=\"a\">\n<h6>Huvi korral lugege lisamaterjale EBSCO andmebaaside kohta <a href=\"https:\/\/sisu.ut.ee\/ebscogymn\/\" target=\"_blank\" rel=\"noopener\">https:\/\/sisu.ut.ee\/ebscogymn\/<\/a><\/h6>\n<\/td>\n<\/tr>\n<\/tbody>\n<\/table>\n<h2>Kasutatud allikad<\/h2>\n<ul>\n<li>EBSCO kasutusjuhend\u00a0<a href=\"http:\/\/support.ebsco.com\/help\/\" target=\"_blank\" rel=\"noopener\">http:\/\/support.ebsco.com\/help\/<\/a><\/li>\n<\/ul>","protected":false},"excerpt":{"rendered":"<p>Kolmandate osapoolte sisu n\u00e4gemiseks palun n\u00f5ustu k\u00fcpsistega. Muuda n\u00f5usolekut EBSCO platvormil (http:\/\/search.ebscohost.com\/)\u00a0on palju erinevaid andmebaase, mis sisaldavad teadusajakirju, populaarteaduslikke ajakirju, raamatuid, \u00f5ppematerjale, pilte jm.\u00a0EBSCO andmebaasid on kasutajale terves Eestis tasuta, nende eest maksab Eesti riik. EBSCO on \u00fclikoolides \u00fcks enamkasutatavaid &#8230;<\/p>\n","protected":false},"author":5,"featured_media":0,"parent":0,"menu_order":0,"comment_status":"closed","ping_status":"closed","template":"","meta":{"_acf_changed":false,"inline_featured_image":false,"footnotes":""},"class_list":["post-4","page","type-page","status-publish","hentry"],"acf":[],"_links":{"self":[{"href":"https:\/\/sisu.ut.ee\/infootsitugi\/wp-json\/wp\/v2\/pages\/4","targetHints":{"allow":["GET"]}}],"collection":[{"href":"https:\/\/sisu.ut.ee\/infootsitugi\/wp-json\/wp\/v2\/pages"}],"about":[{"href":"https:\/\/sisu.ut.ee\/infootsitugi\/wp-json\/wp\/v2\/types\/page"}],"author":[{"embeddable":true,"href":"https:\/\/sisu.ut.ee\/infootsitugi\/wp-json\/wp\/v2\/users\/5"}],"replies":[{"embeddable":true,"href":"https:\/\/sisu.ut.ee\/infootsitugi\/wp-json\/wp\/v2\/comments?post=4"}],"version-history":[{"count":26,"href":"https:\/\/sisu.ut.ee\/infootsitugi\/wp-json\/wp\/v2\/pages\/4\/revisions"}],"predecessor-version":[{"id":457,"href":"https:\/\/sisu.ut.ee\/infootsitugi\/wp-json\/wp\/v2\/pages\/4\/revisions\/457"}],"wp:attachment":[{"href":"https:\/\/sisu.ut.ee\/infootsitugi\/wp-json\/wp\/v2\/media?parent=4"}],"curies":[{"name":"wp","href":"https:\/\/api.w.org\/{rel}","templated":true}]}}