{"id":254,"date":"2024-04-11T13:03:29","date_gmt":"2024-04-11T10:03:29","guid":{"rendered":"https:\/\/sisu.ut.ee\/infootsitugi\/enesetest-oigused-teoste-kasutamiseks\/"},"modified":"2024-04-11T13:03:29","modified_gmt":"2024-04-11T10:03:29","slug":"enesetest-oigused-teoste-kasutamiseks","status":"publish","type":"page","link":"https:\/\/sisu.ut.ee\/infootsitugi\/enesetest-oigused-teoste-kasutamiseks\/","title":{"rendered":"Enesetest: \u00d5igused teoste kasutamiseks"},"content":{"rendered":"<div id=\"watupro_quiz\" class=\"quiz-area single-page-quiz\">\n<p id=\"submittingExam9\" style=\"display:none;text-align:center;\"><img loading=\"lazy\" decoding=\"async\" src=\"https:\/\/sisu.ut.ee\/wp-content\/plugins\/watupro\/img\/loading.gif\" width=\"16\" height=\"16\"><\/p>\n\n\n\n<form action=\"\" method=\"post\" class=\"quiz-form\" id=\"quiz-9\" enctype=\"multipart\/form-data\">\n<div class=\"watu-question \" id=\"question-1\" style=\";\"><div id=\"questionWrap-1\" class=\"  watupro-required-36 watupro-question-id-36\">\n\t\t\t<div class=\"question-content\"><div>Foto juures on litsentsim\u00e4rk <img loading=\"lazy\" decoding=\"async\" class=\"alignnone size-full wp-image-157\" src=\"https:\/\/sisu.ut.ee\/wp-content\/uploads\/sites\/133\/plagiaadi_testikusimused_-_microsoft_word_2017-03-17_20-04-36.png\" alt=\"\" width=\"122\" height=\"38\">v\u00f5i l\u00fchend <strong>CC BY-SA.\u00a0<\/strong>Kas see t\u00e4hendab<\/div><input type=\"hidden\" name=\"question_id[]\" id=\"qID_1\" value=\"36\" class=\"watupro-question-id\"><input type=\"hidden\" id=\"answerType36\" class=\"answerTypeCnt1\" value=\"radio\"><input type=\"hidden\" id=\"watupro-required-question-36\"><!-- end question-content--><\/div><div class=\"question-choices watupro-choices-columns \" id=\"questionChoices36\"><div class=\"watupro-question-choice  \" dir=\"auto\"><input type=\"radio\" name=\"answer-36[]\" id=\"answer-id-105\" class=\"answer   answerof-36 \" value=\"105\"><label for=\"answer-id-105\" id=\"answer-label-105\" class=\" answer\"><span><p>Fotot ei tohi kasutada.<\/p><\/span><\/label><\/div><div class=\"watupro-question-choice  \" dir=\"auto\"><input type=\"radio\" name=\"answer-36[]\" id=\"answer-id-106\" class=\"answer   answerof-36 \" value=\"106\"><label for=\"answer-id-106\" id=\"answer-label-106\" class=\" answer\"><span><p>Fotot\u00a0 tohib kasutada, kui viitad autorile. Fotot ei tohi uue teose loomiseks muuta.<\/p><\/span><\/label><\/div><div class=\"watupro-question-choice  \" dir=\"auto\"><input type=\"radio\" name=\"answer-36[]\" id=\"answer-id-107\" class=\"answer   answerof-36 \" value=\"107\"><label for=\"answer-id-107\" id=\"answer-label-107\" class=\" answer\"><span><p>Fotot tohib kasutada, aga tuleb viidata autorile. Fotot tohib muuta, luues sedasi uue teose,\u00a0 mida tohib jagada algfotoga samadel tingimustel.\u00a0<\/p><\/span><\/label><\/div><!-- end question-choices--><\/div><!-- end questionWrap--><\/div><\/div><div class=\"watu-question \" id=\"question-2\" style=\";\"><div id=\"questionWrap-2\" class=\"  watupro-required-35 watupro-question-id-35\">\n\t\t\t<div class=\"question-content\"><div>Vastavalt seadusele kehtib autori\u00f5igus autori kogu eluaja jooksul ja 70 aastat p\u00e4rast tema surma. P\u00e4rast seda v\u00f5ib teost kasutada autorilt luba k\u00fcsimata ja selle eest tasu maksmata. Seega tohib W. Shakespeare \u201eRomeo ja Julia\u201c anda v\u00e4lja oma nime all.<\/div><input type=\"hidden\" name=\"question_id[]\" id=\"qID_2\" value=\"35\" class=\"watupro-question-id\"><input type=\"hidden\" id=\"answerType35\" class=\"answerTypeCnt2\" value=\"radio\"><input type=\"hidden\" id=\"watupro-required-question-35\"><!-- end question-content--><\/div><div class=\"question-choices watupro-choices-columns \" id=\"questionChoices35\"><div class=\"watupro-question-choice  \" dir=\"auto\"><input type=\"radio\" name=\"answer-35[]\" id=\"answer-id-104\" class=\"answer   answerof-35 \" value=\"104\"><label for=\"answer-id-104\" id=\"answer-label-104\" class=\" answer\"><span><p>Ei<\/p><\/span><\/label><\/div><div class=\"watupro-question-choice  \" dir=\"auto\"><input type=\"radio\" name=\"answer-35[]\" id=\"answer-id-103\" class=\"answer   answerof-35 \" value=\"103\"><label for=\"answer-id-103\" id=\"answer-label-103\" class=\" answer\"><span><p>Jah<\/p><\/span><\/label><\/div><!-- end question-choices--><\/div><!-- end questionWrap--><\/div><\/div><div style=\"display:none\" id=\"question-3\">\n\t<div class=\"question-content\">\n\t\t<img loading=\"lazy\" decoding=\"async\" src=\"https:\/\/sisu.ut.ee\/wp-content\/plugins\/watupro\/img\/loading.gif\" width=\"16\" height=\"16\" alt=\"Loading...\" title=\"Loading...\">\u00a0Loading...\t<\/div>\n<\/div>\n\n<br>\n\t\n\t\t\t<div class=\"watupro_buttons flex \" id=\"watuPROButtons9\">\n\t\t  <div id=\"prev-question\" style=\"display:none;\"><input type=\"button\" value=\"&lt; Previous\" onclick=\"WatuPRO.nextQuestion(event, 'previous');\"><\/div>\t\t  \t\t  \t\t   \n\t\t   \t  \t\t<div><input type=\"button\" name=\"action\" class=\"watupro-submit-button\" onclick=\"WatuPRO.submitResult(event)\" id=\"action-button\" value=\"Vaata tulemust\">\n\t\t<\/div>\n\t\t<\/div>\n\t\t\n\t<input type=\"hidden\" name=\"quiz_id\" value=\"9\" id=\"watuPROExamID\">\n\t<input type=\"hidden\" name=\"start_time\" id=\"startTime\" value=\"2026-04-13 18:54:49\">\n\t<input type=\"hidden\" name=\"start_timestamp\" id=\"startTimeStamp\" value=\"1776106489\">\n\t<input type=\"hidden\" name=\"question_ids\" value=\"\">\n\t<input type=\"hidden\" name=\"watupro_questions\" value=\"36:105,106,107 | 35:104,103\">\n\t<input type=\"hidden\" name=\"no_ajax\" value=\"0\">\t\t\t<\/form>\n\t<p>\u00a0<\/p>\n<\/div>\n\n<script type=\"text\/javascript\">\n\/\/jQuery(document).ready(function(){\ndocument.addEventListener(\"DOMContentLoaded\", function(event) { \t\nvar question_ids = \"36,35\";\nWatuPROSettings[9] = {};\nWatuPRO.qArr = question_ids.split(',');\nWatuPRO.exam_id = 9;\t    \nWatuPRO.post_id = 254;\nWatuPRO.store_progress = 0;\nWatuPRO.curCatPage = 1;\nWatuPRO.requiredIDs=\"0,36,35\".split(\",\");\nWatuPRO.hAppID = \"0.24910700 1776095689\";\nvar url = \"https:\/\/sisu.ut.ee\/wp-content\/plugins\/watupro\/show_exam.php\";\nWatuPRO.examMode = 1;\nWatuPRO.siteURL=\"https:\/\/sisu.ut.ee\/infootsitugi\/wp-admin\/admin-ajax.php\";\nWatuPRO.emailIsNotRequired = 0;\nWatuPRO.perDecade = 10;\nWatuPROIntel.init(9);\nWatuPRO.inCategoryPages=1;});    \t \n<\/script>\n\n","protected":false},"excerpt":{"rendered":"","protected":false},"author":76,"featured_media":0,"parent":0,"menu_order":0,"comment_status":"closed","ping_status":"closed","template":"","meta":{"_acf_changed":false,"inline_featured_image":false,"footnotes":""},"class_list":["post-254","page","type-page","status-publish","hentry"],"acf":[],"_links":{"self":[{"href":"https:\/\/sisu.ut.ee\/infootsitugi\/wp-json\/wp\/v2\/pages\/254","targetHints":{"allow":["GET"]}}],"collection":[{"href":"https:\/\/sisu.ut.ee\/infootsitugi\/wp-json\/wp\/v2\/pages"}],"about":[{"href":"https:\/\/sisu.ut.ee\/infootsitugi\/wp-json\/wp\/v2\/types\/page"}],"author":[{"embeddable":true,"href":"https:\/\/sisu.ut.ee\/infootsitugi\/wp-json\/wp\/v2\/users\/76"}],"replies":[{"embeddable":true,"href":"https:\/\/sisu.ut.ee\/infootsitugi\/wp-json\/wp\/v2\/comments?post=254"}],"version-history":[{"count":0,"href":"https:\/\/sisu.ut.ee\/infootsitugi\/wp-json\/wp\/v2\/pages\/254\/revisions"}],"wp:attachment":[{"href":"https:\/\/sisu.ut.ee\/infootsitugi\/wp-json\/wp\/v2\/media?parent=254"}],"curies":[{"name":"wp","href":"https:\/\/api.w.org\/{rel}","templated":true}]}}