{"id":252,"date":"2024-04-11T13:01:11","date_gmt":"2024-04-11T10:01:11","guid":{"rendered":"https:\/\/sisu.ut.ee\/infootsitugi\/enesetest-info-eetiline-kasutamine\/"},"modified":"2024-04-11T13:01:11","modified_gmt":"2024-04-11T10:01:11","slug":"enesetest-info-eetiline-kasutamine","status":"publish","type":"page","link":"https:\/\/sisu.ut.ee\/infootsitugi\/enesetest-info-eetiline-kasutamine\/","title":{"rendered":"Enesetest: Info eetiline kasutamine"},"content":{"rendered":"<div id=\"watupro_quiz\" class=\"quiz-area single-page-quiz\">\n<p id=\"submittingExam8\" style=\"display:none;text-align:center;\"><img loading=\"lazy\" decoding=\"async\" src=\"https:\/\/sisu.ut.ee\/wp-content\/plugins\/watupro\/img\/loading.gif\" width=\"16\" height=\"16\"><\/p>\n\n\n\n<form action=\"\" method=\"post\" class=\"quiz-form\" id=\"quiz-8\" enctype=\"multipart\/form-data\">\n<div class=\"watu-question \" id=\"question-1\" style=\";\"><div id=\"questionWrap-1\" class=\"  watupro-required-31 watupro-question-id-31\">\n\t\t\t<div class=\"question-content\"><div>Kas see on plagiaat, kui koolit\u00f6\u00f6 kirjutab valmis lapsevanem?<\/div><input type=\"hidden\" name=\"question_id[]\" id=\"qID_1\" value=\"31\" class=\"watupro-question-id\"><input type=\"hidden\" id=\"answerType31\" class=\"answerTypeCnt1\" value=\"radio\"><input type=\"hidden\" id=\"watupro-required-question-31\"><!-- end question-content--><\/div><div class=\"question-choices watupro-choices-columns \" id=\"questionChoices31\"><div class=\"watupro-question-choice  \" dir=\"auto\"><input type=\"radio\" name=\"answer-31[]\" id=\"answer-id-95\" class=\"answer   answerof-31 \" value=\"95\"><label for=\"answer-id-95\" id=\"answer-label-95\" class=\" answer\"><span><p>Jah, sest see on teise inimese loomet\u00f6\u00f6 esitamine enda omana.<\/p><\/span><\/label><\/div><div class=\"watupro-question-choice  \" dir=\"auto\"><input type=\"radio\" name=\"answer-31[]\" id=\"answer-id-96\" class=\"answer   answerof-31 \" value=\"96\"><label for=\"answer-id-96\" id=\"answer-label-96\" class=\" answer\"><span><p>Ei, sest t\u00f6\u00f6 kirjutaja on l\u00e4hisugulane.<\/p><\/span><\/label><\/div><!-- end question-choices--><\/div><!-- end questionWrap--><\/div><\/div><div class=\"watu-question \" id=\"question-2\" style=\";\"><div id=\"questionWrap-2\" class=\"  watupro-required-32 watupro-question-id-32\">\n\t\t\t<div class=\"question-content\"><div>Saara kirjutas referaati kivimitest. \u00dchest artiklist leidis ta l\u00f5igu, mis sobis ideaalselt tema referaadi kokkuv\u00f5tteks, sest Saara oli ka ise t\u00e4pselt samadele j\u00e4reldustele\u00a0 j\u00f5udnud. Referaadi esitamise t\u00e4htaeg oli k\u00e4es ning Saara kirjutas sobiva l\u00f5igu oma t\u00f6\u00f6sse \u00fcmber.<br>\r\n<br>\r\nKas tegemist on plagiaadiga?<\/div><input type=\"hidden\" name=\"question_id[]\" id=\"qID_2\" value=\"32\" class=\"watupro-question-id\"><input type=\"hidden\" id=\"answerType32\" class=\"answerTypeCnt2\" value=\"radio\"><input type=\"hidden\" id=\"watupro-required-question-32\"><!-- end question-content--><\/div><div class=\"question-choices watupro-choices-columns \" id=\"questionChoices32\"><div class=\"watupro-question-choice  \" dir=\"auto\"><input type=\"radio\" name=\"answer-32[]\" id=\"answer-id-97\" class=\"answer   answerof-32 \" value=\"97\"><label for=\"answer-id-97\" id=\"answer-label-97\" class=\" answer\"><span><p>Jah<\/p><\/span><\/label><\/div><div class=\"watupro-question-choice  \" dir=\"auto\"><input type=\"radio\" name=\"answer-32[]\" id=\"answer-id-98\" class=\"answer   answerof-32 \" value=\"98\"><label for=\"answer-id-98\" id=\"answer-label-98\" class=\" answer\"><span><p>Ei<\/p><\/span><\/label><\/div><!-- end question-choices--><\/div><!-- end questionWrap--><\/div><\/div><div class=\"watu-question \" id=\"question-3\" style=\";\"><div id=\"questionWrap-3\" class=\"  watupro-required-33 watupro-question-id-33\">\n\t\t\t<div class=\"question-content\"><div>Kui kirjutate\u00a0oma t\u00f6\u00f6s, et Elizabeth II on Inglismaa kuninganna, kas siis peate allikale viitama?<\/div><input type=\"hidden\" name=\"question_id[]\" id=\"qID_3\" value=\"33\" class=\"watupro-question-id\"><input type=\"hidden\" id=\"answerType33\" class=\"answerTypeCnt3\" value=\"radio\"><input type=\"hidden\" id=\"watupro-required-question-33\"><!-- end question-content--><\/div><div class=\"question-choices watupro-choices-columns \" id=\"questionChoices33\"><div class=\"watupro-question-choice  \" dir=\"auto\"><input type=\"radio\" name=\"answer-33[]\" id=\"answer-id-99\" class=\"answer   answerof-33 \" value=\"99\"><label for=\"answer-id-99\" id=\"answer-label-99\" class=\" answer\"><span><p>Jah<\/p><\/span><\/label><\/div><div class=\"watupro-question-choice  \" dir=\"auto\"><input type=\"radio\" name=\"answer-33[]\" id=\"answer-id-100\" class=\"answer   answerof-33 \" value=\"100\"><label for=\"answer-id-100\" id=\"answer-label-100\" class=\" answer\"><span><p>Ei<\/p><\/span><\/label><\/div><!-- end question-choices--><\/div><!-- end questionWrap--><\/div><\/div><div class=\"watu-question \" id=\"question-4\" style=\";\"><div id=\"questionWrap-4\" class=\"  watupro-required-34 watupro-question-id-34\">\n\t\t\t<div class=\"question-content\"><div>Annaliisa kirjutas oma t\u00f6\u00f6sse sobiva lause raamatust ning pani selle jutum\u00e4rkidesse.\u00a0 Kas see on plagiaadi v\u00e4ltimiseks piisav?<\/div><input type=\"hidden\" name=\"question_id[]\" id=\"qID_4\" value=\"34\" class=\"watupro-question-id\"><input type=\"hidden\" id=\"answerType34\" class=\"answerTypeCnt4\" value=\"radio\"><input type=\"hidden\" id=\"watupro-required-question-34\"><!-- end question-content--><\/div><div class=\"question-choices watupro-choices-columns \" id=\"questionChoices34\"><div class=\"watupro-question-choice  \" dir=\"auto\"><input type=\"radio\" name=\"answer-34[]\" id=\"answer-id-101\" class=\"answer   answerof-34 \" value=\"101\"><label for=\"answer-id-101\" id=\"answer-label-101\" class=\" answer\"><span><p>Jah<\/p><\/span><\/label><\/div><div class=\"watupro-question-choice  \" dir=\"auto\"><input type=\"radio\" name=\"answer-34[]\" id=\"answer-id-102\" class=\"answer   answerof-34 \" value=\"102\"><label for=\"answer-id-102\" id=\"answer-label-102\" class=\" answer\"><span><p>Ei<\/p><\/span><\/label><\/div><!-- end question-choices--><\/div><!-- end questionWrap--><\/div><\/div><div style=\"display:none\" id=\"question-5\">\n\t<div class=\"question-content\">\n\t\t<img loading=\"lazy\" decoding=\"async\" src=\"https:\/\/sisu.ut.ee\/wp-content\/plugins\/watupro\/img\/loading.gif\" width=\"16\" height=\"16\" alt=\"Loading...\" title=\"Loading...\">\u00a0Loading...\t<\/div>\n<\/div>\n\n<br>\n\t\n\t\t\t<div class=\"watupro_buttons flex \" id=\"watuPROButtons8\">\n\t\t  <div id=\"prev-question\" style=\"display:none;\"><input type=\"button\" value=\"&lt; Previous\" onclick=\"WatuPRO.nextQuestion(event, 'previous');\"><\/div>\t\t  \t\t  \t\t   \n\t\t   \t  \t\t<div><input type=\"button\" name=\"action\" class=\"watupro-submit-button\" onclick=\"WatuPRO.submitResult(event)\" id=\"action-button\" value=\"Vaata tulemust\">\n\t\t<\/div>\n\t\t<\/div>\n\t\t\n\t<input type=\"hidden\" name=\"quiz_id\" value=\"8\" id=\"watuPROExamID\">\n\t<input type=\"hidden\" name=\"start_time\" id=\"startTime\" value=\"2026-05-01 23:52:21\">\n\t<input type=\"hidden\" name=\"start_timestamp\" id=\"startTimeStamp\" value=\"1777679541\">\n\t<input type=\"hidden\" name=\"question_ids\" value=\"\">\n\t<input type=\"hidden\" name=\"watupro_questions\" value=\"31:95,96 | 32:97,98 | 33:99,100 | 34:101,102\">\n\t<input type=\"hidden\" name=\"no_ajax\" value=\"0\">\t\t\t<\/form>\n\t<p>\u00a0<\/p>\n<\/div>\n\n<script type=\"text\/javascript\">\n\/\/jQuery(document).ready(function(){\ndocument.addEventListener(\"DOMContentLoaded\", function(event) { \t\nvar question_ids = \"31,32,33,34\";\nWatuPROSettings[8] = {};\nWatuPRO.qArr = question_ids.split(',');\nWatuPRO.exam_id = 8;\t    \nWatuPRO.post_id = 252;\nWatuPRO.store_progress = 0;\nWatuPRO.curCatPage = 1;\nWatuPRO.requiredIDs=\"0,31,32,33,34\".split(\",\");\nWatuPRO.hAppID = \"0.61416900 1777668741\";\nvar url = \"https:\/\/sisu.ut.ee\/wp-content\/plugins\/watupro\/show_exam.php\";\nWatuPRO.examMode = 1;\nWatuPRO.siteURL=\"https:\/\/sisu.ut.ee\/infootsitugi\/wp-admin\/admin-ajax.php\";\nWatuPRO.emailIsNotRequired = 0;\nWatuPRO.perDecade = 10;\nWatuPROIntel.init(8);\nWatuPRO.inCategoryPages=1;});    \t \n<\/script>\n\n","protected":false},"excerpt":{"rendered":"","protected":false},"author":76,"featured_media":0,"parent":0,"menu_order":0,"comment_status":"closed","ping_status":"closed","template":"","meta":{"_acf_changed":false,"inline_featured_image":false,"footnotes":""},"class_list":["post-252","page","type-page","status-publish","hentry"],"acf":[],"_links":{"self":[{"href":"https:\/\/sisu.ut.ee\/infootsitugi\/wp-json\/wp\/v2\/pages\/252","targetHints":{"allow":["GET"]}}],"collection":[{"href":"https:\/\/sisu.ut.ee\/infootsitugi\/wp-json\/wp\/v2\/pages"}],"about":[{"href":"https:\/\/sisu.ut.ee\/infootsitugi\/wp-json\/wp\/v2\/types\/page"}],"author":[{"embeddable":true,"href":"https:\/\/sisu.ut.ee\/infootsitugi\/wp-json\/wp\/v2\/users\/76"}],"replies":[{"embeddable":true,"href":"https:\/\/sisu.ut.ee\/infootsitugi\/wp-json\/wp\/v2\/comments?post=252"}],"version-history":[{"count":0,"href":"https:\/\/sisu.ut.ee\/infootsitugi\/wp-json\/wp\/v2\/pages\/252\/revisions"}],"wp:attachment":[{"href":"https:\/\/sisu.ut.ee\/infootsitugi\/wp-json\/wp\/v2\/media?parent=252"}],"curies":[{"name":"wp","href":"https:\/\/api.w.org\/{rel}","templated":true}]}}