{"id":241,"date":"2024-04-11T12:40:35","date_gmt":"2024-04-11T09:40:35","guid":{"rendered":"https:\/\/sisu.ut.ee\/infootsitugi\/enesetest-digiarhiivid\/"},"modified":"2024-04-11T12:40:35","modified_gmt":"2024-04-11T09:40:35","slug":"enesetest-digiarhiivid","status":"publish","type":"page","link":"https:\/\/sisu.ut.ee\/infootsitugi\/enesetest-digiarhiivid\/","title":{"rendered":"Enesetest: Digiarhiivid"},"content":{"rendered":"<div id=\"watupro_quiz\" class=\"quiz-area single-page-quiz\">\n<p id=\"submittingExam13\" style=\"display:none;text-align:center;\"><img loading=\"lazy\" decoding=\"async\" src=\"https:\/\/sisu.ut.ee\/wp-content\/plugins\/watupro\/img\/loading.gif\" width=\"16\" height=\"16\"><\/p>\n\n<div class=\"watupro-exam-description\" id=\"description-quiz-13\"><p>Testis on ka m\u00f5ned otsinguk\u00fcsimused, et saaksite otsinguid harjutada. Need v\u00f5ivad tunduda keerulised, sest pole ette antud, kuidas otsida. Kui olete \u00f5ppematerjalid l\u00e4bi vaadanud, siis oskate kindlasti alustada. Sellest ei maksa heituda, kui kohe ei tule v\u00e4lja \u00f5ige tulemus. Kui olete testi l\u00f5petanud, siis n\u00e4ete k\u00fcsimuste vastuseid ja ka juhendit, kuidas tuleks antud otsingut teha. Kui juhendi j\u00e4rgi otsides saate arvulise vastuse puhul veidi erineva\u00a0tulemuse, \u00e4rge ka sellest heituge. Kuigi vaatame k\u00fcsimusi regulaarselt \u00fcle, v\u00f5ib kataloogi seis olla muutunud. See test on eelk\u00f5ige harjutamiseks. V\u00f5ite veast teada anda vilve.seiler@ut.ee.<\/p>\n<\/div>\n\n<form action=\"\" method=\"post\" class=\"quiz-form\" id=\"quiz-13\" enctype=\"multipart\/form-data\">\n<div class=\"watu-question \" id=\"question-1\" style=\";\"><div id=\"questionWrap-1\" class=\"  watupro-required-53 watupro-question-id-53\">\n\t\t\t<div class=\"question-content\"><div>Mitu dissertatsiooni leiate Tartu \u00dclikooli digitaalarhiivis ADA\u00a0 <a title=\"\" href=\"http:\/\/dspace.ut.ee\/\" target=\"_blank\" rel=\"noopener\" data-url=\"http:\/\/dspace.ut.ee\/\">http:\/\/dspace.ut.ee\/<\/a>, millele on lisatud m\u00e4rks\u00f5na <em>eesti keel<\/em>?<\/div><input type=\"hidden\" name=\"question_id[]\" id=\"qID_1\" value=\"53\" class=\"watupro-question-id\"><input type=\"hidden\" id=\"answerType53\" class=\"answerTypeCnt1\" value=\"textarea\"><input type=\"hidden\" id=\"watupro-required-question-53\"><!-- end question-content--><\/div><div class=\"question-choices \" id=\"questionChoices53\"><p><textarea name=\"answer-53[]\" id=\"textarea_q_53\" class=\"watupro-textarea-medium\" rows=\"5\" cols=\"80\"><\/textarea>\n<\/p><!-- end question-choices--><\/div><!-- end questionWrap--><\/div><\/div><div class=\"watu-question \" id=\"question-2\" style=\";\"><div id=\"questionWrap-2\" class=\"  watupro-required-54 watupro-question-id-54\">\n\t\t\t<div class=\"question-content\"><div>Millise kategooria all on Tallinna \u00dclikooli digiarhiivis ETERA <a title=\"\" href=\"http:\/\/www.etera.ee\/\" target=\"_blank\" rel=\"noopener\" data-url=\"http:\/\/www.etera.ee\/\">http:\/\/www.etera.ee\/<\/a> k\u00f5ige rohkem materjale?<\/div><input type=\"hidden\" name=\"question_id[]\" id=\"qID_2\" value=\"54\" class=\"watupro-question-id\"><input type=\"hidden\" id=\"answerType54\" class=\"answerTypeCnt2\" value=\"radio\"><input type=\"hidden\" id=\"watupro-required-question-54\"><!-- end question-content--><\/div><div class=\"question-choices watupro-choices-columns \" id=\"questionChoices54\"><div class=\"watupro-question-choice  \" dir=\"auto\"><input type=\"radio\" name=\"answer-54[]\" id=\"answer-id-148\" class=\"answer   answerof-54 \" value=\"148\"><label for=\"answer-id-148\" id=\"answer-label-148\" class=\" answer\"><span><p>Raamatud<\/p><\/span><\/label><\/div><div class=\"watupro-question-choice  \" dir=\"auto\"><input type=\"radio\" name=\"answer-54[]\" id=\"answer-id-146\" class=\"answer   answerof-54 \" value=\"146\"><label for=\"answer-id-146\" id=\"answer-label-146\" class=\" answer\"><span><p>Perioodika<\/p><\/span><\/label><\/div><div class=\"watupro-question-choice  \" dir=\"auto\"><input type=\"radio\" name=\"answer-54[]\" id=\"answer-id-147\" class=\"answer   answerof-54 \" value=\"147\"><label for=\"answer-id-147\" id=\"answer-label-147\" class=\" answer\"><span><p>Teaduskollektsioonid<\/p><\/span><\/label><\/div><div class=\"watupro-question-choice  \" dir=\"auto\"><input type=\"radio\" name=\"answer-54[]\" id=\"answer-id-149\" class=\"answer   answerof-54 \" value=\"149\"><label for=\"answer-id-149\" id=\"answer-label-149\" class=\" answer\"><span><p>\u00dcli\u00f5pilast\u00f6\u00f6d<\/p><\/span><\/label><\/div><!-- end question-choices--><\/div><!-- end questionWrap--><\/div><\/div><div class=\"watu-question \" id=\"question-3\" style=\";\"><div id=\"questionWrap-3\" class=\"  watupro-required-55 watupro-question-id-55\">\n\t\t\t<div class=\"question-content\"><div>Vaadake Tallinna Tehnika\u00fclikooli digikogu\u00a0<a title=\"\" href=\"https:\/\/digikogu.taltech.ee\/\" target=\"_blank\" rel=\"noopener\" data-url=\"https:\/\/digikogu.taltech.ee\/\">https:\/\/digikogu.taltech.ee\/<\/a> avalehel vasakul, milliseid materjale see sisaldab. Mis on selles nimekirjas teisel kohal?<\/div><input type=\"hidden\" name=\"question_id[]\" id=\"qID_3\" value=\"55\" class=\"watupro-question-id\"><input type=\"hidden\" id=\"answerType55\" class=\"answerTypeCnt3\" value=\"textarea\"><input type=\"hidden\" id=\"watupro-required-question-55\"><!-- end question-content--><\/div><div class=\"question-choices \" id=\"questionChoices55\"><p><textarea name=\"answer-55[]\" id=\"textarea_q_55\" class=\"watupro-textarea-medium\" rows=\"5\" cols=\"80\"><\/textarea>\n<\/p><!-- end question-choices--><\/div><!-- end questionWrap--><\/div><\/div><div style=\"display:none\" id=\"question-4\">\n\t<div class=\"question-content\">\n\t\t<img loading=\"lazy\" decoding=\"async\" src=\"https:\/\/sisu.ut.ee\/wp-content\/plugins\/watupro\/img\/loading.gif\" width=\"16\" height=\"16\" alt=\"Loading...\" title=\"Loading...\">\u00a0Loading...\t<\/div>\n<\/div>\n\n<br>\n\t\n\t\t\t<div class=\"watupro_buttons flex \" id=\"watuPROButtons13\">\n\t\t  <div id=\"prev-question\" style=\"display:none;\"><input type=\"button\" value=\"&lt; Previous\" onclick=\"WatuPRO.nextQuestion(event, 'previous');\"><\/div>\t\t  \t\t  \t\t   \n\t\t   \t  \t\t<div><input type=\"button\" name=\"action\" class=\"watupro-submit-button\" onclick=\"WatuPRO.submitResult(event)\" id=\"action-button\" value=\"Vaata tulemust\">\n\t\t<\/div>\n\t\t<\/div>\n\t\t\n\t<input type=\"hidden\" name=\"quiz_id\" value=\"13\" id=\"watuPROExamID\">\n\t<input type=\"hidden\" name=\"start_time\" id=\"startTime\" value=\"2026-04-07 21:27:47\">\n\t<input type=\"hidden\" name=\"start_timestamp\" id=\"startTimeStamp\" value=\"1775597267\">\n\t<input type=\"hidden\" name=\"question_ids\" value=\"\">\n\t<input type=\"hidden\" name=\"watupro_questions\" value=\"53:145 | 54:148,146,147,149 | 55:150\">\n\t<input type=\"hidden\" name=\"no_ajax\" value=\"0\">\t\t\t<\/form>\n\t<p>\u00a0<\/p>\n<\/div>\n\n<script type=\"text\/javascript\">\n\/\/jQuery(document).ready(function(){\ndocument.addEventListener(\"DOMContentLoaded\", function(event) { \t\nvar question_ids = \"53,54,55\";\nWatuPROSettings[13] = {};\nWatuPRO.qArr = question_ids.split(',');\nWatuPRO.exam_id = 13;\t    \nWatuPRO.post_id = 241;\nWatuPRO.store_progress = 0;\nWatuPRO.curCatPage = 1;\nWatuPRO.requiredIDs=\"0,53,54,55\".split(\",\");\nWatuPRO.hAppID = \"0.24320800 1775586467\";\nvar url = \"https:\/\/sisu.ut.ee\/wp-content\/plugins\/watupro\/show_exam.php\";\nWatuPRO.examMode = 1;\nWatuPRO.siteURL=\"https:\/\/sisu.ut.ee\/infootsitugi\/wp-admin\/admin-ajax.php\";\nWatuPRO.emailIsNotRequired = 0;\nWatuPRO.perDecade = 10;\nWatuPROIntel.init(13);\nWatuPRO.inCategoryPages=1;});    \t \n<\/script>\n\n","protected":false},"excerpt":{"rendered":"","protected":false},"author":76,"featured_media":0,"parent":0,"menu_order":0,"comment_status":"closed","ping_status":"closed","template":"","meta":{"_acf_changed":false,"inline_featured_image":false,"footnotes":""},"class_list":["post-241","page","type-page","status-publish","hentry"],"acf":[],"_links":{"self":[{"href":"https:\/\/sisu.ut.ee\/infootsitugi\/wp-json\/wp\/v2\/pages\/241","targetHints":{"allow":["GET"]}}],"collection":[{"href":"https:\/\/sisu.ut.ee\/infootsitugi\/wp-json\/wp\/v2\/pages"}],"about":[{"href":"https:\/\/sisu.ut.ee\/infootsitugi\/wp-json\/wp\/v2\/types\/page"}],"author":[{"embeddable":true,"href":"https:\/\/sisu.ut.ee\/infootsitugi\/wp-json\/wp\/v2\/users\/76"}],"replies":[{"embeddable":true,"href":"https:\/\/sisu.ut.ee\/infootsitugi\/wp-json\/wp\/v2\/comments?post=241"}],"version-history":[{"count":0,"href":"https:\/\/sisu.ut.ee\/infootsitugi\/wp-json\/wp\/v2\/pages\/241\/revisions"}],"wp:attachment":[{"href":"https:\/\/sisu.ut.ee\/infootsitugi\/wp-json\/wp\/v2\/media?parent=241"}],"curies":[{"name":"wp","href":"https:\/\/api.w.org\/{rel}","templated":true}]}}