{"id":240,"date":"2024-04-11T11:17:31","date_gmt":"2024-04-11T08:17:31","guid":{"rendered":"https:\/\/sisu.ut.ee\/infootsitugi\/enesetest-digitaalarhiiv-digar\/"},"modified":"2024-04-11T11:17:31","modified_gmt":"2024-04-11T08:17:31","slug":"enesetest-digitaalarhiiv-digar","status":"publish","type":"page","link":"https:\/\/sisu.ut.ee\/infootsitugi\/enesetest-digitaalarhiiv-digar\/","title":{"rendered":"Enesetest: Digitaalarhiiv DIGAR"},"content":{"rendered":"<div id=\"watupro_quiz\" class=\"quiz-area single-page-quiz\">\n<p id=\"submittingExam12\" style=\"display:none;text-align:center;\"><img loading=\"lazy\" decoding=\"async\" src=\"https:\/\/sisu.ut.ee\/wp-content\/plugins\/watupro\/img\/loading.gif\" width=\"16\" height=\"16\"><\/p>\n\n<div class=\"watupro-exam-description\" id=\"description-quiz-12\"><p>Testis on ka m\u00f5ned otsinguk\u00fcsimused, et saaksite otsinguid harjutada. Need v\u00f5ivad tunduda keerulised, sest pole ette antud, kuidas otsida. Kui olete \u00f5ppematerjalid l\u00e4bi vaadanud, siis oskate kindlasti alustada. Sellest ei maksa heituda, kui kohe ei tule v\u00e4lja \u00f5ige tulemus. Kui olete testi l\u00f5petanud, siis n\u00e4ete k\u00fcsimuste vastuseid ja ka juhendit, kuidas tuleks antud otsingut teha. Kui juhendi j\u00e4rgi otsides saate arvulise vastuse puhul veidi erineva\u00a0tulemuse, \u00e4rge ka sellest heituge. Kuigi vaatame k\u00fcsimusi regulaarselt \u00fcle, v\u00f5ib kataloogi seis olla muutunud. See test on eelk\u00f5ige harjutamiseks. V\u00f5ite veast teada anda vilve.seiler@ut.ee.<\/p>\n<\/div>\n\n<form action=\"\" method=\"post\" class=\"quiz-form\" id=\"quiz-12\" enctype=\"multipart\/form-data\">\n<div class=\"watu-question \" id=\"question-1\" style=\";\"><div id=\"questionWrap-1\" class=\"  watupro-required-51 watupro-question-id-51\">\n\t\t\t<div class=\"question-content\"><div>Leidke digitaalarhiivist DIGAR\u00a0<a href=\"http:\/\/www.digar.ee\/arhiiv\" target=\"_blank\" rel=\"noopener\">http:\/\/www.digar.ee\/arhiiv<\/a>\u00a0Tammsaare raamat \"Vanad ja noored\". Selle t\u00e4istekst on vabalt k\u00e4ttesaadav.<\/div><input type=\"hidden\" name=\"question_id[]\" id=\"qID_1\" value=\"51\" class=\"watupro-question-id\"><input type=\"hidden\" id=\"answerType51\" class=\"answerTypeCnt1\" value=\"radio\"><input type=\"hidden\" id=\"watupro-required-question-51\"><!-- end question-content--><\/div><div class=\"question-choices watupro-choices-columns \" id=\"questionChoices51\"><div class=\"watupro-question-choice  \" dir=\"auto\"><input type=\"radio\" name=\"answer-51[]\" id=\"answer-id-140\" class=\"answer   answerof-51 \" value=\"140\"><label for=\"answer-id-140\" id=\"answer-label-140\" class=\" answer\"><span>True<\/span><\/label><\/div><div class=\"watupro-question-choice  \" dir=\"auto\"><input type=\"radio\" name=\"answer-51[]\" id=\"answer-id-141\" class=\"answer   answerof-51 \" value=\"141\"><label for=\"answer-id-141\" id=\"answer-label-141\" class=\" answer\"><span>False<\/span><\/label><\/div><!-- end question-choices--><\/div><!-- end questionWrap--><\/div><\/div><div class=\"watu-question \" id=\"question-2\" style=\";\"><div id=\"questionWrap-2\" class=\"  watupro-required-49 watupro-question-id-49\">\n\t\t\t<div class=\"question-content\"><div><span data-mce-mark=\"1\">Leidke digitaalarhiivist DIGAR <\/span><a href=\"http:\/\/www.digar.ee\/arhiiv\" target=\"_blank\" rel=\"noopener\">http:\/\/www.digar.ee\/arhiiv<\/a>\u00a0<span data-mce-mark=\"1\">e-raamat \u201c70 aastat v\u00f5idusuusatamist Eestis\u201d. Kl\u00f5psake raamatu pealkirjal ja vaadake, millised on selle kasutusv\u00f5imalused. Kas raamat on<\/span><\/div><input type=\"hidden\" name=\"question_id[]\" id=\"qID_2\" value=\"49\" class=\"watupro-question-id\"><input type=\"hidden\" id=\"answerType49\" class=\"answerTypeCnt2\" value=\"checkbox\"><input type=\"hidden\" id=\"watupro-required-question-49\"><!-- end question-content--><\/div><div class=\"question-choices watupro-choices-columns \" id=\"questionChoices49\"><div class=\"watupro-question-choice  \" dir=\"auto\"><input type=\"checkbox\" name=\"answer-49[]\" id=\"answer-id-137\" class=\"answer   answerof-49 \" value=\"137\"><label for=\"answer-id-137\" id=\"answer-label-137\" class=\" answer\"><span><p>k\u00e4ttesaadav v\u00e4lisv\u00f5rgus<\/p><\/span><\/label><\/div><div class=\"watupro-question-choice  \" dir=\"auto\"><input type=\"checkbox\" name=\"answer-49[]\" id=\"answer-id-136\" class=\"answer   answerof-49 \" value=\"136\"><label for=\"answer-id-136\" id=\"answer-label-136\" class=\" answer\"><span><p><span id=\"docs-internal-guid-be698011-2f62-3c07-826d-68dec8898142\"><span>k\u00e4ttesaadav Eesti Rahvusraamatukogu sisev\u00f5rgus<\/span><\/span><\/p><\/span><\/label><\/div><div class=\"watupro-question-choice  \" dir=\"auto\"><input type=\"checkbox\" name=\"answer-49[]\" id=\"answer-id-135\" class=\"answer   answerof-49 \" value=\"135\"><label for=\"answer-id-135\" id=\"answer-label-135\" class=\" answer\"><span><p><span>k\u00e4ttesaadav autoriseeritud t\u00f6\u00f6kohal Eesti Rahvusraamatukogus, Eesti Kirjandusmuuseumi Arhiivraamatukogus, Tallinna Tehnika\u00fclikooli Raamatukogus, Tallinna \u00dclikooli Akadeemilises Raamatukogus\u00a0ja Tartu \u00dclikooli Raamatukogus<\/span><\/p><\/span><\/label><\/div><!-- end question-choices--><\/div><!-- end questionWrap--><\/div><\/div><div class=\"watu-question \" id=\"question-3\" style=\";\"><div id=\"questionWrap-3\" class=\"  watupro-required-48 watupro-question-id-48\">\n\t\t\t<div class=\"question-content\"><div>Leidke digitaalarhiivist DIGAR <a href=\"http:\/\/www.digar.ee\/arhiiv\" target=\"_blank\" rel=\"noopener\">http:\/\/www.digar.ee\/arhiiv<\/a> ajakirja \u00a0Keel ja Kirjandus 2016. aasta 12. number. Kas selle artiklite t\u00e4istekstid on k\u00f5igile veebis vabalt k\u00e4ttesaadavad?<\/div><input type=\"hidden\" name=\"question_id[]\" id=\"qID_3\" value=\"48\" class=\"watupro-question-id\"><input type=\"hidden\" id=\"answerType48\" class=\"answerTypeCnt3\" value=\"radio\"><input type=\"hidden\" id=\"watupro-required-question-48\"><!-- end question-content--><\/div><div class=\"question-choices watupro-choices-columns \" id=\"questionChoices48\"><div class=\"watupro-question-choice  \" dir=\"auto\"><input type=\"radio\" name=\"answer-48[]\" id=\"answer-id-134\" class=\"answer   answerof-48 \" value=\"134\"><label for=\"answer-id-134\" id=\"answer-label-134\" class=\" answer\"><span><p>EI<\/p><\/span><\/label><\/div><div class=\"watupro-question-choice  \" dir=\"auto\"><input type=\"radio\" name=\"answer-48[]\" id=\"answer-id-133\" class=\"answer   answerof-48 \" value=\"133\"><label for=\"answer-id-133\" id=\"answer-label-133\" class=\" answer\"><span><p>JAH<\/p><\/span><\/label><\/div><!-- end question-choices--><\/div><!-- end questionWrap--><\/div><\/div><div class=\"watu-question \" id=\"question-4\" style=\";\"><div id=\"questionWrap-4\" class=\"  watupro-required-50 watupro-question-id-50\">\n\t\t\t<div class=\"question-content\"><div>Digitaalarhiivis DIGAR\u00a0\u00a0<a href=\"http:\/\/www.digar.ee\/arhiiv\" target=\"_blank\" rel=\"noopener\">http:\/\/www.digar.ee\/arhiiv<\/a>\u00a0saab otsida Eesti ajakirju, mis on ilmunud<\/div><input type=\"hidden\" name=\"question_id[]\" id=\"qID_4\" value=\"50\" class=\"watupro-question-id\"><input type=\"hidden\" id=\"answerType50\" class=\"answerTypeCnt4\" value=\"radio\"><input type=\"hidden\" id=\"watupro-required-question-50\"><!-- end question-content--><\/div><div class=\"question-choices watupro-choices-columns \" id=\"questionChoices50\"><div class=\"watupro-question-choice  \" dir=\"auto\"><input type=\"radio\" name=\"answer-50[]\" id=\"answer-id-139\" class=\"answer   answerof-50 \" value=\"139\"><label for=\"answer-id-139\" id=\"answer-label-139\" class=\" answer\"><span><p>alates aastast 2017<\/p><\/span><\/label><\/div><div class=\"watupro-question-choice  \" dir=\"auto\"><input type=\"radio\" name=\"answer-50[]\" id=\"answer-id-138\" class=\"answer   answerof-50 \" value=\"138\"><label for=\"answer-id-138\" id=\"answer-label-138\" class=\" answer\"><span><p>kuni aastani 2016<\/p><\/span><\/label><\/div><!-- end question-choices--><\/div><!-- end questionWrap--><\/div><\/div><div style=\"display:none\" id=\"question-5\">\n\t<div class=\"question-content\">\n\t\t<img loading=\"lazy\" decoding=\"async\" src=\"https:\/\/sisu.ut.ee\/wp-content\/plugins\/watupro\/img\/loading.gif\" width=\"16\" height=\"16\" alt=\"Loading...\" title=\"Loading...\">\u00a0Loading...\t<\/div>\n<\/div>\n\n<br>\n\t\n\t\t\t<div class=\"watupro_buttons flex \" id=\"watuPROButtons12\">\n\t\t  <div id=\"prev-question\" style=\"display:none;\"><input type=\"button\" value=\"&lt; Previous\" onclick=\"WatuPRO.nextQuestion(event, 'previous');\"><\/div>\t\t  \t\t  \t\t   \n\t\t   \t  \t\t<div><input type=\"button\" name=\"action\" class=\"watupro-submit-button\" onclick=\"WatuPRO.submitResult(event)\" id=\"action-button\" value=\"Vaata tulemust\">\n\t\t<\/div>\n\t\t<\/div>\n\t\t\n\t<input type=\"hidden\" name=\"quiz_id\" value=\"12\" id=\"watuPROExamID\">\n\t<input type=\"hidden\" name=\"start_time\" id=\"startTime\" value=\"2026-04-13 18:33:23\">\n\t<input type=\"hidden\" name=\"start_timestamp\" id=\"startTimeStamp\" value=\"1776105203\">\n\t<input type=\"hidden\" name=\"question_ids\" value=\"\">\n\t<input type=\"hidden\" name=\"watupro_questions\" value=\"51:140,141 | 49:137,136,135 | 48:134,133 | 50:139,138\">\n\t<input type=\"hidden\" name=\"no_ajax\" value=\"0\">\t\t\t<\/form>\n\t<p>\u00a0<\/p>\n<\/div>\n\n<script type=\"text\/javascript\">\n\/\/jQuery(document).ready(function(){\ndocument.addEventListener(\"DOMContentLoaded\", function(event) { \t\nvar question_ids = \"51,49,48,50\";\nWatuPROSettings[12] = {};\nWatuPRO.qArr = question_ids.split(',');\nWatuPRO.exam_id = 12;\t    \nWatuPRO.post_id = 240;\nWatuPRO.store_progress = 0;\nWatuPRO.curCatPage = 1;\nWatuPRO.requiredIDs=\"0,51,49,48,50\".split(\",\");\nWatuPRO.hAppID = \"0.35388700 1776094403\";\nvar url = \"https:\/\/sisu.ut.ee\/wp-content\/plugins\/watupro\/show_exam.php\";\nWatuPRO.examMode = 1;\nWatuPRO.siteURL=\"https:\/\/sisu.ut.ee\/infootsitugi\/wp-admin\/admin-ajax.php\";\nWatuPRO.emailIsNotRequired = 0;\nWatuPRO.perDecade = 10;\nWatuPROIntel.init(12);\nWatuPRO.inCategoryPages=1;});    \t \n<\/script>\n\n","protected":false},"excerpt":{"rendered":"","protected":false},"author":76,"featured_media":0,"parent":0,"menu_order":0,"comment_status":"closed","ping_status":"closed","template":"","meta":{"_acf_changed":false,"inline_featured_image":false,"footnotes":""},"class_list":["post-240","page","type-page","status-publish","hentry"],"acf":[],"_links":{"self":[{"href":"https:\/\/sisu.ut.ee\/infootsitugi\/wp-json\/wp\/v2\/pages\/240","targetHints":{"allow":["GET"]}}],"collection":[{"href":"https:\/\/sisu.ut.ee\/infootsitugi\/wp-json\/wp\/v2\/pages"}],"about":[{"href":"https:\/\/sisu.ut.ee\/infootsitugi\/wp-json\/wp\/v2\/types\/page"}],"author":[{"embeddable":true,"href":"https:\/\/sisu.ut.ee\/infootsitugi\/wp-json\/wp\/v2\/users\/76"}],"replies":[{"embeddable":true,"href":"https:\/\/sisu.ut.ee\/infootsitugi\/wp-json\/wp\/v2\/comments?post=240"}],"version-history":[{"count":0,"href":"https:\/\/sisu.ut.ee\/infootsitugi\/wp-json\/wp\/v2\/pages\/240\/revisions"}],"wp:attachment":[{"href":"https:\/\/sisu.ut.ee\/infootsitugi\/wp-json\/wp\/v2\/media?parent=240"}],"curies":[{"name":"wp","href":"https:\/\/api.w.org\/{rel}","templated":true}]}}