{"id":238,"date":"2024-04-11T11:03:00","date_gmt":"2024-04-11T08:03:00","guid":{"rendered":"https:\/\/sisu.ut.ee\/infootsitugi\/enesetest-digari-eesti-artiklid\/"},"modified":"2024-04-11T11:03:00","modified_gmt":"2024-04-11T08:03:00","slug":"enesetest-digari-eesti-artiklid","status":"publish","type":"page","link":"https:\/\/sisu.ut.ee\/infootsitugi\/enesetest-digari-eesti-artiklid\/","title":{"rendered":"Enesetest: DIGARi Eesti artiklid"},"content":{"rendered":"<div id=\"watupro_quiz\" class=\"quiz-area single-page-quiz\">\n<p id=\"submittingExam11\" style=\"display:none;text-align:center;\"><img loading=\"lazy\" decoding=\"async\" src=\"https:\/\/sisu.ut.ee\/wp-content\/plugins\/watupro\/img\/loading.gif\" width=\"16\" height=\"16\"><\/p>\n\n\n\n<form action=\"\" method=\"post\" class=\"quiz-form\" id=\"quiz-11\" enctype=\"multipart\/form-data\">\n<div class=\"watu-question \" id=\"question-1\" style=\";\"><div id=\"questionWrap-1\" class=\"  watupro-required-43 watupro-question-id-43\">\n\t\t\t<div class=\"question-content\"><div>Leidke andmebaasist DIGARi Eesti artiklid, kas <em>Terviseleht : hea olemise n\u00e4dalaleht\u00a0<\/em>on t\u00e4ismahus lugemiseks k\u00e4ttesaaadav<\/div><input type=\"hidden\" name=\"question_id[]\" id=\"qID_1\" value=\"43\" class=\"watupro-question-id\"><input type=\"hidden\" id=\"answerType43\" class=\"answerTypeCnt1\" value=\"radio\"><input type=\"hidden\" id=\"watupro-required-question-43\"><!-- end question-content--><\/div><div class=\"question-choices watupro-choices-columns \" id=\"questionChoices43\"><div class=\"watupro-question-choice  \" dir=\"auto\"><input type=\"radio\" name=\"answer-43[]\" id=\"answer-id-121\" class=\"answer   answerof-43 \" value=\"121\"><label for=\"answer-id-121\" id=\"answer-label-121\" class=\" answer\"><span><p>kohe p\u00e4rast ilmumist<\/p><\/span><\/label><\/div><div class=\"watupro-question-choice  \" dir=\"auto\"><input type=\"radio\" name=\"answer-43[]\" id=\"answer-id-122\" class=\"answer   answerof-43 \" value=\"122\"><label for=\"answer-id-122\" id=\"answer-label-122\" class=\" answer\"><span><p>kuu aega p\u00e4rast ilmumist<\/p><\/span><\/label><\/div><div class=\"watupro-question-choice  \" dir=\"auto\"><input type=\"radio\" name=\"answer-43[]\" id=\"answer-id-120\" class=\"answer   answerof-43 \" value=\"120\"><label for=\"answer-id-120\" id=\"answer-label-120\" class=\" answer\"><span><p>aasta p\u00e4rast ilmumist<\/p><\/span><\/label><\/div><!-- end question-choices--><\/div><!-- end questionWrap--><\/div><\/div><div class=\"watu-question \" id=\"question-2\" style=\";\"><div id=\"questionWrap-2\" class=\"  watupro-required-47 watupro-question-id-47\">\n\t\t\t<div class=\"question-content\"><div>Milliste tunnuste j\u00e4rgi saab otsida\u00a0\u00a0Eesti ajakirjanduse anal\u00fc\u00fctilise bibliograafia andmebaasis\u00a0 <a href=\"http:\/\/galerii.kirmus.ee\/biblioserver\/\" target=\"_blank\" rel=\"noopener\">http:\/\/galerii.kirmus.ee\/biblioserver\/<\/a><\/div><input type=\"hidden\" name=\"question_id[]\" id=\"qID_2\" value=\"47\" class=\"watupro-question-id\"><input type=\"hidden\" id=\"answerType47\" class=\"answerTypeCnt2\" value=\"checkbox\"><input type=\"hidden\" id=\"watupro-required-question-47\"><!-- end question-content--><\/div><div class=\"question-choices watupro-choices-columns \" id=\"questionChoices47\"><div class=\"watupro-question-choice  \" dir=\"auto\"><input type=\"checkbox\" name=\"answer-47[]\" id=\"answer-id-132\" class=\"answer   answerof-47 \" value=\"132\"><label for=\"answer-id-132\" id=\"answer-label-132\" class=\" answer\"><span><p>m\u00e4rks\u00f5nad<\/p><\/span><\/label><\/div><div class=\"watupro-question-choice  \" dir=\"auto\"><input type=\"checkbox\" name=\"answer-47[]\" id=\"answer-id-129\" class=\"answer   answerof-47 \" value=\"129\"><label for=\"answer-id-129\" id=\"answer-label-129\" class=\" answer\"><span><p>asutused<\/p><\/span><\/label><\/div><div class=\"watupro-question-choice  \" dir=\"auto\"><input type=\"checkbox\" name=\"answer-47[]\" id=\"answer-id-130\" class=\"answer   answerof-47 \" value=\"130\"><label for=\"answer-id-130\" id=\"answer-label-130\" class=\" answer\"><span><p>isikud<\/p><\/span><\/label><\/div><div class=\"watupro-question-choice  \" dir=\"auto\"><input type=\"checkbox\" name=\"answer-47[]\" id=\"answer-id-131\" class=\"answer   answerof-47 \" value=\"131\"><label for=\"answer-id-131\" id=\"answer-label-131\" class=\" answer\"><span><p>kohanimed<\/p><\/span><\/label><\/div><!-- end question-choices--><\/div><!-- end questionWrap--><\/div><\/div><div class=\"watu-question \" id=\"question-3\" style=\";\"><div id=\"questionWrap-3\" class=\"  watupro-required-44 watupro-question-id-44\">\n\t\t\t<div class=\"question-content\"><div>Andmebaasis DIGAR Eesti artiklid <a href=\"http:\/\/dea.digar.ee\/\" target=\"_blank\" rel=\"noopener\">http:\/\/dea.digar.ee<\/a>\/ on k\u00f5ik Eesti ajalehed vabalt k\u00e4ttesaadavad.<\/div><input type=\"hidden\" name=\"question_id[]\" id=\"qID_3\" value=\"44\" class=\"watupro-question-id\"><input type=\"hidden\" id=\"answerType44\" class=\"answerTypeCnt3\" value=\"radio\"><input type=\"hidden\" id=\"watupro-required-question-44\"><!-- end question-content--><\/div><div class=\"question-choices watupro-choices-columns \" id=\"questionChoices44\"><div class=\"watupro-question-choice  \" dir=\"auto\"><input type=\"radio\" name=\"answer-44[]\" id=\"answer-id-123\" class=\"answer   answerof-44 \" value=\"123\"><label for=\"answer-id-123\" id=\"answer-label-123\" class=\" answer\"><span>True<\/span><\/label><\/div><div class=\"watupro-question-choice  \" dir=\"auto\"><input type=\"radio\" name=\"answer-44[]\" id=\"answer-id-124\" class=\"answer   answerof-44 \" value=\"124\"><label for=\"answer-id-124\" id=\"answer-label-124\" class=\" answer\"><span>False<\/span><\/label><\/div><!-- end question-choices--><\/div><!-- end questionWrap--><\/div><\/div><div class=\"watu-question \" id=\"question-4\" style=\";\"><div id=\"questionWrap-4\" class=\"  watupro-required-45 watupro-question-id-45\">\n\t\t\t<div class=\"question-content\"><div>Leidke andmebaasis DIGAR Eesti artiklid <a href=\"http:\/\/dea.digar.ee\/\" target=\"_blank\" rel=\"noopener\">http:\/\/dea.digar.ee<\/a>\/ kirjutised\u00a0koolikiusamise v\u00f5i kooliv\u00e4givalla kohta\u00a0(kasutage t\u00e4rni s\u00f5na t\u00fcve j\u00e4rel, et\u00a0leida erinevate l\u00f5ppudega s\u00f5nu). Millisest <strong>ajalehest<\/strong> leitakse k\u00f5ige rohkem tulemusi?<\/div><input type=\"hidden\" name=\"question_id[]\" id=\"qID_4\" value=\"45\" class=\"watupro-question-id\"><input type=\"hidden\" id=\"answerType45\" class=\"answerTypeCnt4\" value=\"radio\"><input type=\"hidden\" id=\"watupro-required-question-45\"><!-- end question-content--><\/div><div class=\"question-choices watupro-choices-columns \" id=\"questionChoices45\"><div class=\"watupro-question-choice  \" dir=\"auto\"><input type=\"radio\" name=\"answer-45[]\" id=\"answer-id-126\" class=\"answer   answerof-45 \" value=\"126\"><label for=\"answer-id-126\" id=\"answer-label-126\" class=\" answer\"><span><p>\u00d5htuleht<\/p><\/span><\/label><\/div><div class=\"watupro-question-choice  \" dir=\"auto\"><input type=\"radio\" name=\"answer-45[]\" id=\"answer-id-125\" class=\"answer   answerof-45 \" value=\"125\"><label for=\"answer-id-125\" id=\"answer-label-125\" class=\" answer\"><span><p>\u00d5petajate Leht<\/p><\/span><\/label><\/div><div class=\"watupro-question-choice  \" dir=\"auto\"><input type=\"radio\" name=\"answer-45[]\" id=\"answer-id-127\" class=\"answer   answerof-45 \" value=\"127\"><label for=\"answer-id-127\" id=\"answer-label-127\" class=\" answer\"><span><p>Postimees<\/p><\/span><\/label><\/div><!-- end question-choices--><\/div><!-- end questionWrap--><\/div><\/div><div class=\"watu-question \" id=\"question-5\" style=\";\"><div id=\"questionWrap-5\" class=\"  watupro-required-46 watupro-question-id-46\">\n\t\t\t<div class=\"question-content\"><div>Mitu aastail 2010 kuni 2019\u00a0<strong>ajakirjades<\/strong> ilmunud <strong>artiklit <\/strong>toiduohutuse v\u00f5i toiduh\u00fcgieeni kohta leiate andmebaasist DIGAR Eesti artiklid\u00a0<a title=\"\" href=\"http:\/\/dea.digar.ee\/\" target=\"_blank\" rel=\"noopener\" data-url=\"http:\/\/dea.digar.ee\/\">http:\/\/dea.digar.ee<\/a>\/\u00a0\u00a0(Kasutage t\u00e4rni s\u00f5na t\u00fcve j\u00e4rel, et\u00a0leida erinevate l\u00f5ppudega s\u00f5nu). Tehke lihtotsing ja kasutage piiranguid otsingutulemuste lehel<\/div><input type=\"hidden\" name=\"question_id[]\" id=\"qID_5\" value=\"46\" class=\"watupro-question-id\"><input type=\"hidden\" id=\"answerType46\" class=\"answerTypeCnt5\" value=\"textarea\"><input type=\"hidden\" id=\"watupro-required-question-46\"><!-- end question-content--><\/div><div class=\"question-choices \" id=\"questionChoices46\"><p><textarea name=\"answer-46[]\" id=\"textarea_q_46\" class=\"watupro-textarea-medium\" rows=\"5\" cols=\"80\"><\/textarea>\n<\/p><!-- end question-choices--><\/div><!-- end questionWrap--><\/div><\/div><div style=\"display:none\" id=\"question-6\">\n\t<div class=\"question-content\">\n\t\t<img loading=\"lazy\" decoding=\"async\" src=\"https:\/\/sisu.ut.ee\/wp-content\/plugins\/watupro\/img\/loading.gif\" width=\"16\" height=\"16\" alt=\"Loading...\" title=\"Loading...\">\u00a0Loading...\t<\/div>\n<\/div>\n\n<br>\n\t\n\t\t\t<div class=\"watupro_buttons flex \" id=\"watuPROButtons11\">\n\t\t  <div id=\"prev-question\" style=\"display:none;\"><input type=\"button\" value=\"&lt; Previous\" onclick=\"WatuPRO.nextQuestion(event, 'previous');\"><\/div>\t\t  \t\t  \t\t   \n\t\t   \t  \t\t<div><input type=\"button\" name=\"action\" class=\"watupro-submit-button\" onclick=\"WatuPRO.submitResult(event)\" id=\"action-button\" value=\"Vaata tulemust\">\n\t\t<\/div>\n\t\t<\/div>\n\t\t\n\t<input type=\"hidden\" name=\"quiz_id\" value=\"11\" id=\"watuPROExamID\">\n\t<input type=\"hidden\" name=\"start_time\" id=\"startTime\" value=\"2026-04-13 18:53:53\">\n\t<input type=\"hidden\" name=\"start_timestamp\" id=\"startTimeStamp\" value=\"1776106433\">\n\t<input type=\"hidden\" name=\"question_ids\" value=\"\">\n\t<input type=\"hidden\" name=\"watupro_questions\" value=\"43:121,122,120 | 47:132,129,130,131 | 44:123,124 | 45:126,125,127 | 46:128\">\n\t<input type=\"hidden\" name=\"no_ajax\" value=\"0\">\t\t\t<\/form>\n\t<p>\u00a0<\/p>\n<\/div>\n\n<script type=\"text\/javascript\">\n\/\/jQuery(document).ready(function(){\ndocument.addEventListener(\"DOMContentLoaded\", function(event) { \t\nvar question_ids = \"43,47,44,45,46\";\nWatuPROSettings[11] = {};\nWatuPRO.qArr = question_ids.split(',');\nWatuPRO.exam_id = 11;\t    \nWatuPRO.post_id = 238;\nWatuPRO.store_progress = 0;\nWatuPRO.curCatPage = 1;\nWatuPRO.requiredIDs=\"0,43,47,44,45,46\".split(\",\");\nWatuPRO.hAppID = \"0.51896800 1776095633\";\nvar url = \"https:\/\/sisu.ut.ee\/wp-content\/plugins\/watupro\/show_exam.php\";\nWatuPRO.examMode = 1;\nWatuPRO.siteURL=\"https:\/\/sisu.ut.ee\/infootsitugi\/wp-admin\/admin-ajax.php\";\nWatuPRO.emailIsNotRequired = 0;\nWatuPRO.perDecade = 10;\nWatuPROIntel.init(11);\nWatuPRO.inCategoryPages=1;});    \t \n<\/script>\n\n","protected":false},"excerpt":{"rendered":"","protected":false},"author":76,"featured_media":0,"parent":0,"menu_order":0,"comment_status":"closed","ping_status":"closed","template":"","meta":{"_acf_changed":false,"inline_featured_image":false,"footnotes":""},"class_list":["post-238","page","type-page","status-publish","hentry"],"acf":[],"_links":{"self":[{"href":"https:\/\/sisu.ut.ee\/infootsitugi\/wp-json\/wp\/v2\/pages\/238","targetHints":{"allow":["GET"]}}],"collection":[{"href":"https:\/\/sisu.ut.ee\/infootsitugi\/wp-json\/wp\/v2\/pages"}],"about":[{"href":"https:\/\/sisu.ut.ee\/infootsitugi\/wp-json\/wp\/v2\/types\/page"}],"author":[{"embeddable":true,"href":"https:\/\/sisu.ut.ee\/infootsitugi\/wp-json\/wp\/v2\/users\/76"}],"replies":[{"embeddable":true,"href":"https:\/\/sisu.ut.ee\/infootsitugi\/wp-json\/wp\/v2\/comments?post=238"}],"version-history":[{"count":0,"href":"https:\/\/sisu.ut.ee\/infootsitugi\/wp-json\/wp\/v2\/pages\/238\/revisions"}],"wp:attachment":[{"href":"https:\/\/sisu.ut.ee\/infootsitugi\/wp-json\/wp\/v2\/media?parent=238"}],"curies":[{"name":"wp","href":"https:\/\/api.w.org\/{rel}","templated":true}]}}