{"id":235,"date":"2024-04-11T10:58:52","date_gmt":"2024-04-11T07:58:52","guid":{"rendered":"https:\/\/sisu.ut.ee\/infootsitugi\/enesetest-ise-artiklid\/"},"modified":"2024-04-11T10:58:52","modified_gmt":"2024-04-11T07:58:52","slug":"enesetest-ise-artiklid","status":"publish","type":"page","link":"https:\/\/sisu.ut.ee\/infootsitugi\/enesetest-ise-artiklid\/","title":{"rendered":"Enesetest: ISE artiklid"},"content":{"rendered":"<div id=\"watupro_quiz\" class=\"quiz-area single-page-quiz\">\n<p id=\"submittingExam3\" style=\"display:none;text-align:center;\"><img loading=\"lazy\" decoding=\"async\" src=\"https:\/\/sisu.ut.ee\/wp-content\/plugins\/watupro\/img\/loading.gif\" width=\"16\" height=\"16\"><\/p>\n\n<div class=\"watupro-exam-description\" id=\"description-quiz-3\"><p>Testis on ka m\u00f5ned otsinguk\u00fcsimused, et saaksite otsinguid harjutada. Need v\u00f5ivad tunduda keerulised, sest pole ette antud, kuidas otsida. Kui olete \u00f5ppematerjalid l\u00e4bi vaadanud, siis oskate kindlasti alustada. Sellest ei maksa heituda, kui kohe ei tule v\u00e4lja \u00f5ige tulemus. Kui olete testi l\u00f5petanud, siis n\u00e4ete k\u00fcsimuste vastuseid ja ka juhendit, kuidas tuleks antud otsingut teha. Kui juhendi j\u00e4rgi otsides saate arvulise vastuse puhul veidi erineva\u00a0tulemuse, \u00e4rge ka sellest heituge. Kuigi vaatame k\u00fcsimusi regulaarselt \u00fcle, v\u00f5ib kataloogi seis olla muutunud. See test on eelk\u00f5ige harjutamiseks. V\u00f5ite veast teada anda vilve.seiler@ut.ee.<\/p>\n<\/div>\n\n<form action=\"\" method=\"post\" class=\"quiz-form\" id=\"quiz-3\" enctype=\"multipart\/form-data\">\n<div class=\"watu-question \" id=\"question-1\" style=\";\"><div id=\"questionWrap-1\" class=\"  watupro-required-11 watupro-question-id-11\">\n\t\t\t<div class=\"question-content\"><div><span id=\"docs-internal-guid-8d256775-1716-a856-b601-8e7757016fc3\">Leidke andmebaasis ISE Peep Leppiku artikkel \u201cV\u00e4\u00e4rtushinnanguid saab siiski m\u00f5jutada ka kool\u201d. Milline on k\u00f5ige esimene m\u00e4rks\u00f5na selle artikli kirjes.<\/span><\/div><input type=\"hidden\" name=\"question_id[]\" id=\"qID_1\" value=\"11\" class=\"watupro-question-id\"><input type=\"hidden\" id=\"answerType11\" class=\"answerTypeCnt1\" value=\"radio\"><input type=\"hidden\" id=\"watupro-required-question-11\"><!-- end question-content--><\/div><div class=\"question-choices watupro-choices-columns \" id=\"questionChoices11\"><div class=\"watupro-question-choice  \" dir=\"auto\"><input type=\"radio\" name=\"answer-11[]\" id=\"answer-id-33\" class=\"answer   answerof-11 \" value=\"33\"><label for=\"answer-id-33\" id=\"answer-label-33\" class=\" answer\"><span><p>v\u00e4\u00e4rtusorientatsioon<\/p><\/span><\/label><\/div><div class=\"watupro-question-choice  \" dir=\"auto\"><input type=\"radio\" name=\"answer-11[]\" id=\"answer-id-34\" class=\"answer   answerof-11 \" value=\"34\"><label for=\"answer-id-34\" id=\"answer-label-34\" class=\" answer\"><span><p>v\u00e4\u00e4rtuskasvatus<\/p><\/span><\/label><\/div><div class=\"watupro-question-choice  \" dir=\"auto\"><input type=\"radio\" name=\"answer-11[]\" id=\"answer-id-35\" class=\"answer   answerof-11 \" value=\"35\"><label for=\"answer-id-35\" id=\"answer-label-35\" class=\" answer\"><span><p>isiksuse areng<\/p><\/span><\/label><\/div><!-- end question-choices--><\/div><!-- end questionWrap--><\/div><\/div><div class=\"watu-question \" id=\"question-2\" style=\";\"><div id=\"questionWrap-2\" class=\"  watupro-required-12 watupro-question-id-12\">\n\t\t\t<div class=\"question-content\"><div>Andmebaas ISE v\u00f5imaldab leida infot<\/div><input type=\"hidden\" name=\"question_id[]\" id=\"qID_2\" value=\"12\" class=\"watupro-question-id\"><input type=\"hidden\" id=\"answerType12\" class=\"answerTypeCnt2\" value=\"checkbox\"><input type=\"hidden\" id=\"watupro-required-question-12\"><!-- end question-content--><\/div><div class=\"question-choices watupro-choices-columns \" id=\"questionChoices12\"><div class=\"watupro-question-choice  \" dir=\"auto\"><input type=\"checkbox\" name=\"answer-12[]\" id=\"answer-id-36\" class=\"answer   answerof-12 \" value=\"36\"><label for=\"answer-id-36\" id=\"answer-label-36\" class=\" answer\"><span><p>Eestis ilmunud raamatute kohta<\/p><\/span><\/label><\/div><div class=\"watupro-question-choice  \" dir=\"auto\"><input type=\"checkbox\" name=\"answer-12[]\" id=\"answer-id-37\" class=\"answer   answerof-12 \" value=\"37\"><label for=\"answer-id-37\" id=\"answer-label-37\" class=\" answer\"><span><p>alates 2014. aastast ilmunud ajaleheartiklite kohta<\/p><\/span><\/label><\/div><div class=\"watupro-question-choice  \" dir=\"auto\"><input type=\"checkbox\" name=\"answer-12[]\" id=\"answer-id-38\" class=\"answer   answerof-12 \" value=\"38\"><label for=\"answer-id-38\" id=\"answer-label-38\" class=\" answer\"><span><p>aastatel 1993<span>\u2013<\/span>2013 ilmunud ajaleheartiklite kohta<\/p><\/span><\/label><\/div><div class=\"watupro-question-choice  \" dir=\"auto\"><input type=\"checkbox\" name=\"answer-12[]\" id=\"answer-id-39\" class=\"answer   answerof-12 \" value=\"39\"><label for=\"answer-id-39\" id=\"answer-label-39\" class=\" answer\"><span><p>aastatel 1993<span>\u2013<\/span>2016 ilmunud ajakirja- ja kogumikuartiklite kohta<\/p><\/span><\/label><\/div><!-- end question-choices--><\/div><!-- end questionWrap--><\/div><\/div><div class=\"watu-question \" id=\"question-3\" style=\";\"><div id=\"questionWrap-3\" class=\"  watupro-required-14 watupro-question-id-14\">\n\t\t\t<div class=\"question-content\"><div>Leidke Marju Lauristini artiklid andmebaasis ISE. Mitu <strong>kogumikes<\/strong> ilmunud\u00a0<strong>artiklit<\/strong>\u00a0leiate? Tehke otsing autori j\u00e4rgi (valige autori v\u00e4li). Kirjutage numbriline vastus.<\/div><input type=\"hidden\" name=\"question_id[]\" id=\"qID_3\" value=\"14\" class=\"watupro-question-id\"><input type=\"hidden\" id=\"answerType14\" class=\"answerTypeCnt3\" value=\"textarea\"><input type=\"hidden\" id=\"watupro-required-question-14\"><!-- end question-content--><\/div><div class=\"question-choices \" id=\"questionChoices14\"><p><textarea name=\"answer-14[]\" id=\"textarea_q_14\" class=\"watupro-textarea-medium\" rows=\"5\" cols=\"80\"><\/textarea>\n<\/p><!-- end question-choices--><\/div><!-- end questionWrap--><\/div><\/div><div class=\"watu-question \" id=\"question-4\" style=\";\"><div id=\"questionWrap-4\" class=\"  watupro-required-58 watupro-question-id-58\">\n\t\t\t<div class=\"question-content\"><div>Mitu eestikeelset kuni 2024. a ajakirjades ilmunud artiklit kliimamuutuste kohta leiate andmebaasis ISE<\/div><input type=\"hidden\" name=\"question_id[]\" id=\"qID_4\" value=\"58\" class=\"watupro-question-id\"><input type=\"hidden\" id=\"answerType58\" class=\"answerTypeCnt4\" value=\"textarea\"><input type=\"hidden\" id=\"watupro-required-question-58\"><!-- end question-content--><\/div><div class=\"question-choices \" id=\"questionChoices58\"><p><textarea name=\"answer-58[]\" id=\"textarea_q_58\" class=\"watupro-textarea-medium\" rows=\"5\" cols=\"80\"><\/textarea>\n<\/p><!-- end question-choices--><\/div><!-- end questionWrap--><\/div><\/div><div style=\"display:none\" id=\"question-5\">\n\t<div class=\"question-content\">\n\t\t<img loading=\"lazy\" decoding=\"async\" src=\"https:\/\/sisu.ut.ee\/wp-content\/plugins\/watupro\/img\/loading.gif\" width=\"16\" height=\"16\" alt=\"Loading...\" title=\"Loading...\">\u00a0Loading...\t<\/div>\n<\/div>\n\n<br>\n\t\n\t\t\t<div class=\"watupro_buttons flex \" id=\"watuPROButtons3\">\n\t\t  <div id=\"prev-question\" style=\"display:none;\"><input type=\"button\" value=\"&lt; Previous\" onclick=\"WatuPRO.nextQuestion(event, 'previous');\"><\/div>\t\t  \t\t  \t\t   \n\t\t   \t  \t\t<div><input type=\"button\" name=\"action\" class=\"watupro-submit-button\" onclick=\"WatuPRO.submitResult(event)\" id=\"action-button\" value=\"Vaata tulemust\">\n\t\t<\/div>\n\t\t<\/div>\n\t\t\n\t<input type=\"hidden\" name=\"quiz_id\" value=\"3\" id=\"watuPROExamID\">\n\t<input type=\"hidden\" name=\"start_time\" id=\"startTime\" value=\"2026-04-11 05:38:25\">\n\t<input type=\"hidden\" name=\"start_timestamp\" id=\"startTimeStamp\" value=\"1775885905\">\n\t<input type=\"hidden\" name=\"question_ids\" value=\"\">\n\t<input type=\"hidden\" name=\"watupro_questions\" value=\"11:33,34,35 | 12:36,37,38,39 | 14:43 | 58:160\">\n\t<input type=\"hidden\" name=\"no_ajax\" value=\"0\">\t\t\t<\/form>\n\t<p>\u00a0<\/p>\n<\/div>\n\n<script type=\"text\/javascript\">\n\/\/jQuery(document).ready(function(){\ndocument.addEventListener(\"DOMContentLoaded\", function(event) { \t\nvar question_ids = \"11,12,14,58\";\nWatuPROSettings[3] = {};\nWatuPRO.qArr = question_ids.split(',');\nWatuPRO.exam_id = 3;\t    \nWatuPRO.post_id = 235;\nWatuPRO.store_progress = 0;\nWatuPRO.curCatPage = 1;\nWatuPRO.requiredIDs=\"0,11,12,14,58\".split(\",\");\nWatuPRO.hAppID = \"0.85747500 1775875105\";\nvar url = \"https:\/\/sisu.ut.ee\/wp-content\/plugins\/watupro\/show_exam.php\";\nWatuPRO.examMode = 1;\nWatuPRO.siteURL=\"https:\/\/sisu.ut.ee\/infootsitugi\/wp-admin\/admin-ajax.php\";\nWatuPRO.emailIsNotRequired = 0;\nWatuPRO.perDecade = 10;\nWatuPROIntel.init(3);\nWatuPRO.inCategoryPages=1;});    \t \n<\/script>\n\n","protected":false},"excerpt":{"rendered":"","protected":false},"author":76,"featured_media":0,"parent":0,"menu_order":0,"comment_status":"closed","ping_status":"closed","template":"","meta":{"_acf_changed":false,"inline_featured_image":false,"footnotes":""},"class_list":["post-235","page","type-page","status-publish","hentry"],"acf":[],"_links":{"self":[{"href":"https:\/\/sisu.ut.ee\/infootsitugi\/wp-json\/wp\/v2\/pages\/235","targetHints":{"allow":["GET"]}}],"collection":[{"href":"https:\/\/sisu.ut.ee\/infootsitugi\/wp-json\/wp\/v2\/pages"}],"about":[{"href":"https:\/\/sisu.ut.ee\/infootsitugi\/wp-json\/wp\/v2\/types\/page"}],"author":[{"embeddable":true,"href":"https:\/\/sisu.ut.ee\/infootsitugi\/wp-json\/wp\/v2\/users\/76"}],"replies":[{"embeddable":true,"href":"https:\/\/sisu.ut.ee\/infootsitugi\/wp-json\/wp\/v2\/comments?post=235"}],"version-history":[{"count":0,"href":"https:\/\/sisu.ut.ee\/infootsitugi\/wp-json\/wp\/v2\/pages\/235\/revisions"}],"wp:attachment":[{"href":"https:\/\/sisu.ut.ee\/infootsitugi\/wp-json\/wp\/v2\/media?parent=235"}],"curies":[{"name":"wp","href":"https:\/\/api.w.org\/{rel}","templated":true}]}}