{"id":233,"date":"2024-04-11T10:47:36","date_gmt":"2024-04-11T07:47:36","guid":{"rendered":"https:\/\/sisu.ut.ee\/infootsitugi\/enesetest-e-kataloog-ester\/"},"modified":"2024-04-11T10:47:36","modified_gmt":"2024-04-11T07:47:36","slug":"enesetest-e-kataloog-ester","status":"publish","type":"page","link":"https:\/\/sisu.ut.ee\/infootsitugi\/enesetest-e-kataloog-ester\/","title":{"rendered":"Enesetest: E-kataloog ESTER"},"content":{"rendered":"<div id=\"watupro_quiz\" class=\"quiz-area single-page-quiz\">\n<p id=\"submittingExam7\" style=\"display:none;text-align:center;\"><img loading=\"lazy\" decoding=\"async\" src=\"https:\/\/sisu.ut.ee\/wp-content\/plugins\/watupro\/img\/loading.gif\" width=\"16\" height=\"16\"><\/p>\n\n<div class=\"watupro-exam-description\" id=\"description-quiz-7\"><p>Testis on ka m\u00f5ned otsinguk\u00fcsimused, et saaksite otsinguid harjutada. Need v\u00f5ivad tunduda keerulised, sest pole ette antud, kuidas otsida. Kui olete \u00f5ppematerjalid l\u00e4bi vaadanud, siis oskate kindlasti alustada. Sellest ei maksa heituda, kui kohe ei tule v\u00e4lja \u00f5ige tulemus. Kui olete testi l\u00f5petanud, siis n\u00e4ete k\u00fcsimuste vastuseid ja ka juhendit, kuidas tuleks antud otsingut teha. Kui juhendi j\u00e4rgi otsides saate arvulise vastuse puhul veidi erineva\u00a0tulemuse, \u00e4rge ka sellest heituge. Kuigi vaatame k\u00fcsimusi regulaarselt \u00fcle, v\u00f5ib kataloogi seis olla muutunud. See test on eelk\u00f5ige harjutamiseks. V\u00f5ite veast teada anda vilve.seiler@ut.ee.<\/p>\n<p>\u00a0<\/p>\n<\/div>\n\n<form action=\"\" method=\"post\" class=\"quiz-form\" id=\"quiz-7\" enctype=\"multipart\/form-data\">\n<div class=\"watu-question \" id=\"question-1\" style=\";\"><div id=\"questionWrap-1\" class=\"  watupro-required-24 watupro-question-id-24\">\n\t\t\t<div class=\"question-content\"><div>Mis on k\u00f5ige laiem otsinguviis e-kataloogis ESTER?<\/div><input type=\"hidden\" name=\"question_id[]\" id=\"qID_1\" value=\"24\" class=\"watupro-question-id\"><input type=\"hidden\" id=\"answerType24\" class=\"answerTypeCnt1\" value=\"radio\"><input type=\"hidden\" id=\"watupro-required-question-24\"><!-- end question-content--><\/div><div class=\"question-choices watupro-choices-columns \" id=\"questionChoices24\"><div class=\"watupro-question-choice  \" dir=\"auto\"><input type=\"radio\" name=\"answer-24[]\" id=\"answer-id-75\" class=\"answer   answerof-24 \" value=\"75\"><label for=\"answer-id-75\" id=\"answer-label-75\" class=\" answer\"><span><p>s\u00f5naotsing<\/p><\/span><\/label><\/div><div class=\"watupro-question-choice  \" dir=\"auto\"><input type=\"radio\" name=\"answer-24[]\" id=\"answer-id-76\" class=\"answer   answerof-24 \" value=\"76\"><label for=\"answer-id-76\" id=\"answer-label-76\" class=\" answer\"><span><p>m\u00e4rks\u00f5naotsing<\/p><\/span><\/label><\/div><div class=\"watupro-question-choice  \" dir=\"auto\"><input type=\"radio\" name=\"answer-24[]\" id=\"answer-id-77\" class=\"answer   answerof-24 \" value=\"77\"><label for=\"answer-id-77\" id=\"answer-label-77\" class=\" answer\"><span><p>pealkirjaotsing<\/p><\/span><\/label><\/div><!-- end question-choices--><\/div><!-- end questionWrap--><\/div><\/div><div class=\"watu-question \" id=\"question-2\" style=\";\"><div id=\"questionWrap-2\" class=\"  watupro-required-25 watupro-question-id-25\">\n\t\t\t<div class=\"question-content\"><div>Kumb otsinguviis v\u00f5imaldab lihtotsingus korraga sisestada mitu m\u00e4rks\u00f5na?<\/div><input type=\"hidden\" name=\"question_id[]\" id=\"qID_2\" value=\"25\" class=\"watupro-question-id\"><input type=\"hidden\" id=\"answerType25\" class=\"answerTypeCnt2\" value=\"radio\"><input type=\"hidden\" id=\"watupro-required-question-25\"><!-- end question-content--><\/div><div class=\"question-choices watupro-choices-columns \" id=\"questionChoices25\"><div class=\"watupro-question-choice  \" dir=\"auto\"><input type=\"radio\" name=\"answer-25[]\" id=\"answer-id-78\" class=\"answer   answerof-25 \" value=\"78\"><label for=\"answer-id-78\" id=\"answer-label-78\" class=\" answer\"><span><p>s\u00f5naotsing<\/p><\/span><\/label><\/div><div class=\"watupro-question-choice  \" dir=\"auto\"><input type=\"radio\" name=\"answer-25[]\" id=\"answer-id-79\" class=\"answer   answerof-25 \" value=\"79\"><label for=\"answer-id-79\" id=\"answer-label-79\" class=\" answer\"><span><p>m\u00e4rks\u00f5naotsing<\/p><\/span><\/label><\/div><!-- end question-choices--><\/div><!-- end questionWrap--><\/div><\/div><div class=\"watu-question \" id=\"question-3\" style=\";\"><div id=\"questionWrap-3\" class=\"  watupro-required-26 watupro-question-id-26\">\n\t\t\t<div class=\"question-content\"><div><span id=\"docs-internal-guid-724ccb34-d25d-f2e0-ae44-3daa975de30e\">Millistele k\u00fcsimustele annab \u00a0e-kataloog ESTER vastuse?<\/span><\/div><input type=\"hidden\" name=\"question_id[]\" id=\"qID_3\" value=\"26\" class=\"watupro-question-id\"><input type=\"hidden\" id=\"answerType26\" class=\"answerTypeCnt3\" value=\"checkbox\"><input type=\"hidden\" id=\"watupro-required-question-26\"><!-- end question-content--><\/div><div class=\"question-choices watupro-choices-columns \" id=\"questionChoices26\"><div class=\"watupro-question-choice  \" dir=\"auto\"><input type=\"checkbox\" name=\"answer-26[]\" id=\"answer-id-80\" class=\"answer   answerof-26 \" value=\"80\"><label for=\"answer-id-80\" id=\"answer-label-80\" class=\" answer\"><span><p><span id=\"docs-internal-guid-724ccb34-d25e-b182-8939-6bd83539b969\"><span>Kas soovitud raamat on raamatukogus olemas<br><\/span><\/span><\/p><\/span><\/label><\/div><div class=\"watupro-question-choice  \" dir=\"auto\"><input type=\"checkbox\" name=\"answer-26[]\" id=\"answer-id-81\" class=\"answer   answerof-26 \" value=\"81\"><label for=\"answer-id-81\" id=\"answer-label-81\" class=\" answer\"><span><p>Kus raamat raamatukogus paikneb<\/p><\/span><\/label><\/div><div class=\"watupro-question-choice  \" dir=\"auto\"><input type=\"checkbox\" name=\"answer-26[]\" id=\"answer-id-82\" class=\"answer   answerof-26 \" value=\"82\"><label for=\"answer-id-82\" id=\"answer-label-82\" class=\" answer\"><span><p>Kas raamat on kohal v\u00f5i v\u00e4lja laenutatud<\/p><\/span><\/label><\/div><div class=\"watupro-question-choice  \" dir=\"auto\"><input type=\"checkbox\" name=\"answer-26[]\" id=\"answer-id-83\" class=\"answer   answerof-26 \" value=\"83\"><label for=\"answer-id-83\" id=\"answer-label-83\" class=\" answer\"><span><p>Millised raamatud on raamatukogus mind huvitaval teemal olemas<\/p><\/span><\/label><\/div><div class=\"watupro-question-choice  \" dir=\"auto\"><input type=\"checkbox\" name=\"answer-26[]\" id=\"answer-id-84\" class=\"answer   answerof-26 \" value=\"84\"><label for=\"answer-id-84\" id=\"answer-label-84\" class=\" answer\"><span><p>Milliseid artikleid on minu teema kohta ilmunud<\/p><\/span><\/label><\/div><!-- end question-choices--><\/div><!-- end questionWrap--><\/div><\/div><div class=\"watu-question \" id=\"question-4\" style=\";\"><div id=\"questionWrap-4\" class=\"  watupro-required-27 watupro-question-id-27\">\n\t\t\t<div class=\"question-content\"><div><span data-mce-mark=\"1\">Kui kl\u00f5psate kataloogis ESTER leitud teaviku pealkirjal ning edasi linki <em>T\u00e4iskirje<\/em>, siis on v\u00f5imalik n\u00e4ha<\/span><span data-mce-mark=\"1\">\u00a0<\/span><\/div><input type=\"hidden\" name=\"question_id[]\" id=\"qID_4\" value=\"27\" class=\"watupro-question-id\"><input type=\"hidden\" id=\"answerType27\" class=\"answerTypeCnt4\" value=\"checkbox\"><input type=\"hidden\" id=\"watupro-required-question-27\"><!-- end question-content--><\/div><div class=\"question-choices watupro-choices-columns \" id=\"questionChoices27\"><div class=\"watupro-question-choice  \" dir=\"auto\"><input type=\"checkbox\" name=\"answer-27[]\" id=\"answer-id-85\" class=\"answer   answerof-27 \" value=\"85\"><label for=\"answer-id-85\" id=\"answer-label-85\" class=\" answer\"><span><p>ajakirjade sisukordi<\/p><\/span><\/label><\/div><div class=\"watupro-question-choice  \" dir=\"auto\"><input type=\"checkbox\" name=\"answer-27[]\" id=\"answer-id-86\" class=\"answer   answerof-27 \" value=\"86\"><label for=\"answer-id-86\" id=\"answer-label-86\" class=\" answer\"><span><p>raamatute asukohti raamatukogudes<\/p><\/span><\/label><\/div><div class=\"watupro-question-choice  \" dir=\"auto\"><input type=\"checkbox\" name=\"answer-27[]\" id=\"answer-id-87\" class=\"answer   answerof-27 \" value=\"87\"><label for=\"answer-id-87\" id=\"answer-label-87\" class=\" answer\"><span><p>m\u00e4rks\u00f5nu<\/p><\/span><\/label><\/div><div class=\"watupro-question-choice  \" dir=\"auto\"><input type=\"checkbox\" name=\"answer-27[]\" id=\"answer-id-88\" class=\"answer   answerof-27 \" value=\"88\"><label for=\"answer-id-88\" id=\"answer-label-88\" class=\" answer\"><span><p><span id=\"docs-internal-guid-724ccb34-d27e-e3e1-026d-622b1be1c247\"><span id=\"docs-internal-guid-724ccb34-d27e-e3e1-026d-622b1be1c247\">CD-plaatide\u00a0<\/span><\/span>muusikapalade pealkirju\u00a0<\/p><\/span><\/label><\/div><!-- end question-choices--><\/div><!-- end questionWrap--><\/div><\/div><div class=\"watu-question \" id=\"question-5\" style=\";\"><div id=\"questionWrap-5\" class=\"  watupro-required-28 watupro-question-id-28\">\n\t\t\t<div class=\"question-content\"><div>Milliste m\u00e4rks\u00f5nadega on e-kataloogis ESTER kirjeldatud \u00f5pikut \"Ps\u00fchholoogia g\u00fcmnaasiumile\"?<br>\r\n<br>\r\nSelle k\u00fcsimuse eesm\u00e4rk on, et paneksite t\u00e4hele andmebaasi kirjetes olevaid m\u00e4rks\u00f5nu, mida saate kasutada nt edasistel otsingutel.<br>\r\n<br>\r\n\u00a0<\/div><input type=\"hidden\" name=\"question_id[]\" id=\"qID_5\" value=\"28\" class=\"watupro-question-id\"><input type=\"hidden\" id=\"answerType28\" class=\"answerTypeCnt5\" value=\"checkbox\"><input type=\"hidden\" id=\"watupro-required-question-28\"><!-- end question-content--><\/div><div class=\"question-choices watupro-choices-columns \" id=\"questionChoices28\"><div class=\"watupro-question-choice  \" dir=\"auto\"><input type=\"checkbox\" name=\"answer-28[]\" id=\"answer-id-89\" class=\"answer   answerof-28 \" value=\"89\"><label for=\"answer-id-89\" id=\"answer-label-89\" class=\" answer\"><span><p>ps\u00fchholoogia<\/p><\/span><\/label><\/div><div class=\"watupro-question-choice  \" dir=\"auto\"><input type=\"checkbox\" name=\"answer-28[]\" id=\"answer-id-90\" class=\"answer   answerof-28 \" value=\"90\"><label for=\"answer-id-90\" id=\"answer-label-90\" class=\" answer\"><span><p>g\u00fcmnaasiumid<\/p><\/span><\/label><\/div><div class=\"watupro-question-choice  \" dir=\"auto\"><input type=\"checkbox\" name=\"answer-28[]\" id=\"answer-id-91\" class=\"answer   answerof-28 \" value=\"91\"><label for=\"answer-id-91\" id=\"answer-label-91\" class=\" answer\"><span><p>kooli\u00f5pikud<\/p><\/span><\/label><\/div><div class=\"watupro-question-choice  \" dir=\"auto\"><input type=\"checkbox\" name=\"answer-28[]\" id=\"answer-id-92\" class=\"answer   answerof-28 \" value=\"92\"><label for=\"answer-id-92\" id=\"answer-label-92\" class=\" answer\"><span><p>k\u00e4siraamatud<\/p><\/span><\/label><\/div><!-- end question-choices--><\/div><!-- end questionWrap--><\/div><\/div><div class=\"watu-question \" id=\"question-6\" style=\";\"><div id=\"questionWrap-6\" class=\"  watupro-required-29 watupro-question-id-29\">\n\t\t\t<div class=\"question-content\"><div><p dir=\"ltr\">Mitu kuni <strong>2024<\/strong>. aastani ilmunud v\u00f5rgujuurdep\u00e4\u00e4suga teavikut (<strong>e-ressurssi<\/strong>) leiate Eesti looduskaitse kohta? Tehke liitotsing kahe m\u00e4rks\u00f5naga.<\/p>\u00a0<\/div><input type=\"hidden\" name=\"question_id[]\" id=\"qID_6\" value=\"29\" class=\"watupro-question-id\"><input type=\"hidden\" id=\"answerType29\" class=\"answerTypeCnt6\" value=\"textarea\"><input type=\"hidden\" id=\"watupro-required-question-29\"><!-- end question-content--><\/div><div class=\"question-choices \" id=\"questionChoices29\"><p><textarea name=\"answer-29[]\" id=\"textarea_q_29\" class=\"watupro-textarea-medium\" rows=\"5\" cols=\"80\"><\/textarea>\n<\/p><!-- end question-choices--><\/div><!-- end questionWrap--><\/div><\/div><div class=\"watu-question \" id=\"question-7\" style=\";\"><div id=\"questionWrap-7\" class=\"  watupro-required-30 watupro-question-id-30\">\n\t\t\t<div class=\"question-content\"><div>Mitu aastatel\u00a0<strong id=\"yui_3_17_2_1_1704462867707_2634\">2000-2024<\/strong>\u00a0ilmunud <strong>eestikeelset raamatut\u00a0<\/strong>kliimamuutuste\u00a0 kohta leiate e-kataloogis ESTER <strong>Tallinna<\/strong>\u00a0<strong id=\"yui_3_17_2_1_1704462867707_2680\">raamatukogudest<\/strong>? Tehke m\u00e4rks\u00f5naotsing. Kirjutage arvuline vastus.<\/div><input type=\"hidden\" name=\"question_id[]\" id=\"qID_7\" value=\"30\" class=\"watupro-question-id\"><input type=\"hidden\" id=\"answerType30\" class=\"answerTypeCnt7\" value=\"textarea\"><input type=\"hidden\" id=\"watupro-required-question-30\"><!-- end question-content--><\/div><div class=\"question-choices \" id=\"questionChoices30\"><p><textarea name=\"answer-30[]\" id=\"textarea_q_30\" class=\"watupro-textarea-medium\" rows=\"5\" cols=\"80\"><\/textarea>\n<\/p><!-- end question-choices--><\/div><!-- end questionWrap--><\/div><\/div><div style=\"display:none\" id=\"question-8\">\n\t<div class=\"question-content\">\n\t\t<img loading=\"lazy\" decoding=\"async\" src=\"https:\/\/sisu.ut.ee\/wp-content\/plugins\/watupro\/img\/loading.gif\" width=\"16\" height=\"16\" alt=\"Loading...\" title=\"Loading...\">\u00a0Loading...\t<\/div>\n<\/div>\n\n<br>\n\t\n\t\t\t<div class=\"watupro_buttons flex \" id=\"watuPROButtons7\">\n\t\t  <div id=\"prev-question\" style=\"display:none;\"><input type=\"button\" value=\"&lt; Previous\" onclick=\"WatuPRO.nextQuestion(event, 'previous');\"><\/div>\t\t  \t\t  \t\t   \n\t\t   \t  \t\t<div><input type=\"button\" name=\"action\" class=\"watupro-submit-button\" onclick=\"WatuPRO.submitResult(event)\" id=\"action-button\" value=\"Vaata tulemust\">\n\t\t<\/div>\n\t\t<\/div>\n\t\t\n\t<input type=\"hidden\" name=\"quiz_id\" value=\"7\" id=\"watuPROExamID\">\n\t<input type=\"hidden\" name=\"start_time\" id=\"startTime\" value=\"2026-04-07 19:56:30\">\n\t<input type=\"hidden\" name=\"start_timestamp\" id=\"startTimeStamp\" value=\"1775591790\">\n\t<input type=\"hidden\" name=\"question_ids\" value=\"\">\n\t<input type=\"hidden\" name=\"watupro_questions\" value=\"24:75,76,77 | 25:78,79 | 26:80,81,82,83,84 | 27:85,86,87,88 | 28:89,90,91,92 | 29:93 | 30:94\">\n\t<input type=\"hidden\" name=\"no_ajax\" value=\"0\">\t\t\t<\/form>\n\t<p>\u00a0<\/p>\n<\/div>\n\n<script type=\"text\/javascript\">\n\/\/jQuery(document).ready(function(){\ndocument.addEventListener(\"DOMContentLoaded\", function(event) { \t\nvar question_ids = \"24,25,26,27,28,29,30\";\nWatuPROSettings[7] = {};\nWatuPRO.qArr = question_ids.split(',');\nWatuPRO.exam_id = 7;\t    \nWatuPRO.post_id = 233;\nWatuPRO.store_progress = 0;\nWatuPRO.curCatPage = 1;\nWatuPRO.requiredIDs=\"0,24,25,26,27,28,29,30\".split(\",\");\nWatuPRO.hAppID = \"0.18981500 1775580990\";\nvar url = \"https:\/\/sisu.ut.ee\/wp-content\/plugins\/watupro\/show_exam.php\";\nWatuPRO.examMode = 1;\nWatuPRO.siteURL=\"https:\/\/sisu.ut.ee\/infootsitugi\/wp-admin\/admin-ajax.php\";\nWatuPRO.emailIsNotRequired = 0;\nWatuPRO.perDecade = 10;\nWatuPROIntel.init(7);\nWatuPRO.inCategoryPages=1;});    \t \n<\/script>\n\n","protected":false},"excerpt":{"rendered":"","protected":false},"author":76,"featured_media":0,"parent":0,"menu_order":0,"comment_status":"closed","ping_status":"closed","template":"","meta":{"_acf_changed":false,"inline_featured_image":false,"footnotes":""},"class_list":["post-233","page","type-page","status-publish","hentry"],"acf":[],"_links":{"self":[{"href":"https:\/\/sisu.ut.ee\/infootsitugi\/wp-json\/wp\/v2\/pages\/233","targetHints":{"allow":["GET"]}}],"collection":[{"href":"https:\/\/sisu.ut.ee\/infootsitugi\/wp-json\/wp\/v2\/pages"}],"about":[{"href":"https:\/\/sisu.ut.ee\/infootsitugi\/wp-json\/wp\/v2\/types\/page"}],"author":[{"embeddable":true,"href":"https:\/\/sisu.ut.ee\/infootsitugi\/wp-json\/wp\/v2\/users\/76"}],"replies":[{"embeddable":true,"href":"https:\/\/sisu.ut.ee\/infootsitugi\/wp-json\/wp\/v2\/comments?post=233"}],"version-history":[{"count":1,"href":"https:\/\/sisu.ut.ee\/infootsitugi\/wp-json\/wp\/v2\/pages\/233\/revisions"}],"predecessor-version":[{"id":260,"href":"https:\/\/sisu.ut.ee\/infootsitugi\/wp-json\/wp\/v2\/pages\/233\/revisions\/260"}],"wp:attachment":[{"href":"https:\/\/sisu.ut.ee\/infootsitugi\/wp-json\/wp\/v2\/media?parent=233"}],"curies":[{"name":"wp","href":"https:\/\/api.w.org\/{rel}","templated":true}]}}