{"id":229,"date":"2024-04-11T10:27:25","date_gmt":"2024-04-11T07:27:25","guid":{"rendered":"https:\/\/sisu.ut.ee\/infootsitugi\/enesetest-ettevalmistus-infootsinguks\/"},"modified":"2024-04-11T10:27:25","modified_gmt":"2024-04-11T07:27:25","slug":"enesetest-ettevalmistus-infootsinguks","status":"publish","type":"page","link":"https:\/\/sisu.ut.ee\/infootsitugi\/enesetest-ettevalmistus-infootsinguks\/","title":{"rendered":"Enesetest: Ettevalmistus infootsinguks"},"content":{"rendered":"<div id=\"watupro_quiz\" class=\"quiz-area single-page-quiz\">\n<p id=\"submittingExam5\" style=\"display:none;text-align:center;\"><img loading=\"lazy\" decoding=\"async\" src=\"https:\/\/sisu.ut.ee\/wp-content\/plugins\/watupro\/img\/loading.gif\" width=\"16\" height=\"16\"><\/p>\n\n\n\n<form action=\"\" method=\"post\" class=\"quiz-form\" id=\"quiz-5\" enctype=\"multipart\/form-data\">\n<div class=\"watu-question \" id=\"question-1\" style=\";\"><div id=\"questionWrap-1\" class=\"  watupro-required-15 watupro-question-id-15\">\n\t\t\t<div class=\"question-content\"><div>Kust v\u00f5ib leida abi infootsingu alustamisel terminite t\u00e4psutamiseks?<\/div><input type=\"hidden\" name=\"question_id[]\" id=\"qID_1\" value=\"15\" class=\"watupro-question-id\"><input type=\"hidden\" id=\"answerType15\" class=\"answerTypeCnt1\" value=\"checkbox\"><input type=\"hidden\" id=\"watupro-required-question-15\"><!-- end question-content--><\/div><div class=\"question-choices watupro-choices-columns \" id=\"questionChoices15\"><div class=\"watupro-question-choice  \" dir=\"auto\"><input type=\"checkbox\" name=\"answer-15[]\" id=\"answer-id-46\" class=\"answer   answerof-15 \" value=\"46\"><label for=\"answer-id-46\" id=\"answer-label-46\" class=\" answer\"><span><p>Vikipeedia<\/p><\/span><\/label><\/div><div class=\"watupro-question-choice  \" dir=\"auto\"><input type=\"checkbox\" name=\"answer-15[]\" id=\"answer-id-44\" class=\"answer   answerof-15 \" value=\"44\"><label for=\"answer-id-44\" id=\"answer-label-44\" class=\" answer\"><span><p>Eesti m\u00e4rks\u00f5nastik<\/p><\/span><\/label><\/div><div class=\"watupro-question-choice  \" dir=\"auto\"><input type=\"checkbox\" name=\"answer-15[]\" id=\"answer-id-47\" class=\"answer   answerof-15 \" value=\"47\"><label for=\"answer-id-47\" id=\"answer-label-47\" class=\" answer\"><span><p><span id=\"docs-internal-guid-246adc89-41fb-96c8-2ad1-569af822ced4\"><span id=\"docs-internal-guid-246adc89-41fb-96c8-2ad1-569af822ced4\">Erinevad terminoloogiat k\u00e4sitlevad veebilehed v\u00f5i s\u00f5nastikud<\/span><\/span><\/p><\/span><\/label><\/div><div class=\"watupro-question-choice  \" dir=\"auto\"><input type=\"checkbox\" name=\"answer-15[]\" id=\"answer-id-45\" class=\"answer   answerof-15 \" value=\"45\"><label for=\"answer-id-45\" id=\"answer-label-45\" class=\" answer\"><span><p>S\u00fcnon\u00fc\u00fcmis\u00f5nastik<\/p><\/span><\/label><\/div><!-- end question-choices--><\/div><!-- end questionWrap--><\/div><\/div><div class=\"watu-question \" id=\"question-2\" style=\";\"><div id=\"questionWrap-2\" class=\"  watupro-required-17 watupro-question-id-17\">\n\t\t\t<div class=\"question-content\"><div>Algselt s\u00f5nastatud teemat ei tohi otsingute k\u00e4igus muuta.<\/div><input type=\"hidden\" name=\"question_id[]\" id=\"qID_2\" value=\"17\" class=\"watupro-question-id\"><input type=\"hidden\" id=\"answerType17\" class=\"answerTypeCnt2\" value=\"radio\"><input type=\"hidden\" id=\"watupro-required-question-17\"><!-- end question-content--><\/div><div class=\"question-choices watupro-choices-columns \" id=\"questionChoices17\"><div class=\"watupro-question-choice  \" dir=\"auto\"><input type=\"radio\" name=\"answer-17[]\" id=\"answer-id-50\" class=\"answer   answerof-17 \" value=\"50\"><label for=\"answer-id-50\" id=\"answer-label-50\" class=\" answer\"><span>True<\/span><\/label><\/div><div class=\"watupro-question-choice  \" dir=\"auto\"><input type=\"radio\" name=\"answer-17[]\" id=\"answer-id-51\" class=\"answer   answerof-17 \" value=\"51\"><label for=\"answer-id-51\" id=\"answer-label-51\" class=\" answer\"><span>False<\/span><\/label><\/div><!-- end question-choices--><\/div><!-- end questionWrap--><\/div><\/div><div class=\"watu-question \" id=\"question-3\" style=\";\"><div id=\"questionWrap-3\" class=\"  watupro-required-19 watupro-question-id-19\">\n\t\t\t<div class=\"question-content\"><div>\u00a0<br>\r\n<br>\r\nMis allpool nimetatutest on uurimismeetodid? Abiks on Eesti m\u00e4rks\u00f5nastik,\u00a0<a href=\"https:\/\/ems.elnet.ee\/\" target=\"_blank\" rel=\"noopener\">https:\/\/ems.elnet.ee\/<\/a>\u00a0<\/div><input type=\"hidden\" name=\"question_id[]\" id=\"qID_3\" value=\"19\" class=\"watupro-question-id\"><input type=\"hidden\" id=\"answerType19\" class=\"answerTypeCnt3\" value=\"checkbox\"><input type=\"hidden\" id=\"watupro-required-question-19\"><!-- end question-content--><\/div><div class=\"question-choices watupro-choices-columns \" id=\"questionChoices19\"><div class=\"watupro-question-choice  \" dir=\"auto\"><input type=\"checkbox\" name=\"answer-19[]\" id=\"answer-id-61\" class=\"answer   answerof-19 \" value=\"61\"><label for=\"answer-id-61\" id=\"answer-label-61\" class=\" answer\"><span><p>guugeldamine<\/p><\/span><\/label><\/div><div class=\"watupro-question-choice  \" dir=\"auto\"><input type=\"checkbox\" name=\"answer-19[]\" id=\"answer-id-58\" class=\"answer   answerof-19 \" value=\"58\"><label for=\"answer-id-58\" id=\"answer-label-58\" class=\" answer\"><span><p>vaatlused<\/p><\/span><\/label><\/div><div class=\"watupro-question-choice  \" dir=\"auto\"><input type=\"checkbox\" name=\"answer-19[]\" id=\"answer-id-57\" class=\"answer   answerof-19 \" value=\"57\"><label for=\"answer-id-57\" id=\"answer-label-57\" class=\" answer\"><span><p>eksperimendid<\/p><\/span><\/label><\/div><div class=\"watupro-question-choice  \" dir=\"auto\"><input type=\"checkbox\" name=\"answer-19[]\" id=\"answer-id-59\" class=\"answer   answerof-19 \" value=\"59\"><label for=\"answer-id-59\" id=\"answer-label-59\" class=\" answer\"><span><p>m\u00f5\u00f5tmine<\/p><\/span><\/label><\/div><div class=\"watupro-question-choice  \" dir=\"auto\"><input type=\"checkbox\" name=\"answer-19[]\" id=\"answer-id-62\" class=\"answer   answerof-19 \" value=\"62\"><label for=\"answer-id-62\" id=\"answer-label-62\" class=\" answer\"><span><p>anal\u00fc\u00fcs<\/p><\/span><\/label><\/div><div class=\"watupro-question-choice  \" dir=\"auto\"><input type=\"checkbox\" name=\"answer-19[]\" id=\"answer-id-63\" class=\"answer   answerof-19 \" value=\"63\"><label for=\"answer-id-63\" id=\"answer-label-63\" class=\" answer\"><span><p>sirvimine<\/p><\/span><\/label><\/div><div class=\"watupro-question-choice  \" dir=\"auto\"><input type=\"checkbox\" name=\"answer-19[]\" id=\"answer-id-60\" class=\"answer   answerof-19 \" value=\"60\"><label for=\"answer-id-60\" id=\"answer-label-60\" class=\" answer\"><span><p>infootsing<\/p><\/span><\/label><\/div><!-- end question-choices--><\/div><!-- end questionWrap--><\/div><\/div><div class=\"watu-question \" id=\"question-4\" style=\";\"><div id=\"questionWrap-4\" class=\"  watupro-required-16 watupro-question-id-16\">\n\t\t\t<div class=\"question-content\"><div>Vikipeedia on hea allikas esialgse tausta saamiseks mingil teemal.<\/div><input type=\"hidden\" name=\"question_id[]\" id=\"qID_4\" value=\"16\" class=\"watupro-question-id\"><input type=\"hidden\" id=\"answerType16\" class=\"answerTypeCnt4\" value=\"radio\"><input type=\"hidden\" id=\"watupro-required-question-16\"><!-- end question-content--><\/div><div class=\"question-choices watupro-choices-columns \" id=\"questionChoices16\"><div class=\"watupro-question-choice  \" dir=\"auto\"><input type=\"radio\" name=\"answer-16[]\" id=\"answer-id-48\" class=\"answer   answerof-16 \" value=\"48\"><label for=\"answer-id-48\" id=\"answer-label-48\" class=\" answer\"><span>True<\/span><\/label><\/div><div class=\"watupro-question-choice  \" dir=\"auto\"><input type=\"radio\" name=\"answer-16[]\" id=\"answer-id-49\" class=\"answer   answerof-16 \" value=\"49\"><label for=\"answer-id-49\" id=\"answer-label-49\" class=\" answer\"><span>False<\/span><\/label><\/div><!-- end question-choices--><\/div><!-- end questionWrap--><\/div><\/div><div class=\"watu-question \" id=\"question-5\" style=\";\"><div id=\"questionWrap-5\" class=\"  watupro-required-18 watupro-question-id-18\">\n\t\t\t<div class=\"question-content\">Kasutades loogikat ja\/v\u00f5i Eesti M\u00e4rks\u00f5nastikku, leidke, milline oleks sobiv vaste\/s\u00fcnon\u00fc\u00fcm alltoodud s\u00f5nadele.<br>\r\n<br>\r\n\u00a0<div class=\"question-choices\"><table class=\"question-choices watupro-matrix-droppable\" id=\"watuPROMatrixDroppable_18\"><tr><td class=\"watupro-matrix-left-cell\">arvutipiraatlus<\/td>\n\t\t\t\t\t\t<td class=\"watupro-matrix-right-cell watuPRODroppable18\" id=\"watuPRODroppableCell52\"><div class=\"question-choices\"><div class=\"watupro-matrix-right\"><div id=\"watuproNMatrixSelection-0-0\" class=\" watupro-matrix-draggable watupro-nmatrix-answer-0\" onclick=\"WatuPROINMatrix.sel(this, 'watuPRODroppableCell52', 0);return false;\">v\u00f5rgusuhtlus<!--WTPMD5ecd5f35e7c75cfb0b3c3eacc35bc73d9--><p class=\"watupro-nmatrix-unselect\">Unselect<\/p><\/div><div id=\"watuproNMatrixSelection-0-1\" class=\" watupro-matrix-draggable watupro-nmatrix-answer-1\" onclick=\"WatuPROINMatrix.sel(this, 'watuPRODroppableCell52', 1);return false;\">digitaalpiraatlus<!--WTPMD570a792d776d4789eaeb60dbf515787ca--><p class=\"watupro-nmatrix-unselect\">Unselect<\/p><\/div><div id=\"watuproNMatrixSelection-0-2\" class=\" watupro-matrix-draggable watupro-nmatrix-answer-2\" onclick=\"WatuPROINMatrix.sel(this, 'watuPRODroppableCell52', 2);return false;\">internetikeel<!--WTPMD5f65c7a3854d9310f08a2a73467675d06--><p class=\"watupro-nmatrix-unselect\">Unselect<\/p><\/div><div id=\"watuproNMatrixSelection-0-3\" class=\" watupro-matrix-draggable watupro-nmatrix-answer-3\" onclick=\"WatuPROINMatrix.sel(this, 'watuPRODroppableCell52', 3);return false;\">digitaalinformatsioon<!--WTPMD51861bf488ab90fd59872cd9bf0c8bed2--><p class=\"watupro-nmatrix-unselect\">Unselect<\/p><\/div><div id=\"watuproNMatrixSelection-0-4\" class=\" watupro-matrix-draggable watupro-nmatrix-answer-4\" onclick=\"WatuPROINMatrix.sel(this, 'watuPRODroppableCell52', 4);return false;\">internetis\u00f5ltuvus<!--WTPMD52a4193e43f732d4db8f882e9f767c2ac--><p class=\"watupro-nmatrix-unselect\">Unselect<\/p><\/div><\/div><\/div><input type=\"hidden\" class=\"answerof-18 watupro-nmatrix-answer-field\" id=\"field-watuPRODroppableCell52\" name=\"matrix-left-52\" value=\"\"><\/td><\/tr><tr><td class=\"watupro-matrix-left-cell\">arvutis\u00f5ltuvus<\/td>\n\t\t\t\t\t\t<td class=\"watupro-matrix-right-cell watuPRODroppable18\" id=\"watuPRODroppableCell53\"><div class=\"question-choices\"><div class=\"watupro-matrix-right\"><div id=\"watuproNMatrixSelection-1-0\" class=\" watupro-matrix-draggable watupro-nmatrix-answer-0\" onclick=\"WatuPROINMatrix.sel(this, 'watuPRODroppableCell53', 0);return false;\">v\u00f5rgusuhtlus<!--WTPMD5ecd5f35e7c75cfb0b3c3eacc35bc73d9--><p class=\"watupro-nmatrix-unselect\">Unselect<\/p><\/div><div id=\"watuproNMatrixSelection-1-1\" class=\" watupro-matrix-draggable watupro-nmatrix-answer-1\" onclick=\"WatuPROINMatrix.sel(this, 'watuPRODroppableCell53', 1);return false;\">digitaalpiraatlus<!--WTPMD570a792d776d4789eaeb60dbf515787ca--><p class=\"watupro-nmatrix-unselect\">Unselect<\/p><\/div><div id=\"watuproNMatrixSelection-1-2\" class=\" watupro-matrix-draggable watupro-nmatrix-answer-2\" onclick=\"WatuPROINMatrix.sel(this, 'watuPRODroppableCell53', 2);return false;\">internetikeel<!--WTPMD5f65c7a3854d9310f08a2a73467675d06--><p class=\"watupro-nmatrix-unselect\">Unselect<\/p><\/div><div id=\"watuproNMatrixSelection-1-3\" class=\" watupro-matrix-draggable watupro-nmatrix-answer-3\" onclick=\"WatuPROINMatrix.sel(this, 'watuPRODroppableCell53', 3);return false;\">digitaalinformatsioon<!--WTPMD51861bf488ab90fd59872cd9bf0c8bed2--><p class=\"watupro-nmatrix-unselect\">Unselect<\/p><\/div><div id=\"watuproNMatrixSelection-1-4\" class=\" watupro-matrix-draggable watupro-nmatrix-answer-4\" onclick=\"WatuPROINMatrix.sel(this, 'watuPRODroppableCell53', 4);return false;\">internetis\u00f5ltuvus<!--WTPMD52a4193e43f732d4db8f882e9f767c2ac--><p class=\"watupro-nmatrix-unselect\">Unselect<\/p><\/div><\/div><\/div><input type=\"hidden\" class=\"answerof-18 watupro-nmatrix-answer-field\" id=\"field-watuPRODroppableCell53\" name=\"matrix-left-53\" value=\"\"><\/td><\/tr><tr><td class=\"watupro-matrix-left-cell\">veebisuhtlus<\/td>\n\t\t\t\t\t\t<td class=\"watupro-matrix-right-cell watuPRODroppable18\" id=\"watuPRODroppableCell54\"><div class=\"question-choices\"><div class=\"watupro-matrix-right\"><div id=\"watuproNMatrixSelection-2-0\" class=\" watupro-matrix-draggable watupro-nmatrix-answer-0\" onclick=\"WatuPROINMatrix.sel(this, 'watuPRODroppableCell54', 0);return false;\">v\u00f5rgusuhtlus<!--WTPMD5ecd5f35e7c75cfb0b3c3eacc35bc73d9--><p class=\"watupro-nmatrix-unselect\">Unselect<\/p><\/div><div id=\"watuproNMatrixSelection-2-1\" class=\" watupro-matrix-draggable watupro-nmatrix-answer-1\" onclick=\"WatuPROINMatrix.sel(this, 'watuPRODroppableCell54', 1);return false;\">digitaalpiraatlus<!--WTPMD570a792d776d4789eaeb60dbf515787ca--><p class=\"watupro-nmatrix-unselect\">Unselect<\/p><\/div><div id=\"watuproNMatrixSelection-2-2\" class=\" watupro-matrix-draggable watupro-nmatrix-answer-2\" onclick=\"WatuPROINMatrix.sel(this, 'watuPRODroppableCell54', 2);return false;\">internetikeel<!--WTPMD5f65c7a3854d9310f08a2a73467675d06--><p class=\"watupro-nmatrix-unselect\">Unselect<\/p><\/div><div id=\"watuproNMatrixSelection-2-3\" class=\" watupro-matrix-draggable watupro-nmatrix-answer-3\" onclick=\"WatuPROINMatrix.sel(this, 'watuPRODroppableCell54', 3);return false;\">digitaalinformatsioon<!--WTPMD51861bf488ab90fd59872cd9bf0c8bed2--><p class=\"watupro-nmatrix-unselect\">Unselect<\/p><\/div><div id=\"watuproNMatrixSelection-2-4\" class=\" watupro-matrix-draggable watupro-nmatrix-answer-4\" onclick=\"WatuPROINMatrix.sel(this, 'watuPRODroppableCell54', 4);return false;\">internetis\u00f5ltuvus<!--WTPMD52a4193e43f732d4db8f882e9f767c2ac--><p class=\"watupro-nmatrix-unselect\">Unselect<\/p><\/div><\/div><\/div><input type=\"hidden\" class=\"answerof-18 watupro-nmatrix-answer-field\" id=\"field-watuPRODroppableCell54\" name=\"matrix-left-54\" value=\"\"><\/td><\/tr><tr><td class=\"watupro-matrix-left-cell\">veebikeel<\/td>\n\t\t\t\t\t\t<td class=\"watupro-matrix-right-cell watuPRODroppable18\" id=\"watuPRODroppableCell55\"><div class=\"question-choices\"><div class=\"watupro-matrix-right\"><div id=\"watuproNMatrixSelection-3-0\" class=\" watupro-matrix-draggable watupro-nmatrix-answer-0\" onclick=\"WatuPROINMatrix.sel(this, 'watuPRODroppableCell55', 0);return false;\">v\u00f5rgusuhtlus<!--WTPMD5ecd5f35e7c75cfb0b3c3eacc35bc73d9--><p class=\"watupro-nmatrix-unselect\">Unselect<\/p><\/div><div id=\"watuproNMatrixSelection-3-1\" class=\" watupro-matrix-draggable watupro-nmatrix-answer-1\" onclick=\"WatuPROINMatrix.sel(this, 'watuPRODroppableCell55', 1);return false;\">digitaalpiraatlus<!--WTPMD570a792d776d4789eaeb60dbf515787ca--><p class=\"watupro-nmatrix-unselect\">Unselect<\/p><\/div><div id=\"watuproNMatrixSelection-3-2\" class=\" watupro-matrix-draggable watupro-nmatrix-answer-2\" onclick=\"WatuPROINMatrix.sel(this, 'watuPRODroppableCell55', 2);return false;\">internetikeel<!--WTPMD5f65c7a3854d9310f08a2a73467675d06--><p class=\"watupro-nmatrix-unselect\">Unselect<\/p><\/div><div id=\"watuproNMatrixSelection-3-3\" class=\" watupro-matrix-draggable watupro-nmatrix-answer-3\" onclick=\"WatuPROINMatrix.sel(this, 'watuPRODroppableCell55', 3);return false;\">digitaalinformatsioon<!--WTPMD51861bf488ab90fd59872cd9bf0c8bed2--><p class=\"watupro-nmatrix-unselect\">Unselect<\/p><\/div><div id=\"watuproNMatrixSelection-3-4\" class=\" watupro-matrix-draggable watupro-nmatrix-answer-4\" onclick=\"WatuPROINMatrix.sel(this, 'watuPRODroppableCell55', 4);return false;\">internetis\u00f5ltuvus<!--WTPMD52a4193e43f732d4db8f882e9f767c2ac--><p class=\"watupro-nmatrix-unselect\">Unselect<\/p><\/div><\/div><\/div><input type=\"hidden\" class=\"answerof-18 watupro-nmatrix-answer-field\" id=\"field-watuPRODroppableCell55\" name=\"matrix-left-55\" value=\"\"><\/td><\/tr><tr><td class=\"watupro-matrix-left-cell\">digitaalsed andmed<\/td>\n\t\t\t\t\t\t<td class=\"watupro-matrix-right-cell watuPRODroppable18\" id=\"watuPRODroppableCell56\"><div class=\"question-choices\"><div class=\"watupro-matrix-right\"><div id=\"watuproNMatrixSelection-4-0\" class=\" watupro-matrix-draggable watupro-nmatrix-answer-0\" onclick=\"WatuPROINMatrix.sel(this, 'watuPRODroppableCell56', 0);return false;\">v\u00f5rgusuhtlus<!--WTPMD5ecd5f35e7c75cfb0b3c3eacc35bc73d9--><p class=\"watupro-nmatrix-unselect\">Unselect<\/p><\/div><div id=\"watuproNMatrixSelection-4-1\" class=\" watupro-matrix-draggable watupro-nmatrix-answer-1\" onclick=\"WatuPROINMatrix.sel(this, 'watuPRODroppableCell56', 1);return false;\">digitaalpiraatlus<!--WTPMD570a792d776d4789eaeb60dbf515787ca--><p class=\"watupro-nmatrix-unselect\">Unselect<\/p><\/div><div id=\"watuproNMatrixSelection-4-2\" class=\" watupro-matrix-draggable watupro-nmatrix-answer-2\" onclick=\"WatuPROINMatrix.sel(this, 'watuPRODroppableCell56', 2);return false;\">internetikeel<!--WTPMD5f65c7a3854d9310f08a2a73467675d06--><p class=\"watupro-nmatrix-unselect\">Unselect<\/p><\/div><div id=\"watuproNMatrixSelection-4-3\" class=\" watupro-matrix-draggable watupro-nmatrix-answer-3\" onclick=\"WatuPROINMatrix.sel(this, 'watuPRODroppableCell56', 3);return false;\">digitaalinformatsioon<!--WTPMD51861bf488ab90fd59872cd9bf0c8bed2--><p class=\"watupro-nmatrix-unselect\">Unselect<\/p><\/div><div id=\"watuproNMatrixSelection-4-4\" class=\" watupro-matrix-draggable watupro-nmatrix-answer-4\" onclick=\"WatuPROINMatrix.sel(this, 'watuPRODroppableCell56', 4);return false;\">internetis\u00f5ltuvus<!--WTPMD52a4193e43f732d4db8f882e9f767c2ac--><p class=\"watupro-nmatrix-unselect\">Unselect<\/p><\/div><\/div><\/div><input type=\"hidden\" class=\"answerof-18 watupro-nmatrix-answer-field\" id=\"field-watuPRODroppableCell56\" name=\"matrix-left-56\" value=\"\"><\/td><\/tr><\/table><\/div><input type=\"hidden\" name=\"question_id[]\" id=\"qID_5\" value=\"18\" class=\"watupro-question-id\"><input type=\"hidden\" id=\"answerType18\" class=\"answerTypeCnt5\" value=\"nmatrix\"><input type=\"hidden\" id=\"watupro-required-question-18\"><!-- end question-content--><\/div><!-- end questionWrap--><\/div><\/div><div style=\"display:none\" id=\"question-6\">\n\t<div class=\"question-content\">\n\t\t<img loading=\"lazy\" decoding=\"async\" src=\"https:\/\/sisu.ut.ee\/wp-content\/plugins\/watupro\/img\/loading.gif\" width=\"16\" height=\"16\" alt=\"Loading...\" title=\"Loading...\">\u00a0Loading...\t<\/div>\n<\/div>\n\n<br>\n\t\n\t\t\t<div class=\"watupro_buttons flex \" id=\"watuPROButtons5\">\n\t\t  <div id=\"prev-question\" style=\"display:none;\"><input type=\"button\" value=\"&lt; Previous\" onclick=\"WatuPRO.nextQuestion(event, 'previous');\"><\/div>\t\t  \t\t  \t\t   \n\t\t   \t  \t\t<div><input type=\"button\" name=\"action\" class=\"watupro-submit-button\" onclick=\"WatuPRO.submitResult(event)\" id=\"action-button\" value=\"Vaata tulemust\">\n\t\t<\/div>\n\t\t<\/div>\n\t\t\n\t<input type=\"hidden\" name=\"quiz_id\" value=\"5\" id=\"watuPROExamID\">\n\t<input type=\"hidden\" name=\"start_time\" id=\"startTime\" value=\"2026-04-13 17:12:10\">\n\t<input type=\"hidden\" name=\"start_timestamp\" id=\"startTimeStamp\" value=\"1776100330\">\n\t<input type=\"hidden\" name=\"question_ids\" value=\"\">\n\t<input type=\"hidden\" name=\"watupro_questions\" value=\"15:46,44,47,45 | 17:50,51 | 19:61,58,57,59,62,63,60 | 16:48,49 | 18:52,53,54,55,56\">\n\t<input type=\"hidden\" name=\"no_ajax\" value=\"0\">\t\t\t<\/form>\n\t<p>\u00a0<\/p>\n<\/div>\n\n<script type=\"text\/javascript\">\n\/\/jQuery(document).ready(function(){\ndocument.addEventListener(\"DOMContentLoaded\", function(event) { \t\nvar question_ids = \"15,17,19,16,18\";\nWatuPROSettings[5] = {};\nWatuPRO.qArr = question_ids.split(',');\nWatuPRO.exam_id = 5;\t    \nWatuPRO.post_id = 229;\nWatuPRO.store_progress = 0;\nWatuPRO.curCatPage = 1;\nWatuPRO.requiredIDs=\"0,15,17,19,16,18\".split(\",\");\nWatuPRO.hAppID = \"0.13497100 1776089530\";\nvar url = \"https:\/\/sisu.ut.ee\/wp-content\/plugins\/watupro\/show_exam.php\";\nWatuPRO.examMode = 1;\nWatuPRO.siteURL=\"https:\/\/sisu.ut.ee\/infootsitugi\/wp-admin\/admin-ajax.php\";\nWatuPRO.emailIsNotRequired = 0;\nWatuPRO.perDecade = 10;\nWatuPROIntel.init(5);\nWatuPRO.inCategoryPages=1;});    \t \n<\/script>\n\n","protected":false},"excerpt":{"rendered":"","protected":false},"author":76,"featured_media":0,"parent":0,"menu_order":0,"comment_status":"closed","ping_status":"closed","template":"","meta":{"_acf_changed":false,"inline_featured_image":false,"footnotes":""},"class_list":["post-229","page","type-page","status-publish","hentry"],"acf":[],"_links":{"self":[{"href":"https:\/\/sisu.ut.ee\/infootsitugi\/wp-json\/wp\/v2\/pages\/229","targetHints":{"allow":["GET"]}}],"collection":[{"href":"https:\/\/sisu.ut.ee\/infootsitugi\/wp-json\/wp\/v2\/pages"}],"about":[{"href":"https:\/\/sisu.ut.ee\/infootsitugi\/wp-json\/wp\/v2\/types\/page"}],"author":[{"embeddable":true,"href":"https:\/\/sisu.ut.ee\/infootsitugi\/wp-json\/wp\/v2\/users\/76"}],"replies":[{"embeddable":true,"href":"https:\/\/sisu.ut.ee\/infootsitugi\/wp-json\/wp\/v2\/comments?post=229"}],"version-history":[{"count":0,"href":"https:\/\/sisu.ut.ee\/infootsitugi\/wp-json\/wp\/v2\/pages\/229\/revisions"}],"wp:attachment":[{"href":"https:\/\/sisu.ut.ee\/infootsitugi\/wp-json\/wp\/v2\/media?parent=229"}],"curies":[{"name":"wp","href":"https:\/\/api.w.org\/{rel}","templated":true}]}}