{"id":17,"date":"2024-04-04T00:42:21","date_gmt":"2024-04-03T21:42:21","guid":{"rendered":"https:\/\/sisu.ut.ee\/infootsitugi\/3-e-kataloog-ester\/"},"modified":"2025-09-30T17:44:01","modified_gmt":"2025-09-30T14:44:01","slug":"3-e-kataloog-ester","status":"publish","type":"page","link":"https:\/\/sisu.ut.ee\/infootsitugi\/3-e-kataloog-ester\/","title":{"rendered":"3. E-kataloog ESTER"},"content":{"rendered":"<p>E-kataloog ESTER (<a href=\"https:\/\/www.ester.ee\/\" target=\"_blank\" rel=\"noopener\">http<\/a><a href=\"https:\/\/www.ester.ee\/\" target=\"_blank\" rel=\"noopener\">s:\/\/www.ester.ee<\/a>) on Tartu ja Tallinna suuremate raamatukogude \u00fchiskataloog, mis sisaldab andmeid raamatukogudes leiduvate raamatute, ajakirjade ja muude teavikute kohta. <strong>E-kataloog v\u00f5imaldab leida raamatute ja muude v\u00e4ljaannete asukohta raamatukogudes ning n\u00e4ha, kas raamat on kohal v\u00f5i v\u00e4lja laenutatud<\/strong>. Minu ESTER-isse sisse logides saab ka raamatukogudes olevaid teavikuid laenutamiseks v\u00f5i kohapeal kasutamiseks tellida ja end laenutatud teavikutele j\u00e4rjekorda panna. Tellimise ja j\u00e4rjekorda panemise v\u00f5imalused on raamatukogudes erinevad, t\u00e4psemat infot saab vastava raamatukogu kodulehelt.<\/p>\n<p><\/p><div class=\"accordion mb-3\">\n        <div class=\"accordion-item accordion-item--white\">\n        <h2 class=\"accordion-header\" id=\"accordion-69d54ca39b69b-heading\">\n            <button class=\"accordion-button collapsed\" type=\"button\" data-bs-toggle=\"collapse\" data-bs-target=\"#accordion-69d54ca39b69b-collapse\" aria-expanded=\"true\" aria-controls=\"accordion-69d54ca39b69b-collapse\">Kataloogi osa valimine<\/button>\n        <\/h2>\n        <div id=\"accordion-69d54ca39b69b-collapse\" class=\"accordion-collapse collapse\" aria-labelledby=\"accordion-69d54ca39b69b-heading\">\n            <div class=\"accordion-body\"><img loading=\"lazy\" decoding=\"async\" class=\"alignnone size-full wp-image-402\" src=\"https:\/\/sisu.ut.ee\/wp-content\/uploads\/sites\/133\/Screenshot-2025-03-27-113037.png\" alt=\"\" width=\"922\" height=\"639\" srcset=\"https:\/\/sisu.ut.ee\/wp-content\/uploads\/sites\/133\/Screenshot-2025-03-27-113037.png 922w, https:\/\/sisu.ut.ee\/wp-content\/uploads\/sites\/133\/Screenshot-2025-03-27-113037-300x208.png 300w, https:\/\/sisu.ut.ee\/wp-content\/uploads\/sites\/133\/Screenshot-2025-03-27-113037-768x532.png 768w\" sizes=\"auto, (max-width: 922px) 100vw, 922px\"><\/div>\n        <\/div>\n        <\/div>\n    <\/div>\n<p>Vaikimisi tehakse otsing ESTER-i t\u00e4ielikus kataloogis. Kindla raamatukogu valimiseks kl\u00f5psake kataloogi avalehel K\u00d5IK RAAMATUKOGUD ning valige soovitud raamatukogu.<\/p>\n<p>Lisaks Tallinna ja Tartu raamatukogudele saab valida otsinguks<\/p>\n<ul>\n<li>E-ressursid (v\u00f5rgujuurdep\u00e4\u00e4suga v\u00e4ljaanded);<\/li>\n<li>Perioodika (ajakirjad, ajalehted, j\u00e4tkv\u00e4ljaanded, kuid mitte artiklid);<\/li>\n<li>\u00dcli\u00f5pilast\u00f6\u00f6d (erineva taseme \u00fcli\u00f5pilast\u00f6\u00f6d, nt diplomit\u00f6\u00f6d, bakalaureuset\u00f6\u00f6d, magistrit\u00f6\u00f6d, dissertatsioonid);<\/li>\n<li>Eesti rahvusbibliograafia (info Eestis ilmunud teavikute ja v\u00e4ljaspool Eestit ilmunud Eestit v\u00f5i eestlasi k\u00e4sitlevate teavikute kohta);<\/li>\n<\/ul>\n<p><\/p><div class=\"accordion mb-3\">\n        <div class=\"accordion-item accordion-item--white\">\n        <h2 class=\"accordion-header\" id=\"accordion-69d54ca39b6a1-heading\">\n            <button class=\"accordion-button collapsed\" type=\"button\" data-bs-toggle=\"collapse\" data-bs-target=\"#accordion-69d54ca39b6a1-collapse\" aria-expanded=\"true\" aria-controls=\"accordion-69d54ca39b6a1-collapse\">E-kataloogi avaleht<\/button>\n        <\/h2>\n        <div id=\"accordion-69d54ca39b6a1-collapse\" class=\"accordion-collapse collapse\" aria-labelledby=\"accordion-69d54ca39b6a1-heading\">\n            <div class=\"accordion-body\"><img loading=\"lazy\" decoding=\"async\" class=\"alignnone size-large wp-image-406\" src=\"https:\/\/sisu.ut.ee\/wp-content\/uploads\/sites\/133\/Screenshot-2025-03-27-113758-1024x451.png\" alt=\"\" width=\"1024\" height=\"451\" srcset=\"https:\/\/sisu.ut.ee\/wp-content\/uploads\/sites\/133\/Screenshot-2025-03-27-113758-1024x451.png 1024w, https:\/\/sisu.ut.ee\/wp-content\/uploads\/sites\/133\/Screenshot-2025-03-27-113758-300x132.png 300w, https:\/\/sisu.ut.ee\/wp-content\/uploads\/sites\/133\/Screenshot-2025-03-27-113758-768x338.png 768w, https:\/\/sisu.ut.ee\/wp-content\/uploads\/sites\/133\/Screenshot-2025-03-27-113758.png 1154w\" sizes=\"auto, (max-width: 1024px) 100vw, 1024px\"><\/div>\n        <\/div>\n        <\/div>\n    <\/div>\n<p><strong>Autori<\/strong> j\u00e4rgi otsides sisestage k\u00f5igepealt autori perekonnanimi ja alles seej\u00e4rel eesnimi v\u00f5i eesnime esit\u00e4ht.<\/p>\n<p><strong>Pealkirja<\/strong> j\u00e4rgi otsides sisestage pealkirja esimene s\u00f5na v\u00f5i pealkirja algus.<\/p>\n<table class=\"table table-hover\" style=\"background-color: #f2f2f2; width: 100%; border: 1px solid #dddddd;\" border=\"1\">\n<tbody>\n<tr>\n<td valign=\"middle\"><img loading=\"lazy\" decoding=\"async\" width=\"70\" height=\"61\" class=\"alignnone wp-image-22\" style=\"vertical-align: middle; float: left;\" title=\"oluline.png\" src=\"https:\/\/sisu.ut.ee\/wp-content\/uploads\/sites\/133\/oluline.png\" alt=\"oluline.png\">\n<h6>Kui t\u00e4pne pealkiri ei ole meeles v\u00f5i ei tule otsinguga v\u00e4lja, proovige s\u00f5naotsingut.<\/h6>\n<\/td>\n<\/tr>\n<\/tbody>\n<\/table>\n<h2>Teemaotsing<\/h2>\n<p>Teema j\u00e4rgi otsimiseks on kaks v\u00f5imalust \u2013\u00a0m\u00e4rks\u00f5naotsing ja s\u00f5naotsing.<\/p>\n<p>Valides otsinguv\u00e4ljaks <strong>M\u00e4rks\u00f5na<\/strong>, saate otsida kirjandust oma teema kohta selle sisu kirjeldavate m\u00e4rks\u00f5nade abil. Korraga saab otsida \u00fche m\u00e4rks\u00f5na j\u00e4rgi. Kl\u00f5psates otsingutulemuste lehel \u00fcleval paremal <em>T\u00e4psusta otsingut<\/em>, saab tulemusi t\u00e4psustada teiste m\u00e4rks\u00f5nadega ning muude tunnustega nagu keel, teaviku laad, ilmumisaasta. M\u00e4rks\u00f5nad v\u00f5etakse <strong>Eesti m\u00e4rks\u00f5nastikust<\/strong> EMS (<a title=\"ems\" href=\"http:\/\/ems.elnet.ee\/\" target=\"_blank\" rel=\"noopener\">http:\/\/ems.elnet.ee<\/a>) ja sealt saab ka otsinguks sobivaid s\u00f5nu leida. M\u00e4rks\u00f5nastikust leiate ideid, milliste s\u00f5nade j\u00e4rgi otsingut teha, et saada v\u00f5imalikult palju ja t\u00e4pseid tulemusi. \u00a0M\u00e4rks\u00f5nade leidmise kohta EMS-ist vaadake videost<a href=\"https:\/\/sisu.ut.ee\/infootsitugi\/2-sustemaatiline-infootsing\/\" target=\"_blank\" rel=\"noopener\"><em> S\u00fcstemaatiline infootsing<\/em><\/a>.<\/p>\n<p>Otsing e-kataloogis ESTER sarnaneb otsingule Eesti artiklite andmebaasis ISE, <span data-mce-mark=\"1\">vaadake peat\u00fckis <a href=\"https:\/\/sisu.ut.ee\/infootsitugi\/4-eesti-artiklite-andmebaas-ise\" target=\"_blank\" rel=\"noopener\"><em>Eesti artiklite andmebaas ISE<\/em><\/a> <\/span>olevat videot, kus tutvustatakse m\u00e4rks\u00f5naotsingut p\u00f5hjalikumalt.<\/p>\n<table class=\"table table-hover\" style=\"width: 100%; background-color: #f2f2f2; border: 1px solid #dddddd;\" border=\"1\">\n<tbody>\n<tr>\n<td><img loading=\"lazy\" decoding=\"async\" width=\"60\" height=\"50\" class=\"alignnone wp-image-43\" style=\"vertical-align: middle; float: left;\" title=\"harjutus.png\" src=\"https:\/\/sisu.ut.ee\/wp-content\/uploads\/sites\/133\/harjutus.png\" alt=\"harjutus.png\">\n<h6>Harjutamiseks proovige veel leida enda valitud teema kohta m\u00f5ni m\u00e4rks\u00f5na ja tehke ESTERis m\u00e4rks\u00f5naotsing.<\/h6>\n<\/td>\n<\/tr>\n<\/tbody>\n<\/table>\n<p><strong>S\u00f5naotsing <\/strong>on k\u00f5ige laiem v\u00f5imalus mingi teema kohta kirjandust otsida. \u00a0Sisestatud s\u00f5nu otsitakse nii autorite, pealkirjade, m\u00e4rks\u00f5nade kui ka m\u00e4rkuste hulgast. Kataloogi avalehel on vaikimisi ees s\u00f5naotsing.\u00a0Siin teemaotsingut tehes\u00a0otsitakse peamiselt pealkirjadest ning m\u00e4rks\u00f5nadest, seet\u00f5ttu on t\u00e4pses vormis m\u00e4rks\u00f5na kasutamine v\u00e4ga t\u00e4htis.<\/p>\n<p>Sisestatud s\u00f5nu otsitakse k\u00f5igepealt kui fraasi ja seej\u00e4rel operaatoriga AND, st otsitakse kirjeid, kus k\u00f5ik s\u00f5nad esinevad. Tulemused j\u00e4rjestatakse\u00a0<a href=\"#\" data-bs-toggle=\"modal\" data-bs-target=\"#popup-modal\" data-title=\"relevantsuse\" data-content=\"informatsiooni asjakohasus, vastavus p\u00e4ringule\">relevantsuse<\/a> j\u00e4rgi, fraasiotsinguga leitud tulemused on eespool. T\u00e4pse fraasi otsinguks tuleb see panna jutum\u00e4rkidesse.<\/p>\n<table class=\"table table-hover\" style=\"width: 100%; background-color: #eeeeee; border: 1px solid #dddddd;\" border=\"1\">\n<tbody>\n<tr>\n<td>\n<h6><img loading=\"lazy\" decoding=\"async\" width=\"70\" height=\"61\" class=\"alignnone wp-image-22\" style=\"float: left;\" title=\"oluline.png\" src=\"https:\/\/sisu.ut.ee\/wp-content\/uploads\/sites\/133\/oluline.png\" alt=\"oluline.png\"><\/h6>\n<h6>Kui otsing operaatoriga AND tulemusi ei anna, asendatakse see automaatselt operaatoriga OR ja leitakse k\u00f5ik kirjed, kus v\u00e4hemalt \u00fcks otsis\u00f5na esineb. Kui p\u00e4ringut muudetakse, siis kuvatakse otsitulemuste lehe alguses ka vastav teade. Pange otsinguid tehes alati t\u00e4hele, kuidas p\u00e4ring toimib.<\/h6>\n<\/td>\n<\/tr>\n<\/tbody>\n<\/table>\n<p>S\u00f5naotsinguks v\u00f5ib valida erinevaid m\u00e4rks\u00f5nu, s\u00f5nu pealkirjadest, autoreid, toimetajaid jne. N\u00e4iteks kui soovite leida \u00fcli\u00f5pilast\u00f6id mingil teemal, sisestage otsinguv\u00e4ljale s\u00f5na \u00fcli\u00f5pilast\u00f6\u00f6d ja sisu kirjeldav(ad) s\u00f5na(d).<\/p>\n<p>S\u00f5naotsingut on soovitav kasutada ka siis, kui otsite kindlat raamatut, kuid ei tea t\u00e4pset pealkirja. Proovige teada olevate s\u00f5nade j\u00e4rgi \u00fcksk\u00f5ik millises j\u00e4rjekorras. Otsingule v\u00f5ite lisada ka autori nime.<\/p>\n<p>N\u00e4iteks otsime materjali ohustatud liikide kohta Eestis<\/p>\n<p><\/p><div class=\"accordion mb-3\">\n        <div class=\"accordion-item accordion-item--white\">\n        <h2 class=\"accordion-header\" id=\"accordion-69d54ca39b6a3-heading\">\n            <button class=\"accordion-button collapsed\" type=\"button\" data-bs-toggle=\"collapse\" data-bs-target=\"#accordion-69d54ca39b6a3-collapse\" aria-expanded=\"true\" aria-controls=\"accordion-69d54ca39b6a3-collapse\">S\u00f5naotsingu n\u00e4ide<\/button>\n        <\/h2>\n        <div id=\"accordion-69d54ca39b6a3-collapse\" class=\"accordion-collapse collapse\" aria-labelledby=\"accordion-69d54ca39b6a3-heading\">\n            <div class=\"accordion-body\">. <img loading=\"lazy\" decoding=\"async\" class=\"alignnone size-full wp-image-321\" src=\"https:\/\/sisu.ut.ee\/wp-content\/uploads\/sites\/133\/Screenshot-2024-09-09-211843.png\" alt=\"\" width=\"970\" height=\"647\" srcset=\"https:\/\/sisu.ut.ee\/wp-content\/uploads\/sites\/133\/Screenshot-2024-09-09-211843.png 970w, https:\/\/sisu.ut.ee\/wp-content\/uploads\/sites\/133\/Screenshot-2024-09-09-211843-300x200.png 300w, https:\/\/sisu.ut.ee\/wp-content\/uploads\/sites\/133\/Screenshot-2024-09-09-211843-768x512.png 768w\" sizes=\"auto, (max-width: 970px) 100vw, 970px\"><\/div>\n        <\/div>\n        <\/div>\n    <\/div>\n<p>Pange t\u00e4hele, kuidas otsingutulemused on <strong>j\u00e4rjestatud<\/strong>. Antud otsingus on need j\u00e4rjestatud <a href=\"#\" data-bs-toggle=\"modal\" data-bs-target=\"#popup-modal\" data-title=\"relevantsuse\" data-content=\" informatsiooni asjakohasus, vastavus p\u00e4ringule\">relevantsuse<\/a>\u00a0j\u00e4rgi, kuid v\u00f5imalik on reastada ka pealkirja v\u00f5i ilmumisaasta j\u00e4rgi. Otsingukasti all on see alati kirjas. Kl\u00f5psates otsingutulemuste lehel \u00fcleval paremal <em>T\u00e4psusta otsingut,\u00a0<\/em>saate <strong>tulemusi piirata<\/strong> keele, teaviku laadi, ilmumisaastate ja veel muude tunnuste j\u00e4rgi.<\/p>\n<p><strong>Liitotsing <\/strong>(valik kataloogi avalehel otsinguakna paremas servas) v\u00f5imaldab teha <strong>t\u00e4psemat otsingut<\/strong>. Saate m\u00e4\u00e4rata, millisel kirje v\u00e4ljal otsis\u00f5na peab esinema (s\u00f5na, autor, pealkiri, m\u00e4rks\u00f5na) ja valida juba enne otsingu tegemist allpool tunnuseid, mille j\u00e4rgi <strong>otsingut piirata<\/strong> (keel, teaviku laad, kirjastus, eksemplari asukoht, ilmumisaasta).<\/p>\n<table class=\"table table-hover\" style=\"width: 100%; background-color: #f2f2f2; border: 1px solid #dddddd;\" border=\"1\">\n<tbody>\n<tr>\n<td><img loading=\"lazy\" decoding=\"async\" width=\"70\" height=\"61\" class=\"alignnone wp-image-22\" style=\"vertical-align: middle; float: left;\" title=\"oluline.png\" src=\"https:\/\/sisu.ut.ee\/wp-content\/uploads\/sites\/133\/oluline.png\" alt=\"oluline.png\">\n<h6>Liitotsingu vormis sisestage operaatoriga OR \u00fchendatud s\u00f5nad \u00fchele reale ja read \u00fchendage operaatoriga JA (AND).<\/h6>\n<\/td>\n<\/tr>\n<\/tbody>\n<\/table>\n<p>N\u00e4iteks otsime materjali, kuidas m\u00f5jutab telev\u00e4givald laste v\u00f5i noorte k\u00e4itumist.<\/p>\n<p><\/p><div class=\"accordion mb-3\">\n        <div class=\"accordion-item accordion-item--white\">\n        <h2 class=\"accordion-header\" id=\"accordion-69d54ca39b6a5-heading\">\n            <button class=\"accordion-button collapsed\" type=\"button\" data-bs-toggle=\"collapse\" data-bs-target=\"#accordion-69d54ca39b6a5-collapse\" aria-expanded=\"true\" aria-controls=\"accordion-69d54ca39b6a5-collapse\">Liitotsingu n\u00e4ide<\/button>\n        <\/h2>\n        <div id=\"accordion-69d54ca39b6a5-collapse\" class=\"accordion-collapse collapse\" aria-labelledby=\"accordion-69d54ca39b6a5-heading\">\n            <div class=\"accordion-body\"><img loading=\"lazy\" decoding=\"async\" width=\"939\" height=\"643\" class=\"alignnone wp-image-76\" title=\"2015-08-12_14_57_28-e-kataloog_ester.png\" src=\"https:\/\/sisu.ut.ee\/wp-content\/uploads\/sites\/133\/2015-08-12_14_57_28-e-kataloog_ester.png\" alt=\"2015-08-12_14_57_28-e-kataloog_ester.png\" srcset=\"https:\/\/sisu.ut.ee\/wp-content\/uploads\/sites\/133\/2015-08-12_14_57_28-e-kataloog_ester.png 939w, https:\/\/sisu.ut.ee\/wp-content\/uploads\/sites\/133\/2015-08-12_14_57_28-e-kataloog_ester-300x205.png 300w, https:\/\/sisu.ut.ee\/wp-content\/uploads\/sites\/133\/2015-08-12_14_57_28-e-kataloog_ester-768x526.png 768w\" sizes=\"auto, (max-width: 939px) 100vw, 939px\"><\/div>\n        <\/div>\n        <\/div>\n    <\/div>\n<table class=\"table table-hover\" style=\"width: 100%; background-color: #f2f2f2; border: 1px solid #dddddd;\" border=\"1\">\n<tbody>\n<tr>\n<td><img loading=\"lazy\" decoding=\"async\" width=\"70\" height=\"61\" class=\"alignnone wp-image-22\" style=\"vertical-align: middle; float: left;\" title=\"oluline.png\" src=\"https:\/\/sisu.ut.ee\/wp-content\/uploads\/sites\/133\/oluline.png\" alt=\"oluline.png\">\n<h6>P\u00f6\u00f6rake t\u00e4helepanu sellele, kuidas leida sama s\u00f5na erinevaid vorme. Kasutage t\u00e4rni * s\u00f5na l\u00f5ppude asendamiseks.<\/h6>\n<\/td>\n<\/tr>\n<\/tbody>\n<\/table>\n<table class=\"table table-hover\" style=\"background-color: #f2f2f2; width: 100%; border: 1px solid #dddddd;\" border=\"1\">\n<tbody>\n<tr>\n<td><img loading=\"lazy\" decoding=\"async\" width=\"60\" height=\"50\" class=\"alignnone wp-image-43\" style=\"vertical-align: middle; float: left;\" title=\"harjutus.png\" src=\"https:\/\/sisu.ut.ee\/wp-content\/uploads\/sites\/133\/harjutus.png\" alt=\"harjutus.png\">\n<h6>Harjutamiseks korrake \u00f5ppematerjali otsingun\u00e4iteid s\u00f5naotsingu ja liitotsingu kohta v\u00f5i tehke sarnaseid otsinguid oma teema kohta.<\/h6>\n<\/td>\n<\/tr>\n<\/tbody>\n<\/table>\n<h2>Andmed raamatu kohta<\/h2>\n<p>Kl\u00f5psates pealkirjal, n\u00e4ete tabelis raamatu eksemplaride asukohti. Asukohad on erinevad raamatukogud, kuid ka erinevad hoidlad ja saalid \u00fche raamatukogu piires.<\/p>\n<p>Kui eksemplare on rohkem, tuleb k\u00f5ikide eksemplaride n\u00e4gemiseks kl\u00f5psata keskmise akna allosas olevale nupule <strong>Vaata k\u00f5iki eksemplare<\/strong> v\u00f5i vali aastak\u00e4ik\/k\u00f6ide. Igale eksemplarile vastab \u00fcks rida. N\u00e4ete iga eksemplari asukohta, kohaviita ja infot, kas raamat on laenutatav ning millal on laenutatud raamatu tagastamise t\u00e4htaeg.<\/p>\n<p><span data-mce-mark=\"1\"><span data-mce-mark=\"1\">Kl\u00f5psates linki <\/span><strong>T\u00e4iskirje <\/strong><span data-mce-mark=\"1\">n\u00e4ete t\u00f5lkijate, toimetajate ja teiste autorite nimesid ning <strong>m\u00e4rks\u00f5nu<\/strong>. Samuti leiate n\u00e4iteks k\u00f5ikide CD-plaatide sisu koos ja muusikapalade autorite ja pealkirjadega ning k\u00e4sikirjade, fotode, arhiivide kirjeldusi.<\/span><\/span><\/p>\n<p><span data-mce-mark=\"1\"><span data-mce-mark=\"1\"><div class=\"accordion mb-3\">\n        <div class=\"accordion-item accordion-item--white\">\n        <h2 class=\"accordion-header\" id=\"accordion-69d54ca39b6a7-heading\">\n            <button class=\"accordion-button collapsed\" type=\"button\" data-bs-toggle=\"collapse\" data-bs-target=\"#accordion-69d54ca39b6a7-collapse\" aria-expanded=\"true\" aria-controls=\"accordion-69d54ca39b6a7-collapse\">N\u00e4ide CD plaadi kirjest<\/button>\n        <\/h2>\n        <div id=\"accordion-69d54ca39b6a7-collapse\" class=\"accordion-collapse collapse\" aria-labelledby=\"accordion-69d54ca39b6a7-heading\">\n            <div class=\"accordion-body\"><img loading=\"lazy\" decoding=\"async\" width=\"799\" height=\"531\" class=\"alignnone wp-image-79\" title=\"e-kataloog_ester_tu_rk-d_-_google_chrome_2014-08-11_16-23-14.png\" src=\"https:\/\/sisu.ut.ee\/wp-content\/uploads\/sites\/133\/e-kataloog_ester_tu_rk-d_-_google_chrome_2014-08-11_16-23-14.png\" alt=\"e-kataloog_ester_tu_rk-d_-_google_chrome_2014-08-11_16-23-14.png\" srcset=\"https:\/\/sisu.ut.ee\/wp-content\/uploads\/sites\/133\/e-kataloog_ester_tu_rk-d_-_google_chrome_2014-08-11_16-23-14.png 799w, https:\/\/sisu.ut.ee\/wp-content\/uploads\/sites\/133\/e-kataloog_ester_tu_rk-d_-_google_chrome_2014-08-11_16-23-14-300x199.png 300w, https:\/\/sisu.ut.ee\/wp-content\/uploads\/sites\/133\/e-kataloog_ester_tu_rk-d_-_google_chrome_2014-08-11_16-23-14-768x510.png 768w\" sizes=\"auto, (max-width: 799px) 100vw, 799px\"><\/div>\n        <\/div>\n        <\/div>\n    <\/div><\/span><\/span><\/p>\n<table class=\"table table-hover\" style=\"width: 100%; background-color: #f2f2f2; border: 1px solid #dddddd;\" border=\"1\">\n<tbody>\n<tr>\n<td><img loading=\"lazy\" decoding=\"async\" width=\"70\" height=\"60\" class=\"alignnone wp-image-21\" style=\"float: left;\" title=\"info3.png\" src=\"https:\/\/sisu.ut.ee\/wp-content\/uploads\/sites\/133\/info3.png\" alt=\"a\">\n<h6>Soovi korral lugege lisaks e-kataloogi ESTER kasutusjuhendit <a href=\"http:\/\/www.elnet.ee\/juhend\/ester\/\" target=\"_blank\" rel=\"noopener\">http:\/\/www.elnet.ee\/juhend\/ester\/<\/a><\/h6>\n<\/td>\n<\/tr>\n<\/tbody>\n<\/table>\n<h2>Kasutatud allikad<\/h2>\n<ul>\n<li>E-kataloog ESTER kasutusjuhend \u00a0<a href=\"http:\/\/www.elnet.ee\/juhend\/ester\/\" target=\"_blank\" rel=\"noopener\">http:\/\/www.elnet.ee\/juhend\/ester\/<\/a><\/li>\n<\/ul>\n","protected":false},"excerpt":{"rendered":"<p>E-kataloog ESTER (https:\/\/www.ester.ee) on Tartu ja Tallinna suuremate raamatukogude \u00fchiskataloog, mis sisaldab andmeid raamatukogudes leiduvate raamatute, ajakirjade ja muude teavikute kohta. E-kataloog v\u00f5imaldab leida raamatute ja muude v\u00e4ljaannete asukohta raamatukogudes ning n\u00e4ha, kas raamat on kohal v\u00f5i v\u00e4lja laenutatud. Minu &#8230;<\/p>\n","protected":false},"author":5,"featured_media":0,"parent":0,"menu_order":0,"comment_status":"closed","ping_status":"closed","template":"","meta":{"_acf_changed":false,"inline_featured_image":false,"footnotes":""},"class_list":["post-17","page","type-page","status-publish","hentry"],"acf":[],"_links":{"self":[{"href":"https:\/\/sisu.ut.ee\/infootsitugi\/wp-json\/wp\/v2\/pages\/17","targetHints":{"allow":["GET"]}}],"collection":[{"href":"https:\/\/sisu.ut.ee\/infootsitugi\/wp-json\/wp\/v2\/pages"}],"about":[{"href":"https:\/\/sisu.ut.ee\/infootsitugi\/wp-json\/wp\/v2\/types\/page"}],"author":[{"embeddable":true,"href":"https:\/\/sisu.ut.ee\/infootsitugi\/wp-json\/wp\/v2\/users\/5"}],"replies":[{"embeddable":true,"href":"https:\/\/sisu.ut.ee\/infootsitugi\/wp-json\/wp\/v2\/comments?post=17"}],"version-history":[{"count":11,"href":"https:\/\/sisu.ut.ee\/infootsitugi\/wp-json\/wp\/v2\/pages\/17\/revisions"}],"predecessor-version":[{"id":433,"href":"https:\/\/sisu.ut.ee\/infootsitugi\/wp-json\/wp\/v2\/pages\/17\/revisions\/433"}],"wp:attachment":[{"href":"https:\/\/sisu.ut.ee\/infootsitugi\/wp-json\/wp\/v2\/media?parent=17"}],"curies":[{"name":"wp","href":"https:\/\/api.w.org\/{rel}","templated":true}]}}