{"id":15,"date":"2024-04-04T00:42:21","date_gmt":"2024-04-03T21:42:21","guid":{"rendered":"https:\/\/sisu.ut.ee\/infootsitugi\/6-digitaalarhiiv-digar\/"},"modified":"2025-10-04T07:23:18","modified_gmt":"2025-10-04T04:23:18","slug":"6-digitaalarhiiv-digar","status":"publish","type":"page","link":"https:\/\/sisu.ut.ee\/infootsitugi\/6-digitaalarhiiv-digar\/","title":{"rendered":"6. Digitaalarhiiv DIGAR"},"content":{"rendered":"<p>DIGAR\u00a0 (<a href=\"http:\/\/www.digar.ee\/arhiiv\" target=\"_blank\" rel=\"noopener\">http:\/\/www.digar.ee\/arhiiv<\/a>)\u00a0on Rahvusraamatukogu digitaalarhiiv, kus on e-raamatuid (sh koolikirjandust), ajalehti, ajakirju, pildimaterjale, audioraamatuid ja muusikafaile. Paljud neist on vabaks kasutamiseks. Suur osa DIGARis s\u00e4ilitatavatest materjalidest on sellised, mille tekste vabalt internetis lugeda ei saa, p\u00f5hjuseks on autori\u00f5igus ja kirjastajate juurdep\u00e4\u00e4supiirangud (vt ka peat\u00fckki \u00d5igused teoste kasutamiseks). Otsingutulemuste hulgas on need t\u00e4histatud tabalukuga.<\/p>\n<p>Suur osa materjalidest on leitavad ka e-kataloogi ESTER kaudu, ESTERist viivad lingid DIGARisse.<\/p>\n<p><img loading=\"lazy\" decoding=\"async\" width=\"571\" height=\"270\" class=\"alignnone wp-image-64\" style=\"margin-left: auto; margin-right: auto;\" title=\"toiduoht_0.png\" src=\"https:\/\/sisu.ut.ee\/wp-content\/uploads\/sites\/133\/toiduoht_0.png\" alt=\"toiduoht_0.png\" srcset=\"https:\/\/sisu.ut.ee\/wp-content\/uploads\/sites\/133\/toiduoht_0.png 571w, https:\/\/sisu.ut.ee\/wp-content\/uploads\/sites\/133\/toiduoht_0-300x142.png 300w\" sizes=\"auto, (max-width: 571px) 100vw, 571px\"><\/p>\n<h5 style=\"text-align: center;\">DIGARi otsingutulemused. Esimest saab veebis vabalt lugeda, teist mitte.<\/h5>\n<p>Kl\u00f5psates tulemusel, on n\u00e4ha rohkem infot v\u00e4ljaande kohta: k\u00e4ttesaadavus, v\u00f5imalus allalaadimiseks, m\u00e4rks\u00f5nad, link ESTERisse, autori\u00f5igused.<\/p>\n<table class=\"table table-hover\" style=\"border-color: #ddd; border-width: 1px; background-color: #f2f2f2; width: 100%;\" border=\"1\">\n<tbody>\n<tr>\n<td><img loading=\"lazy\" decoding=\"async\" width=\"70\" height=\"61\" class=\"alignnone wp-image-22\" style=\"float: left;\" title=\"oluline.png\" src=\"https:\/\/sisu.ut.ee\/wp-content\/uploads\/sites\/133\/oluline.png\" alt=\"oluline.png\">\n<h6>Ka neile teostele, mis ei ole autori\u00f5igusega kaitstud, tuleb alati t\u00e4pselt viidata.<\/h6>\n<\/td>\n<\/tr>\n<\/tbody>\n<\/table>\n<p><img loading=\"lazy\" decoding=\"async\" width=\"697\" height=\"571\" class=\"alignnone wp-image-66\" style=\"margin-left: auto; margin-right: auto; width: 541px; height: 473px;\" title=\"2020-06-29_10_28_18-2020-06-29_10_27_31-window.png\" src=\"https:\/\/sisu.ut.ee\/wp-content\/uploads\/sites\/133\/2020-06-29_10_28_18-2020-06-29_10_27_31-window.png\" alt=\"ff\" srcset=\"https:\/\/sisu.ut.ee\/wp-content\/uploads\/sites\/133\/2020-06-29_10_28_18-2020-06-29_10_27_31-window.png 697w, https:\/\/sisu.ut.ee\/wp-content\/uploads\/sites\/133\/2020-06-29_10_28_18-2020-06-29_10_27_31-window-300x246.png 300w\" sizes=\"auto, (max-width: 697px) 100vw, 697px\"><\/p>\n<h5 style=\"text-align: center;\">Andmed raamatu kohta.<\/h5>\n<p>Digitaalarhiiv DIGAR sisaldab Eesti ajakirju kuni aastani 2016. Osa ajakirju on piiratud juurdep\u00e4\u00e4suga, need on t\u00e4histatud lukum\u00e4rgiga. \u00a0Ajakirju saab leida, kui valida k\u00f5ige \u00fclemiselt ribalt AJAKIRJAD KUNI 2016 ja siis lehitseda t\u00e4hestikulist nimekirja.\u00a0 Alates 2017. aastast ilmunud ajakirjad on leitavad DIGARi Eesti artiklite portaalist <a title=\"\" href=\"http:\/\/dea.digar.ee\/\" target=\"_blank\" rel=\"noopener\" data-url=\"http:\/\/dea.digar.ee\/\">http:\/\/dea.digar.ee\/<\/a><\/p>\n<p>Otsingut alustades on v\u00f5imalik valida, kas soovite otsida raamatutest, ajakirjadest, pildimaterjalist v\u00f5i kollektsioonidest, vaikimisi otsitakse kogu arhiivi sisust. Saab ka valida, et otsitakse ainult t\u00e4istekstina k\u00e4ttesaadavat sisu ja\u00a0et otsitakse ka sisust, st v\u00e4ljaannete t\u00e4istekstidest.\u00a0 Paremal servas on v\u00f5imalik valida ka detailsem otsing, kus saab otsingutingimusi t\u00e4psemalt m\u00e4\u00e4ratleda.<\/p>\n<p><img loading=\"lazy\" decoding=\"async\" width=\"650\" height=\"133\" class=\"alignnone wp-image-67\" style=\"margin-left: auto; margin-right: auto; width: 541px; height: 130px;\" title=\"2020-06-29_14_45_31-window.png\" src=\"https:\/\/sisu.ut.ee\/wp-content\/uploads\/sites\/133\/2020-06-29_14_45_31-window.png\" alt=\"ff\" srcset=\"https:\/\/sisu.ut.ee\/wp-content\/uploads\/sites\/133\/2020-06-29_14_45_31-window.png 650w, https:\/\/sisu.ut.ee\/wp-content\/uploads\/sites\/133\/2020-06-29_14_45_31-window-300x61.png 300w\" sizes=\"auto, (max-width: 650px) 100vw, 650px\"><\/p>\n<table class=\"table table-hover\" style=\"background-color: #f2f2f2; width: 100%; border: 1px solid #dddddd;\" border=\"1\">\n<tbody>\n<tr>\n<td>\n<h6><img loading=\"lazy\" decoding=\"async\" width=\"70\" height=\"60\" class=\"alignnone wp-image-21\" style=\"float: left;\" title=\"info3.png\" src=\"https:\/\/sisu.ut.ee\/wp-content\/uploads\/sites\/133\/info3.png\" alt=\"a\"><\/h6>\n<h6>Kui on huvi saada rohkem teada, kuidas DIGARi v\u00e4ljaandeid kasutada, lugege andmebaasi tutvustust <em>Mis on DIGAR<\/em>\u00a0<a style=\"line-height: 13.2px; background-color: #f2f2f2;\" href=\"http:\/\/www.digar.ee\/arhiiv\/et\/info\/digarist\" target=\"_blank\" rel=\"noopener\">http:\/\/www.digar.ee\/arhiiv\/et\/info\/digarist<\/a><\/h6>\n<h6>Huvi korral vaadake ka Rahvusraamatukogu videokoolitust\u00a0<em>DIGAR: \u00fcks ja ainus<\/em>\u00a0<span data-mce-mark=\"1\">\u2013<\/span><br>\n<a href=\"https:\/\/www.youtube.com\/watch?v=9YsZER7Lg94\" target=\"_blank\" rel=\"noopener\">https:\/\/www.youtube.com\/watch?v=9YsZER7Lg94<\/a>\u00a0v\u00f5i pikemat veebiseminari\u00a0<em>DIGAR: Eesti ajalugu, kirjandus ja kultuur digitaalarhiivis <a href=\"https:\/\/www.youtube.com\/watch?v=nupMRepYxq8&amp;t=68s\" target=\"_blank\" rel=\"noopener\">\u2013\u00a0<\/a><\/em><a href=\"https:\/\/www.youtube.com\/watch?v=nupMRepYxq8&amp;t=68s\" target=\"_blank\" rel=\"noopener\">https:\/\/www.youtube.com\/watch?v=nupMRepYxq8&amp;t=68s<\/a><\/h6>\n<\/td>\n<\/tr>\n<\/tbody>\n<\/table>\n<table class=\"table table-hover\" style=\"background-color: #f2f2f2; width: 100%; border: 1px solid #dddddd;\" border=\"1\">\n<tbody>\n<tr>\n<td><img loading=\"lazy\" decoding=\"async\" width=\"60\" height=\"50\" class=\"alignnone wp-image-43\" style=\"float: left;\" title=\"harjutus.png\" src=\"https:\/\/sisu.ut.ee\/wp-content\/uploads\/sites\/133\/harjutus.png\" alt=\"harjutus.png\">\n<h6>Paljud raamatud, mille t\u00e4isteksti DIGARis lugeda ei saa, on veebis vabalt k\u00e4ttesaadavad. Sisestage pealkiri Google\u2019isse ja katsetage!<\/h6>\n<\/td>\n<\/tr>\n<\/tbody>\n<\/table>\n","protected":false},"excerpt":{"rendered":"<p>DIGAR\u00a0 (http:\/\/www.digar.ee\/arhiiv)\u00a0on Rahvusraamatukogu digitaalarhiiv, kus on e-raamatuid (sh koolikirjandust), ajalehti, ajakirju, pildimaterjale, audioraamatuid ja muusikafaile. Paljud neist on vabaks kasutamiseks. Suur osa DIGARis s\u00e4ilitatavatest materjalidest on sellised, mille tekste vabalt internetis lugeda ei saa, p\u00f5hjuseks on autori\u00f5igus ja kirjastajate juurdep\u00e4\u00e4supiirangud &#8230;<\/p>\n","protected":false},"author":5,"featured_media":0,"parent":0,"menu_order":0,"comment_status":"closed","ping_status":"closed","template":"","meta":{"_acf_changed":false,"inline_featured_image":false,"footnotes":""},"class_list":["post-15","page","type-page","status-publish","hentry"],"acf":[],"_links":{"self":[{"href":"https:\/\/sisu.ut.ee\/infootsitugi\/wp-json\/wp\/v2\/pages\/15","targetHints":{"allow":["GET"]}}],"collection":[{"href":"https:\/\/sisu.ut.ee\/infootsitugi\/wp-json\/wp\/v2\/pages"}],"about":[{"href":"https:\/\/sisu.ut.ee\/infootsitugi\/wp-json\/wp\/v2\/types\/page"}],"author":[{"embeddable":true,"href":"https:\/\/sisu.ut.ee\/infootsitugi\/wp-json\/wp\/v2\/users\/5"}],"replies":[{"embeddable":true,"href":"https:\/\/sisu.ut.ee\/infootsitugi\/wp-json\/wp\/v2\/comments?post=15"}],"version-history":[{"count":2,"href":"https:\/\/sisu.ut.ee\/infootsitugi\/wp-json\/wp\/v2\/pages\/15\/revisions"}],"predecessor-version":[{"id":451,"href":"https:\/\/sisu.ut.ee\/infootsitugi\/wp-json\/wp\/v2\/pages\/15\/revisions\/451"}],"wp:attachment":[{"href":"https:\/\/sisu.ut.ee\/infootsitugi\/wp-json\/wp\/v2\/media?parent=15"}],"curies":[{"name":"wp","href":"https:\/\/api.w.org\/{rel}","templated":true}]}}