{"id":14,"date":"2024-04-04T00:42:21","date_gmt":"2024-04-03T21:42:21","guid":{"rendered":"https:\/\/sisu.ut.ee\/infootsitugi\/7-eesti-ulikoolide-digiarhiivid\/"},"modified":"2025-09-11T17:16:51","modified_gmt":"2025-09-11T14:16:51","slug":"7-eesti-ulikoolide-digiarhiivid","status":"publish","type":"page","link":"https:\/\/sisu.ut.ee\/infootsitugi\/7-eesti-ulikoolide-digiarhiivid\/","title":{"rendered":"7. Eesti \u00fclikoolide digitaalarhiivid"},"content":{"rendered":"<p>\u00dclikoolide digiarhiivides hoitakse bakalaureuse, magistri ning doktorit\u00f6id ning e-\u00f5ppematerjale, mis on suures osas internetis vabalt k\u00e4ttesaadavad.<\/p>\n<p>Digiarhiivid sisaldavad ka raamatukogude muud vara \u2013\u00a0raamatuid, artikleid, kaarte, fotosid jne. Suur osa materjalidest on leitavad e-kataloogi ESTER kaudu.<\/p>\n<h3>Tartu \u00fclikooli digitaalarhiiv ADA <a href=\"https:\/\/ada.ut.ee\/\" target=\"_blank\" rel=\"noopener\">https:\/\/ada.ut.ee\/<\/a><\/h3>\n<ul>\n<li>Materjale saab\u00a0lehitseda\u00a0kollektsioonid kaupa, selleks tuleb valida avalehelt valdkond.<\/li>\n<li>Viimati sisestatud t\u00f6\u00f6d ilmuvad avalehele, teiste n\u00e4gemiseks tuleb kl\u00f5psata linki <em>Pealkirjad<\/em>.<\/li>\n<li>Bakalaureuse- ja magistrit\u00f6\u00f6d on valdkondade all teaduskonna, instituudi v\u00f5i kolled\u017ei kollektsioonis.<\/li>\n<li>K\u00f5ik doktorit\u00f6\u00f6d on eraldi kollektsioonis\u00a0<a href=\"http:\/\/dspace.ut.ee\/handle\/10062\/1\" target=\"_blank\" rel=\"noopener\">Dissertatsioonid 2004 \u2013 Theses, MSc, PhD (ETD).\u00a0<\/a>\u00a0See sisaldab ka magistrit\u00f6id.<\/li>\n<li>Fotode, k\u00e4sikirjade ja vanemate raamatute valdkond on\u00a0<em>Tartu \u00dclikooli raamatukogu.<\/em><\/li>\n<li>\u00d5ppevideod ja e-\u00f5ppematerjalid on valdkonnas\u00a0<em>E-\u00f5ppe materjalid.<\/em><\/li>\n<\/ul>\n<p><\/p><div class=\"accordion mb-3\">\n        <div class=\"accordion-item accordion-item--white\">\n        <h2 class=\"accordion-header\" id=\"accordion-69d5373dcec1e-heading\">\n            <button class=\"accordion-button collapsed\" type=\"button\" data-bs-toggle=\"collapse\" data-bs-target=\"#accordion-69d5373dcec1e-collapse\" aria-expanded=\"true\" aria-controls=\"accordion-69d5373dcec1e-collapse\">Pilt ADA valikuv\u00f5imalustega<\/button>\n        <\/h2>\n        <div id=\"accordion-69d5373dcec1e-collapse\" class=\"accordion-collapse collapse\" aria-labelledby=\"accordion-69d5373dcec1e-heading\">\n            <div class=\"accordion-body\"> <img loading=\"lazy\" decoding=\"async\" class=\"alignnone size-full wp-image-351\" src=\"https:\/\/sisu.ut.ee\/wp-content\/uploads\/sites\/133\/Kuvatommis-2024-11-26-131245.png\" alt=\"\" width=\"814\" height=\"832\" srcset=\"https:\/\/sisu.ut.ee\/wp-content\/uploads\/sites\/133\/Kuvatommis-2024-11-26-131245.png 814w, https:\/\/sisu.ut.ee\/wp-content\/uploads\/sites\/133\/Kuvatommis-2024-11-26-131245-294x300.png 294w, https:\/\/sisu.ut.ee\/wp-content\/uploads\/sites\/133\/Kuvatommis-2024-11-26-131245-768x785.png 768w\" sizes=\"auto, (max-width: 814px) 100vw, 814px\">\n<p><span style=\"font-size: revert; font-weight: var(--bs-body-font-weight); text-align: var(--bs-body-text-align);\"><\/span><\/p><\/div>\n        <\/div>\n        <\/div>\n    <\/div>\n<h3><!--break--><\/h3>\n<p>Kui ESTERis otsimiseks on tarvis teada pealkirja v\u00f5i m\u00e4rks\u00f5nu, siis digiarhiivis tehakse otsing kogu tekstis. Seet\u00f5ttu saab sealt otsida hulga kitsamaid teemasid. N\u00e4iteks\u00a0<em><strong>Vabson, Karina.\u00a0Eesti ja vene naiste arvamused toiduriskidest\u00a0<\/strong><\/em>(Tartu \u00dclikool, 2007) k\u00e4sitletakse ka toidu ohutust, kuid ESTERist otsingus\u00f5naga\u00a0<em><strong>toiduohutus\u00a0<\/strong><\/em>seda uurimust ei leita.<\/p>\n<h3>Tallinna \u00dclikooli digiarhiiv ETERA\u00a0<a href=\"http:\/\/www.etera.ee\/\" target=\"_blank\" rel=\"noopener\">http:\/\/www.etera.ee\/<\/a><\/h3>\n<p>ETERA sisaldab Tallinna \u00dclikoolis alates 2005. aastast kaitstud \u00fcli\u00f5pilast\u00f6id, n\u00f5ukogude perioodi teadusasutuste v\u00e4ljaandeid ning palju n\u00f5ukogude perioodil ilmunud Eesti ajalehti.<\/p>\n<ul>\n<li><span style=\"background: white;\"><span style=\"line-height: normal;\"><span style=\"background: white;\"><span style=\"color: #565656;\">Vasakul KATEGOORIA all saab \u00fclevaate, mida ETERA sisaldab.<\/span><\/span><\/span><\/span><\/li>\n<li><span style=\"background: white;\"><span style=\"line-height: normal;\"><span style=\"background: white;\"><span style=\"color: #565656;\">Vasakul saab otsingut piirata erinevate filtritega enne ja peale otsingu tegemist. Kl\u00f5psates vasakul Kasutuses filtrid, saab piiranguid eemaldada. Sama saab teha otsingutulemuste lehel keskel.<\/span><\/span><\/span><\/span><\/li>\n<\/ul>\n<p><\/p><div class=\"accordion mb-3\">\n        <div class=\"accordion-item accordion-item--white\">\n        <h2 class=\"accordion-header\" id=\"accordion-69d5373dcec25-heading\">\n            <button class=\"accordion-button collapsed\" type=\"button\" data-bs-toggle=\"collapse\" data-bs-target=\"#accordion-69d5373dcec25-collapse\" aria-expanded=\"true\" aria-controls=\"accordion-69d5373dcec25-collapse\">Pilt ETERA valikuv\u00f5imalustega<\/button>\n        <\/h2>\n        <div id=\"accordion-69d5373dcec25-collapse\" class=\"accordion-collapse collapse\" aria-labelledby=\"accordion-69d5373dcec25-heading\">\n            <div class=\"accordion-body\"><img loading=\"lazy\" decoding=\"async\" class=\"alignnone size-large wp-image-434\" src=\"https:\/\/sisu.ut.ee\/wp-content\/uploads\/sites\/133\/Screenshot-2025-09-11-170437-1024x415.png\" alt=\"\" width=\"1024\" height=\"415\" srcset=\"https:\/\/sisu.ut.ee\/wp-content\/uploads\/sites\/133\/Screenshot-2025-09-11-170437-1024x415.png 1024w, https:\/\/sisu.ut.ee\/wp-content\/uploads\/sites\/133\/Screenshot-2025-09-11-170437-300x122.png 300w, https:\/\/sisu.ut.ee\/wp-content\/uploads\/sites\/133\/Screenshot-2025-09-11-170437-768x311.png 768w, https:\/\/sisu.ut.ee\/wp-content\/uploads\/sites\/133\/Screenshot-2025-09-11-170437.png 1327w\" sizes=\"auto, (max-width: 1024px) 100vw, 1024px\"><\/div>\n        <\/div>\n        <\/div>\n    <\/div>\n<h3>Tallinna Tehnika\u00fclikooli\u00a0digikogu <a title=\"\" href=\"https:\/\/digikogu.taltech.ee\/\" target=\"_blank\" rel=\"noopener\" data-url=\"https:\/\/digikogu.taltech.ee\/\">https:\/\/digikogu.taltech.ee\/<\/a><\/h3>\n<p>TT\u00dc digikogu sisaldab \u00fcli\u00f5pilast\u00f6id, e-raamatuid, erialaseid ajakirju, raamatukogu v\u00e4ljaandeid, aruandeid ja muid publikatsioone. Neid k\u00f5iki saab eraldi lehitseda ja otsida. Kl\u00f5psates \u00fcleval ribal Kollektsioonid, on v\u00f5imalikud kitsamad valikud.<\/p>\n<p><\/p><div class=\"accordion mb-3\">\n        <div class=\"accordion-item accordion-item--white\">\n        <h2 class=\"accordion-header\" id=\"accordion-69d5373dcec28-heading\">\n            <button class=\"accordion-button collapsed\" type=\"button\" data-bs-toggle=\"collapse\" data-bs-target=\"#accordion-69d5373dcec28-collapse\" aria-expanded=\"true\" aria-controls=\"accordion-69d5373dcec28-collapse\">Pilt Tallinna Tehnika\u00fclikooli digikogust<\/button>\n        <\/h2>\n        <div id=\"accordion-69d5373dcec28-collapse\" class=\"accordion-collapse collapse\" aria-labelledby=\"accordion-69d5373dcec28-heading\">\n            <div class=\"accordion-body\"><img loading=\"lazy\" decoding=\"async\" width=\"1044\" height=\"573\" class=\"alignnone wp-image-61\" title=\"2020-05-25_17_12_45-window.png\" src=\"https:\/\/sisu.ut.ee\/wp-content\/uploads\/sites\/133\/2020-05-25_17_12_45-window.png\" alt=\"ff\" srcset=\"https:\/\/sisu.ut.ee\/wp-content\/uploads\/sites\/133\/2020-05-25_17_12_45-window.png 1044w, https:\/\/sisu.ut.ee\/wp-content\/uploads\/sites\/133\/2020-05-25_17_12_45-window-300x165.png 300w, https:\/\/sisu.ut.ee\/wp-content\/uploads\/sites\/133\/2020-05-25_17_12_45-window-1024x562.png 1024w, https:\/\/sisu.ut.ee\/wp-content\/uploads\/sites\/133\/2020-05-25_17_12_45-window-768x422.png 768w\" sizes=\"auto, (max-width: 1044px) 100vw, 1044px\">\n<p><\/p><\/div>\n        <\/div>\n        <\/div>\n    <\/div>\n<h3>Eesti Maa\u00fclikooli digiarhiiv\u00a0<a title=\"\" href=\"https:\/\/dspace.emu.ee\/\" target=\"_blank\" rel=\"noopener\" data-url=\"https:\/\/dspace.emu.ee\/\">https:\/\/dspace.emu.ee\/<\/a><\/h3>\n<p>Digitaalarhiiv EMU DSpace sisaldab eesti Maa\u00fclikoolis kaitstud \u00fcli\u00f5pilast\u00f6id ja e-\u00f5ppe materjale. Otsinguv\u00f5imalused on sarnased Tartu \u00dclikooli digiarhiiviga, st materjale on v\u00f5imalik ka kollektsioonide kaupa lehitseda.<\/p>\n<p><\/p><div class=\"accordion mb-3\">\n        <div class=\"accordion-item accordion-item--white\">\n        <h2 class=\"accordion-header\" id=\"accordion-69d5373dcec2b-heading\">\n            <button class=\"accordion-button collapsed\" type=\"button\" data-bs-toggle=\"collapse\" data-bs-target=\"#accordion-69d5373dcec2b-collapse\" aria-expanded=\"true\" aria-controls=\"accordion-69d5373dcec2b-collapse\">Pilt Eesti Maa\u00fclikooli digiarhiivi otsinguv\u00f5imalustest<\/button>\n        <\/h2>\n        <div id=\"accordion-69d5373dcec2b-collapse\" class=\"accordion-collapse collapse\" aria-labelledby=\"accordion-69d5373dcec2b-heading\">\n            <div class=\"accordion-body\"><img loading=\"lazy\" decoding=\"async\" class=\"alignnone size-large wp-image-437\" src=\"https:\/\/sisu.ut.ee\/wp-content\/uploads\/sites\/133\/Screenshot-2025-09-11-171330-1024x548.png\" alt=\"\" width=\"1024\" height=\"548\" srcset=\"https:\/\/sisu.ut.ee\/wp-content\/uploads\/sites\/133\/Screenshot-2025-09-11-171330-1024x548.png 1024w, https:\/\/sisu.ut.ee\/wp-content\/uploads\/sites\/133\/Screenshot-2025-09-11-171330-300x161.png 300w, https:\/\/sisu.ut.ee\/wp-content\/uploads\/sites\/133\/Screenshot-2025-09-11-171330-768x411.png 768w, https:\/\/sisu.ut.ee\/wp-content\/uploads\/sites\/133\/Screenshot-2025-09-11-171330.png 1309w\" sizes=\"auto, (max-width: 1024px) 100vw, 1024px\"><\/div>\n        <\/div>\n        <\/div>\n    <\/div>\n","protected":false},"excerpt":{"rendered":"<p>\u00dclikoolide digiarhiivides hoitakse bakalaureuse, magistri ning doktorit\u00f6id ning e-\u00f5ppematerjale, mis on suures osas internetis vabalt k\u00e4ttesaadavad. Digiarhiivid sisaldavad ka raamatukogude muud vara \u2013\u00a0raamatuid, artikleid, kaarte, fotosid jne. Suur osa materjalidest on leitavad e-kataloogi ESTER kaudu. Tartu \u00fclikooli digitaalarhiiv ADA https:\/\/ada.ut.ee\/ &#8230;<\/p>\n","protected":false},"author":5,"featured_media":0,"parent":0,"menu_order":0,"comment_status":"closed","ping_status":"closed","template":"","meta":{"_acf_changed":false,"inline_featured_image":false,"footnotes":""},"class_list":["post-14","page","type-page","status-publish","hentry"],"acf":[],"_links":{"self":[{"href":"https:\/\/sisu.ut.ee\/infootsitugi\/wp-json\/wp\/v2\/pages\/14","targetHints":{"allow":["GET"]}}],"collection":[{"href":"https:\/\/sisu.ut.ee\/infootsitugi\/wp-json\/wp\/v2\/pages"}],"about":[{"href":"https:\/\/sisu.ut.ee\/infootsitugi\/wp-json\/wp\/v2\/types\/page"}],"author":[{"embeddable":true,"href":"https:\/\/sisu.ut.ee\/infootsitugi\/wp-json\/wp\/v2\/users\/5"}],"replies":[{"embeddable":true,"href":"https:\/\/sisu.ut.ee\/infootsitugi\/wp-json\/wp\/v2\/comments?post=14"}],"version-history":[{"count":13,"href":"https:\/\/sisu.ut.ee\/infootsitugi\/wp-json\/wp\/v2\/pages\/14\/revisions"}],"predecessor-version":[{"id":440,"href":"https:\/\/sisu.ut.ee\/infootsitugi\/wp-json\/wp\/v2\/pages\/14\/revisions\/440"}],"wp:attachment":[{"href":"https:\/\/sisu.ut.ee\/infootsitugi\/wp-json\/wp\/v2\/media?parent=14"}],"curies":[{"name":"wp","href":"https:\/\/api.w.org\/{rel}","templated":true}]}}