{"id":13,"date":"2024-04-04T00:42:21","date_gmt":"2024-04-03T21:42:21","guid":{"rendered":"https:\/\/sisu.ut.ee\/infootsitugi\/12-vikipeedia-artikli-hindamine\/"},"modified":"2024-04-04T00:42:42","modified_gmt":"2024-04-03T21:42:42","slug":"12-vikipeedia-artikli-hindamine","status":"publish","type":"page","link":"https:\/\/sisu.ut.ee\/infootsitugi\/12-vikipeedia-artikli-hindamine\/","title":{"rendered":"12. Vikipeedia artikli hindamine"},"content":{"rendered":"<p>\n\tVikipeedia\u00a0(<a href=\"https:\/\/et.wikipedia.org\/\" target=\"_blank\" rel=\"noopener\">https:\/\/et.wikipedia.org\/<\/a>)\u00a0erip\u00e4ra on inimeste \u00fchislooming, mist\u00f5ttu paljud artiklid on koost\u00f6\u00f6s saanud p\u00f5hjaliku sisu ja viimistletud vormi. Eriti k\u00e4ib see ingliskeelse Vikipeedia kohta, millel on tohutu hulk kaast\u00f6\u00f6lisi. Siit v\u00f5ib leida infot, mida muude allikate kaudu on raske k\u00e4tte saada. Seet\u00f5ttu leiab Vikipeedia kasutamist nii uurimist\u00f6\u00f6s kui ka igap\u00e4evaelus. Artiklite kirjutamine ja muutmine on k\u00f5ikidele lubatud, mist\u00f5ttu esineb Vikipeedias ka pealiskaudseid, puuduliku v\u00f5i kallutatud infoga artikleid, plagiaati ning tahtlikku info moonutamist. \u00a0\n<\/p>\n<p>\n\tVikipeediast on abi\u00a0uurimist\u00f6\u00f6 alustamisel ja taustainfo kogumisel ning usaldusv\u00e4\u00e4rsete algallikate tuvastamisel, kuid enne info kasutamist tuleb iga artikli v\u00e4\u00e4rtust eraldi hinnata.\n<\/p>\n<p align=\"left\">\n\tArtikkel peab vastama kolmele p\u00f5hilisele n\u00f5udele:\n<\/p>\n<ol>\n<li>\n\t\t<span data-mce-mark=\"1\">Neutraalsus<\/span>\u00a0(ingl k<em> neutral point of view,<\/em> l\u00fchend NPOV)\u00a0\u2013 artikkel peab kajastama tasakaalustatult erinevaid vaatepunkte ja ei tohi l\u00e4htuda\u00a0 autori isiklikust arvamusest.\n\t<\/li>\n<li>\n\t\t<span data-mce-mark=\"1\">Kontrollitavus (ingl k v<\/span><em>erifiability \u2013<\/em>\u00a0k\u00f5iki v\u00e4iteid peab saama kontrollida (allikatele peab olema viidatud).\n\t<\/li>\n<li>\n\t\t<span data-mce-mark=\"1\">Allikate usaldusv\u00e4\u00e4rsus (ingl k <em>n<\/em><\/span><em>o original research, <\/em>l\u00fchend\u00a0NOR) \u2013 artiklid ei ole originaalsed uurimist\u00f6\u00f6d, need peavad toetuma juba avaldatud usaldusv\u00e4\u00e4rsetele allikatele.\n\t<\/li>\n<\/ol>\n<h2>\n\t<span data-mce-mark=\"1\">Artikli kasutamine uurimist\u00f6\u00f6s<\/span><br>\n<\/h2>\n<p>\n\tUsaldusv\u00e4\u00e4rsuse ja ammendavuse kontrollimiseks on soovitav kasutada teiste maade Vikipeediaid. Kui teema ei ole Eestiga seotud, tuleb kindlasti vaadata ka ingliskeelset Vikipeediat. Kvaliteetsel artiklil on lihtne ja arusaadav keel, kindel struktuur ning sisukord. Sisukord annab hea \u00fclevaate teemast, aitab m\u00f5isteid defineerida ning on abiks uurimisk\u00fcsimuse p\u00fcstitamisel. \u00a0Artikli l\u00f5pus on kasutatud kirjanduse loetelu ja lingid muudele allikatele. Kindlust annab see, kui on viidatud teadusartiklitele (viites on DOI number), raamatutele ja rahvusvaheliste organisatsioonide materjalidele.\n<\/p>\n<p>\n\t<img loading=\"lazy\" decoding=\"async\" width=\"633\" height=\"665\" class=\"alignnone wp-image-51\" style=\"margin-left: auto;margin-right: auto\" src=\"https:\/\/sisu.ut.ee\/wp-content\/uploads\/sites\/133\/vikipeedia_hindamine1.png\" title=\"vikipeedia_hindamine1.png\" alt=\"vikipeedia_hindamine1.png\" srcset=\"https:\/\/sisu.ut.ee\/wp-content\/uploads\/sites\/133\/vikipeedia_hindamine1.png 633w, https:\/\/sisu.ut.ee\/wp-content\/uploads\/sites\/133\/vikipeedia_hindamine1-286x300.png 286w\" sizes=\"auto, (max-width: 633px) 100vw, 633px\">\n<\/p>\n<h5>\n\tArtikkel Vikipeediast. Skeemi aluseks on artikli versioon 08.03.2016.\u00a0<br>\n<\/h5>\n<h2>\n\t<span data-mce-mark=\"1\">Artikli usaldusv\u00e4\u00e4rsuse kontrollimine<\/span><br>\n<\/h2>\n<p>\n\tVikipeedia artikli pealkirja kohal on sakk <em>Arutelu\/Talk<\/em>. Seal on juhitud t\u00e4helepanu artiklis esinevatele probleemidele. N\u00e4iteks inglisekeelse artikli\u00a0<em>Monosodium glutamate<\/em>\u00a0arutelu lehel on avaldatud sisu ja neutraalsuse (NOPV) suhtes t\u00f5siseid kahtlusi:\n<\/p>\n<p style=\"text-align: center\">\n\t<img loading=\"lazy\" decoding=\"async\" width=\"408\" height=\"291\" class=\"alignnone wp-image-52\" src=\"https:\/\/sisu.ut.ee\/wp-content\/uploads\/sites\/133\/monosodium.png\" title=\"monosodium.png\" alt=\"monosodium.png\" srcset=\"https:\/\/sisu.ut.ee\/wp-content\/uploads\/sites\/133\/monosodium.png 408w, https:\/\/sisu.ut.ee\/wp-content\/uploads\/sites\/133\/monosodium-300x214.png 300w\" sizes=\"auto, (max-width: 408px) 100vw, 408px\">\n<\/p>\n<h5>\n\tVikipeedia arutelu lehek\u00fclg.<br>\n<\/h5>\n<p>\n\tVikipeedia artiklis\u00a0<em>Reliability of Wikipedia<\/em>\u00a0\u00a0<a href=\"http:\/\/en.wikipedia.org\/wiki\/Reliability_of_Wikipedia\" target=\"_blank\" rel=\"noopener\">http:\/\/en.wikipedia.org\/wiki\/Reliability_ of_Wikipedia<\/a>\u00a0on v\u00e4lja toodud Vikipeedia tugevad ja n\u00f5rgad k\u00fcljed ning soovitused artiklite kasutamiseks.\n<\/p>\n<p align=\"left\">\n\t<span data-mce-mark=\"1\">Soovitus on suhtuda ettevaatusega artiklitesse,<\/span>\n<\/p>\n<ul>\n<li>\n\t\tmille teema tekitab vaidlusi (nt toidulisandid, poliitika);\n\t<\/li>\n<li>\n\t\tmis k\u00e4sitlevad kaasaegsete isikute elu ja tegevust (v\u00f5ivad olla m\u00f5jutatud artikli autori hoiakutest);\n\t<\/li>\n<li>\n\t\tmille fakte on raske kontrollida (pole piisavalt viiteid kasutatud kirjandusele v\u00f5i andmed muutuvad kiiresti), n\u00e4iteks andmed linnade v\u00f5i asutuste kohta k\u00e4ivates artiklites;\n\t<\/li>\n<li>\n\t\tmis sisaldavad keele- ja stiilivigu.\n\t<\/li>\n<\/ul>\n<h2>\n\t<span data-mce-mark=\"1\">Vikipeedia artiklile viitamine<\/span><br>\n<\/h2>\n<p>\n\tReeglina ents\u00fcklopeediate artiklitele uurimist\u00f6\u00f6s ei viidata. Vikipeedia artikkel ei ole originaaluurimus, selle koostamiseks on kasutatud erinevaid allikaid ning<span data-mce-mark=\"1\">\u00a0nendele allikatele tuleb ka viidata<\/span>.\u00a0<span data-mce-mark=\"1\">Kindlasti tuleb \u00fcles otsida algallikas, seda lugeda, kriitiliselt hinnata ning viidata. Vikipeedia kaudu algallikale viitamine ei ole korrektne.<\/span>\n<\/p>\n<h2>\n\tKasutatud kirjandus<br>\n<\/h2>\n<div>\n<ol>\n<li>\n\t\t\tCalhoun, C. (2014). Using Wikipedia in information literacy instruction. Tips for developing research skills.\u00a0College &amp; Research Libraries News,\u00a075(1), 32\u201333.\n\t\t<\/li>\n<li>\n\t\t\tHilles, S. (2014). To Use or Not to Use? The Credibility of Wikipedia.\u00a0Public Services Quarterly,\u00a010(3), 245\u2013251. <a href=\"http:\/\/doi.org\/10.1080\/15228959.2014.931204\" target=\"_blank\" rel=\"noopener\">http:\/\/doi.org\/10.1080\/15228959.2014.931204<\/a>\n\t\t<\/li>\n<li>\n\t\t\tReliability of Wikipedia. (2015, April 13). In Wikipedia, the free encyclopedia. Retrieved from <a href=\"http:\/\/en.wikipedia.org\/w\/index.php?title=Reliability_of_Wikipedia&amp;oldid=656354142\" target=\"_blank\" rel=\"noopener\">http:\/\/en.wikipedia.org\/w\/index.php?title=Reliability_of_Wikipedia&amp;oldid\u2026<\/a>\n\t\t<\/li>\n<\/ol>\n<\/div>\n","protected":false},"excerpt":{"rendered":"<p>Vikipeedia\u00a0(https:\/\/et.wikipedia.org\/)\u00a0erip\u00e4ra on inimeste \u00fchislooming, mist\u00f5ttu paljud artiklid on koost\u00f6\u00f6s saanud p\u00f5hjaliku sisu ja viimistletud vormi. Eriti k\u00e4ib see ingliskeelse Vikipeedia kohta, millel on tohutu hulk kaast\u00f6\u00f6lisi. Siit v\u00f5ib leida infot, mida muude allikate kaudu on raske k\u00e4tte saada. Seet\u00f5ttu leiab &#8230;<\/p>\n","protected":false},"author":5,"featured_media":0,"parent":0,"menu_order":0,"comment_status":"closed","ping_status":"closed","template":"","meta":{"_acf_changed":false,"inline_featured_image":false,"footnotes":""},"class_list":["post-13","page","type-page","status-publish","hentry"],"acf":[],"_links":{"self":[{"href":"https:\/\/sisu.ut.ee\/infootsitugi\/wp-json\/wp\/v2\/pages\/13","targetHints":{"allow":["GET"]}}],"collection":[{"href":"https:\/\/sisu.ut.ee\/infootsitugi\/wp-json\/wp\/v2\/pages"}],"about":[{"href":"https:\/\/sisu.ut.ee\/infootsitugi\/wp-json\/wp\/v2\/types\/page"}],"author":[{"embeddable":true,"href":"https:\/\/sisu.ut.ee\/infootsitugi\/wp-json\/wp\/v2\/users\/5"}],"replies":[{"embeddable":true,"href":"https:\/\/sisu.ut.ee\/infootsitugi\/wp-json\/wp\/v2\/comments?post=13"}],"version-history":[{"count":1,"href":"https:\/\/sisu.ut.ee\/infootsitugi\/wp-json\/wp\/v2\/pages\/13\/revisions"}],"predecessor-version":[{"id":202,"href":"https:\/\/sisu.ut.ee\/infootsitugi\/wp-json\/wp\/v2\/pages\/13\/revisions\/202"}],"wp:attachment":[{"href":"https:\/\/sisu.ut.ee\/infootsitugi\/wp-json\/wp\/v2\/media?parent=13"}],"curies":[{"name":"wp","href":"https:\/\/api.w.org\/{rel}","templated":true}]}}