{"id":11,"date":"2024-04-04T00:42:21","date_gmt":"2024-04-03T21:42:21","guid":{"rendered":"https:\/\/sisu.ut.ee\/infootsitugi\/11-infoallikate-hindamine\/"},"modified":"2024-04-04T00:42:42","modified_gmt":"2024-04-03T21:42:42","slug":"11-infoallikate-hindamine","status":"publish","type":"page","link":"https:\/\/sisu.ut.ee\/infootsitugi\/11-infoallikate-hindamine\/","title":{"rendered":"11. Infoallikate hindamine"},"content":{"rendered":"<p>\n\t<\/p><div class=\"ratio ratio-16x9 mb-3\"><div class=\"video-placeholder-wrapper video-placeholder-wrapper--16x9\">\n\t\t\t    <div class=\"video-placeholder d-flex justify-content-center align-items-center\">\n\t\t\t        <div class=\"overlay text-white p-2 w-100 text-center d-block justify-content-center align-items-center\">\n\t\t\t            <div>Kolmandate osapoolte sisu n\u00e4gemiseks palun n\u00f5ustu k\u00fcpsistega.<\/div>\n\t\t\t            <button class=\"btn btn-secondary btn-sm mt-1 consent-change\">Muuda n\u00f5usolekut<\/button>\n\t\t\t        <\/div>\n\t\t\t    <\/div>\n\t\t\t<\/div>\n<\/div>\n\n<h5>\n\tVideo asukoht:\u00a0https:\/\/panopto.ut.ee\/Panopto\/Pages\/Viewer.aspx?id=33e1e328-80e3-4c5b-ae80-b128009c75d9<br>\n<\/h5>\n<p>\n\t<img loading=\"lazy\" decoding=\"async\" width=\"304\" height=\"281\" class=\"alignnone wp-image-50\" style=\"float: left\" src=\"https:\/\/sisu.ut.ee\/wp-content\/uploads\/sites\/133\/kallutatus2.png\" title=\"kallutatus2.png\" alt=\"kallutatus2.png\" srcset=\"https:\/\/sisu.ut.ee\/wp-content\/uploads\/sites\/133\/kallutatus2.png 304w, https:\/\/sisu.ut.ee\/wp-content\/uploads\/sites\/133\/kallutatus2-300x277.png 300w\" sizes=\"auto, (max-width: 304px) 100vw, 304px\">Iga leitud infoallika usaldusv\u00e4\u00e4rsust ja uurimist\u00f6\u00f6ks sobivust tuleb kontrollida. Infoallikate hindamiseks on kindlad reeglid. Eriti t\u00e4helepanelik peab olema vabast internetist leitud allikaid hinnates.\u00a0\n<\/p>\n<p>\n\tPeat\u00fckis<a href=\"https:\/\/sisu.ut.ee\/info_hindamine\/vikipeedia-artikli-hindamine\" target=\"_blank\" rel=\"noopener\">\u00a0<\/a><a href=\"https:\/\/sisu.ut.ee\/infootsitugi\/12-vikipeedia-artikli-hindamine\"><em>Vikipeedia artikli hindamine<\/em><\/a> \u00a0on n\u00e4ited veebients\u00fcklopeedia artiklite hindamisest. Seda osates v\u00f5ib <em>Vikipeediast <\/em>uurimist\u00f6\u00f6ks palju kasulikku leida.\n<\/p>\n<p>\n\t<strong>Vasakul\u00a0<\/strong>skeemil on loetletud olulised aspektid, mida info hindamisel silmas pidada. \u00a0\n<\/p>\n<p>\n\t<strong>Alumisel\u00a0<\/strong>skeemil on n\u00e4ha praktilise info hindamise etapid ning allikad, mille p\u00f5hjal infot hinnata.\n<\/p>\n<p>\n\t\u00a0\n<\/p>\n<p>\n\t<img loading=\"lazy\" decoding=\"async\" width=\"788\" height=\"364\" class=\"alignnone wp-image-49\" style=\"margin-left: auto;margin-right: auto\" src=\"https:\/\/sisu.ut.ee\/wp-content\/uploads\/sites\/133\/veebiallikate_hindamine.png\" title=\"veebiallikate_hindamine.png\" alt=\"veebiallikate_hindamine.png\" srcset=\"https:\/\/sisu.ut.ee\/wp-content\/uploads\/sites\/133\/veebiallikate_hindamine.png 788w, https:\/\/sisu.ut.ee\/wp-content\/uploads\/sites\/133\/veebiallikate_hindamine-300x139.png 300w, https:\/\/sisu.ut.ee\/wp-content\/uploads\/sites\/133\/veebiallikate_hindamine-768x355.png 768w\" sizes=\"auto, (max-width: 788px) 100vw, 788px\">\n<\/p>\n<p>\n\t\u00a0\n<\/p>\n<table class=\"table table-hover\" border=\"1\" style=\"width: 100%;background-color: #f2f2f2;border-color: #dddddd;border-width: 1px;border-style: solid\">\n<tbody>\n<tr>\n<td>\n\t\t\t\t<img loading=\"lazy\" decoding=\"async\" data-file_info=\"%7B%22fid%22:%2213539%22,%22view_mode%22:%22default%22,%22type%22:%22media%22%7D\" height=\"51\" src=\"https:\/\/sisu.ut.ee\/wp-content\/uploads\/sites\/133\/info3.png\" style=\"vertical-align: middle;float: left\" width=\"60\">\n<h6>\n\t\t\t\t\tHuvi korral lugege lisamaterjale <span>infoallikate hindamise kohta<\/span>\u00a0<a href=\"https:\/\/sisu.ut.ee\/info_hindamine\" target=\"_blank\" rel=\"noopener\">https:\/\/sisu.ut.ee\/info_hindamine<\/a><br>\n\t\t\t\t<\/h6>\n<\/td>\n<\/tr>\n<\/tbody>\n<\/table>\n<p>\n\t\u00a0\n<\/p>\n<h2>\n\tKasutatud allikad<br>\n<\/h2>\n<ul>\n<li>\n\t\tMike Palmquist and Peter Connor. (1994-2019). Evaluating Sources. The WAC Clearinghouse. Colorado State University. <a data-url=\"https:\/\/wac.colostate.edu\/resources\/writing\/guides\/evaluating\/\" href=\"https:\/\/wac.colostate.edu\/resources\/writing\/guides\/evaluating\/\" target=\"_blank\" title=\"\" rel=\"noopener\">https:\/\/wac.colostate.edu\/resources\/writing\/guides\/evaluating\/<\/a>\n\t<\/li>\n<\/ul>\n","protected":false},"excerpt":{"rendered":"<p>Kolmandate osapoolte sisu n\u00e4gemiseks palun n\u00f5ustu k\u00fcpsistega. Muuda n\u00f5usolekut Video asukoht:\u00a0https:\/\/panopto.ut.ee\/Panopto\/Pages\/Viewer.aspx?id=33e1e328-80e3-4c5b-ae80-b128009c75d9 Iga leitud infoallika usaldusv\u00e4\u00e4rsust ja uurimist\u00f6\u00f6ks sobivust tuleb kontrollida. Infoallikate hindamiseks on kindlad reeglid. Eriti t\u00e4helepanelik peab olema vabast internetist leitud allikaid hinnates.\u00a0 Peat\u00fckis\u00a0Vikipeedia artikli hindamine \u00a0on n\u00e4ited veebients\u00fcklopeedia &#8230;<\/p>\n","protected":false},"author":5,"featured_media":0,"parent":0,"menu_order":0,"comment_status":"closed","ping_status":"closed","template":"","meta":{"_acf_changed":false,"inline_featured_image":false,"footnotes":""},"class_list":["post-11","page","type-page","status-publish","hentry"],"acf":[],"_links":{"self":[{"href":"https:\/\/sisu.ut.ee\/infootsitugi\/wp-json\/wp\/v2\/pages\/11","targetHints":{"allow":["GET"]}}],"collection":[{"href":"https:\/\/sisu.ut.ee\/infootsitugi\/wp-json\/wp\/v2\/pages"}],"about":[{"href":"https:\/\/sisu.ut.ee\/infootsitugi\/wp-json\/wp\/v2\/types\/page"}],"author":[{"embeddable":true,"href":"https:\/\/sisu.ut.ee\/infootsitugi\/wp-json\/wp\/v2\/users\/5"}],"replies":[{"embeddable":true,"href":"https:\/\/sisu.ut.ee\/infootsitugi\/wp-json\/wp\/v2\/comments?post=11"}],"version-history":[{"count":2,"href":"https:\/\/sisu.ut.ee\/infootsitugi\/wp-json\/wp\/v2\/pages\/11\/revisions"}],"predecessor-version":[{"id":452,"href":"https:\/\/sisu.ut.ee\/infootsitugi\/wp-json\/wp\/v2\/pages\/11\/revisions\/452"}],"wp:attachment":[{"href":"https:\/\/sisu.ut.ee\/infootsitugi\/wp-json\/wp\/v2\/media?parent=11"}],"curies":[{"name":"wp","href":"https:\/\/api.w.org\/{rel}","templated":true}]}}