{"id":10,"date":"2024-04-04T00:42:21","date_gmt":"2024-04-03T21:42:21","guid":{"rendered":"https:\/\/sisu.ut.ee\/infootsitugi\/13-info-eetiline-kasutamine\/"},"modified":"2025-08-18T09:41:32","modified_gmt":"2025-08-18T06:41:32","slug":"13-info-eetiline-kasutamine","status":"publish","type":"page","link":"https:\/\/sisu.ut.ee\/infootsitugi\/13-info-eetiline-kasutamine\/","title":{"rendered":"13. Info eetiline kasutamine"},"content":{"rendered":"<p>Andmebaasidest, raamatutest, ajalehtedest, internetist jne leitud materjalide oma t\u00f6\u00f6s kasutamisel tuleb arvestada sellega, et keegi on nende loomise ja koostamisega omakorda k\u00f5vasti t\u00f6\u00f6d teinud ja vaeva n\u00e4inud. Teose autoril on \u00f5igustatud ootus, et\u00a0 tema \u00f5igusi kaitstakse ning nime mainitakse.<\/p>\n<p>Autori\u00f5igusega kaitstakse kirjandus-, kunsti- ja teadusteoseid. Kaitstavad teosed v\u00f5ivad esineda erinevas vormis, nt kirjandusteos, draamateos, audiovisuaalne teos, maaliteos, arhitektuuriteos, arvutiprogramm, loeng, tegelaskuju jne.<\/p>\n<table class=\"table table-hover\" style=\"background-color: #f2f2f2; width: 100%; border: 1px solid #dddddd;\" border=\"1\">\n<tbody>\n<tr>\n<td><img loading=\"lazy\" decoding=\"async\" width=\"70\" height=\"60\" class=\"alignnone wp-image-21\" style=\"float: left;\" title=\"info3.png\" src=\"https:\/\/sisu.ut.ee\/wp-content\/uploads\/sites\/133\/info3.png\" alt=\"a\">\n<h6>Huvi korral saate l\u00e4hemalt lugeda autori\u00f5iguse seadusest\u00a0<a href=\"https:\/\/www.riigiteataja.ee\/akt\/121062024005\" target=\"_blank\" rel=\"noopener\">https:\/\/www.riigiteataja.ee\/akt\/121062024005<\/a><\/h6>\n<\/td>\n<\/tr>\n<\/tbody>\n<\/table>\n<h2>Mis on plagiaat?<\/h2>\n<p>Plagiaat e loomevargus on teise inimese t\u00f6\u00f6 esitlemine iseenda omana. Plagiaadi objektiks v\u00f5ivad olla tekst, andmed, pildid, heli v\u00f5i esitlus (nt ettekanne). Plagiaadiga rikutakse teoste autorite \u00f5igusi.<\/p>\n<p><\/p><div class=\"ratio ratio-16x9 mb-3\"><div class=\"video-placeholder-wrapper video-placeholder-wrapper--16x9\">\n\t\t\t    <div class=\"video-placeholder d-flex justify-content-center align-items-center\">\n\t\t\t        <div class=\"overlay text-white p-2 w-100 text-center d-block justify-content-center align-items-center\">\n\t\t\t            <div>Kolmandate osapoolte sisu n\u00e4gemiseks palun n\u00f5ustu k\u00fcpsistega.<\/div>\n\t\t\t            <button class=\"btn btn-secondary btn-sm mt-1 consent-change\">Muuda n\u00f5usolekut<\/button>\n\t\t\t        <\/div>\n\t\t\t    <\/div>\n\t\t\t<\/div>\n<\/div>\n<h5>Video asukoht:\u00a0<a href=\"http:\/\/www.uttv.ee\/naita?id=23752&amp;sessioon=15864289179473204284\" target=\"_blank\" rel=\"noopener\">http:\/\/www.uttv.ee\/naita?id=23752&amp;sessioon=15864289179473204284<\/a><\/h5>\n<h2>Kuidas tekib plagiaat?<\/h2>\n<h4><img loading=\"lazy\" decoding=\"async\" width=\"705\" height=\"194\" class=\"alignnone wp-image-47\" style=\"margin-left: auto; margin-right: auto;\" title=\"plagiaat-skeem.png\" src=\"https:\/\/sisu.ut.ee\/wp-content\/uploads\/sites\/133\/plagiaat-skeem.png\" alt=\"plagiaat-skeem.png\" srcset=\"https:\/\/sisu.ut.ee\/wp-content\/uploads\/sites\/133\/plagiaat-skeem.png 705w, https:\/\/sisu.ut.ee\/wp-content\/uploads\/sites\/133\/plagiaat-skeem-300x83.png 300w\" sizes=\"auto, (max-width: 705px) 100vw, 705px\"><\/h4>\n<p>Plagiaadi eest vastutab alati t\u00f6\u00f6 esitaja.<\/p>\n<h2>Kas ma iseenda varasemaid t\u00f6id tohin kasutada?<\/h2>\n<p>Iseenda varasematele t\u00f6\u00f6dele tuleb samuti viidata. Oma t\u00f6\u00f6 uuesti esitamine (kui t\u00f6\u00f6 on juba hinnatud) v\u00f5i sellest l\u00f5ikude, tabelite, illustratsioonide jne uude t\u00f6\u00f6sse kopeerimine ilma viitamata on <a href=\"#\" data-bs-toggle=\"modal\" data-bs-target=\"#popup-modal\" data-title=\"akadeemiline petturlus\" data-content='Akadeemiline petturlus on \u00f5piv\u00e4ljundite hindamisel selliste materjalide kasutamine, mida \u00f5ppej\u00f5ud ei ole selges\u00f5naliselt lubanud kasutada, teadmiste lubamatu vahetamine (ette\u00fctlemine, mahakirjutamine jms), teise \u00fcli\u00f5pilase eest \u00f5piv\u00e4ljundite hindamisel osalemine, kellegi teise kirjaliku t\u00f6\u00f6 esitamine oma nime all v\u00f5i selle osade kasutamine n\u00f5uetekohase akadeemilise viitamiseta, iseenda t\u00f6\u00f6 uuesti esitamine, kui selle eest on juba ainepunkte saadud.&lt;\/p&gt;\n&lt;p&gt;Kui \u00fcli\u00f5pilane on toime pannud akadeemilise petturluse, siis lisaks negatiivse tulemuse saamisele on dekaanil kohustus teha \u00fcli\u00f5pilasele noomitus v\u00f5i \u00f5ppeprorektorile esildis \u00fcli\u00f5pilase eksmatrikuleerimiseks. Kui akadeemilise petturluse t\u00f5ttu on aines saadud negatiivne tulemus, ei ole korduseksami sooritus samal semestril lubatud. Positiivse tulemuse saamiseks tuleb j\u00e4rgnevate semestrite jooksul uuesti ainele registreeruda ja aine l\u00e4bida. V\u00e4\u00e4ritu k\u00e4itumise t\u00f5ttu eksmatrikuleeritud \u00fcli\u00f5pilane ei saa taotleda reimmatrikuleerimist enne, kui eksmatrikuleerimisest on m\u00f6\u00f6dunud \u00fcks aasta.&lt;\/p&gt;\n&lt;p&gt;Allikas: &lt;a href=\"https:\/\/wiki.ut.ee\/display\/oppekorraldus\/Akadeemiline+petturlus\" target=\"_blank\" rel=\"noopener\"&gt;https:\/\/wiki.ut.ee\/display\/oppekorraldus\/Akadeemiline+petturlus&lt;\/a&gt; '>akadeemiline petturlus<\/a>\u00a0(loe t\u00e4psemalt, mis see on), mis on \u00fcks plagiaadi vorm.\u00a0Ka iseenda t\u00f6\u00f6le tuleb selle uuesti kasutamisel viidata.<\/p>\n<h2>Mis ei ole plagiaat?<\/h2>\n<p>Plagiaadiks ei loeta viitamist \u00fcldistele ja laialt tuntud teadmistele.\u00a0Kui \u00fched ja samad v\u00e4ited korduvad ilma viideteta mitmes teoses, siis v\u00f5ib eeldada, et tegemist on \u00fcldise ja ammutuntud teadmisega ehk <strong>tavateadmisega<\/strong>. N\u00e4iteks ajalehtedes ja uudistes kajastatud p\u00e4evakajalised faktid ja eelneval kogemusel p\u00f5hinevad v\u00e4ited, n\u00e4iteks:<\/p>\n<ul>\n<li>Mai alguses k\u00fclastas Hispaania kuningapaar Eestit.<\/li>\n<li>Umberto Eco nimetati Tartu \u00dclikooli audoktoriks 1996. aastal.<\/li>\n<li>Majanduskriis toob tavaliselt kaasa ka kuritegevuse suurenemise.<\/li>\n<\/ul>\n<h2>Kuidas v\u00e4ltida plagiaati?<\/h2>\n<p>Plagiaati aitab v\u00e4ltida t\u00e4pne ja n\u00f5uetele vastav viide.<\/p>\n<p>\u00dcldised reeglid viitamisel:<\/p>\n<p><img loading=\"lazy\" decoding=\"async\" width=\"459\" height=\"407\" class=\"alignnone wp-image-48\" style=\"margin-left: auto; margin-right: auto;\" title=\"viitamine-skeem2.png\" src=\"https:\/\/sisu.ut.ee\/wp-content\/uploads\/sites\/133\/viitamine-skeem2.png\" alt=\"viitamine-skeem2.png\" srcset=\"https:\/\/sisu.ut.ee\/wp-content\/uploads\/sites\/133\/viitamine-skeem2.png 459w, https:\/\/sisu.ut.ee\/wp-content\/uploads\/sites\/133\/viitamine-skeem2-300x266.png 300w\" sizes=\"auto, (max-width: 459px) 100vw, 459px\"><\/p>\n<p>Allikas: Harris, Robert A. The Plagiarism Handbook: Strategies for Preventing, Detecting, and Dealing with Plagiarism. Los Angeles: Pyrczk Publishing, 2001.<\/p>\n<p>Viidete vormistamisel kasutatakse erinevaid reegleid. Kindlasti tuleb \u00e4ra m\u00e4rkida:<\/p>\n<ul>\n<li>autor<\/li>\n<li>pealkiri<\/li>\n<li>v\u00e4ljaandja (nt kirjastus)<\/li>\n<li>v\u00e4ljaandmisaeg<\/li>\n<li>internetilehek\u00fclg (kui viidatakse veebiallikale) ja kasutamise kuup\u00e4ev<\/li>\n<\/ul>\n<h2>Mida tuleb t\u00f6\u00f6d kirjutades t\u00e4hele panna?<\/h2>\n<ul>\n<li>Kirjutage alati \u00fcles v\u00f5i salvestage j\u00e4rjehoidjasse t\u00e4pne allikas, kust te enda jaoks olulise informatsiooni leidsite, hoolimata sellest, kas teil on plaan seda oma t\u00f6\u00f6s kasutada v\u00f5i mitte.<\/li>\n<li>Kui kahtlete, kas m\u00f5te on teie enda oma v\u00f5i kellegi teise poolt kirja pandud, siis kontrollige seda p\u00f5hjalikult. Kahtluse korral j\u00e4tke m\u00f5te oma t\u00f6\u00f6s kasutamata.<\/li>\n<li>Teise isiku s\u00f5nade t\u00e4psel edasiandmisel (tsiteerimisel) kasutage jutum\u00e4rke ning viidake!\u00a0\u00c4rge muutke tsitaatides \u00fcksikuid s\u00f5nu. Sel juhul pole see t\u00e4pne tsitaat ning ei saa kasutada jutum\u00e4rke.<\/li>\n<li>Kui annate kogu m\u00f5tte edasi oma s\u00f5nadega (refereerite), siis viidake autorile!<\/li>\n<li>Teistest keeltest (vabalt v\u00f5i t\u00e4pselt) t\u00f5lgitud tekstide puhul tuleb viidata autorile ja nimetada t\u00f5lkija.<\/li>\n<li>Kui te esitate veebist mitteametlikelt veebilehtedelt saadud fakte v\u00f5i andmeid, \u00a0kontrollige neid m\u00f5ne teise allika kaudu. Veebis esitatud materjal ise v\u00f5ib olla plagiaat v\u00f5i v\u00f5ltsing.<\/li>\n<li>J\u00e4lgige, et\u00a0k\u00f5ik\u00a0teie t\u00f6\u00f6s esitatud andmed oleksid kontrollitavad, st nende allikat peab saama kindlaks teha \u2013\u00a0viidake!<\/li>\n<li>J\u00e4rgige viitamise reegleid ning kontrollige, et k\u00f5ik andmed, mille p\u00f5hjal allikat tuvastada, oleksid olemas.\u00a0Enda ja teiste m\u00f5tted peavad olema selgelt eristatavad.<\/li>\n<li>Hea tava on, et alati tuleb viidata originaalallikale. Kui see ei ole mingil p\u00f5hjusel v\u00f5imalik ning kasutada tuleb viitamist kolmanda autori kaudu, siis tuleb kindlasti k\u00f5ik autorid viitamisel v\u00e4lja tuua.<\/li>\n<li>\u00c4rge lisage kasutatud kirjanduse nimekirja allikaid, millele tekstis pole viidatud.<\/li>\n<\/ul>\n<h2>Miks viitamine on kasulik?<\/h2>\n<p>Viidete p\u00f5hjal saab kontrollida uurimist\u00f6\u00f6 v\u00e4\u00e4rtust:<\/p>\n<ul>\n<li>kas autor on probleemi \u00f5igesti kajastanud;<\/li>\n<li>kas faktid on t\u00e4psed;<\/li>\n<li>kas teised autorid, kellel viidatakse, on erialal hinnatud;<\/li>\n<li>millistest aastatest p\u00e4rineb materjal, mille p\u00f5hjal uurimist\u00f6\u00f6 on koostatud.<\/li>\n<\/ul>\n<table class=\"table table-hover\" style=\"border-color: #ddd; border-width: 1px; background-color: #f2f2f2; width: 100%;\" border=\"1\">\n<tbody>\n<tr>\n<td>\n<h6><img loading=\"lazy\" decoding=\"async\" width=\"70\" height=\"60\" class=\"alignnone wp-image-21\" style=\"float: left; margin-top: 10px; margin-bottom: 10px;\" title=\"info3.png\" src=\"https:\/\/sisu.ut.ee\/wp-content\/uploads\/sites\/133\/info3.png\" alt=\"a\">Kui on huvi, lugege lisaks: viidete vormistamisel on abi viidete halduritest (nt vabavaralised Zotero (<a href=\"https:\/\/www.zotero.org\/\" target=\"_blank\" rel=\"noopener\">https:\/\/www.zotero.org<\/a>) ja Mendeley (<a href=\"https:\/\/www.mendeley.com\/\" target=\"_blank\" rel=\"noopener\">https:\/\/www.mendeley.com\/<\/a>), kuhu on lihtne salvestada huvipakkuvate teoste kirjeid ja nende j\u00e4rgi hiljem teos \u00fcles leida. Viidete halduritest saab paari hiirekl\u00f5psuga n\u00f5uetekohase viite t\u00f6\u00f6sse kopeerida. Viidete haldurite kasutamise eestikeelne juhend:\u00a0<a href=\"https:\/\/sisu.ut.ee\/zoterojuhend\" target=\"_blank\" rel=\"noopener\">https:\/\/sisu.ut.ee\/zoterojuhend<\/a>.<\/h6>\n<\/td>\n<\/tr>\n<\/tbody>\n<\/table>\n<h2>Kasutatud allikad<\/h2>\n<ol>\n<li>Autori\u00f5iguse seadus, <a style=\"background-color: #ffffff;\" href=\"https:\/\/www.riigiteataja.ee\/akt\/121062024005\" target=\"_blank\" rel=\"noopener\">https:\/\/www.riigiteataja.ee\/akt\/121062024005<\/a>.<\/li>\n<li>Harris, Robert A. The Plagiarism Handbook: Strategies for Preventing, Detecting, and Dealing with Plagiarism. Los Angeles: Pyrczk Publishing, 2001.<\/li>\n<li>Pisuke, Heiki, Autor ja \u00dclikool. Autori\u00f5iguse alused. Tartu \u00dclikooli Kirjastus, 2004.<\/li>\n<\/ol>\n","protected":false},"excerpt":{"rendered":"<p>Andmebaasidest, raamatutest, ajalehtedest, internetist jne leitud materjalide oma t\u00f6\u00f6s kasutamisel tuleb arvestada sellega, et keegi on nende loomise ja koostamisega omakorda k\u00f5vasti t\u00f6\u00f6d teinud ja vaeva n\u00e4inud. Teose autoril on \u00f5igustatud ootus, et\u00a0 tema \u00f5igusi kaitstakse ning nime mainitakse. Autori\u00f5igusega &#8230;<\/p>\n","protected":false},"author":5,"featured_media":0,"parent":0,"menu_order":0,"comment_status":"closed","ping_status":"closed","template":"","meta":{"_acf_changed":false,"inline_featured_image":false,"footnotes":""},"class_list":["post-10","page","type-page","status-publish","hentry"],"acf":[],"_links":{"self":[{"href":"https:\/\/sisu.ut.ee\/infootsitugi\/wp-json\/wp\/v2\/pages\/10","targetHints":{"allow":["GET"]}}],"collection":[{"href":"https:\/\/sisu.ut.ee\/infootsitugi\/wp-json\/wp\/v2\/pages"}],"about":[{"href":"https:\/\/sisu.ut.ee\/infootsitugi\/wp-json\/wp\/v2\/types\/page"}],"author":[{"embeddable":true,"href":"https:\/\/sisu.ut.ee\/infootsitugi\/wp-json\/wp\/v2\/users\/5"}],"replies":[{"embeddable":true,"href":"https:\/\/sisu.ut.ee\/infootsitugi\/wp-json\/wp\/v2\/comments?post=10"}],"version-history":[{"count":3,"href":"https:\/\/sisu.ut.ee\/infootsitugi\/wp-json\/wp\/v2\/pages\/10\/revisions"}],"predecessor-version":[{"id":429,"href":"https:\/\/sisu.ut.ee\/infootsitugi\/wp-json\/wp\/v2\/pages\/10\/revisions\/429"}],"wp:attachment":[{"href":"https:\/\/sisu.ut.ee\/infootsitugi\/wp-json\/wp\/v2\/media?parent=10"}],"curies":[{"name":"wp","href":"https:\/\/api.w.org\/{rel}","templated":true}]}}