{"id":9,"date":"2024-04-04T03:25:39","date_gmt":"2024-04-04T00:25:39","guid":{"rendered":"https:\/\/sisu.ut.ee\/infokiri\/avaleht\/"},"modified":"2026-04-13T17:33:55","modified_gmt":"2026-04-13T14:33:55","slug":"avaleht","status":"publish","type":"page","link":"https:\/\/sisu.ut.ee\/infokiri\/","title":{"rendered":"Infokiri"},"content":{"rendered":"<h2>\u00d5ppekorralduse infokiri \u00fcli\u00f5pilastele<\/h2>\n<p>\u00dcli\u00f5pilaste infokiri j\u00f5uab teisip\u00e4eviti k\u00f5igi \u00fcli\u00f5pilaste \u00fclikooli meiliaadressile ja \u00f5ppeinfos\u00fcsteemi postkasti. Kirja eesm\u00e4rk on informeerida k\u00f5iki \u00fcli\u00f5pilasi eelseisvatest \u00f5ppimisega seotud teemadest. Igal n\u00e4dalal uuenevad infokirja rubriigid, mis puudutavad <a title=\"\" href=\"http:\/\/infokiri.ut.ee\/oppimine\" data-url=\"http:\/\/infokiri.ut.ee\/oppimine\">\u00f5ppekorraldust<\/a>, <a title=\"\" href=\"https:\/\/sisu.ut.ee\/infokiri\/noustamine-ja-infoseminarid\" data-url=\"https:\/\/sisu.ut.ee\/infokiri\/noustamine-ja-infoseminarid\">koolitusi ja infoseminare<\/a>, <a title=\"\" href=\"http:\/\/infokiri.ut.ee\/valisoppe-voimalused\" data-url=\"http:\/\/infokiri.ut.ee\/valisoppe-voimalused\">v\u00e4lis\u00f5ppe v\u00f5imalusi<\/a>, <a title=\"\" href=\"http:\/\/infokiri.ut.ee\/stipendiumid-ja-toetused\" data-url=\"http:\/\/infokiri.ut.ee\/stipendiumid-ja-toetused\">stipendiumeid ja toetusi<\/a> ning <a title=\"\" href=\"https:\/\/infokiri.ut.ee\/praktika-ja-too\" data-url=\"https:\/\/infokiri.ut.ee\/praktika-ja-too\">praktika- ja t\u00f6\u00f6elu<\/a>. Rubriiki <a title=\"\" href=\"http:\/\/infokiri.ut.ee\/kasulik-info\" data-url=\"http:\/\/infokiri.ut.ee\/kasulik-info\">\u201eKasulik info\u201c<\/a> on koondatud \u00fcli\u00f5pilaselu puudutava teabe.<\/p>\n<p><strong>Teate lisamine<\/strong><br>Kui soovid lisada \u00fcli\u00f5pilaste infokirja oma teate, sisesta see <a href=\"http:\/\/forms.office.com\/Pages\/ResponsePage.aspx?id=F2M1bQQNvEq2toyXc4hbsDctdko2E7hMn5bdrnwsVHJUOFdDWUtHMElRT1I1MDRBQU5VVkZXSU9YSy4u\" target=\"_blank\" rel=\"noopener\">siia vormi<\/a>. Et teade j\u00f5uaks teisip\u00e4eva hommikul \u00fcli\u00f5pilasteni, sisesta info hiljemalt reedel kl 11. Hiljem lisatud teated ei pruugi j\u00e4rgmisse infokirja j\u00f5uda.<\/p>\n<p><strong>Telli \u00fcli\u00f5pilaste infokiri<\/strong><br>Kui oled Tartu \u00dclikooli \u00fcli\u00f5pilane, saad infokirja \u00f5ppeaasta jooksul automaatselt. Kui oled Tartu \u00dclikooli t\u00f6\u00f6taja ja soovid saada \u00fcli\u00f5pilaste infokirja v\u00f5i seda enam mitte saada, kirjuta Marja-Liisa Platsile aadressil marja-liisa.plats@ut.ee.<\/p>\n<hr>\n<h2>Loe infokirja Smaily platvormil<\/h2>\n<p><a title=\"14. aprilli infokiri\" href=\"https:\/\/tuuliopilasteinfokiri.sendsmaily.net\/templates\/d1dda3a6-0437-4441-aafe-d5056764dd66\/html\/\">14. aprilli infokiri<\/a><\/p>\n\n\n<p><\/p>\n","protected":false},"excerpt":{"rendered":"<p>\u00d5ppekorralduse infokiri \u00fcli\u00f5pilastele \u00dcli\u00f5pilaste infokiri j\u00f5uab teisip\u00e4eviti k\u00f5igi \u00fcli\u00f5pilaste \u00fclikooli meiliaadressile ja \u00f5ppeinfos\u00fcsteemi postkasti. Kirja eesm\u00e4rk on informeerida k\u00f5iki \u00fcli\u00f5pilasi eelseisvatest \u00f5ppimisega seotud teemadest. Igal n\u00e4dalal uuenevad infokirja rubriigid, mis puudutavad \u00f5ppekorraldust, koolitusi ja infoseminare, v\u00e4lis\u00f5ppe v\u00f5imalusi, stipendiumeid ja toetusi &#8230;<\/p>\n","protected":false},"author":113,"featured_media":0,"parent":0,"menu_order":0,"comment_status":"closed","ping_status":"closed","template":"","meta":{"_acf_changed":false,"inline_featured_image":false,"footnotes":""},"class_list":["post-9","page","type-page","status-publish","hentry"],"acf":[],"_links":{"self":[{"href":"https:\/\/sisu.ut.ee\/infokiri\/wp-json\/wp\/v2\/pages\/9","targetHints":{"allow":["GET"]}}],"collection":[{"href":"https:\/\/sisu.ut.ee\/infokiri\/wp-json\/wp\/v2\/pages"}],"about":[{"href":"https:\/\/sisu.ut.ee\/infokiri\/wp-json\/wp\/v2\/types\/page"}],"author":[{"embeddable":true,"href":"https:\/\/sisu.ut.ee\/infokiri\/wp-json\/wp\/v2\/users\/113"}],"replies":[{"embeddable":true,"href":"https:\/\/sisu.ut.ee\/infokiri\/wp-json\/wp\/v2\/comments?post=9"}],"version-history":[{"count":30,"href":"https:\/\/sisu.ut.ee\/infokiri\/wp-json\/wp\/v2\/pages\/9\/revisions"}],"predecessor-version":[{"id":7128,"href":"https:\/\/sisu.ut.ee\/infokiri\/wp-json\/wp\/v2\/pages\/9\/revisions\/7128"}],"wp:attachment":[{"href":"https:\/\/sisu.ut.ee\/infokiri\/wp-json\/wp\/v2\/media?parent=9"}],"curies":[{"name":"wp","href":"https:\/\/api.w.org\/{rel}","templated":true}]}}